{"id":34970,"date":"2025-07-01T02:35:07","date_gmt":"2025-07-01T10:35:07","guid":{"rendered":"https:\/\/tangooled.com\/?post_type=product&#038;p=34970"},"modified":"2026-01-25T19:38:18","modified_gmt":"2026-01-26T03:38:18","slug":"18mm-recessed-led-low-profile-channel-35x18mm","status":"publish","type":"product","link":"https:\/\/tangooled.com\/es\/product\/18mm-recessed-led-low-profile-channel-35x18mm\/","title":{"rendered":"Canal de aluminio bajo perfil LED empotrado de 18mm"},"content":{"rendered":"<div class=\"wp-block-group is-vertical is-layout-flex wp-container-core-group-is-layout-d255d7c4 wp-block-group-is-layout-flex\" style=\"padding-top:var(--wp--preset--spacing--80);padding-bottom:var(--wp--preset--spacing--80)\">\n<p>Este canal de aluminio bajo perfil LED empotrado de 18mm es una gran manera de tener una iluminaci\u00f3n lineal que sea limpia, brillante e integrada. Este canal de aluminio con brida est\u00e1 hecho para instalaciones donde la profundidad es una consideraci\u00f3n alta. Tiene un ancho de base de 35mm y una altura de 18mm.<br>El ancho interior de este perfil poco profundo es de 21mm, lo cual es lo suficientemente grande para sostener tiras LED anchas t\u00edpicas o cintas COB de alta densidad. Esto es vital para asegurar que el efecto de iluminaci\u00f3n sea suave y no tenga puntos. La estructura robusta del perfil de aluminio tambi\u00e9n ayuda a que las luces LED duren m\u00e1s al permitir que el calor se escape f\u00e1cilmente.<br>It&#8217;s straightforward to set up: just fit the recessed buckle clips into the\u00a0channel\u2018s back\u00a0first, then set the profile in the cutout in the ceiling or drywall and hold it in place. This process ensures that the finished product appears neat and trimless, allowing the channel to blend in with its surroundings and look highly integrated.<\/p>\n<\/div>\n\n\n\n<div class=\"wp-block-group has-background is-vertical is-layout-flex wp-container-core-group-is-layout-d255d7c4 wp-block-group-is-layout-flex\" style=\"background-color:#f1f1f1;padding-top:var(--wp--preset--spacing--80);padding-bottom:var(--wp--preset--spacing--80)\">\n<div class=\"wp-block-group is-vertical is-layout-flex wp-container-core-group-is-layout-8cf370e7 wp-block-group-is-layout-flex\">\n<h2 class=\"wp-block-heading\" style=\"padding-top:var(--wp--preset--spacing--40);padding-bottom:var(--wp--preset--spacing--40);font-size:25px;font-style:normal;font-weight:600;text-transform:capitalize\">\u00bfPor qu\u00e9 elegir el LED empotrado bajo perfil de 18mm?<\/h2>\n\n\n\n<ul class=\"wp-block-list\">\n<li>Delgado y de bajo perfil: La altura de 18mm se adapta a espacios peque\u00f1os como ranuras en paneles de yeso y armarios.<\/li>\n\n\n\n<li>Luz suave y sin puntos: \u00dasalo con difusores opales y tiras LED de alta densidad para obtener luz uniforme.<\/li>\n\n\n\n<li>Fuerte y duradero: Hecho de aluminio anodizado, que es fuerte y mantiene tus LED frescos.<\/li>\n\n\n\n<li>Sencillo de armar: El dise\u00f1o con brida oculta los bordes cortados para un acabado limpio y a ras.<\/li>\n\n\n\n<li>M\u00faltiples usos: Ideal para iluminaci\u00f3n en techos, estantes, coves, exhibiciones en tiendas y paredes.<\/li>\n<\/ul>\n<\/div>\n<\/div>\n\n\n\n<div class=\"wp-block-group\" style=\"padding-top:var(--wp--preset--spacing--60);padding-bottom:var(--wp--preset--spacing--60)\"><div class=\"wp-block-group__inner-container is-layout-constrained wp-block-group-is-layout-constrained\">\n<div class=\"wp-block-media-text has-media-on-the-right is-stacked-on-mobile\" style=\"grid-template-columns:auto 40%\"><div class=\"wp-block-media-text__content\">\n<h2 class=\"wp-block-heading\" style=\"padding-top:var(--wp--preset--spacing--40);padding-bottom:var(--wp--preset--spacing--40);font-size:25px;font-style:normal;font-weight:600;text-transform:capitalize\">Consejos para una instalaci\u00f3n f\u00e1cil<\/h2>\n\n\n\n<ul class=\"wp-block-list\">\n<li>Haz una ranura en el panel de yeso, techo o madera donde deseas colocarla.<\/li>\n\n\n\n<li>Coloca el canal empotrado de bajo perfil de 18mm en la ranura.<\/li>\n\n\n\n<li>Usa hebillas empotradas o cinta adhesiva para mantenerlo en su lugar.<\/li>\n\n\n\n<li>Coloca tu cinta LED dentro del canal.<\/li>\n\n\n\n<li>Coloca el difusor para obtener una luz suave y uniforme.<\/li>\n\n\n\n<li>Conecta el equipo de potencia y control adecuado.<\/li>\n<\/ul>\n<\/div><figure class=\"wp-block-media-text__media\"><img loading=\"lazy\" decoding=\"async\" width=\"500\" height=\"500\" src=\"https:\/\/tangooled.com\/wp-content\/uploads\/2025\/07\/r3518-ins.webp\" alt=\"35x18mm led low profile recessed channel\" class=\"wp-image-41825 size-full\" srcset=\"https:\/\/tangooled.com\/wp-content\/uploads\/2025\/07\/r3518-ins.webp 500w, https:\/\/tangooled.com\/wp-content\/uploads\/2025\/07\/r3518-ins-300x300.webp 300w, https:\/\/tangooled.com\/wp-content\/uploads\/2025\/07\/r3518-ins-150x150.webp 150w\" sizes=\"auto, (max-width: 500px) 100vw, 500px\" \/><\/figure><\/div>\n<\/div><\/div>\n\n\n\n<div class=\"wp-block-group has-background\" style=\"background-color:#f1f1f1f2;padding-top:var(--wp--preset--spacing--80);padding-bottom:var(--wp--preset--spacing--80)\"><div class=\"wp-block-group__inner-container is-layout-constrained wp-block-group-is-layout-constrained\">\n<h2 class=\"wp-block-heading\" style=\"padding-top:var(--wp--preset--spacing--40);padding-bottom:var(--wp--preset--spacing--40);font-size:25px;font-style:normal;font-weight:600\">El kit incluye<\/h2>\n\n\n\n<ul class=\"wp-block-list\">\n<li>1x canal de aluminio anodizado<\/li>\n\n\n\n<li>1x difusor a juego (opalescente, esmerilado, claro o personalizado)<\/li>\n\n\n\n<li>2x tapas de metal para un acabado ordenado<\/li>\n\n\n\n<li>Hebillas empotradas para una instalaci\u00f3n segura<\/li>\n<\/ul>\n<\/div><\/div>\n\n\n\n<div class=\"wp-block-group\" style=\"padding-top:var(--wp--preset--spacing--80);padding-bottom:var(--wp--preset--spacing--80)\"><div class=\"wp-block-group__inner-container is-layout-constrained wp-block-group-is-layout-constrained\">\n<h2 class=\"wp-block-heading\" style=\"padding-top:var(--wp--preset--spacing--40);padding-bottom:var(--wp--preset--spacing--40);font-size:25px;font-style:normal;font-weight:600;text-transform:capitalize\">Usos y aplicaciones<\/h2>\n\n\n\n<ul class=\"wp-block-list\">\n<li>Instalaci\u00f3n de cinta LED en interiores en oficinas, hogares, hoteles y tiendas minoristas.<\/li>\n\n\n\n<li>Iluminaci\u00f3n bajo gabinetes y trabajos personalizados para una iluminaci\u00f3n de tarea brillante y ordenada.<\/li>\n\n\n\n<li>Iluminaci\u00f3n indirecta y de cove para crear un ambiente en hogares o negocios.<\/li>\n\n\n\n<li>Low-profile closet and wardrobe lighting that doesn&#8217;t stand out when placed.<\/li>\n<\/ul>\n<\/div><\/div>\n\n\n\n<p><\/p>","protected":false},"featured_media":14828,"template":"","meta":{"_acf_changed":true,"_seopress_robots_primary_cat":"none","_seopress_titles_title":"18mm Recessed LED Low Profile Channel 35x18mm | TANGOOLED","_seopress_titles_desc":"Enhance your space with our 18mm recessed LED low profile channel 35x13mm. This thin and wide aluminum profile is designed for seamless integration in furniture and walls.","_seopress_robots_index":""},"pcb-width":[230],"product-cat":[193],"class_list":{"0":"post-34970","1":"product","2":"type-product","3":"status-publish","4":"has-post-thumbnail","6":"pcb-width-20-25mm","7":"product-cat-recessed-profile"},"acf":[],"_links":{"self":[{"href":"https:\/\/tangooled.com\/es\/wp-json\/wp\/v2\/product\/34970","targetHints":{"allow":["GET"]}}],"collection":[{"href":"https:\/\/tangooled.com\/es\/wp-json\/wp\/v2\/product"}],"about":[{"href":"https:\/\/tangooled.com\/es\/wp-json\/wp\/v2\/types\/product"}],"wp:featuredmedia":[{"embeddable":true,"href":"https:\/\/tangooled.com\/es\/wp-json\/wp\/v2\/media\/14828"}],"wp:attachment":[{"href":"https:\/\/tangooled.com\/es\/wp-json\/wp\/v2\/media?parent=34970"}],"wp:term":[{"taxonomy":"pcb-width","embeddable":true,"href":"https:\/\/tangooled.com\/es\/wp-json\/wp\/v2\/pcb-width?post=34970"},{"taxonomy":"product-cat","embeddable":true,"href":"https:\/\/tangooled.com\/es\/wp-json\/wp\/v2\/product-cat?post=34970"}],"curies":[{"name":"wp","href":"https:\/\/api.w.org\/{rel}","templated":true}]}}