{"id":34968,"date":"2025-07-01T02:31:49","date_gmt":"2025-07-01T10:31:49","guid":{"rendered":"https:\/\/tangooled.com\/?post_type=product&#038;p=34968"},"modified":"2026-01-31T01:17:00","modified_gmt":"2026-01-31T09:17:00","slug":"13mm-deep-recessed-flange-led-light-channel-35x13mm","status":"publish","type":"product","link":"https:\/\/tangooled.com\/es\/product\/13mm-deep-recessed-flange-led-light-channel-35x13mm\/","title":{"rendered":"Canal de luz LED empotrado de 13mm de profundidad"},"content":{"rendered":"<div class=\"wp-block-group is-vertical is-layout-flex wp-container-core-group-is-layout-d255d7c4 wp-block-group-is-layout-flex\" style=\"padding-top:var(--wp--preset--spacing--80);padding-bottom:var(--wp--preset--spacing--80)\">\n<p>Nuestro canal de luz LED empotrado de 13mm de profundidad es una forma sencilla y de bajo perfil de a\u00f1adir iluminaci\u00f3n a un espacio. Este canal es ideal para espacios reducidos porque solo mide 13mm de alto y 35mm de ancho en la base. Tambi\u00e9n cuenta con un ancho interior de 21mm, lo que significa que puedes utilizar una o m\u00e1s tiras de LED anchas.<br>El canal de aluminio para las luces de cinta LED funciona bien como disipador de calor, lo que les permite durar m\u00e1s tiempo. El canal tiene bridas y est\u00e1 dise\u00f1ado para encajar perfectamente en paneles de yeso o techos sin dejar espacios. El diagrama muestra c\u00f3mo facilitar la instalaci\u00f3n: primero, fija los accesorios empotrados en la ranura trasera y luego empuja el canal con seguridad en el recorte.<br>Este canal poco profundo es perfecto para a\u00f1adir luz ambiental a cocinas modernas y pasillos, as\u00ed como para iluminaci\u00f3n de acento en arquitectura, estanter\u00edas y vitrinas.<\/p>\n<\/div>\n\n\n\n<div class=\"wp-block-group has-background is-vertical is-layout-flex wp-container-core-group-is-layout-d255d7c4 wp-block-group-is-layout-flex\" style=\"background-color:#f1f1f1;padding-top:var(--wp--preset--spacing--80);padding-bottom:var(--wp--preset--spacing--80)\">\n<div class=\"wp-block-group is-vertical is-layout-flex wp-container-core-group-is-layout-8cf370e7 wp-block-group-is-layout-flex\">\n<h2 class=\"wp-block-heading\" style=\"padding-top:var(--wp--preset--spacing--40);padding-bottom:var(--wp--preset--spacing--40);font-size:25px;font-style:normal;font-weight:600;text-transform:capitalize\">\u00bfPor qu\u00e9 elegir el canal de LED de aluminio empotrado de 13mm?<\/h2>\n\n\n\n<ul class=\"wp-block-list\">\n<li>El dise\u00f1o del canal empotrado le da un aspecto limpio y integrado<\/li>\n\n\n\n<li>Aluminio anodizado fuerte 6063-T5 para ayudar a mantener frescos los LEDs<\/li>\n\n\n\n<li>Compatible con muchas luces de cinta LED<\/li>\n\n\n\n<li>Cuenta con una tapa difusora opalina que suaviza y homogeniza la luz<\/li>\n\n\n\n<li>F\u00e1cil de instalar para paneles de yeso, armarios, muebles y m\u00e1s<\/li>\n\n\n\n<li>Disponible en acabados plateados, negros y blancos<\/li>\n<\/ul>\n<\/div>\n<\/div>\n\n\n\n<div class=\"wp-block-group\" style=\"padding-top:var(--wp--preset--spacing--60);padding-bottom:var(--wp--preset--spacing--60)\"><div class=\"wp-block-group__inner-container is-layout-constrained wp-block-group-is-layout-constrained\">\n<div class=\"wp-block-media-text has-media-on-the-right is-stacked-on-mobile\" style=\"grid-template-columns:auto 40%\"><div class=\"wp-block-media-text__content\">\n<h2 class=\"wp-block-heading\" style=\"padding-top:var(--wp--preset--spacing--40);padding-bottom:var(--wp--preset--spacing--40);font-size:25px;font-style:normal;font-weight:600;text-transform:capitalize\">C\u00f3mo instalar<\/h2>\n\n\n\n<ul class=\"wp-block-list\">\n<li>Corta una ranura de 35mm de ancho y 13mm de profundidad en tu superficie.<\/li>\n\n\n\n<li>Limpia la ranura y presiona el canal de aluminio hasta el fondo. La moldura con bridas disimular\u00e1 cualquier borde irregular.<\/li>\n\n\n\n<li>Utiliza accesorios o pegamento fuerte para mantenerlo en su lugar.<\/li>\n\n\n\n<li>Pon tu tira de LED dentro del canal.<\/li>\n\n\n\n<li>Coloca el difusor esmerilado para hacer la luz m\u00e1s suave y brillante.<\/li>\n\n\n\n<li>A\u00f1ade tapas en los extremos para finalizar.<\/li>\n<\/ul>\n<\/div><figure class=\"wp-block-media-text__media\"><img loading=\"lazy\" decoding=\"async\" width=\"500\" height=\"500\" src=\"https:\/\/tangooled.com\/wp-content\/uploads\/2025\/07\/r3513-ins.webp\" alt=\"35x13mm recessed aluminum led light channel\" class=\"wp-image-41814 size-full\" srcset=\"https:\/\/tangooled.com\/wp-content\/uploads\/2025\/07\/r3513-ins.webp 500w, https:\/\/tangooled.com\/wp-content\/uploads\/2025\/07\/r3513-ins-300x300.webp 300w, https:\/\/tangooled.com\/wp-content\/uploads\/2025\/07\/r3513-ins-150x150.webp 150w\" sizes=\"auto, (max-width: 500px) 100vw, 500px\" \/><\/figure><\/div>\n<\/div><\/div>\n\n\n\n<div class=\"wp-block-group has-background is-vertical is-layout-flex wp-container-core-group-is-layout-b429018a wp-block-group-is-layout-flex\" style=\"background-color:#f1f1f1f2;padding-top:var(--wp--preset--spacing--70);padding-bottom:var(--wp--preset--spacing--70)\">\n<h2 class=\"wp-block-heading\" style=\"padding-top:var(--wp--preset--spacing--40);padding-bottom:var(--wp--preset--spacing--40);font-size:25px;font-style:normal;font-weight:600\">\u00bfQu\u00e9 incluye el kit?<\/h2>\n\n\n\n<ul class=\"wp-block-list\">\n<li>1x canal de LED de aluminio empotrado<\/li>\n\n\n\n<li>1x tapa difusora opalina para suavizar la luz<\/li>\n\n\n\n<li>2x tapas en los extremos para mantener el cableado limpio y seguro<\/li>\n\n\n\n<li>Accesorios empotrados para un agarre fuerte<\/li>\n<\/ul>\n<\/div>\n\n\n\n<div class=\"wp-block-group is-vertical is-layout-flex wp-container-core-group-is-layout-d255d7c4 wp-block-group-is-layout-flex\" style=\"padding-top:var(--wp--preset--spacing--80);padding-bottom:var(--wp--preset--spacing--80)\">\n<h2 class=\"wp-block-heading\" style=\"padding-top:var(--wp--preset--spacing--40);padding-bottom:var(--wp--preset--spacing--40);font-size:25px;font-style:normal;font-weight:600;text-transform:capitalize\"> Perfecto para estas aplicaciones<\/h2>\n\n\n\n<ul class=\"wp-block-list\">\n<li>Iluminaci\u00f3n debajo de gabinetes y estantes: Haz que cocinas, armarios y vitrinas sean m\u00e1s brillantes.<\/li>\n\n\n\n<li>Iluminaci\u00f3n de coves y arquitect\u00f3nica: Crea l\u00edneas ocultas de luz en paredes y techos.<\/li>\n\n\n\n<li>Exhibiciones comerciales y minoristas: Usa LEDs brillantes y limpios para exhibir productos.<\/li>\n\n\n\n<li>Alojamiento de luz para muebles y armarios: Luces empotradas en armarios y estanter\u00edas.<\/li>\n<\/ul>\n<\/div>\n\n\n\n<div class=\"wp-block-group has-background is-vertical is-layout-flex wp-container-core-group-is-layout-b429018a wp-block-group-is-layout-flex\" style=\"background-color:#f1f1f1f2;padding-top:var(--wp--preset--spacing--70);padding-bottom:var(--wp--preset--spacing--70)\">\n<h2 class=\"wp-block-heading\" style=\"padding-top:var(--wp--preset--spacing--40);padding-bottom:var(--wp--preset--spacing--40);font-size:25px;font-style:normal;font-weight:600;text-transform:capitalize\">productos que pueden interesarte<\/h2>\n\n\n\n<ul class=\"wp-block-list\">\n<li><a href=\"https:\/\/tangooled.com\/es\/product\/black-led-diffuser-aluminum-channel-for-12mm-tape-lights\/\"><mark style=\"background-color:rgba(0, 0, 0, 0)\" class=\"has-inline-color has-vivid-red-color\">Canal de aluminio difusor LED negro para luces de cinta de 12 mm<\/mark><\/a><\/li>\n\n\n\n<li><a href=\"https:\/\/tangooled.com\/es\/product\/25x14m-surface-mounted-led-light-aluminum-profile\/\"><mark style=\"background-color:rgba(0, 0, 0, 0)\" class=\"has-inline-color has-vivid-red-color\">perfil de luz LED de aluminio montado en superficie de 25x14 mm<\/mark><\/a><\/li>\n\n\n\n<li><a href=\"https:\/\/tangooled.com\/es\/product\/led-strip-light-channel-aluminum-profile-with-diffused-cover-6mm-height\/\"><mark style=\"background-color:rgba(0, 0, 0, 0)\" class=\"has-inline-color has-vivid-red-color\">Perfil de aluminio para canal de luz LED con cubierta difusa de 6 mm de altura<\/mark><\/a><\/li>\n\n\n\n<li><a href=\"https:\/\/tangooled.com\/es\/product\/recessed-led-aluminum-profile-up-and-down-lighting-channel-for-cabinet\/\"><mark style=\"background-color:rgba(0, 0, 0, 0)\" class=\"has-inline-color has-vivid-red-color\">Canal de perfil de aluminio LED empotrado para iluminaci\u00f3n ascendente y descendente para gabinete<\/mark><\/a><\/li>\n<\/ul>\n<\/div>\n\n\n\n<p><\/p>","protected":false},"featured_media":14831,"template":"","meta":{"_acf_changed":true,"_seopress_robots_primary_cat":"none","_seopress_titles_title":"13mm Deep Recessed LED Channel Aluminum Lighting Profile | TANGOOLED","_seopress_titles_desc":"Experience smooth linear lighting with our 13mm deep recessed LED channel. This recessed aluminum profile is designed for a flush-mount finish, providing excellent heat dissipation for professional indoor projects.","_seopress_robots_index":""},"pcb-width":[229],"product-cat":[193],"class_list":{"0":"post-34968","1":"product","2":"type-product","3":"status-publish","4":"has-post-thumbnail","6":"pcb-width-15-20mm","7":"product-cat-recessed-profile"},"acf":[],"_links":{"self":[{"href":"https:\/\/tangooled.com\/es\/wp-json\/wp\/v2\/product\/34968","targetHints":{"allow":["GET"]}}],"collection":[{"href":"https:\/\/tangooled.com\/es\/wp-json\/wp\/v2\/product"}],"about":[{"href":"https:\/\/tangooled.com\/es\/wp-json\/wp\/v2\/types\/product"}],"wp:featuredmedia":[{"embeddable":true,"href":"https:\/\/tangooled.com\/es\/wp-json\/wp\/v2\/media\/14831"}],"wp:attachment":[{"href":"https:\/\/tangooled.com\/es\/wp-json\/wp\/v2\/media?parent=34968"}],"wp:term":[{"taxonomy":"pcb-width","embeddable":true,"href":"https:\/\/tangooled.com\/es\/wp-json\/wp\/v2\/pcb-width?post=34968"},{"taxonomy":"product-cat","embeddable":true,"href":"https:\/\/tangooled.com\/es\/wp-json\/wp\/v2\/product-cat?post=34968"}],"curies":[{"name":"wp","href":"https:\/\/api.w.org\/{rel}","templated":true}]}}