{"id":34967,"date":"2025-07-01T02:24:45","date_gmt":"2025-07-01T10:24:45","guid":{"rendered":"https:\/\/tangooled.com\/?post_type=product&#038;p=34967"},"modified":"2026-02-02T22:23:22","modified_gmt":"2026-02-03T06:23:22","slug":"inner-31mm-led-recessed-aluminum-profile-for-double-led-strips","status":"publish","type":"product","link":"https:\/\/tangooled.com\/es\/product\/inner-31mm-led-recessed-aluminum-profile-for-double-led-strips\/","title":{"rendered":"perfil de aluminio empotrado LED de 31mm para tiras dobles"},"content":{"rendered":"<div class=\"wp-block-group\" style=\"padding-top:var(--wp--preset--spacing--80);padding-bottom:var(--wp--preset--spacing--80)\"><div class=\"wp-block-group__inner-container is-layout-constrained wp-block-group-is-layout-constrained\">\n<p>Puede mejorar su iluminaci\u00f3n con nuestro perfil de aluminio empotrado de 31mm, que puede sostener dos tiras LED lado a lado. Hecho de una aleaci\u00f3n de aluminio extruido 6063-T5 y cubierta de policarbonato, este perfil LED evita que los LEDs de alto rendimiento se calienten demasiado, mientras que distribuye la luz de manera uniforme. Las dimensiones externas de este perfil son 34.6mm por 25.8mm, y el ancho interior es de 31mm. Todo el sistema viene con todos los accesorios necesarios, y la instalaci\u00f3n es f\u00e1cil al fijarlo al hueco del techo con muelles de montaje y luego presionarlo hacia plano. Este dise\u00f1o es mejor para uso en interiores y es ideal para aplicaciones de alto lumen como iluminaci\u00f3n general en lugares de trabajo, galer\u00edas, grandes espacios comerciales o configuraciones residenciales modernas donde se necesitan l\u00edneas de luz brillantes y n\u00edtidas.<\/p>\n<\/div><\/div>\n\n\n\n<div class=\"wp-block-group has-background is-vertical is-layout-flex wp-container-core-group-is-layout-d255d7c4 wp-block-group-is-layout-flex\" style=\"background-color:#f1f1f1;padding-top:var(--wp--preset--spacing--80);padding-bottom:var(--wp--preset--spacing--80)\">\n<div class=\"wp-block-group\"><div class=\"wp-block-group__inner-container is-layout-constrained wp-block-group-is-layout-constrained\">\n<h2 class=\"wp-block-heading\" style=\"padding-top:var(--wp--preset--spacing--40);padding-bottom:var(--wp--preset--spacing--40);font-size:25px;font-style:normal;font-weight:600;text-transform:capitalize\">\u00bfPor qu\u00e9 elegir nuestro perfil de aluminio empotrado de 31mm?<\/h2>\n\n\n\n<ul class=\"wp-block-list\">\n<li>Ancho interior de 31mm: perfecto para dos tiras LED de hasta 12mm de ancho cada una. M\u00e1s luz y m\u00e1s colores para elegir.<\/li>\n\n\n\n<li>Dise\u00f1o empotrado: las aletas permiten montar la luz al ras con paneles de yeso o yeso, d\u00e1ndole un aspecto moderno y sin molduras.<\/li>\n\n\n\n<li>Material resistente: hecho de aluminio anodizado de alta calidad 6063-T5. Es fuerte y absorbe el calor para mantener a los LEDs a una temperatura adecuada.<\/li>\n\n\n\n<li>Smooth Light Effect: Use with frosted or opal diffusers to provide light that is even and doesn&#8217;t cause glare.<\/li>\n\n\n\n<li>Kit completo: incluye clips de montaje, tapas de extremo y un difusor para que su proyecto luzca profesional.<\/li>\n<\/ul>\n<\/div><\/div>\n<\/div>\n\n\n\n<div class=\"wp-block-group\" style=\"padding-top:var(--wp--preset--spacing--60);padding-bottom:var(--wp--preset--spacing--60)\"><div class=\"wp-block-group__inner-container is-layout-constrained wp-block-group-is-layout-constrained\">\n<div class=\"wp-block-media-text has-media-on-the-right is-stacked-on-mobile\" style=\"grid-template-columns:auto 40%\"><div class=\"wp-block-media-text__content\">\n<h2 class=\"wp-block-heading\" style=\"padding-top:var(--wp--preset--spacing--40);padding-bottom:var(--wp--preset--spacing--40);font-size:25px;font-style:normal;font-weight:600;text-transform:capitalize\">Kit de instalaci\u00f3n completo y f\u00e1cil<\/h2>\n\n\n\n<p>Tenemos todo lo que necesita para una instalaci\u00f3n profesional:<\/p>\n\n\n\n<ul class=\"wp-block-list\">\n<li>Soportes de resorte de montaje resistentes<\/li>\n\n\n\n<li>Tapas de extremo que lucen limpias (con y sin agujero para el cable)<\/li>\n\n\n\n<li>Cubiertas para difusores de encaje<\/li>\n<\/ul>\n<\/div><figure class=\"wp-block-media-text__media\"><img loading=\"lazy\" decoding=\"async\" width=\"500\" height=\"500\" src=\"https:\/\/tangooled.com\/wp-content\/uploads\/2025\/07\/rp31-ins.webp\" alt=\"inner 31mm width recessed aluminum profile for double led strips\" class=\"wp-image-41792 size-full\" srcset=\"https:\/\/tangooled.com\/wp-content\/uploads\/2025\/07\/rp31-ins.webp 500w, https:\/\/tangooled.com\/wp-content\/uploads\/2025\/07\/rp31-ins-300x300.webp 300w, https:\/\/tangooled.com\/wp-content\/uploads\/2025\/07\/rp31-ins-150x150.webp 150w\" sizes=\"auto, (max-width: 500px) 100vw, 500px\" \/><\/figure><\/div>\n<\/div><\/div>\n\n\n\n<div class=\"wp-block-group\" style=\"padding-top:var(--wp--preset--spacing--80);padding-bottom:var(--wp--preset--spacing--80)\"><div class=\"wp-block-group__inner-container is-layout-constrained wp-block-group-is-layout-constrained\">\n<div class=\"wp-block-group has-background\" style=\"background-color:#f1f1f1;padding-top:var(--wp--preset--spacing--80);padding-bottom:var(--wp--preset--spacing--80)\"><div class=\"wp-block-group__inner-container is-layout-constrained wp-block-group-is-layout-constrained\">\n<h2 class=\"wp-block-heading\" style=\"font-size:25px;font-style:normal;font-weight:600;text-transform:capitalize\">Escenarios de uso<\/h2>\n\n\n\n<ul class=\"wp-block-list\">\n<li>Iluminaci\u00f3n para el hogar: iluminaci\u00f3n para cocinas, salas de estar, pasillos y armarios<\/li>\n\n\n\n<li>Iluminaci\u00f3n para negocios: oficinas, comercios, hoteles, galer\u00edas y restaurantes<\/li>\n\n\n\n<li>Iluminaci\u00f3n para edificios: iluminaci\u00f3n de coves, iluminaci\u00f3n de techo sin molduras y retroiluminaci\u00f3n para exhibiciones comerciales<\/li>\n\n\n\n<li>Luces personalizadas: utilice numerosos perfiles para hacer luces colgantes o accesorios lineales.<\/li>\n<\/ul>\n<\/div><\/div>\n<\/div><\/div>\n\n\n\n<div class=\"wp-block-group\" style=\"padding-top:var(--wp--preset--spacing--80);padding-bottom:var(--wp--preset--spacing--80)\"><div class=\"wp-block-group__inner-container is-layout-constrained wp-block-group-is-layout-constrained\">\n<h2 class=\"wp-block-heading\" style=\"padding-top:var(--wp--preset--spacing--40);padding-bottom:var(--wp--preset--spacing--40);font-size:25px;font-style:normal;font-weight:600;text-transform:capitalize\">resumen<\/h2>\n\n\n\n<p>Si desea una iluminaci\u00f3n lineal moderna, de alto rendimiento y suave, nuestro perfil de aluminio empotrado de 31mm para tiras LED dobles es una elecci\u00f3n ideal. Su dise\u00f1o empotrado se mezcla perfectamente con superficies de paneles de yeso o yeso. Ya sea que su proyecto sea residencial o comercial, decorativo o funcional, este perfil lo ayuda a crear efectos de iluminaci\u00f3n elegantes y profesionales.<\/p>\n<\/div><\/div>","protected":false},"featured_media":14320,"template":"","meta":{"_acf_changed":true,"_seopress_robots_primary_cat":"none","_seopress_titles_title":"31mm Inner Recessed LED Profile for Double Strips | TANGOOLED","_seopress_titles_desc":"The RP31 features 31mm inner width, making it the perfect recessed LED profile for high-output double row strips. Ideal for commercial primary lighting where maximum brightness is required.","_seopress_robots_index":""},"pcb-width":[228],"product-cat":[193],"class_list":{"0":"post-34967","1":"product","2":"type-product","3":"status-publish","4":"has-post-thumbnail","6":"pcb-width-6-12mm","7":"product-cat-recessed-profile"},"acf":[],"_links":{"self":[{"href":"https:\/\/tangooled.com\/es\/wp-json\/wp\/v2\/product\/34967","targetHints":{"allow":["GET"]}}],"collection":[{"href":"https:\/\/tangooled.com\/es\/wp-json\/wp\/v2\/product"}],"about":[{"href":"https:\/\/tangooled.com\/es\/wp-json\/wp\/v2\/types\/product"}],"wp:featuredmedia":[{"embeddable":true,"href":"https:\/\/tangooled.com\/es\/wp-json\/wp\/v2\/media\/14320"}],"wp:attachment":[{"href":"https:\/\/tangooled.com\/es\/wp-json\/wp\/v2\/media?parent=34967"}],"wp:term":[{"taxonomy":"pcb-width","embeddable":true,"href":"https:\/\/tangooled.com\/es\/wp-json\/wp\/v2\/pcb-width?post=34967"},{"taxonomy":"product-cat","embeddable":true,"href":"https:\/\/tangooled.com\/es\/wp-json\/wp\/v2\/product-cat?post=34967"}],"curies":[{"name":"wp","href":"https:\/\/api.w.org\/{rel}","templated":true}]}}