{"id":34963,"date":"2025-07-01T02:20:27","date_gmt":"2025-07-01T10:20:27","guid":{"rendered":"https:\/\/tangooled.com\/?post_type=product&#038;p=34963"},"modified":"2026-01-31T01:07:09","modified_gmt":"2026-01-31T09:07:09","slug":"23mm-deep-recessed-led-profile-for-15mm-strips","status":"publish","type":"product","link":"https:\/\/tangooled.com\/es\/product\/23mm-deep-recessed-led-profile-for-15mm-strips\/","title":{"rendered":"Canal LED empotrado de 23 mm de profundidad para tiras de 15 mm"},"content":{"rendered":"<div class=\"wp-block-group\" style=\"padding-top:var(--wp--preset--spacing--80);padding-bottom:var(--wp--preset--spacing--80)\"><div class=\"wp-block-group__inner-container is-layout-constrained wp-block-group-is-layout-constrained\">\n<p>Nuestro canal LED empotrado de 23 mm es un perfil de aluminio profundo dise\u00f1ado para iluminaci\u00f3n discreta, que oculta tu tira LED de 15 mm plana dentro de paredes o techos. Los LED pueden brillar sin ning\u00fan punto visible ya que el ancho interno es de 19.6 mm y la profundidad es de 23.3 mm. El canal de aluminio&nbsp;act\u00faa como un disipador de calor incorporado, lo que mantiene tus tiras LED frescas y las hace durar m\u00e1s. Este perfil es f\u00e1cil de instalar porque tiene un sistema de instalaci\u00f3n empotrado. Por lo general, se mantiene en su lugar con clips de resorte flexibles que se fijan firmemente a la pared de yeso o al tablero del techo.<\/p>\n<\/div><\/div>\n\n\n\n<div class=\"wp-block-group has-background is-vertical is-layout-flex wp-container-core-group-is-layout-d255d7c4 wp-block-group-is-layout-flex\" style=\"background-color:#f1f1f1;padding-top:var(--wp--preset--spacing--80);padding-bottom:var(--wp--preset--spacing--80)\">\n<div class=\"wp-block-group is-vertical is-layout-flex wp-container-core-group-is-layout-8cf370e7 wp-block-group-is-layout-flex\">\n<h2 class=\"wp-block-heading\" style=\"padding-top:var(--wp--preset--spacing--40);padding-bottom:var(--wp--preset--spacing--40);font-size:25px;font-style:normal;font-weight:600;text-transform:capitalize\">\u00bfPor qu\u00e9 elegir nuestro canal LED empotrado de 23 mm?<\/h2>\n\n\n\n<ul class=\"wp-block-list\">\n<li>Funciona con tiras LED de 15 mm, como Philips Hue y cintas RGBW de doble fila.<\/li>\n\n\n\n<li>Difusi\u00f3n brillante y uniforme sin puntos.<\/li>\n\n\n\n<li>Dise\u00f1o de montaje a ras y recorte para ocultar bordes que pueden ser visibles.<\/li>\n\n\n\n<li>Aluminio anodizado que es lo suficientemente fuerte como para resistir el calor y el desgaste.<\/li>\n\n\n\n<li>Protege las tiras LED de suciedad, agua y da\u00f1os.<\/li>\n\n\n\n<li>Viene con un difusor, clips de montaje de resorte y tapas finales.<\/li>\n\n\n\n<li>Puedes cortarlo en el lugar para hacerlo de cualquier longitud o forma que desees.<\/li>\n<\/ul>\n<\/div>\n<\/div>\n\n\n\n<div class=\"wp-block-group is-vertical is-layout-flex wp-container-core-group-is-layout-d255d7c4 wp-block-group-is-layout-flex\" style=\"padding-top:var(--wp--preset--spacing--80);padding-bottom:var(--wp--preset--spacing--80)\">\n<hr class=\"wp-block-separator has-alpha-channel-opacity\"\/>\n\n\n\n<div class=\"wp-block-media-text has-media-on-the-right is-stacked-on-mobile\" style=\"grid-template-columns:auto 40%\"><div class=\"wp-block-media-text__content\">\n<h2 class=\"wp-block-heading\" style=\"padding-top:var(--wp--preset--spacing--40);padding-bottom:var(--wp--preset--spacing--40);font-size:25px;text-transform:capitalize\">\u00bfC\u00f3mo usar el canal LED empotrado de 23 mm?<\/h2>\n\n\n\n<ul class=\"wp-block-list\">\n<li>Iluminaci\u00f3n de edificios al colocar l\u00edneas de luz en techos, paredes y suelos.<\/li>\n\n\n\n<li>Iluminaci\u00f3n de tareas bajo cabinets: Luz brillante y suave para zonas de trabajo.<\/li>\n\n\n\n<li>Iluminaci\u00f3n para armarios y muebles: Luz que est\u00e1 oculta en armarios y closets.<\/li>\n\n\n\n<li>Exhibiciones para tiendas y negocios: Iluminaci\u00f3n que es brillante y clara para los art\u00edculos.<\/li>\n<\/ul>\n<\/div><figure class=\"wp-block-media-text__media\"><img loading=\"lazy\" decoding=\"async\" width=\"500\" height=\"500\" src=\"https:\/\/tangooled.com\/wp-content\/uploads\/2025\/07\/rp22-ins.webp\" alt=\"22x23mm led strip channel for 15mm strip light ceiling recessed\" class=\"wp-image-41783 size-full\" srcset=\"https:\/\/tangooled.com\/wp-content\/uploads\/2025\/07\/rp22-ins.webp 500w, https:\/\/tangooled.com\/wp-content\/uploads\/2025\/07\/rp22-ins-300x300.webp 300w, https:\/\/tangooled.com\/wp-content\/uploads\/2025\/07\/rp22-ins-150x150.webp 150w\" sizes=\"auto, (max-width: 500px) 100vw, 500px\" \/><\/figure><\/div>\n<\/div>\n\n\n\n<div class=\"wp-block-group has-background is-vertical is-layout-flex wp-container-core-group-is-layout-b429018a wp-block-group-is-layout-flex\" style=\"background-color:#f1f1f1f2;padding-top:var(--wp--preset--spacing--70);padding-bottom:var(--wp--preset--spacing--70)\">\n<h2 class=\"wp-block-heading\" style=\"padding-top:var(--wp--preset--spacing--40);padding-bottom:var(--wp--preset--spacing--40);font-size:25px;font-style:normal;font-weight:600;text-transform:capitalize\">\u00bfQu\u00e9 puedes obtener en un kit?<\/h2>\n\n\n\n<ul class=\"wp-block-list\">\n<li>1x perfil de aluminio empotrado anodizado<\/li>\n\n\n\n<li>1x PC difusor de luz esmerilado<\/li>\n\n\n\n<li>Dos tapas de extremo<\/li>\n\n\n\n<li>Dos clips de montaje de resorte<\/li>\n<\/ul>\n<\/div>\n\n\n\n<div class=\"wp-block-group is-vertical is-layout-flex wp-container-core-group-is-layout-d255d7c4 wp-block-group-is-layout-flex\" style=\"padding-top:var(--wp--preset--spacing--80);padding-bottom:var(--wp--preset--spacing--80)\">\n<h2 class=\"wp-block-heading\" style=\"padding-top:var(--wp--preset--spacing--40);padding-bottom:var(--wp--preset--spacing--40);font-size:25px;font-style:normal;font-weight:600;text-transform:capitalize\">Informaci\u00f3n sobre compatibilidad<\/h2>\n\n\n\n<p style=\"padding-right:var(--wp--preset--spacing--50);padding-left:var(--wp--preset--spacing--50)\">Nuestro canal LED empotrado de 23 mm es compatible con tiras de cinta LED que son de 15 mm de ancho, como 5050, 2835, COB, RGB y RGBW.<\/p>\n\n\n\n<ul class=\"wp-block-list\">\n<li>Diferentes voltajes: cintas LED que funcionan con 12V y 24V.<\/li>\n\n\n\n<li>Compatible con marcas populares como Philips Hue Lightstrip Plus (V4 y versiones m\u00e1s recientes).<\/li>\n\n\n\n<li>Best for strips that aren&#8217;t waterproof or are IP65 waterproof and are put on properly.<\/li>\n<\/ul>\n<\/div>\n\n\n\n<div class=\"wp-block-group is-vertical is-layout-flex wp-container-core-group-is-layout-d255d7c4 wp-block-group-is-layout-flex\" style=\"padding-top:var(--wp--preset--spacing--80);padding-bottom:var(--wp--preset--spacing--80)\">\n<h2 class=\"wp-block-heading\" style=\"padding-top:var(--wp--preset--spacing--40);padding-bottom:var(--wp--preset--spacing--40);font-size:25px;font-style:normal;font-weight:600;text-transform:capitalize\">productos relacionados que te pueden gustar<\/h2>\n\n\n\n<p style=\"padding-right:var(--wp--preset--spacing--50);padding-left:var(--wp--preset--spacing--50)\">Explora estos perfiles relacionados para diferentes tama\u00f1os y acabados:<\/p>\n\n\n\n<ul class=\"wp-block-list\">\n<li><a href=\"https:\/\/tangooled.com\/es\/product\/22x15mm-led-light-channel-aluminum-extrusion-for-flexible-strips\/\"><mark style=\"background-color:rgba(0, 0, 0, 0)\" class=\"has-inline-color has-vivid-red-color\">Canal de luz LED de 22x15 mm para tiras flexibles<\/mark><\/a><\/li>\n\n\n\n<li><a href=\"https:\/\/tangooled.com\/es\/product\/black-led-diffuser-aluminum-channel-for-12mm-tape-lights\/\"><mark style=\"background-color:rgba(0, 0, 0, 0)\" class=\"has-inline-color has-vivid-red-color\">Canal de aluminio difusor LED negro para luces de cinta de 12 mm<\/mark><\/a><\/li>\n\n\n\n<li><a href=\"https:\/\/tangooled.com\/es\/product\/25x6mm-low-profile-led-strip-channel-for-10mm-led-strip-light\/\"><mark style=\"background-color:rgba(0, 0, 0, 0)\" class=\"has-inline-color has-vivid-red-color\">Canal de tira LED de perfil bajo de 25x6 mm para luz LED de 10 mm<\/mark><\/a><\/li>\n\n\n\n<li><a href=\"https:\/\/tangooled.com\/es\/product\/recessed-aluminum-led-channel-with-ceiling-buckle-for-led-10mm-strip-light\/\"><mark style=\"background-color:rgba(0, 0, 0, 0)\" class=\"has-inline-color has-vivid-red-color\">Canal LED de aluminio empotrado con gancho de techo<\/mark><\/a><\/li>\n<\/ul>\n<\/div>\n\n\n\n<p><\/p>","protected":false},"featured_media":14331,"template":"","meta":{"_acf_changed":true,"_seopress_robots_primary_cat":"none","_seopress_titles_title":"23mm Deep Recessed LED Profile for 15mm Strips | TANGOOLED","_seopress_titles_desc":"Eliminate LED spotting with our 23mm deep recessed profile. Designed for 15mm wide LED strips, this extra-deep aluminum channel provides superior diffusion and professional heat dissipation for high-end linear lighting.","_seopress_robots_index":""},"pcb-width":[229],"product-cat":[193],"class_list":{"0":"post-34963","1":"product","2":"type-product","3":"status-publish","4":"has-post-thumbnail","6":"pcb-width-15-20mm","7":"product-cat-recessed-profile"},"acf":[],"_links":{"self":[{"href":"https:\/\/tangooled.com\/es\/wp-json\/wp\/v2\/product\/34963","targetHints":{"allow":["GET"]}}],"collection":[{"href":"https:\/\/tangooled.com\/es\/wp-json\/wp\/v2\/product"}],"about":[{"href":"https:\/\/tangooled.com\/es\/wp-json\/wp\/v2\/types\/product"}],"wp:featuredmedia":[{"embeddable":true,"href":"https:\/\/tangooled.com\/es\/wp-json\/wp\/v2\/media\/14331"}],"wp:attachment":[{"href":"https:\/\/tangooled.com\/es\/wp-json\/wp\/v2\/media?parent=34963"}],"wp:term":[{"taxonomy":"pcb-width","embeddable":true,"href":"https:\/\/tangooled.com\/es\/wp-json\/wp\/v2\/pcb-width?post=34963"},{"taxonomy":"product-cat","embeddable":true,"href":"https:\/\/tangooled.com\/es\/wp-json\/wp\/v2\/product-cat?post=34963"}],"curies":[{"name":"wp","href":"https:\/\/api.w.org\/{rel}","templated":true}]}}