{"id":34962,"date":"2025-07-01T02:16:45","date_gmt":"2025-07-01T10:16:45","guid":{"rendered":"https:\/\/tangooled.com\/?post_type=product&#038;p=34962"},"modified":"2026-01-31T01:03:41","modified_gmt":"2026-01-31T09:03:41","slug":"15mm-deep-recessed-led-channel-for-double-row-strips","status":"publish","type":"product","link":"https:\/\/tangooled.com\/es\/product\/15mm-deep-recessed-led-channel-for-double-row-strips\/","title":{"rendered":"Canal LED empotrado de 15 mm de profundidad para tira de doble fila"},"content":{"rendered":"<div class=\"wp-block-group is-vertical is-layout-flex wp-container-core-group-is-layout-d255d7c4 wp-block-group-is-layout-flex\" style=\"padding-top:var(--wp--preset--spacing--80);padding-bottom:var(--wp--preset--spacing--80)\">\n<p>Este canal LED empotrado de 15 mm est\u00e1 dise\u00f1ado para tiras LED de doble fila. El ancho interior es de 19.6 mm, que es adecuado para luces de tira LED de 15 mm de ancho, como SMD5050, 2835 o tipos RGB. Se adapta a ranuras de 22.2 mm de ancho y 14 mm de altura. Las bridas cubren el borde de las ranuras, lo que lo convierte en una soluci\u00f3n de iluminaci\u00f3n lineal perfecta. Con accesorios completos como tapas finales y clips de montaje, este canal permite una f\u00e1cil instalaci\u00f3n en techos, paredes, muebles y en muchos otros proyectos de iluminaci\u00f3n arquitect\u00f3nica y comercial.<\/p>\n<\/div>\n\n\n\n<div class=\"wp-block-group has-background is-vertical is-layout-flex wp-container-core-group-is-layout-d255d7c4 wp-block-group-is-layout-flex\" style=\"background-color:#f1f1f1;padding-top:var(--wp--preset--spacing--80);padding-bottom:var(--wp--preset--spacing--80)\">\n<div class=\"wp-block-group is-vertical is-layout-flex wp-container-core-group-is-layout-8cf370e7 wp-block-group-is-layout-flex\">\n<h2 class=\"wp-block-heading\" style=\"padding-top:var(--wp--preset--spacing--40);padding-bottom:var(--wp--preset--spacing--40);font-size:25px;font-style:normal;font-weight:600\">\u00bfPor qu\u00e9 elegir nuestro canal LED empotrado de 15 mm?<\/h2>\n\n\n\n<p style=\"padding-right:var(--wp--preset--spacing--50);padding-left:var(--wp--preset--spacing--50)\">Nuestro canal LED empotrado de 15 mm est\u00e1 hecho para ayudarte a obtener una luz fuerte, uniforme y consistente. La tira LED de doble fila se ajusta dentro de este canal, lo que hace que tu luz sea extra brillante y ideal para iluminar una habitaci\u00f3n, un cove, tareas o acentos.<\/p>\n\n\n\n<ul class=\"wp-block-list\">\n<li>Hecho de aluminio anodizado 6063-T5 para una fuerte disipaci\u00f3n de calor y larga vida.<\/li>\n\n\n\n<li>Incluye un difusor frosted para evitar un efecto de iluminaci\u00f3n LED punteado o sin manchas.<\/li>\n\n\n\n<li>Dise\u00f1ado para una instalaci\u00f3n embutida o empotrada para acabados ordenados y limpios.<\/li>\n\n\n\n<li>Viene con tapas finales y clips de montaje para una f\u00e1cil instalaci\u00f3n.<\/li>\n\n\n\n<li>Funciona perfectamente con luces de cinta flexible LED SMD 2835, 5050, 5630.<\/li>\n<\/ul>\n<\/div>\n<\/div>\n\n\n\n<div class=\"wp-block-group\" style=\"padding-top:var(--wp--preset--spacing--60);padding-bottom:var(--wp--preset--spacing--60)\"><div class=\"wp-block-group__inner-container is-layout-constrained wp-block-group-is-layout-constrained\">\n<div class=\"wp-block-media-text has-media-on-the-right is-stacked-on-mobile\"><div class=\"wp-block-media-text__content\">\n<h2 class=\"wp-block-heading\" style=\"padding-top:var(--wp--preset--spacing--40);padding-bottom:var(--wp--preset--spacing--40);font-size:25px;font-style:normal;font-weight:600;text-transform:capitalize\">Instalaci\u00f3n f\u00e1cil<\/h2>\n\n\n\n<ul class=\"wp-block-list\">\n<li>Haz una ranura en tu panel de yeso, madera o muebles.<\/li>\n\n\n\n<li>Coloca el canal en su posici\u00f3n haciendo clic o atornill\u00e1ndolo con los clips de montaje proporcionados.<\/li>\n\n\n\n<li>Coloca tus tiras LED de doble fila dentro del canal.<\/li>\n\n\n\n<li>Coloca la tapa difusora opal en la parte superior.<\/li>\n\n\n\n<li>Las tapas finales sellan los extremos (una tapa tiene un agujero para que pase un cable).<\/li>\n<\/ul>\n<\/div><figure class=\"wp-block-media-text__media\"><img loading=\"lazy\" decoding=\"async\" width=\"500\" height=\"500\" src=\"https:\/\/tangooled.com\/wp-content\/uploads\/2025\/07\/rp20b-ins.webp\" alt=\"recessed 22x15mm led strip lighting channel for double row led strip\" class=\"wp-image-41779 size-full\" srcset=\"https:\/\/tangooled.com\/wp-content\/uploads\/2025\/07\/rp20b-ins.webp 500w, https:\/\/tangooled.com\/wp-content\/uploads\/2025\/07\/rp20b-ins-300x300.webp 300w, https:\/\/tangooled.com\/wp-content\/uploads\/2025\/07\/rp20b-ins-150x150.webp 150w\" sizes=\"auto, (max-width: 500px) 100vw, 500px\" \/><\/figure><\/div>\n<\/div><\/div>\n\n\n\n<div class=\"wp-block-group has-background is-vertical is-layout-flex wp-container-core-group-is-layout-b429018a wp-block-group-is-layout-flex\" style=\"background-color:#f1f1f1f2;padding-top:var(--wp--preset--spacing--70);padding-bottom:var(--wp--preset--spacing--70)\">\n<h2 class=\"wp-block-heading\" style=\"font-size:25px;font-style:normal;font-weight:600;text-transform:capitalize\">\u00bfQu\u00e9 puedes obtener en un kit?<\/h2>\n\n\n\n<ul class=\"wp-block-list\">\n<li>1x Perfil de aluminio empotrado anodizado de 22x15mm<\/li>\n\n\n\n<li>1x PC difusor de luz esmerilado<\/li>\n\n\n\n<li>Dos tapas de extremo <\/li>\n\n\n\n<li>Dos clips de montaje<\/li>\n<\/ul>\n<\/div>\n\n\n\n<div class=\"wp-block-group is-vertical is-layout-flex wp-container-core-group-is-layout-d255d7c4 wp-block-group-is-layout-flex\" style=\"padding-top:var(--wp--preset--spacing--80);padding-bottom:var(--wp--preset--spacing--80)\">\n<h2 class=\"wp-block-heading\" style=\"font-size:25px;font-style:normal;font-weight:600;text-transform:capitalize\">Usos y aplicaciones populares<\/h2>\n\n\n\n<ul class=\"wp-block-list\">\n<li>Salones y cocinas: Genial para una iluminaci\u00f3n brillante debajo de los armarios o en la sala principal.<\/li>\n\n\n\n<li>Oficinas y salas de juntas: Esta luz es limpia y combina bien con los techos.<\/li>\n\n\n\n<li>Exhibiciones en tiendas: Utiliza luz brillante y uniforme para resaltar las cosas.<\/li>\n\n\n\n<li>Cove lighting: This type of lighting creates soft, steady lines of light that don&#8217;t come straight from the source.<\/li>\n\n\n\n<li>Muebles personalizados: Cambia el estilo de tus mostradores o armarios.<\/li>\n<\/ul>\n<\/div>\n\n\n\n<div class=\"wp-block-group has-background is-vertical is-layout-flex wp-container-core-group-is-layout-b429018a wp-block-group-is-layout-flex\" style=\"background-color:#f1f1f1f2;padding-top:var(--wp--preset--spacing--70);padding-bottom:var(--wp--preset--spacing--70)\">\n<h2 class=\"wp-block-heading\" style=\"font-size:25px;font-style:normal;font-weight:600\">El\u00edjanos para sus necesidades de perfil LED<\/h2>\n\n\n\n<ul class=\"wp-block-list\">\n<li>Ver el canal LED para armarios con difusor para tiras LED dobles para mobiliario personalizado: <mark style=\"background-color:rgba(0, 0, 0, 0)\" class=\"has-inline-color has-vivid-red-color\"><a href=\"https:\/\/tangooled.com\/es\/product\/cabinet-led-strip-channel-with-diffuser-for-double-led-strips\/\">Ver aqu\u00ed<\/a>.<\/mark><\/li>\n\n\n\n<li>Explora la extrusi\u00f3n de canal de luz LED de 22x15mm de aluminio para tiras flexibles para ver detalles similares del canal:<a href=\"https:\/\/tangooled.com\/es\/product\/22x15mm-led-light-channel-aluminum-extrusion-for-flexible-strips\/\"> <mark style=\"background-color:rgba(0, 0, 0, 0)\" class=\"has-inline-color has-vivid-red-color\">P\u00e1gina del producto<\/mark><\/a><\/li>\n\n\n\n<li>Para un dise\u00f1o m\u00e1s delgado, ver <a href=\"https:\/\/tangooled.com\/es\/product\/led-light-diffuser-channel-aluminum-15x12mm-for-10mm-led-strips\/\"><mark style=\"background-color:rgba(0, 0, 0, 0)\" class=\"has-inline-color has-vivid-red-color\">Difusor de luz LED canal de aluminio 15x12mm para tiras LED de 10mm<\/mark><\/a><\/li>\n<\/ul>\n<\/div>\n\n\n\n<p><\/p>","protected":false},"featured_media":14337,"template":"","meta":{"_acf_changed":true,"_seopress_robots_primary_cat":"none","_seopress_titles_title":"15mm Deep Recessed LED Channel for Double Row Strips | TANGOOLED","_seopress_titles_desc":"Achieve a dot-free, high-output glow with our 15mm deep recessed LED channel. Designed to fit double row strip lights, this flanged aluminum profile ensures professional heat dissipation for bright linear lighting.","_seopress_robots_index":""},"pcb-width":[229],"product-cat":[193],"class_list":{"0":"post-34962","1":"product","2":"type-product","3":"status-publish","4":"has-post-thumbnail","6":"pcb-width-15-20mm","7":"product-cat-recessed-profile"},"acf":[],"_links":{"self":[{"href":"https:\/\/tangooled.com\/es\/wp-json\/wp\/v2\/product\/34962","targetHints":{"allow":["GET"]}}],"collection":[{"href":"https:\/\/tangooled.com\/es\/wp-json\/wp\/v2\/product"}],"about":[{"href":"https:\/\/tangooled.com\/es\/wp-json\/wp\/v2\/types\/product"}],"wp:featuredmedia":[{"embeddable":true,"href":"https:\/\/tangooled.com\/es\/wp-json\/wp\/v2\/media\/14337"}],"wp:attachment":[{"href":"https:\/\/tangooled.com\/es\/wp-json\/wp\/v2\/media?parent=34962"}],"wp:term":[{"taxonomy":"pcb-width","embeddable":true,"href":"https:\/\/tangooled.com\/es\/wp-json\/wp\/v2\/pcb-width?post=34962"},{"taxonomy":"product-cat","embeddable":true,"href":"https:\/\/tangooled.com\/es\/wp-json\/wp\/v2\/product-cat?post=34962"}],"curies":[{"name":"wp","href":"https:\/\/api.w.org\/{rel}","templated":true}]}}