{"id":34959,"date":"2025-07-01T02:14:27","date_gmt":"2025-07-01T10:14:27","guid":{"rendered":"https:\/\/tangooled.com\/?post_type=product&#038;p=34959"},"modified":"2026-02-02T22:22:22","modified_gmt":"2026-02-03T06:22:22","slug":"recessed-20x10mmmm-led-strip-lighting-channel","status":"publish","type":"product","link":"https:\/\/tangooled.com\/es\/product\/recessed-20x10mmmm-led-strip-lighting-channel\/","title":{"rendered":"canal de iluminaci\u00f3n LED empotrado de 20x10mm"},"content":{"rendered":"<div class=\"wp-block-group is-vertical is-layout-flex wp-container-core-group-is-layout-d255d7c4 wp-block-group-is-layout-flex\" style=\"padding-top:var(--wp--preset--spacing--80);padding-bottom:var(--wp--preset--spacing--80)\">\n<p>Este canal de luz LED empotrado RP20A-S cuenta con un ancho interior de 20.0mm, siendo una excelente opci\u00f3n para tiras de LED de alta densidad, COB y RGBW. Con una altura de 10.0mm, este canal de bajo perfil permite una instalaci\u00f3n sin costuras en ranuras de profundidad coincidente en paredes de yeso, techos o muebles personalizados. Su dise\u00f1o empotrado crea un aspecto limpio y sin marcos, perfecto para iluminaci\u00f3n arquitect\u00f3nica lineal en cocinas, exhibiciones comerciales y oficinas. Este perfil es ideal para cualquier tira LED que tenga menos de 20 mm de ancho.<\/p>\n<\/div>\n\n\n\n<div class=\"wp-block-group has-background\" style=\"background-color:#f1f1f1;padding-top:var(--wp--preset--spacing--80);padding-bottom:var(--wp--preset--spacing--80)\"><div class=\"wp-block-group__inner-container is-layout-constrained wp-block-group-is-layout-constrained\">\n<div class=\"wp-block-group is-vertical is-layout-flex wp-container-core-group-is-layout-8cf370e7 wp-block-group-is-layout-flex\">\n<h2 class=\"wp-block-heading\" style=\"padding-top:var(--wp--preset--spacing--40);padding-bottom:var(--wp--preset--spacing--40);font-size:25px;font-style:normal;font-weight:600;text-transform:capitalize\">\u00bfPor qu\u00e9 elegir nuestro canal LED empotrado de 20x10mm?<\/h2>\n\n\n\n<ul class=\"wp-block-list\">\n<li>Instalaci\u00f3n sin costuras y a ras: Dise\u00f1ado para encajar en yeso, madera o muebles para que parezca integrado y limpio.<\/li>\n\n\n\n<li>Luz sin puntos: El difusor de policarbonato esmerilado\/opalina que viene con \u00e9l convierte los puntos LED en un brillo suave.<\/li>\n\n\n\n<li>Disipaci\u00f3n de calor: El aluminio ayuda a que tu tira LED dure m\u00e1s al actuar como disipador de calor.<\/li>\n\n\n\n<li>Fuerte y protector: Mantiene tu tira LED a salvo del polvo y la humedad.<\/li>\n<\/ul>\n<\/div>\n<\/div><\/div>\n\n\n\n<div class=\"wp-block-group\" style=\"padding-top:var(--wp--preset--spacing--60);padding-bottom:var(--wp--preset--spacing--60)\"><div class=\"wp-block-group__inner-container is-layout-constrained wp-block-group-is-layout-constrained\">\n<div class=\"wp-block-media-text has-media-on-the-right is-stacked-on-mobile\" style=\"grid-template-columns:auto 40%\"><div class=\"wp-block-media-text__content\">\n<h2 class=\"wp-block-heading\" style=\"padding-top:var(--wp--preset--spacing--40);padding-bottom:var(--wp--preset--spacing--40);font-size:25px;font-style:normal;font-weight:600;text-transform:capitalize\">C\u00f3mo usar el canal LED empotrado de 20x10mm<\/h2>\n\n\n\n<ul class=\"wp-block-list\">\n<li>Corta una ranura en yeso, madera o muebles de 20mm de ancho y 10mm de altura.<\/li>\n\n\n\n<li>Coloca la tira de luz LED en el canal. Funciona con fabricantes conocidos, incluyendo chip de Samsung y Cree.<\/li>\n\n\n\n<li>Coloca el difusor esmerilado para obtener una luz suave y sin puntos.<\/li>\n\n\n\n<li>Usa clips de montaje o pegamento para mantenerlo en su lugar.<\/li>\n\n\n\n<li>Agrega&nbsp;tapas finales para hacer salidas de cable ordenadas&nbsp;y un aspecto&nbsp;terminado.&nbsp;<\/li>\n<\/ul>\n<\/div><figure class=\"wp-block-media-text__media\"><img loading=\"lazy\" decoding=\"async\" width=\"500\" height=\"500\" src=\"https:\/\/tangooled.com\/wp-content\/uploads\/2025\/07\/rp20a-ins.webp\" alt=\"canal de iluminaci\u00f3n LED empotrado de 20x10mm\" class=\"wp-image-41756 size-full\" srcset=\"https:\/\/tangooled.com\/wp-content\/uploads\/2025\/07\/rp20a-ins.webp 500w, https:\/\/tangooled.com\/wp-content\/uploads\/2025\/07\/rp20a-ins-300x300.webp 300w, https:\/\/tangooled.com\/wp-content\/uploads\/2025\/07\/rp20a-ins-150x150.webp 150w\" sizes=\"auto, (max-width: 500px) 100vw, 500px\" \/><\/figure><\/div>\n<\/div><\/div>\n\n\n\n<div class=\"wp-block-group has-background\" style=\"background-color:#f1f1f1f2;padding-top:var(--wp--preset--spacing--80);padding-bottom:var(--wp--preset--spacing--80)\"><div class=\"wp-block-group__inner-container is-layout-constrained wp-block-group-is-layout-constrained\">\n<h2 class=\"wp-block-heading\" style=\"font-size:25px;font-style:normal;font-weight:600;text-transform:capitalize\">What&#8217;s in the kit?<\/h2>\n\n\n\n<ul class=\"wp-block-list\">\n<li>1x Perfil de aluminio empotrado RP20A anodizado (longitud a especificar)<\/li>\n\n\n\n<li>1x difusor de policarbonato esmerilado<\/li>\n\n\n\n<li>2x tapas finales<\/li>\n\n\n\n<li>2x clips de montaje<\/li>\n<\/ul>\n<\/div><\/div>\n\n\n\n<div class=\"wp-block-group\" style=\"padding-top:var(--wp--preset--spacing--80);padding-bottom:var(--wp--preset--spacing--80)\"><div class=\"wp-block-group__inner-container is-layout-constrained wp-block-group-is-layout-constrained\">\n<h2 class=\"wp-block-heading\" style=\"padding-top:var(--wp--preset--spacing--40);padding-bottom:var(--wp--preset--spacing--40);font-size:25px;font-style:normal;font-weight:600;text-transform:capitalize\">La gu\u00eda de instalaci\u00f3n simple funciona para diversas aplicaciones<\/h2>\n\n\n\n<ul class=\"wp-block-list\">\n<li>Iluminaci\u00f3n que va bajo los muebles de cocina o armarios.<\/li>\n\n\n\n<li>Iluminaci\u00f3n arquitect\u00f3nica empotrada en paredes o techos.<\/li>\n\n\n\n<li>A\u00f1adiendo muebles como estantes o armarios.<\/li>\n\n\n\n<li>Iluminaci\u00f3n para estantes de exhibici\u00f3n comercial.<\/li>\n<\/ul>\n<\/div><\/div>\n\n\n\n<div class=\"wp-block-group has-background is-vertical is-layout-flex wp-container-core-group-is-layout-b429018a wp-block-group-is-layout-flex\" style=\"background-color:#f1f1f1f2;padding-top:var(--wp--preset--spacing--70);padding-bottom:var(--wp--preset--spacing--70)\">\n<h2 class=\"wp-block-heading\" style=\"font-size:25px;font-style:normal;font-weight:600;text-transform:capitalize\">Explora otros productos relacionados para completar tu proyecto:<\/h2>\n\n\n\n<ul class=\"wp-block-list\">\n<li><a href=\"https:\/\/tangooled.com\/es\/product\/black-led-profile-with-black-diffuser-for-10mm-led-strip-light\/\"><mark style=\"background-color:rgba(0, 0, 0, 0)\" class=\"has-inline-color has-vivid-red-color\">Perfil LED negro con difusor negro para luz de tira LED de 10mm<\/mark><\/a><\/li>\n\n\n\n<li><a href=\"https:\/\/tangooled.com\/es\/product\/surface-mount-led-profile-with-frosted-diffuser-for-10mm-rope-lights\/\"><mark style=\"background-color:rgba(0, 0, 0, 0)\" class=\"has-inline-color has-vivid-red-color\">Perfil LED de montaje en superficie con difusor esmerilado para luces de cuerda de 10 mm<\/mark><\/a><\/li>\n\n\n\n<li><a href=\"https:\/\/tangooled.com\/es\/product\/aluminum-led-strip-extrusion-diffuser-channel-for-5050-double-row-led-strip\/\"><mark style=\"background-color:rgba(0, 0, 0, 0)\" class=\"has-inline-color has-vivid-red-color\">Canal difusor de extrusi\u00f3n de tira LED de aluminio para tira LED de doble fila 5050<\/mark><\/a><\/li>\n\n\n\n<li><a href=\"https:\/\/tangooled.com\/es\/product\/recessed-led-aluminum-profile-up-and-down-lighting-channel-for-cabinet\/\"><mark style=\"background-color:rgba(0, 0, 0, 0)\" class=\"has-inline-color has-vivid-red-color\">Canal de perfil de aluminio LED empotrado para iluminaci\u00f3n ascendente y descendente para gabinete<\/mark><\/a><\/li>\n<\/ul>\n<\/div>\n\n\n\n<p><\/p>","protected":false},"featured_media":14342,"template":"","meta":{"_acf_changed":true,"_seopress_robots_primary_cat":"none","_seopress_titles_title":"20x10mm Recessed LED Channel Aluminum Profile | TANGOOLED","_seopress_titles_desc":"Upgrade your lighting with the 20x10mm recessed LED channel. This aluminum profile is designed for high-visibility linear lighting in ceilings and walls, offering easy installation and professional heat dissipation.","_seopress_robots_index":""},"pcb-width":[229],"product-cat":[193],"class_list":{"0":"post-34959","1":"product","2":"type-product","3":"status-publish","4":"has-post-thumbnail","6":"pcb-width-15-20mm","7":"product-cat-recessed-profile"},"acf":[],"_links":{"self":[{"href":"https:\/\/tangooled.com\/es\/wp-json\/wp\/v2\/product\/34959","targetHints":{"allow":["GET"]}}],"collection":[{"href":"https:\/\/tangooled.com\/es\/wp-json\/wp\/v2\/product"}],"about":[{"href":"https:\/\/tangooled.com\/es\/wp-json\/wp\/v2\/types\/product"}],"wp:featuredmedia":[{"embeddable":true,"href":"https:\/\/tangooled.com\/es\/wp-json\/wp\/v2\/media\/14342"}],"wp:attachment":[{"href":"https:\/\/tangooled.com\/es\/wp-json\/wp\/v2\/media?parent=34959"}],"wp:term":[{"taxonomy":"pcb-width","embeddable":true,"href":"https:\/\/tangooled.com\/es\/wp-json\/wp\/v2\/pcb-width?post=34959"},{"taxonomy":"product-cat","embeddable":true,"href":"https:\/\/tangooled.com\/es\/wp-json\/wp\/v2\/product-cat?post=34959"}],"curies":[{"name":"wp","href":"https:\/\/api.w.org\/{rel}","templated":true}]}}