{"id":34957,"date":"2025-07-01T02:12:26","date_gmt":"2025-07-01T10:12:26","guid":{"rendered":"https:\/\/tangooled.com\/?post_type=product&#038;p=34957"},"modified":"2026-01-31T00:58:48","modified_gmt":"2026-01-31T08:58:48","slug":"recessed-17mm-led-profile-aluminum-channel-for-12mm-led-strips","status":"publish","type":"product","link":"https:\/\/tangooled.com\/es\/product\/recessed-17mm-led-profile-aluminum-channel-for-12mm-led-strips\/","title":{"rendered":"canal de aluminio empotrado de 17mm para tiras de LED de 12mm"},"content":{"rendered":"<div class=\"wp-block-group is-vertical is-layout-flex wp-container-core-group-is-layout-d255d7c4 wp-block-group-is-layout-flex\" style=\"padding-top:var(--wp--preset--spacing--80);padding-bottom:var(--wp--preset--spacing--80)\">\n<p>Our 17mm recessed LED profile is made for LED strips that are up to 12mm wide. It\u2019s great for hiding strip lights within walls, ceilings, or furniture without any seams. This recessed aluminum channel has an outer width of 25.2mm and an overall height of 23.2mm, with an internal width of 14.6mm.<br>El canal est\u00e1 hecho de una aleaci\u00f3n de aluminio extruido 6063-T5 de alta calidad para una excelente disipaci\u00f3n del calor, extendiendo la vida y el brillo de los LEDs. La tapa difusora opalina incluida, construida con material PC (Policarbonato), garantiza una distribuci\u00f3n uniforme de la luz sin puntos. Se incluyen tapas finales y clips de montaje con el sistema completo, haciendo que la instalaci\u00f3n sea f\u00e1cil y a ras.<\/p>\n<\/div>\n\n\n\n<div class=\"wp-block-group has-background is-vertical is-layout-flex wp-container-core-group-is-layout-d255d7c4 wp-block-group-is-layout-flex\" style=\"background-color:#f1f1f1;padding-top:var(--wp--preset--spacing--80);padding-bottom:var(--wp--preset--spacing--80)\">\n<div class=\"wp-block-group is-vertical is-layout-flex wp-container-core-group-is-layout-8cf370e7 wp-block-group-is-layout-flex\">\n<h2 class=\"wp-block-heading\" style=\"padding-top:var(--wp--preset--spacing--40);padding-bottom:var(--wp--preset--spacing--40);font-size:25px;font-style:normal;font-weight:600;text-transform:capitalize\">\u00bfPor qu\u00e9 elegir nuestro perfil de LED empotrado de 17mm?<\/h2>\n\n\n\n<ul class=\"wp-block-list\">\n<li>Dise\u00f1o empotrado sin costuras: El canal se ajusta perfectamente a paneles de yeso, madera o yeso para un aspecto limpio.<\/li>\n\n\n\n<li>Funciona con la mayor\u00eda de las luces LED de cinta populares y se adapta bien a tiras de LED de 12mm.<\/li>\n\n\n\n<li>Fuerte disipador de calor de aluminio: Mantiene los LEDs fr\u00edos y duraderos.<\/li>\n\n\n\n<li>Opal\/polycarbonate diffuser: Makes the light softer so it doesn&#8217;t have any dots.<\/li>\n\n\n\n<li>F\u00e1cil de ensamblar: Viene con clips de resorte, dos tapas finales y una tapa que se ajusta con un encastre.<\/li>\n\n\n\n<li>Varios acabados: Puedes elegir entre anodizado plata, negro mate o blanco mate para adaptarse a tu decoraci\u00f3n.<\/li>\n<\/ul>\n<\/div>\n<\/div>\n\n\n\n<div class=\"wp-block-group\" style=\"padding-top:var(--wp--preset--spacing--60);padding-bottom:var(--wp--preset--spacing--60)\"><div class=\"wp-block-group__inner-container is-layout-constrained wp-block-group-is-layout-constrained\">\n<div class=\"wp-block-media-text has-media-on-the-right is-stacked-on-mobile\"><div class=\"wp-block-media-text__content\">\n<h2 class=\"wp-block-heading\" style=\"padding-top:var(--wp--preset--spacing--40);padding-bottom:var(--wp--preset--spacing--40);font-size:25px;text-transform:capitalize\">Pasos simples de instalaci\u00f3n<\/h2>\n\n\n\n<ul class=\"wp-block-list\">\n<li>Corta una ranura en paneles de yeso, madera, MDF o yeso donde deseas que vaya la luz.<\/li>\n\n\n\n<li>Usa pegamento o clips de resorte para mantener el canal a ras en la ranura.<\/li>\n\n\n\n<li>Coloca tu tira de LED de 12mm dentro del canal.<\/li>\n\n\n\n<li>Coloca la tapa difusora encima y fija las tapas finales para terminar.<\/li>\n<\/ul>\n<\/div><figure class=\"wp-block-media-text__media\"><img loading=\"lazy\" decoding=\"async\" width=\"500\" height=\"500\" src=\"https:\/\/tangooled.com\/wp-content\/uploads\/2025\/07\/rp17-ins.webp\" alt=\"canal de aluminio empotrado de 17mm para tiras de LED de 12mm\" class=\"wp-image-41679 size-full\" srcset=\"https:\/\/tangooled.com\/wp-content\/uploads\/2025\/07\/rp17-ins.webp 500w, https:\/\/tangooled.com\/wp-content\/uploads\/2025\/07\/rp17-ins-300x300.webp 300w, https:\/\/tangooled.com\/wp-content\/uploads\/2025\/07\/rp17-ins-150x150.webp 150w\" sizes=\"auto, (max-width: 500px) 100vw, 500px\" \/><\/figure><\/div>\n<\/div><\/div>\n\n\n\n<div class=\"wp-block-group has-background is-vertical is-layout-flex wp-container-core-group-is-layout-d255d7c4 wp-block-group-is-layout-flex\" style=\"background-color:#f1f1f1;padding-top:var(--wp--preset--spacing--80);padding-bottom:var(--wp--preset--spacing--80)\">\n<h2 class=\"wp-block-heading\" style=\"padding-top:var(--wp--preset--spacing--40);padding-bottom:var(--wp--preset--spacing--40);font-size:25px;font-style:normal;font-weight:600;text-transform:capitalize\">What\u2019s Inside the Box?<\/h2>\n\n\n\n<ul class=\"wp-block-list\">\n<li>1x canal de aluminio empotrado de 17mm de ancho<\/li>\n\n\n\n<li>1x tapa difusora opalina a presi\u00f3n<\/li>\n\n\n\n<li>2x clips de resorte para asegurar un ajuste perfecto<\/li>\n\n\n\n<li>2x tapas finales (1 s\u00f3lida, 1 con orificio para cable)<\/li>\n<\/ul>\n<\/div>\n\n\n\n<div class=\"wp-block-group\" style=\"padding-top:var(--wp--preset--spacing--80);padding-bottom:var(--wp--preset--spacing--80)\"><div class=\"wp-block-group__inner-container is-layout-constrained wp-block-group-is-layout-constrained\">\n<h2 class=\"wp-block-heading\" style=\"padding-top:var(--wp--preset--spacing--40);padding-bottom:var(--wp--preset--spacing--40);font-size:25px;font-style:normal;font-weight:600;text-transform:capitalize\">Grandes usos para nuestro perfil de LED empotrado de 17mm<\/h2>\n\n\n\n<ul class=\"wp-block-list\">\n<li>Iluminaci\u00f3n debajo de armarios: usa una luz suave y directa para hacer los mostradores m\u00e1s brillantes.<\/li>\n\n\n\n<li>Acentos en paredes y techos: Para un efecto moderno, oculta luces en ranuras.<\/li>\n\n\n\n<li>Iluminaci\u00f3n para muebles: estanter\u00edas, armarios y closets obtienen luces integradas atractivas.<\/li>\n\n\n\n<li>Exhibiciones en retail y negocios: exhibe productos de manera profesional.<\/li>\n<\/ul>\n<\/div><\/div>\n\n\n\n<div class=\"wp-block-group has-background is-vertical is-layout-flex wp-container-core-group-is-layout-b429018a wp-block-group-is-layout-flex\" style=\"background-color:#f1f1f1f2;padding-top:var(--wp--preset--spacing--70);padding-bottom:var(--wp--preset--spacing--70)\">\n<h2 class=\"wp-block-heading\" style=\"padding-top:var(--wp--preset--spacing--40);padding-bottom:var(--wp--preset--spacing--40);font-size:25px;font-style:normal;font-weight:600;text-transform:capitalize\">Consulta nuestros productos relacionados<\/h2>\n\n\n\n<ul class=\"wp-block-list\">\n<li>\u00bfNecesitas un difusor negro? Ve nuestro <a href=\"https:\/\/tangooled.com\/es\/product\/black-led-diffuser-aluminum-channel-for-12mm-tape-lights\/\"><mark style=\"background-color:rgba(0, 0, 0, 0)\" class=\"has-inline-color has-vivid-red-color\">canal de aluminio difusor LED negro para luces de cinta de 12 mm<\/mark><\/a>. <\/li>\n\n\n\n<li>Para montaje en esquina con tiras de 12mm, visita <a href=\"https:\/\/tangooled.com\/es\/product\/18x18mm-led-strip-corner-profile-for-12mm-led-strips\/\"><mark style=\"background-color:rgba(0, 0, 0, 0)\" class=\"has-inline-color has-vivid-red-color\">Perfil de esquina para tira LED de 18x18mm para tiras LED de 12mm<\/mark><\/a>.<\/li>\n\n\n\n<li>Explorar <a href=\"https:\/\/tangooled.com\/es\/product\/black-aluminum-u-channel-profile-for-10mm-led-strips\/\"><mark style=\"background-color:rgba(0, 0, 0, 0)\" class=\"has-inline-color has-vivid-red-color\">perfil de canal U de aluminio negro para tiras LED de 10 mm<\/mark><\/a> para necesidades de iluminaci\u00f3n ultrabaja.<\/li>\n<\/ul>\n<\/div>\n\n\n\n<p><\/p>","protected":false},"featured_media":14348,"template":"","meta":{"_acf_changed":false,"_seopress_robots_primary_cat":"none","_seopress_titles_title":"17mm Recessed LED Channel | Fits 12mm Wide LED Strips | TANGOOLED","_seopress_titles_desc":"The RP17 is a 17mm recessed LED profile specifically designed to accommodate 12mm wide LED strips. Featuring a flanged edge to hide cutouts, it\u2019s the ideal solution for high-power linear lighting.","_seopress_robots_index":""},"pcb-width":[229],"product-cat":[193],"class_list":{"0":"post-34957","1":"product","2":"type-product","3":"status-publish","4":"has-post-thumbnail","6":"pcb-width-15-20mm","7":"product-cat-recessed-profile"},"acf":[],"_links":{"self":[{"href":"https:\/\/tangooled.com\/es\/wp-json\/wp\/v2\/product\/34957","targetHints":{"allow":["GET"]}}],"collection":[{"href":"https:\/\/tangooled.com\/es\/wp-json\/wp\/v2\/product"}],"about":[{"href":"https:\/\/tangooled.com\/es\/wp-json\/wp\/v2\/types\/product"}],"wp:featuredmedia":[{"embeddable":true,"href":"https:\/\/tangooled.com\/es\/wp-json\/wp\/v2\/media\/14348"}],"wp:attachment":[{"href":"https:\/\/tangooled.com\/es\/wp-json\/wp\/v2\/media?parent=34957"}],"wp:term":[{"taxonomy":"pcb-width","embeddable":true,"href":"https:\/\/tangooled.com\/es\/wp-json\/wp\/v2\/pcb-width?post=34957"},{"taxonomy":"product-cat","embeddable":true,"href":"https:\/\/tangooled.com\/es\/wp-json\/wp\/v2\/product-cat?post=34957"}],"curies":[{"name":"wp","href":"https:\/\/api.w.org\/{rel}","templated":true}]}}