{"id":34955,"date":"2025-07-01T02:09:53","date_gmt":"2025-07-01T10:09:53","guid":{"rendered":"https:\/\/tangooled.com\/?post_type=product&#038;p=34955"},"modified":"2026-01-25T18:33:21","modified_gmt":"2026-01-26T02:33:21","slug":"vertical-flange-recessed-led-channel-11mm-inner","status":"publish","type":"product","link":"https:\/\/tangooled.com\/es\/product\/vertical-flange-recessed-led-channel-11mm-inner\/","title":{"rendered":"Canal LED empotrado con flange vertical de 11mm de ancho interior"},"content":{"rendered":"<div class=\"wp-block-group\" style=\"padding-top:var(--wp--preset--spacing--80);padding-bottom:var(--wp--preset--spacing--80)\"><div class=\"wp-block-group__inner-container is-layout-constrained wp-block-group-is-layout-constrained\">\n<p>Este canal LED empotrado con flange vertical est\u00e1 hecho de aluminio anodizado y tiene medidas exactas de 13mm de ancho visible y 18mm de altura, lo que lo convierte en una opci\u00f3n ideal para iluminaci\u00f3n con tiras LED. El canal viene con un difusor opal que se ajusta perfectamente en la parte superior del perfil. Tambi\u00e9n se incluyen tapas de extremo en cada juego para darle un acabado pulido.<\/p>\n\n\n\n<p>The anodized aluminum channel is a superb heat drain, which is vital for keeping the LED&#8217;s brightness stable and extending its lifespan. The channel eliminates harsh LED dots when used with the opal diffuser, giving any room attractive, soft, and dot-free linear light.<\/p>\n<\/div><\/div>\n\n\n\n<div class=\"wp-block-group has-background\" style=\"background-color:#f1f1f1;padding-top:var(--wp--preset--spacing--80);padding-bottom:var(--wp--preset--spacing--80)\"><div class=\"wp-block-group__inner-container is-layout-constrained wp-block-group-is-layout-constrained\">\n<div class=\"wp-block-group is-vertical is-layout-flex wp-container-core-group-is-layout-8cf370e7 wp-block-group-is-layout-flex\">\n<h2 class=\"wp-block-heading\" style=\"padding-top:var(--wp--preset--spacing--40);padding-bottom:var(--wp--preset--spacing--40);font-size:25px;font-style:normal;font-weight:600;text-transform:capitalize\">\u00bfPor qu\u00e9 elegir nuestro canal LED empotrado con flange vertical?<\/h2>\n\n\n\n<ul class=\"wp-block-list\">\n<li>El ancho interior de 11mm hace que el canal funcione tanto para tiras LED de 8mm como de 10mm.<\/li>\n\n\n\n<li>Fabricado con aluminio anodizado 6063-T5 para durabilidad y excelente disipaci\u00f3n de calor.<\/li>\n\n\n\n<li>Viene con una cubierta difusora opal de encaje que emite luz sin puntos.<\/li>\n\n\n\n<li>Cuenta con un flange vertical para instalaci\u00f3n embebida, asegurando un acabado liso y oculto.<\/li>\n<\/ul>\n<\/div>\n<\/div><\/div>\n\n\n\n<div class=\"wp-block-group\" style=\"padding-top:var(--wp--preset--spacing--60);padding-bottom:var(--wp--preset--spacing--60)\"><div class=\"wp-block-group__inner-container is-layout-constrained wp-block-group-is-layout-constrained\">\n<div class=\"wp-block-media-text has-media-on-the-right is-stacked-on-mobile\" style=\"grid-template-columns:auto 40%\"><div class=\"wp-block-media-text__content\">\n<h2 class=\"wp-block-heading\" style=\"padding-top:var(--wp--preset--spacing--40);padding-bottom:var(--wp--preset--spacing--40);font-size:25px;font-style:normal;font-weight:600;text-transform:capitalize\">C\u00f3mo utilizar el canal LED empotrado con flange vertical<\/h2>\n\n\n\n<ul class=\"wp-block-list\">\n<li>Corta cuidadosamente una ranura en la superficie (techo, pared o mueble) que tenga el tama\u00f1o adecuado para el canal empotrado.<\/li>\n\n\n\n<li>Usa pegamento o cinta adhesiva para fijar firmemente el canal de aluminio a la ranura cortada.<\/li>\n\n\n\n<li>Retira la parte trasera y coloca la tira de luz LED de forma segura en el canal. Luego, conecta los cables a la fuente de alimentaci\u00f3n.<\/li>\n\n\n\n<li>Coloca las tapas de extremo en ambos extremos del canal y pasa los cables de alimentaci\u00f3n a trav\u00e9s de la tapa de extremo con un agujero.<\/li>\n\n\n\n<li>Para preservar la tira LED y finalizar el aspecto limpio y libre de puntos, encaja el difusor en el canal.<\/li>\n<\/ul>\n<\/div><figure class=\"wp-block-media-text__media\"><img loading=\"lazy\" decoding=\"async\" width=\"500\" height=\"500\" src=\"https:\/\/tangooled.com\/wp-content\/uploads\/2025\/07\/rp1318-ins.webp\" alt=\"recessed led channel profile with vertical flange\u00a0inner width 11mm\" class=\"wp-image-41675 size-full\" srcset=\"https:\/\/tangooled.com\/wp-content\/uploads\/2025\/07\/rp1318-ins.webp 500w, https:\/\/tangooled.com\/wp-content\/uploads\/2025\/07\/rp1318-ins-300x300.webp 300w, https:\/\/tangooled.com\/wp-content\/uploads\/2025\/07\/rp1318-ins-150x150.webp 150w\" sizes=\"auto, (max-width: 500px) 100vw, 500px\" \/><\/figure><\/div>\n<\/div><\/div>\n\n\n\n<div class=\"wp-block-group has-background\" style=\"background-color:#f1f1f1f2;padding-top:var(--wp--preset--spacing--80);padding-bottom:var(--wp--preset--spacing--80)\"><div class=\"wp-block-group__inner-container is-layout-constrained wp-block-group-is-layout-constrained\">\n<h2 class=\"wp-block-heading\" style=\"padding-top:var(--wp--preset--spacing--40);padding-bottom:var(--wp--preset--spacing--40);font-size:25px;font-style:normal;font-weight:600;text-transform:capitalize\">What&#8217;s in the kit?<\/h2>\n\n\n\n<ul class=\"wp-block-list\">\n<li>1x Perfil de aluminio anodizado<\/li>\n\n\n\n<li>1x Cubierta difusora opal<\/li>\n\n\n\n<li>Tapas de extremo (una con agujero, una sin)<\/li>\n<\/ul>\n<\/div><\/div>\n\n\n\n<div class=\"wp-block-group\" style=\"padding-top:var(--wp--preset--spacing--80);padding-bottom:var(--wp--preset--spacing--80)\"><div class=\"wp-block-group__inner-container is-layout-constrained wp-block-group-is-layout-constrained\">\n<h2 class=\"wp-block-heading\" style=\"padding-top:var(--wp--preset--spacing--40);padding-bottom:var(--wp--preset--spacing--40);font-size:25px;font-style:normal;font-weight:600;text-transform:capitalize\">Productos relacionados que te pueden gustar<\/h2>\n\n\n\n<ul class=\"wp-block-list\">\n<li>Para un perfil LED negro elegante con difusor negro para tira LED de 10mm, consulta esto: <a href=\"https:\/\/tangooled.com\/es\/product\/black-led-profile-with-black-diffuser-for-10mm-led-strip-light\/\"><mark style=\"background-color:rgba(0, 0, 0, 0)\" class=\"has-inline-color has-vivid-red-color\">Perfil LED negro con difusor negro<\/mark><\/a><\/li>\n\n\n\n<li>\u00bfNecesitas una opci\u00f3n de perfil bajo? Prueba esto <a href=\"https:\/\/tangooled.com\/es\/product\/25x6mm-low-profile-led-strip-channel-for-10mm-led-strip-light\/\"><mark style=\"background-color:rgba(0, 0, 0, 0)\" class=\"has-inline-color has-vivid-red-color\">Canal de tira LED de perfil bajo de 25x6 mm para luz LED de 10 mm<\/mark><\/a><\/li>\n\n\n\n<li>Para un estilo de montaje diferente, vea: <a href=\"https:\/\/tangooled.com\/es\/product\/surface-mount-led-profile-with-frosted-diffuser-for-10mm-rope-lights\/\"><mark style=\"background-color:rgba(0, 0, 0, 0)\" class=\"has-inline-color has-vivid-red-color\">Perfil LED de montaje en superficie con difusor esmerilado para luz de cuerda de 10mm<\/mark><\/a><\/li>\n<\/ul>\n<\/div><\/div>\n\n\n\n<p><\/p>","protected":false},"featured_media":14354,"template":"","meta":{"_acf_changed":true,"_seopress_robots_primary_cat":"none","_seopress_titles_title":"Vertical Flange Recessed LED Channel 11mm Inner Width | TANGOOLED","_seopress_titles_desc":"Our recessed LED channel profile features a unique vertical flange design and an 11mm inner width. Perfect for 8mm-10mm LED strips, it provides a specialized trim for architectural lighting and clean edge finishing.","_seopress_robots_index":""},"pcb-width":[228],"product-cat":[193],"class_list":{"0":"post-34955","1":"product","2":"type-product","3":"status-publish","4":"has-post-thumbnail","6":"pcb-width-6-12mm","7":"product-cat-recessed-profile"},"acf":[],"_links":{"self":[{"href":"https:\/\/tangooled.com\/es\/wp-json\/wp\/v2\/product\/34955","targetHints":{"allow":["GET"]}}],"collection":[{"href":"https:\/\/tangooled.com\/es\/wp-json\/wp\/v2\/product"}],"about":[{"href":"https:\/\/tangooled.com\/es\/wp-json\/wp\/v2\/types\/product"}],"wp:featuredmedia":[{"embeddable":true,"href":"https:\/\/tangooled.com\/es\/wp-json\/wp\/v2\/media\/14354"}],"wp:attachment":[{"href":"https:\/\/tangooled.com\/es\/wp-json\/wp\/v2\/media?parent=34955"}],"wp:term":[{"taxonomy":"pcb-width","embeddable":true,"href":"https:\/\/tangooled.com\/es\/wp-json\/wp\/v2\/pcb-width?post=34955"},{"taxonomy":"product-cat","embeddable":true,"href":"https:\/\/tangooled.com\/es\/wp-json\/wp\/v2\/product-cat?post=34955"}],"curies":[{"name":"wp","href":"https:\/\/api.w.org\/{rel}","templated":true}]}}