{"id":34954,"date":"2025-07-01T02:03:54","date_gmt":"2025-07-01T10:03:54","guid":{"rendered":"https:\/\/tangooled.com\/?post_type=product&#038;p=34954"},"modified":"2026-01-24T03:30:17","modified_gmt":"2026-01-24T11:30:17","slug":"12x10mm-recessed-led-strip-channel-aluminum-profile","status":"publish","type":"product","link":"https:\/\/tangooled.com\/es\/product\/12x10mm-recessed-led-strip-channel-aluminum-profile\/","title":{"rendered":"Perfil de aluminio para tira LED empotrada de 12x10mm"},"content":{"rendered":"<div class=\"wp-block-group\" style=\"padding-top:var(--wp--preset--spacing--80);padding-bottom:var(--wp--preset--spacing--80)\"><div class=\"wp-block-group__inner-container is-layout-constrained wp-block-group-is-layout-constrained\">\n<p>Este perfil de tira LED empotrado de 12x10mm es un excelente m\u00e9todo para crear iluminaci\u00f3n lineal delgada. El perfil de aluminio est\u00e1 dise\u00f1ado para mantener tus tiras LED en su lugar y asegurar su buen funcionamiento. Se adapta f\u00e1cilmente a las ranuras en paredes o muebles, cubriendo la tira de luz y haci\u00e9ndola lucir bien.<br>El canal de aluminio anodizado proporciona un gran lugar para que el calor se escape, lo que mantiene las tiras LED frescas. Esto mantiene los LED brillantes y prolonga su vida \u00fatil. El difusor de policarbonato tambi\u00e9n es muy importante, ya que suaviza la luz y elimina los puntos LED duros.<br>This 12&#215;10 mm recessed channel is great for kitchens, stairs, retail displays, and other places where you want high-quality, hidden lighting. It&#8217;s the best approach to make your LED lights look better and last longer.<\/p>\n<\/div><\/div>\n\n\n\n<div class=\"wp-block-group has-background is-vertical is-layout-flex wp-container-core-group-is-layout-d255d7c4 wp-block-group-is-layout-flex\" style=\"background-color:#f1f1f1;padding-top:var(--wp--preset--spacing--80);padding-bottom:var(--wp--preset--spacing--80)\">\n<div class=\"wp-block-group is-vertical is-layout-flex wp-container-core-group-is-layout-8cf370e7 wp-block-group-is-layout-flex\">\n<h2 class=\"wp-block-heading\" style=\"padding-top:var(--wp--preset--spacing--40);padding-bottom:var(--wp--preset--spacing--40);font-size:25px;font-style:normal;font-weight:600;text-transform:capitalize\">\u00bfPor qu\u00e9 elegir nuestro canal de tira LED empotrada de 12x10mm?<\/h2>\n\n\n\n<ul class=\"wp-block-list\">\n<li>Dise\u00f1o de montaje enrasado: Este dise\u00f1o se adapta a paredes, techos o muebles para un aspecto limpio.<\/li>\n\n\n\n<li>Construcci\u00f3n de aluminio resistente: Mantiene el calor alejado de los LEDs para que duren m\u00e1s.<\/li>\n\n\n\n<li>Difusor esmerilado: Esto suaviza la luz, evitando puntos o \u00e1reas brillantes.<\/li>\n\n\n\n<li>Compatible con muchos tipos de LED, como RGB, COB y m\u00e1s. Se adapta a tiras LED de 8 mm.<\/li>\n\n\n\n<li>F\u00e1cil de cortar e instalar: Puedes hacerlo m\u00e1s corto para adaptarlo a tu espacio.<\/li>\n<\/ul>\n<\/div>\n<\/div>\n\n\n\n<div class=\"wp-block-group\" style=\"padding-top:var(--wp--preset--spacing--60);padding-bottom:var(--wp--preset--spacing--60)\"><div class=\"wp-block-group__inner-container is-layout-constrained wp-block-group-is-layout-constrained\">\n<div class=\"wp-block-media-text has-media-on-the-right is-stacked-on-mobile\" style=\"grid-template-columns:auto 40%\"><div class=\"wp-block-media-text__content\">\n<h2 class=\"wp-block-heading\" style=\"font-size:25px;font-style:normal;font-weight:600;text-transform:capitalize\">C\u00f3mo instalar tu canal de tira LED empotrada de 12x10mm<\/h2>\n\n\n\n<ul class=\"wp-block-list\">\n<li>Make a groove in your drywall, wood, or other surface that is the same size as the channel&#8217;s size.<\/li>\n\n\n\n<li>Inserta el canal de aluminio en la ranura y aseg\u00faralo en su lugar usando pegamento o clips de montaje.<\/li>\n\n\n\n<li>Coloca tu tira LED dentro del canal, que puede tener hasta 8 mm de ancho.<\/li>\n\n\n\n<li>Para finalizar el dise\u00f1o, coloca la tapa difusora opalina para permitir una luz suave.<\/li>\n<\/ul>\n<\/div><figure class=\"wp-block-media-text__media\"><img loading=\"lazy\" decoding=\"async\" width=\"500\" height=\"500\" src=\"https:\/\/tangooled.com\/wp-content\/uploads\/2025\/07\/rp10-ins.webp\" alt=\"12x10mm recessed led strip channel aluminum profile\" class=\"wp-image-41671 size-full\" srcset=\"https:\/\/tangooled.com\/wp-content\/uploads\/2025\/07\/rp10-ins.webp 500w, https:\/\/tangooled.com\/wp-content\/uploads\/2025\/07\/rp10-ins-300x300.webp 300w, https:\/\/tangooled.com\/wp-content\/uploads\/2025\/07\/rp10-ins-150x150.webp 150w\" sizes=\"auto, (max-width: 500px) 100vw, 500px\" \/><\/figure><\/div>\n<\/div><\/div>\n\n\n\n<div class=\"wp-block-group has-background\" style=\"background-color:#f1f1f1f2;padding-top:var(--wp--preset--spacing--80);padding-bottom:var(--wp--preset--spacing--80)\"><div class=\"wp-block-group__inner-container is-layout-constrained wp-block-group-is-layout-constrained\">\n<h2 class=\"wp-block-heading\" style=\"padding-top:var(--wp--preset--spacing--40);padding-bottom:var(--wp--preset--spacing--40);font-size:25px;font-style:normal;font-weight:600;text-transform:capitalize\">Aplicaciones comunes donde se utilizan<\/h2>\n\n\n\n<ul class=\"wp-block-list\">\n<li>Iluminaci\u00f3n bajo gabinete: A\u00f1ade una luz de tarea elegante a tu cocina o espacio de trabajo. Usa una carcasa de aluminio duradera para mantener segura tu tira LED.<\/li>\n\n\n\n<li>Architectural Accent Lighting: Make smooth lines of light on walls, ceilings, or floors.\u2013 Great for putting in LED profiles that are plastered in or drywall LED channels.<\/li>\n\n\n\n<li>Iluminaci\u00f3n para muebles y carpinter\u00eda: \u00dasalo en closets, vitrinas o estanter\u00edas personalizadas para ocultar la luz. A\u00f1ade un brillo suave a la decoraci\u00f3n moderna.<\/li>\n\n\n\n<li>Iluminaci\u00f3n comercial y de exhibici\u00f3n: Usa sistemas de rieles de tiras LED para iluminar exhibiciones con luz uniforme.<\/li>\n<\/ul>\n<\/div><\/div>\n\n\n\n<div class=\"wp-block-group\" style=\"padding-top:var(--wp--preset--spacing--80);padding-bottom:var(--wp--preset--spacing--80)\"><div class=\"wp-block-group__inner-container is-layout-constrained wp-block-group-is-layout-constrained\">\n<h2 class=\"wp-block-heading\" style=\"padding-top:var(--wp--preset--spacing--40);padding-bottom:var(--wp--preset--spacing--40);font-size:25px;font-style:normal;font-weight:600;text-transform:capitalize\">Aprender m\u00e1s sobre productos relacionados<\/h2>\n\n\n\n<ul class=\"wp-block-list\">\n<li><a href=\"https:\/\/tangooled.com\/es\/product\/black-led-profile-with-black-diffuser-for-10mm-led-strip-light\/\"><mark style=\"background-color:rgba(0, 0, 0, 0)\" class=\"has-inline-color has-vivid-red-color\">Perfil LED negro con difusor negro para luz de tira LED de 10mm<\/mark><\/a> para acabados oscuros elegantes.<\/li>\n\n\n\n<li><a href=\"https:\/\/tangooled.com\/es\/product\/surface-mount-led-profile-with-frosted-diffuser-for-10mm-rope-lights\/\"><mark style=\"background-color:rgba(0, 0, 0, 0)\" class=\"has-inline-color has-vivid-red-color\">Perfil LED de montaje en superficie con difusor esmerilado para luces de cuerda de 10 mm<\/mark><\/a> para montaje superficial.<\/li>\n\n\n\n<li><a href=\"https:\/\/tangooled.com\/es\/product\/led-strip-light-channel-aluminum-profile-with-diffused-cover-6mm-height\/\"><mark style=\"background-color:rgba(0, 0, 0, 0)\" class=\"has-inline-color has-vivid-red-color\">Perfil de aluminio para canal de luz LED con cubierta difusa de 6 mm de altura<\/mark><\/a><mark style=\"background-color:rgba(0, 0, 0, 0)\" class=\"has-inline-color has-vivid-red-color\"> <\/mark>para espacios de baja altura. <\/li>\n<\/ul>\n\n\n\n<p><\/p>\n<\/div><\/div>","protected":false},"featured_media":14359,"template":"","meta":{"_acf_changed":true,"_seopress_robots_primary_cat":"none","_seopress_titles_title":"12x10mm Recessed LED Profile Aluminum Channel | TANGOOLED","_seopress_titles_desc":"Shop our 12x10mm recessed led profile. This compact aluminum channel is perfect for slim furniture and wall accents, providing a professional flanged finish for 8mm LED strips.","_seopress_robots_index":""},"pcb-width":[228],"product-cat":[193],"class_list":{"0":"post-34954","1":"product","2":"type-product","3":"status-publish","4":"has-post-thumbnail","6":"pcb-width-6-12mm","7":"product-cat-recessed-profile"},"acf":[],"_links":{"self":[{"href":"https:\/\/tangooled.com\/es\/wp-json\/wp\/v2\/product\/34954","targetHints":{"allow":["GET"]}}],"collection":[{"href":"https:\/\/tangooled.com\/es\/wp-json\/wp\/v2\/product"}],"about":[{"href":"https:\/\/tangooled.com\/es\/wp-json\/wp\/v2\/types\/product"}],"wp:featuredmedia":[{"embeddable":true,"href":"https:\/\/tangooled.com\/es\/wp-json\/wp\/v2\/media\/14359"}],"wp:attachment":[{"href":"https:\/\/tangooled.com\/es\/wp-json\/wp\/v2\/media?parent=34954"}],"wp:term":[{"taxonomy":"pcb-width","embeddable":true,"href":"https:\/\/tangooled.com\/es\/wp-json\/wp\/v2\/pcb-width?post=34954"},{"taxonomy":"product-cat","embeddable":true,"href":"https:\/\/tangooled.com\/es\/wp-json\/wp\/v2\/product-cat?post=34954"}],"curies":[{"name":"wp","href":"https:\/\/api.w.org\/{rel}","templated":true}]}}