{"id":34951,"date":"2025-07-01T02:00:29","date_gmt":"2025-07-01T10:00:29","guid":{"rendered":"https:\/\/tangooled.com\/?post_type=product&#038;p=34951"},"modified":"2026-02-02T22:26:29","modified_gmt":"2026-02-03T06:26:29","slug":"recessed-mini-8mm-led-strip-light-aluminum-channel","status":"publish","type":"product","link":"https:\/\/tangooled.com\/es\/product\/recessed-mini-8mm-led-strip-light-aluminum-channel\/","title":{"rendered":"canal de aluminio para tira LED mini empotrada de 8 mm"},"content":{"rendered":"<div class=\"wp-block-group\" style=\"padding-top:var(--wp--preset--spacing--80);padding-bottom:var(--wp--preset--spacing--80)\"><div class=\"wp-block-group__inner-container is-layout-constrained wp-block-group-is-layout-constrained\">\n<p>Ilumina tus espacios con nuestro canal de aluminio LED mini empotrado de 8 mm. El exterior de este canal empotrado mide 8x11 mm, y el interior tiene 6 mm de ancho. Este producto es adecuado para tiras LED delgadas de 5 mm y te proporciona una iluminaci\u00f3n limpia, plana y sin interrupciones. Est\u00e1 hecho de aluminio anodizado fuerte que mantiene tus LEDs frescos y alejado del polvo y los golpes. Este canal es una excelente opci\u00f3n si deseas iluminar tus estanter\u00edas, repisas de cocina o paredes.<\/p>\n<\/div><\/div>\n\n\n\n<div class=\"wp-block-group has-background is-vertical is-layout-flex wp-container-core-group-is-layout-d255d7c4 wp-block-group-is-layout-flex\" style=\"background-color:#f1f1f1;padding-top:var(--wp--preset--spacing--80);padding-bottom:var(--wp--preset--spacing--80)\">\n<div class=\"wp-block-group is-vertical is-layout-flex wp-container-core-group-is-layout-8cf370e7 wp-block-group-is-layout-flex\">\n<h2 class=\"wp-block-heading\" style=\"padding-top:var(--wp--preset--spacing--40);padding-bottom:var(--wp--preset--spacing--40);font-size:25px;font-style:normal;font-weight:600;text-transform:capitalize\">\u00bfPor qu\u00e9 elegir nuestro canal de aluminio LED mini empotrado de 8 mm?<\/h2>\n\n\n\n<ul class=\"wp-block-list\">\n<li>Tama\u00f1o ultra delgado: Hecho para tiras de luz de 5 mm, este canal de aluminio se adapta a ranuras estrechas en paredes, armarios o techos.<\/li>\n\n\n\n<li>Dise\u00f1o de montaje empotrado: Para un aspecto moderno y elegante sin bordes, inst\u00e1lalo empotrado en paneles de yeso o madera.<\/li>\n\n\n\n<li>Iluminaci\u00f3n impecable: Cubre puntos LED brillantes y dispersa la luz de manera uniforme con un difusor opalino o esmerilado.<\/li>\n\n\n\n<li>Disipador de calor fuerte: El cuerpo de aluminio aleja el calor de los LEDs, lo que hace que duren m\u00e1s y brillen m\u00e1s.<\/li>\n\n\n\n<li>Protege tu tira LED: Este canal protege tus tiras LED del polvo, agua y golpes, asegurando su seguridad y rendimiento.<\/li>\n<\/ul>\n<\/div>\n<\/div>\n\n\n\n<div class=\"wp-block-group\" style=\"padding-top:var(--wp--preset--spacing--60);padding-bottom:var(--wp--preset--spacing--60)\"><div class=\"wp-block-group__inner-container is-layout-constrained wp-block-group-is-layout-constrained\">\n<div class=\"wp-block-media-text has-media-on-the-right is-stacked-on-mobile\"><div class=\"wp-block-media-text__content\">\n<h2 class=\"wp-block-heading\" style=\"padding-top:var(--wp--preset--spacing--40);padding-bottom:var(--wp--preset--spacing--40);font-size:25px;font-style:normal;font-weight:600;text-transform:capitalize\">c\u00f3mo instalar<\/h2>\n\n\n\n<ul class=\"wp-block-list\">\n<li>Corta una ranura en paneles de yeso, madera u otras superficies limpias.<\/li>\n\n\n\n<li>Coloca el peque\u00f1o canal de aluminio LED de 8 mm en la ranura.<\/li>\n\n\n\n<li>Usa pegamento o yeso para mantenerlo en su lugar, o cubre las alas con yeso para un acabado sin marco.<\/li>\n\n\n\n<li>Coloca tu tira LED de 5 mm dentro.<\/li>\n\n\n\n<li>Pon la tapa en el difusor.<\/li>\n\n\n\n<li>Con\u00e9ctalo y disfruta de la l\u00ednea de luz brillante y uniforme.<\/li>\n<\/ul>\n<\/div><figure class=\"wp-block-media-text__media\"><img loading=\"lazy\" decoding=\"async\" width=\"500\" height=\"500\" src=\"https:\/\/tangooled.com\/wp-content\/uploads\/2025\/07\/rp09-ins.webp\" alt=\"recessed mini 8mm led strip light aluminum channel\" class=\"wp-image-40794 size-full\" srcset=\"https:\/\/tangooled.com\/wp-content\/uploads\/2025\/07\/rp09-ins.webp 500w, https:\/\/tangooled.com\/wp-content\/uploads\/2025\/07\/rp09-ins-300x300.webp 300w, https:\/\/tangooled.com\/wp-content\/uploads\/2025\/07\/rp09-ins-150x150.webp 150w\" sizes=\"auto, (max-width: 500px) 100vw, 500px\" \/><\/figure><\/div>\n<\/div><\/div>\n\n\n\n<div class=\"wp-block-group has-background\" style=\"background-color:#f1f1f1;padding-top:var(--wp--preset--spacing--80);padding-bottom:var(--wp--preset--spacing--80)\"><div class=\"wp-block-group__inner-container is-layout-constrained wp-block-group-is-layout-constrained\">\n<h2 class=\"wp-block-heading\" style=\"font-size:25px;font-style:normal;font-weight:600;text-transform:capitalize\">\u00bfQu\u00e9 puedes obtener en el kit?<\/h2>\n\n\n\n<ul class=\"wp-block-list\">\n<li>Perfil de aluminio anodizado.<\/li>\n\n\n\n<li>Cubierta de difusor esmerilada.<\/li>\n\n\n\n<li>Tapas de pl\u00e1stico (una con agujero, una sin agujero).<\/li>\n<\/ul>\n<\/div><\/div>\n\n\n\n<div class=\"wp-block-group\" style=\"padding-top:var(--wp--preset--spacing--80);padding-bottom:var(--wp--preset--spacing--80)\"><div class=\"wp-block-group__inner-container is-layout-constrained wp-block-group-is-layout-constrained\">\n<h2 class=\"wp-block-heading\" style=\"padding-top:var(--wp--preset--spacing--40);padding-bottom:var(--wp--preset--spacing--40);font-size:25px;font-style:normal;font-weight:600;text-transform:capitalize\">M\u00e1s sobre este producto<\/h2>\n\n\n\n<p>Nuestro canal de aluminio LED mini empotrado de 8 mm se adapta perfectamente en lugares estrechos, lo que lo hace excelente para esquemas de iluminaci\u00f3n moderna y minimalista. El canal est\u00e1 hecho de aluminio extruido fuerte que act\u00faa como disipador de calor para mantener tus tiras LED frescas y brillantes. Usa el difusor de policarbonato que viene con \u00e9l para suavizar la luz y eliminar los puntos calientes generados por peque\u00f1os chips LED.<\/p>\n\n\n\n<p>Este producto es muy popular para iluminaci\u00f3n de acento en arquitectura ya que crea instalaciones de iluminaci\u00f3n lineales suaves para paredes y techos. Puedes usarlo de forma segura y elegante para enmarcar la iluminaci\u00f3n de coves, iluminaci\u00f3n de armarios.<\/p>\n<\/div><\/div>\n\n\n\n<h2 class=\"wp-block-heading\" style=\"padding-top:var(--wp--preset--spacing--40);padding-bottom:var(--wp--preset--spacing--40);font-size:25px;font-style:normal;font-weight:600;text-transform:capitalize\">productos relacionados<\/h2>\n\n\n\n<ul class=\"wp-block-list\">\n<li>Para un tema negro, prueba nuestro<a href=\"https:\/\/tangooled.com\/es\/product\/black-led-profile-with-black-diffuser-for-10mm-led-strip-light\/\"> <mark style=\"background-color:rgba(0, 0, 0, 0)\" class=\"has-inline-color has-vivid-red-color\">perfil LED negro con difusor negro para tira LED de 10 mm<\/mark>.<\/a><\/li>\n\n\n\n<li>\u00bfNecesitas una opci\u00f3n de perfil bajo? Consulta el <mark style=\"background-color:rgba(0, 0, 0, 0)\" class=\"has-inline-color has-vivid-red-color\"><a href=\"https:\/\/tangooled.com\/es\/product\/led-strip-light-channel-aluminum-profile-with-diffused-cover-6mm-height\/\">Perfil de aluminio para canal de luz LED con cubierta difusa de 6 mm de altura<\/a>.<\/mark><\/li>\n\n\n\n<li>Para montaje en superficie, prueba <a href=\"https:\/\/tangooled.com\/es\/product\/surface-mount-led-profile-with-frosted-diffuser-for-10mm-rope-lights\/\"><mark style=\"background-color:rgba(0, 0, 0, 0)\" class=\"has-inline-color has-vivid-red-color\">perfil LED de montaje superficial con difusor esmerilado para luces de cuerda de 10 mm<\/mark><\/a>.<\/li>\n\n\n\n<li>\u00bfQuieres una opci\u00f3n en forma de U? Explora <a href=\"https:\/\/tangooled.com\/es\/product\/surface-mount-led-profile-with-frosted-diffuser-for-10mm-rope-lights\/\"><mark style=\"background-color:rgba(0, 0, 0, 0)\" class=\"has-inline-color has-vivid-red-color\">perfil de canal U de aluminio negro para tiras LED de 10 mm<\/mark><\/a>.<\/li>\n\n\n\n<li>Para canales m\u00e1s amplios, ve <a href=\"https:\/\/tangooled.com\/es\/product\/led-light-diffuser-channel-aluminum-15x12mm-for-10mm-led-strips\/\"><mark style=\"background-color:rgba(0, 0, 0, 0)\" class=\"has-inline-color has-vivid-red-color\">Difusor de luz LED canal de aluminio 15x12mm para tiras LED de 10mm<\/mark><\/a>.<\/li>\n<\/ul>\n\n\n\n<p><\/p>","protected":false},"featured_media":14364,"template":"","meta":{"_acf_changed":true,"_seopress_robots_primary_cat":"none","_seopress_titles_title":"Mini 8mm Recessed LED Strip Channel | TANGOOLED","_seopress_titles_desc":"This mini 8mm recessed LED strip light channel is designed for precision accent lighting. Perfect for thin furniture, cabinets, and narrow architectural gaps. Achieve a clean, minimalist finish.","_seopress_robots_index":""},"pcb-width":[228],"product-cat":[193],"class_list":{"0":"post-34951","1":"product","2":"type-product","3":"status-publish","4":"has-post-thumbnail","6":"pcb-width-6-12mm","7":"product-cat-recessed-profile"},"acf":[],"_links":{"self":[{"href":"https:\/\/tangooled.com\/es\/wp-json\/wp\/v2\/product\/34951","targetHints":{"allow":["GET"]}}],"collection":[{"href":"https:\/\/tangooled.com\/es\/wp-json\/wp\/v2\/product"}],"about":[{"href":"https:\/\/tangooled.com\/es\/wp-json\/wp\/v2\/types\/product"}],"wp:featuredmedia":[{"embeddable":true,"href":"https:\/\/tangooled.com\/es\/wp-json\/wp\/v2\/media\/14364"}],"wp:attachment":[{"href":"https:\/\/tangooled.com\/es\/wp-json\/wp\/v2\/media?parent=34951"}],"wp:term":[{"taxonomy":"pcb-width","embeddable":true,"href":"https:\/\/tangooled.com\/es\/wp-json\/wp\/v2\/pcb-width?post=34951"},{"taxonomy":"product-cat","embeddable":true,"href":"https:\/\/tangooled.com\/es\/wp-json\/wp\/v2\/product-cat?post=34951"}],"curies":[{"name":"wp","href":"https:\/\/api.w.org\/{rel}","templated":true}]}}