{"id":34949,"date":"2025-07-01T01:58:45","date_gmt":"2025-07-01T09:58:45","guid":{"rendered":"https:\/\/tangooled.com\/?post_type=product&#038;p=34949"},"modified":"2026-01-24T02:19:25","modified_gmt":"2026-01-24T10:19:25","slug":"recessed-aluminum-led-channel-with-ceiling-buckle-for-10mm-strip-light","status":"publish","type":"product","link":"https:\/\/tangooled.com\/es\/product\/recessed-aluminum-led-channel-with-ceiling-buckle-for-10mm-strip-light\/","title":{"rendered":"canal de LED de aluminio empotrado con hebilla de techo para tira de 10 mm"},"content":{"rendered":"<div class=\"wp-block-group\" style=\"padding-top:var(--wp--preset--spacing--80);padding-bottom:var(--wp--preset--spacing--80)\"><div class=\"wp-block-group__inner-container is-layout-constrained wp-block-group-is-layout-constrained\">\n<p>The Recessed LED Channel with Ceiling Buckle is a professional and specialized solution to light up your space. The channel is composed of 6063 aluminum alloy and features a light diffuser made of PC. Because the finish is smooth and flush, it&#8217;s perfect for ceilings, furniture, and cabinets. It is made to fit LED strips that are 8mm or 10mm wide.<\/p>\n\n\n\n<p>Los tapas finales y hebillas de montaje incluidas facilitan y aseguran la instalaci\u00f3n del canal. Los clips de sujeci\u00f3n de techo inteligentes mantienen el canal firmemente en su lugar en la ranura de montaje. Esta caracter\u00edstica asegura que la apariencia sea perfecta al eliminar grietas y bordes \u00e1speros y hacer que la iluminaci\u00f3n se integre con la superficie.<\/p>\n\n\n\n<p>You can choose from four different diffusers to get the lighting effect you want: Opal gives the best dotless glow since it spreads the light out as much as possible. Frosted brings forth mellow, high-quality light. Clear makes the light as bright as it can be. Black gives a modern, discreet look that hides the light source while it&#8217;s off.<\/p>\n<\/div><\/div>\n\n\n\n<div class=\"wp-block-group has-background\" style=\"background-color:#f1f1f1;padding-top:var(--wp--preset--spacing--80);padding-bottom:var(--wp--preset--spacing--80)\"><div class=\"wp-block-group__inner-container is-layout-constrained wp-block-group-is-layout-constrained\">\n<div class=\"wp-block-group\" style=\"padding-top:0;padding-bottom:0\"><div class=\"wp-block-group__inner-container is-layout-constrained wp-block-group-is-layout-constrained\">\n<h2 class=\"wp-block-heading\" style=\"padding-top:var(--wp--preset--spacing--40);padding-bottom:var(--wp--preset--spacing--40);font-size:25px;font-style:normal;font-weight:600;text-transform:capitalize\">por qu\u00e9 elegir nuestro canal de LED empotrado con hebilla de techo<\/h2>\n\n\n\n<p style=\"padding-right:var(--wp--preset--spacing--50);padding-left:var(--wp--preset--spacing--50)\">Nuestro canal de LED empotrado con hebilla de techo ayuda a que la instalaci\u00f3n de la iluminaci\u00f3n sea f\u00e1cil y agradable a la vista. Aqu\u00ed hay algunas razones para elegir nuestro producto:<\/p>\n\n\n\n<ul class=\"wp-block-list\">\n<li>Fast and easy install with ceiling buckles \u2014 no screws in studs needed.<\/li>\n\n\n\n<li>Fits 10mm strips perfectly \u2014 good for Philips Hue, Govee, and other tapes.<\/li>\n\n\n\n<li>Luz suave, sin puntos, a trav\u00e9s del difusor esmerilado.<\/li>\n\n\n\n<li>Fuerte disipador de calor hecho de aluminio anodizado 6063-T5 para una larga vida \u00fatil del LED.<\/li>\n\n\n\n<li>Apariencia al ras con brida para ocultar cortes \u00e1speros de drywall.<\/li>\n\n\n\n<li>Protege tus tiras de LED del polvo y da\u00f1os.<\/li>\n<\/ul>\n<\/div><\/div>\n<\/div><\/div>\n\n\n\n<div class=\"wp-block-group\" style=\"padding-top:var(--wp--preset--spacing--60);padding-bottom:var(--wp--preset--spacing--60)\"><div class=\"wp-block-group__inner-container is-layout-constrained wp-block-group-is-layout-constrained\">\n<div class=\"wp-block-media-text has-media-on-the-right is-stacked-on-mobile\"><div class=\"wp-block-media-text__content\">\n<h2 class=\"wp-block-heading\" style=\"padding-top:var(--wp--preset--spacing--40);padding-bottom:var(--wp--preset--spacing--40);font-size:25px;font-style:normal;font-weight:600;text-transform:capitalize\">C\u00f3mo instalar el canal en tu pared o techo<\/h2>\n\n\n\n<ul class=\"wp-block-list\">\n<li>Corta una ranura en la pared o techo para el canal.<\/li>\n\n\n\n<li>Adjunta las hebillas de techo a la parte posterior del canal de aluminio.<\/li>\n\n\n\n<li>Empuja el canal en la ranura. Las hebillas se abrir\u00e1n bajo el drywall para asegurarlo firmemente.<\/li>\n\n\n\n<li>Coloca tu tira LED de 10 mm dentro del canal.<\/li>\n\n\n\n<li>Coloque la cubierta difusora esmerilada.<\/li>\n<\/ul>\n<\/div><figure class=\"wp-block-media-text__media\"><img loading=\"lazy\" decoding=\"async\" width=\"500\" height=\"500\" src=\"https:\/\/tangooled.com\/wp-content\/uploads\/2025\/07\/rp05-ins.webp\" alt=\"recessed aluminum led channel with ceiling buckle\" class=\"wp-image-40787 size-full\" srcset=\"https:\/\/tangooled.com\/wp-content\/uploads\/2025\/07\/rp05-ins.webp 500w, https:\/\/tangooled.com\/wp-content\/uploads\/2025\/07\/rp05-ins-300x300.webp 300w, https:\/\/tangooled.com\/wp-content\/uploads\/2025\/07\/rp05-ins-150x150.webp 150w\" sizes=\"auto, (max-width: 500px) 100vw, 500px\" \/><\/figure><\/div>\n<\/div><\/div>\n\n\n\n<div class=\"wp-block-group has-background\" style=\"background-color:#f1f1f1;padding-top:var(--wp--preset--spacing--80);padding-bottom:var(--wp--preset--spacing--80)\"><div class=\"wp-block-group__inner-container is-layout-constrained wp-block-group-is-layout-constrained\">\n<h2 class=\"wp-block-heading\" style=\"font-size:25px;font-style:normal;font-weight:600;text-transform:capitalize\">\u00bfQu\u00e9 hay en la caja?<\/h2>\n\n\n\n<ul class=\"wp-block-list\">\n<li>Canal de aluminio en la longitud elegida<\/li>\n\n\n\n<li>Cubierta difusora esmerilada para luz suave<\/li>\n\n\n\n<li>Tapa final (una con un agujero para cables, una sin)<\/li>\n\n\n\n<li>Hebillas de techo con resorte para montaje<\/li>\n<\/ul>\n<\/div><\/div>\n\n\n\n<div class=\"wp-block-group\" style=\"padding-top:var(--wp--preset--spacing--80);padding-bottom:var(--wp--preset--spacing--80)\"><div class=\"wp-block-group__inner-container is-layout-constrained wp-block-group-is-layout-constrained\">\n<h2 class=\"wp-block-heading\" style=\"padding-top:0;padding-bottom:0;font-size:25px;font-style:normal;font-weight:600;text-transform:capitalize\">D\u00f3nde usar el canal de LED empotrado con hebilla de techo<\/h2>\n\n\n\n<ul class=\"wp-block-list\">\n<li>En hogares, se pueden encontrar debajo de armarios de cocina, armarios, estantes, paredes y techos.<\/li>\n\n\n\n<li>Oficinas: pasillos, lugares de trabajo y salas de conferencias con l\u00edneas de luz limpias.<\/li>\n\n\n\n<li>Tiendas: vitrinas y estantes que necesitan luces brillantes y limpias.<\/li>\n\n\n\n<li>Hoteles y restaurantes: luces suaves en el techo y luces que establecen el ambiente.<\/li>\n\n\n\n<li>Escaleras: iluminaci\u00f3n de borde segura y brillante que est\u00e1 al ras con la pared.<\/li>\n<\/ul>\n<\/div><\/div>\n\n\n\n<div class=\"wp-block-group\" style=\"padding-top:var(--wp--preset--spacing--80);padding-bottom:var(--wp--preset--spacing--80)\"><div class=\"wp-block-group__inner-container is-layout-constrained wp-block-group-is-layout-constrained\">\n<h2 class=\"wp-block-heading\" style=\"font-size:25px;font-style:normal;font-weight:600;text-transform:capitalize\">productos relacionados que te pueden gustar<\/h2>\n\n\n\n<ul class=\"wp-block-list\">\n<li>Prueba el <a href=\"https:\/\/tangooled.com\/es\/product\/black-led-profile-with-black-diffuser-for-10mm-led-strip-light\/\"><mark style=\"background-color:rgba(0, 0, 0, 0)\" class=\"has-inline-color has-vivid-red-color\">perfil LED negro con difusor negro para tira LED de 10 mm<\/mark><\/a><\/li>\n\n\n\n<li>Echa un vistazo a la <a href=\"https:\/\/tangooled.com\/es\/product\/25x6mm-low-profile-led-strip-channel-for-10mm-led-strip-light\/\"><mark style=\"background-color:rgba(0, 0, 0, 0)\" class=\"has-inline-color has-vivid-red-color\">Canal de tira LED de perfil bajo de 25x6 mm para luz LED de 10 mm<\/mark><\/a><\/li>\n\n\n\n<li>Para montaje en superficie, vea el <a href=\"https:\/\/tangooled.com\/es\/product\/surface-mount-led-profile-with-frosted-diffuser-for-10mm-rope-lights\/\"><mark style=\"background-color:rgba(0, 0, 0, 0)\" class=\"has-inline-color has-vivid-red-color\">perfil LED de montaje superficial con difusor esmerilado para luces de cuerda de 10 mm<\/mark><\/a><\/li>\n\n\n\n<li>Para un canal de forma U negro, visita el <a href=\"https:\/\/tangooled.com\/es\/product\/black-aluminum-u-channel-profile-for-10mm-led-strips\/\"><mark style=\"background-color:rgba(0, 0, 0, 0)\" class=\"has-inline-color has-vivid-red-color\">perfil de canal en aluminio negro U para tiras de LED de 10 mm<\/mark><\/a><\/li>\n<\/ul>\n<\/div><\/div>\n\n\n\n<p><\/p>","protected":false},"featured_media":14370,"template":"","meta":{"_acf_changed":true,"_seopress_robots_primary_cat":"none","_seopress_titles_title":"Recessed LED Channel with Ceiling Buckles | Easy-Install Profile | TANGOOLED","_seopress_titles_desc":"Simplify your installation with our recessed aluminum LED channel featuring heavy-duty ceiling buckles. Perfect for 10mm strip lights, this flanged profile ensures a secure, flush-mount fit in ceilings and drywall.","_seopress_robots_index":""},"pcb-width":[228],"product-cat":[193],"class_list":{"0":"post-34949","1":"product","2":"type-product","3":"status-publish","4":"has-post-thumbnail","6":"pcb-width-6-12mm","7":"product-cat-recessed-profile"},"acf":[],"_links":{"self":[{"href":"https:\/\/tangooled.com\/es\/wp-json\/wp\/v2\/product\/34949","targetHints":{"allow":["GET"]}}],"collection":[{"href":"https:\/\/tangooled.com\/es\/wp-json\/wp\/v2\/product"}],"about":[{"href":"https:\/\/tangooled.com\/es\/wp-json\/wp\/v2\/types\/product"}],"wp:featuredmedia":[{"embeddable":true,"href":"https:\/\/tangooled.com\/es\/wp-json\/wp\/v2\/media\/14370"}],"wp:attachment":[{"href":"https:\/\/tangooled.com\/es\/wp-json\/wp\/v2\/media?parent=34949"}],"wp:term":[{"taxonomy":"pcb-width","embeddable":true,"href":"https:\/\/tangooled.com\/es\/wp-json\/wp\/v2\/pcb-width?post=34949"},{"taxonomy":"product-cat","embeddable":true,"href":"https:\/\/tangooled.com\/es\/wp-json\/wp\/v2\/product-cat?post=34949"}],"curies":[{"name":"wp","href":"https:\/\/api.w.org\/{rel}","templated":true}]}}