{"id":34948,"date":"2025-07-01T01:50:51","date_gmt":"2025-07-01T09:50:51","guid":{"rendered":"https:\/\/tangooled.com\/?post_type=product&#038;p=34948"},"modified":"2026-02-02T22:22:41","modified_gmt":"2026-02-03T06:22:41","slug":"recessed-black-light-diffuser-aluminum-channel-for-10mm-led-strips","status":"publish","type":"product","link":"https:\/\/tangooled.com\/es\/product\/recessed-black-light-diffuser-aluminum-channel-for-10mm-led-strips\/","title":{"rendered":"canal de aluminio difusor de luz negra empotrado para tiras LED de 10mm"},"content":{"rendered":"<div class=\"wp-block-group\" style=\"padding-top:var(--wp--preset--spacing--80);padding-bottom:var(--wp--preset--spacing--80)\"><div class=\"wp-block-group__inner-container is-layout-constrained wp-block-group-is-layout-constrained\">\n<p>Nuestro canal de aluminio difusor de luz negra empotrado ofrece una soluci\u00f3n de calidad profesional para la iluminaci\u00f3n empotrada sin costuras. Proporciona un acabado limpio y al ras para techos, trabajos en madera y aplicaciones de muebles.<\/p>\n\n\n\n<p>El perfil tiene un ancho de 21.2 mm y una altura de 12.0 mm, y est\u00e1 hecho de aluminio robusto y extruido. Se adapta perfectamente a una ranura que tiene 15.2 mm de ancho y 12.0 mm de profundidad. El ancho interior de 11.2 mm facilita la instalaci\u00f3n de tiras LED que son de 10 mm o menos de ancho. El difusor de PC negro suaviza la luz y mejora su calidad al eliminar los puntos LED visibles. Las aletas exteriores a lo largo del cuerpo ayudan en la gesti\u00f3n del calor.<\/p>\n\n\n\n<p>Hay tres colores diferentes del canal: negro, plata y blanco. Tiene todo lo necesario para instalarlo de forma segura y sin polvo, as\u00ed como una forma f\u00e1cil de conectar la energ\u00eda: el difusor de PC, clips de montaje de acero inoxidable y dos tapas finales (una s\u00f3lida y una con un agujero para un cable).<\/p>\n<\/div><\/div>\n\n\n\n<div class=\"wp-block-group has-background is-vertical is-layout-flex wp-container-core-group-is-layout-d255d7c4 wp-block-group-is-layout-flex\" style=\"background-color:#f1f1f1;padding-top:var(--wp--preset--spacing--80);padding-bottom:var(--wp--preset--spacing--80)\">\n<div class=\"wp-block-group is-vertical is-layout-flex wp-container-core-group-is-layout-8cf370e7 wp-block-group-is-layout-flex\">\n<h2 class=\"wp-block-heading\" style=\"padding-top:var(--wp--preset--spacing--40);padding-bottom:var(--wp--preset--spacing--40);font-size:25px;font-style:normal;font-weight:600;text-transform:capitalize\">\u00bfPor qu\u00e9 usar este canal de aluminio difusor de luz negra empotrado?<\/h2>\n\n\n\n<ul class=\"wp-block-list\">\n<li>Funci\u00f3n del disipador de calor: El aluminio ayuda a retirar&nbsp;el calor de tu tira LED. Esto hace que tu cinta LED dure m\u00e1s.<\/li>\n\n\n\n<li>Iluminaci\u00f3n sin puntos: El difusor ahumado dispersa la luz LED suavemente. Elimina manchas y crea un resplandor uniforme y agradable.<\/li>\n\n\n\n<li>Flush Finish: The recessed profile fits into walls, ceilings, cabinets, or staircases so the light looks like it&#8217;s part of the structure.<\/li>\n\n\n\n<li>Protecci\u00f3n: Tu cinta LED est\u00e1 a salvo de golpes, polvo y agua.<\/li>\n\n\n\n<li>Aspecto moderno: El tono negro hace que el canal sea pr\u00e1cticamente invisible en superficies oscuras, pero destaca y se ve bien en las claras.<\/li>\n\n\n\n<li>Uso vers\u00e1til: Como iluminaci\u00f3n LED bajo los cabinets, en paredes de acento, en muebles, en vitrinas.<\/li>\n<\/ul>\n<\/div>\n<\/div>\n\n\n\n<div class=\"wp-block-group\" style=\"padding-top:var(--wp--preset--spacing--60);padding-bottom:var(--wp--preset--spacing--60)\"><div class=\"wp-block-group__inner-container is-layout-constrained wp-block-group-is-layout-constrained\">\n<div class=\"wp-block-media-text has-media-on-the-right is-stacked-on-mobile\"><div class=\"wp-block-media-text__content\">\n<h2 class=\"wp-block-heading\" style=\"padding-top:var(--wp--preset--spacing--40);padding-bottom:var(--wp--preset--spacing--40);font-size:25px;font-style:normal;font-weight:600;text-transform:capitalize\">Pasos f\u00e1ciles para la instalaci\u00f3n<\/h2>\n\n\n\n<ul class=\"wp-block-list\">\n<li>Corta la ranura: Haz una ranura en madera, yeso o paneles de yeso.<\/li>\n\n\n\n<li>Fija el canal: Usa adhesivo o clips de montaje para mantener el perfil de aluminio en la ranura.<\/li>\n\n\n\n<li>Coloca tu tira LED: Inserta la cinta LED de 10 mm dentro del canal.<\/li>\n\n\n\n<li>Coloca el difusor: Engancha la cubierta negra sobre tu tira LED.<\/li>\n\n\n\n<li>Adjunta las tapas finales: Usa las tapas que vienen con los cables para proteger los extremos.<\/li>\n<\/ul>\n<\/div><figure class=\"wp-block-media-text__media\"><img loading=\"lazy\" decoding=\"async\" width=\"500\" height=\"500\" src=\"https:\/\/tangooled.com\/wp-content\/uploads\/2025\/07\/irp04-ins.webp\" alt=\"recessed 15x12mm black light diffuser aluminum channel for 10mm led strips\" class=\"wp-image-41144 size-full\" srcset=\"https:\/\/tangooled.com\/wp-content\/uploads\/2025\/07\/irp04-ins.webp 500w, https:\/\/tangooled.com\/wp-content\/uploads\/2025\/07\/irp04-ins-300x300.webp 300w, https:\/\/tangooled.com\/wp-content\/uploads\/2025\/07\/irp04-ins-150x150.webp 150w\" sizes=\"auto, (max-width: 500px) 100vw, 500px\" \/><\/figure><\/div>\n<\/div><\/div>\n\n\n\n<div class=\"wp-block-group has-background\" style=\"background-color:#f1f1f1;padding-top:var(--wp--preset--spacing--80);padding-bottom:var(--wp--preset--spacing--80)\"><div class=\"wp-block-group__inner-container is-layout-constrained wp-block-group-is-layout-constrained\">\n<h2 class=\"wp-block-heading\" style=\"padding-top:var(--wp--preset--spacing--40);padding-bottom:var(--wp--preset--spacing--40);font-size:25px;font-style:normal;font-weight:600;text-transform:capitalize\">What\u2019s in the Box?<\/h2>\n\n\n\n<ul class=\"wp-block-list\">\n<li>1 x canal de aluminio negro empotrado 15x12mm<\/li>\n\n\n\n<li>1 x difusor de policarbonato negro ahumado<\/li>\n\n\n\n<li>2 x tapas finales (1 con un agujero, 1 sin agujero)<\/li>\n\n\n\n<li>2 x clips de montaje para una instalaci\u00f3n segura<\/li>\n<\/ul>\n<\/div><\/div>\n\n\n\n<div class=\"wp-block-group\" style=\"padding-top:var(--wp--preset--spacing--80);padding-bottom:var(--wp--preset--spacing--80)\"><div class=\"wp-block-group__inner-container is-layout-constrained wp-block-group-is-layout-constrained\">\n<h2 class=\"wp-block-heading\" style=\"padding-top:var(--wp--preset--spacing--40);padding-bottom:var(--wp--preset--spacing--40);font-size:25px;font-style:normal;font-weight:600;text-transform:capitalize\">\u00bfD\u00f3nde puedes usar este canal difusor negro empotrado?<\/h2>\n\n\n\n<ul class=\"wp-block-list\">\n<li>Iluminaci\u00f3n bajo los cabinets: A\u00f1ade luz para tareas en cocinas o talleres.<\/li>\n\n\n\n<li>Iluminaci\u00f3n en la pared o techo: Crea una luz ambiente o de acento oculta.<\/li>\n\n\n\n<li>Muebles y estantes: Ilumina estanter\u00edas o bibliotecas sin cables visibles.<\/li>\n\n\n\n<li>Exhibiciones minoristas: Usa l\u00edneas suaves y brillantes para mostrar tu mercanc\u00eda.<\/li>\n\n\n\n<li>Iluminaci\u00f3n arquitect\u00f3nica en coves: Ideal para un acabado al ras sin molduras en las esquinas o techos.<\/li>\n<\/ul>\n<\/div><\/div>\n\n\n\n<div class=\"wp-block-group has-background\" style=\"background-color:#f1f1f1;padding-top:var(--wp--preset--spacing--80);padding-bottom:var(--wp--preset--spacing--80)\"><div class=\"wp-block-group__inner-container is-layout-constrained wp-block-group-is-layout-constrained\">\n<h2 class=\"wp-block-heading\" style=\"padding-top:var(--wp--preset--spacing--40);padding-bottom:var(--wp--preset--spacing--40);font-size:20px\">Resumen<\/h2>\n\n\n\n<p style=\"padding-right:var(--wp--preset--spacing--50);padding-left:var(--wp--preset--spacing--50)\">Este canal de luz LED difusor negro empotrado es una soluci\u00f3n ideal para fijar tiras de manera profesional, limpia y segura. Funciona con todas las tiras LED populares de 10 mm, mantiene tus LEDs frescos, protege la cinta y proporciona una iluminaci\u00f3n suave y sin puntos con su difusor ahumado. Inst\u00e1lalo en tus paredes, techos, escaleras, muebles o vitrinas para un look moderno y arquitect\u00f3nico.<\/p>\n<\/div><\/div>\n\n\n\n<p style=\"padding-top:var(--wp--preset--spacing--80);padding-bottom:var(--wp--preset--spacing--80)\">\u00a1Haz tu pedido ahora y obt\u00e9n todo lo que necesitas en un solo kit! Para m\u00e1s opciones, consulta nuestro <a href=\"https:\/\/tangooled.com\/es\/product\/black-aluminum-u-channel-profile-for-10mm-led-strips\/\"><mark style=\"background-color:rgba(0, 0, 0, 0)\" class=\"has-inline-color has-vivid-red-color\">canal U de aluminio negro para tiras LED de 10mm<\/mark><\/a> o explora <a href=\"https:\/\/tangooled.com\/es\/product\/led-strip-light-channel-aluminum-profile-with-diffused-cover-6mm-height\/\"><mark style=\"background-color:rgba(0, 0, 0, 0)\" class=\"has-inline-color has-vivid-red-color\">perfiles delgados como el canal de luz para tira LED de 6mm de altura<\/mark><\/a>.<\/p>","protected":false},"featured_media":41148,"template":"","meta":{"_acf_changed":false,"_seopress_robots_primary_cat":"none","_seopress_titles_title":"Black Recessed Light Diffuser Aluminum Channel | TANGOOLED","_seopress_titles_desc":"Create a stealthy lighting effect with our black recessed light diffuser channel. The black lens provides a seamless dark aesthetic when off, making it perfect for premium 10mm LED strip installations.","_seopress_robots_index":""},"pcb-width":[228],"product-cat":[193],"class_list":{"0":"post-34948","1":"product","2":"type-product","3":"status-publish","4":"has-post-thumbnail","6":"pcb-width-6-12mm","7":"product-cat-recessed-profile"},"acf":[],"_links":{"self":[{"href":"https:\/\/tangooled.com\/es\/wp-json\/wp\/v2\/product\/34948","targetHints":{"allow":["GET"]}}],"collection":[{"href":"https:\/\/tangooled.com\/es\/wp-json\/wp\/v2\/product"}],"about":[{"href":"https:\/\/tangooled.com\/es\/wp-json\/wp\/v2\/types\/product"}],"wp:featuredmedia":[{"embeddable":true,"href":"https:\/\/tangooled.com\/es\/wp-json\/wp\/v2\/media\/41148"}],"wp:attachment":[{"href":"https:\/\/tangooled.com\/es\/wp-json\/wp\/v2\/media?parent=34948"}],"wp:term":[{"taxonomy":"pcb-width","embeddable":true,"href":"https:\/\/tangooled.com\/es\/wp-json\/wp\/v2\/pcb-width?post=34948"},{"taxonomy":"product-cat","embeddable":true,"href":"https:\/\/tangooled.com\/es\/wp-json\/wp\/v2\/product-cat?post=34948"}],"curies":[{"name":"wp","href":"https:\/\/api.w.org\/{rel}","templated":true}]}}