{"id":34947,"date":"2025-07-01T01:48:07","date_gmt":"2025-07-01T09:48:07","guid":{"rendered":"https:\/\/tangooled.com\/?post_type=product&#038;p=34947"},"modified":"2026-02-02T22:29:46","modified_gmt":"2026-02-03T06:29:46","slug":"recessed-5mm-black-led-channel-for-8mm-cob-strips","status":"publish","type":"product","link":"https:\/\/tangooled.com\/es\/product\/recessed-5mm-black-led-channel-for-8mm-cob-strips\/","title":{"rendered":"canal LED negro empotrado de 5 mm para tiras COB de 8 mm"},"content":{"rendered":"<div class=\"wp-block-group is-vertical is-layout-flex wp-container-core-group-is-layout-d255d7c4 wp-block-group-is-layout-flex\" style=\"padding-top:var(--wp--preset--spacing--80);padding-bottom:var(--wp--preset--spacing--80)\">\n<p>Nuestro canal de LED negro empotrado de 5 mm est\u00e1 dise\u00f1ado para instalaciones de iluminaci\u00f3n de alta gama. Funciona bien con trabajos de carpinter\u00eda, paneles de yeso o muebles. Este perfil de LED de aluminio est\u00e1 hecho de aluminio anodizado de alta calidad y tiene alrededor de 6.0 mm de altura y 21.2 mm de ancho.<\/p>\n\n\n\n<p>El canal tiene un ancho interno de 11.2 mm (0.44 in), que es perfecto para tiras de LED COB de 8-10 mm. Cuando se usa con la cubierta difusora de PC duradera, estas tiras crear\u00e1n una l\u00ednea de luz clara, profesional y sin puntos. El canal est\u00e1 disponible en negro, plata o blanco e incluye un juego completo de accesorios, como clips de montaje de acero inoxidable y tapas finales, para hacer la instalaci\u00f3n segura y libre de polvo. Esto tambi\u00e9n facilita la conexi\u00f3n a su fuente de alimentaci\u00f3n de CC, dando a cualquier proyecto de iluminaci\u00f3n un aspecto de alta gama e integrado.<\/p>\n<\/div>\n\n\n\n<div class=\"wp-block-group has-background is-vertical is-layout-flex wp-container-core-group-is-layout-d255d7c4 wp-block-group-is-layout-flex\" style=\"background-color:#f1f1f1;padding-top:var(--wp--preset--spacing--80);padding-bottom:var(--wp--preset--spacing--80)\">\n<div class=\"wp-block-group is-vertical is-layout-flex wp-container-core-group-is-layout-8cf370e7 wp-block-group-is-layout-flex\">\n<h2 class=\"wp-block-heading\" style=\"padding-top:var(--wp--preset--spacing--40);padding-bottom:var(--wp--preset--spacing--40);font-size:25px;font-style:normal;font-weight:600;text-transform:capitalize\">\u00bfPor qu\u00e9 elegir nuestro canal LED negro empotrado de 5 mm?<\/h2>\n\n\n\n<ul class=\"wp-block-list\">\n<li>El perfil empotrado ultradelgado de 5 mm encaja perfectamente en espacios reducidos como paneles de yeso o armarios que tienen solo 6 de profundidad.<\/li>\n\n\n\n<li>Encaja perfectamente tiras de LED COB de 8 mm, asegurando que la iluminaci\u00f3n se mantenga constante sin puntos.<\/li>\n\n\n\n<li>El acabado de aluminio anodizado negro mate es de alta calidad y oculta el canal, dando al acabado sin marco un aspecto limpio.<\/li>\n\n\n\n<li>El difusor de policarbonato esmerilado crea luz suave y uniforme, sin puntos calientes.<\/li>\n\n\n\n<li>Viene con clips de montaje y tapas finales, lo que hace que la instalaci\u00f3n sea r\u00e1pida y sencilla.<\/li>\n\n\n\n<li>Hecho para iluminaci\u00f3n empotrada que es de montaje al ras o sin marco.<\/li>\n\n\n\n<li>Funciona con tiras COB de alta densidad para una iluminaci\u00f3n lineal continua.<\/li>\n<\/ul>\n<\/div>\n<\/div>\n\n\n\n<div class=\"wp-block-group\" style=\"padding-top:var(--wp--preset--spacing--60);padding-bottom:var(--wp--preset--spacing--60)\"><div class=\"wp-block-group__inner-container is-layout-constrained wp-block-group-is-layout-constrained\">\n<div class=\"wp-block-media-text has-media-on-the-right is-stacked-on-mobile\"><div class=\"wp-block-media-text__content\">\n<h2 class=\"wp-block-heading\" style=\"font-size:25px;font-style:normal;font-weight:600;text-transform:capitalize\">Consejos de instalaci\u00f3n y compatibilidad<\/h2>\n\n\n\n<ul class=\"wp-block-list\">\n<li>Use una sierra ingletadora de dientes finos para cortar el canal suavemente y obtener extremos y ingletes perfectos.<\/li>\n\n\n\n<li>Para una instalaci\u00f3n al ras, use una fresadora o un cincel para hacer una ranura de 5 mm de profundidad y 15 mm de ancho.<\/li>\n\n\n\n<li>Para la mejor disipaci\u00f3n de calor y alineaci\u00f3n, retire y coloque su tira COB de 8 mm en la base del canal.<\/li>\n\n\n\n<li>Funciona con tiras de LED COB de alta densidad, pero no con tiras SMD de baja densidad.<\/li>\n\n\n\n<li>Use con controladores de LED de empresas reconocidas como Mean Well y reguladores que funcionen con ellos.<\/li>\n<\/ul>\n<\/div><figure class=\"wp-block-media-text__media\"><img loading=\"lazy\" decoding=\"async\" width=\"500\" height=\"500\" src=\"https:\/\/tangooled.com\/wp-content\/uploads\/2025\/07\/irp03-ins.webp\" alt=\"canal LED negro empotrado de 5 mm para tiras COB de 8 mm\" class=\"wp-image-41137 size-full\" srcset=\"https:\/\/tangooled.com\/wp-content\/uploads\/2025\/07\/irp03-ins.webp 500w, https:\/\/tangooled.com\/wp-content\/uploads\/2025\/07\/irp03-ins-300x300.webp 300w, https:\/\/tangooled.com\/wp-content\/uploads\/2025\/07\/irp03-ins-150x150.webp 150w\" sizes=\"auto, (max-width: 500px) 100vw, 500px\" \/><\/figure><\/div>\n<\/div><\/div>\n\n\n\n<div class=\"wp-block-group has-background\" style=\"background-color:#f1f1f1f2;padding-top:var(--wp--preset--spacing--80);padding-bottom:var(--wp--preset--spacing--80)\"><div class=\"wp-block-group__inner-container is-layout-constrained wp-block-group-is-layout-constrained\">\n<h2 class=\"wp-block-heading\" style=\"padding-top:var(--wp--preset--spacing--40);padding-bottom:var(--wp--preset--spacing--40);font-size:25px;font-style:normal;font-weight:600\">What\u2019s Included?<\/h2>\n\n\n\n<ul class=\"wp-block-list\">\n<li>1x canal LED negro empotrado de aluminio <\/li>\n\n\n\n<li>\u2022 1x opal polycarbonate diffuser snap-in cover<\/li>\n\n\n\n<li>\u2022 2x mounting clips for secure installation<\/li>\n\n\n\n<li>\u2022 2x end caps (1 with wire hole for cable exit, 1 solid)<\/li>\n<\/ul>\n<\/div><\/div>\n\n\n\n<div class=\"wp-block-group is-vertical is-layout-flex wp-container-core-group-is-layout-d255d7c4 wp-block-group-is-layout-flex\" style=\"padding-top:var(--wp--preset--spacing--80);padding-bottom:var(--wp--preset--spacing--80)\">\n<h2 class=\"wp-block-heading\" style=\"padding-top:var(--wp--preset--spacing--40);padding-bottom:var(--wp--preset--spacing--40);font-size:25px;font-style:normal;font-weight:600\">D\u00f3nde usar el canal LED negro empotrado de 5 mm<\/h2>\n\n\n\n<ul class=\"wp-block-list\">\n<li>Muebles y Carpinter\u00eda: Col\u00f3quelo en estanter\u00edas, armarios y trabajos de carpinter\u00eda personalizados para iluminaci\u00f3n de acento y laboral que coincida precisamente con la veta de la madera.<\/li>\n\n\n\n<li>Iluminaci\u00f3n bajo mueble: Ilumina las encimeras de la cocina de manera uniforme y clara, sin deslumbramientos ni puntos calientes.<\/li>\n\n\n\n<li>Tablero de yeso y paneles de yeso: Haga canales poco profundos para luces de pared y techo empotradas modernas; el acabado negro se mezcla perfectamente con el resto de la habitaci\u00f3n.<\/li>\n\n\n\n<li>Exhibiciones minoristas: Para dar a su tienda una impresi\u00f3n profesional, enfocar la luz en los productos y ocultar el elegante alojamiento negro.<\/li>\n<\/ul>\n<\/div>\n\n\n\n<div class=\"wp-block-group is-vertical is-layout-flex wp-container-core-group-is-layout-d255d7c4 wp-block-group-is-layout-flex\" style=\"padding-top:var(--wp--preset--spacing--80);padding-bottom:var(--wp--preset--spacing--80)\">\n<p>Experimente la diferencia de un canal LED negro empotrado de 5 mm limpio para sus tiras de LED COB de 8 mm de nuestros perfiles de aluminio premium. Traiga iluminaci\u00f3n moderna, eficiente en energ\u00eda y verdaderamente continua a su hogar o proyecto con confianza y facilidad.<\/p>\n\n\n\n<ul class=\"wp-block-list\">\n<li><a href=\"https:\/\/tangooled.com\/es\/product\/black-led-diffuser-aluminum-channel-for-12mm-tape-lights\/\"><mark style=\"background-color:rgba(0, 0, 0, 0)\" class=\"has-inline-color has-vivid-red-color\">Canal de aluminio difusor LED negro para luces de cinta de 12 mm<\/mark><\/a><\/li>\n\n\n\n<li><a href=\"https:\/\/tangooled.com\/es\/product\/surface-mount-led-profile-with-frosted-diffuser-for-10mm-rope-lights\/\"><mark style=\"background-color:rgba(0, 0, 0, 0)\" class=\"has-inline-color has-vivid-red-color\">Perfil LED de montaje en superficie con difusor esmerilado para luces de cuerda de 10 mm<\/mark><\/a><\/li>\n<\/ul>\n<\/div>\n\n\n\n<p><\/p>","protected":false},"featured_media":41140,"template":"","meta":{"_acf_changed":true,"_seopress_robots_primary_cat":"none","_seopress_titles_title":"Black 5mm Recessed LED Channel for 8mm COB Strips | TANGOOLED","_seopress_titles_desc":"Achieve a sleek, dot-free look with our black 5mm recessed LED channel. Specifically designed for 8mm COB strips, its ultra-narrow flange profile provides a seamless linear light effect in modern interiors.","_seopress_robots_index":""},"pcb-width":[228],"product-cat":[193],"class_list":{"0":"post-34947","1":"product","2":"type-product","3":"status-publish","4":"has-post-thumbnail","6":"pcb-width-6-12mm","7":"product-cat-recessed-profile"},"acf":[],"_links":{"self":[{"href":"https:\/\/tangooled.com\/es\/wp-json\/wp\/v2\/product\/34947","targetHints":{"allow":["GET"]}}],"collection":[{"href":"https:\/\/tangooled.com\/es\/wp-json\/wp\/v2\/product"}],"about":[{"href":"https:\/\/tangooled.com\/es\/wp-json\/wp\/v2\/types\/product"}],"wp:featuredmedia":[{"embeddable":true,"href":"https:\/\/tangooled.com\/es\/wp-json\/wp\/v2\/media\/41140"}],"wp:attachment":[{"href":"https:\/\/tangooled.com\/es\/wp-json\/wp\/v2\/media?parent=34947"}],"wp:term":[{"taxonomy":"pcb-width","embeddable":true,"href":"https:\/\/tangooled.com\/es\/wp-json\/wp\/v2\/pcb-width?post=34947"},{"taxonomy":"product-cat","embeddable":true,"href":"https:\/\/tangooled.com\/es\/wp-json\/wp\/v2\/product-cat?post=34947"}],"curies":[{"name":"wp","href":"https:\/\/api.w.org\/{rel}","templated":true}]}}