{"id":34942,"date":"2025-07-01T01:37:31","date_gmt":"2025-07-01T09:37:31","guid":{"rendered":"https:\/\/tangooled.com\/?post_type=product&#038;p=34942"},"modified":"2026-02-02T22:21:03","modified_gmt":"2026-02-03T06:21:03","slug":"ultra-shallow-recessed-led-profile-15x6mm","status":"publish","type":"product","link":"https:\/\/tangooled.com\/es\/product\/ultra-shallow-recessed-led-profile-15x6mm\/","title":{"rendered":"Perfil de aluminio LED empotrado ultra plano de 15x6 mm"},"content":{"rendered":"<div class=\"wp-block-group\" style=\"padding-top:var(--wp--preset--spacing--80);padding-bottom:var(--wp--preset--spacing--80)\"><div class=\"wp-block-group__inner-container is-layout-constrained wp-block-group-is-layout-constrained\">\n<p>Nuestro perfil LED empotrado ultra plano de 15x6 mm est\u00e1 hecho de aluminio anodizado de alta calidad en color plata y tiene un ancho interior de 11.2 mm. Se puede incrustar en muebles, armarios y m\u00e1s, haci\u00e9ndolo perfecto para luces LED de tira de 8 mm o 10 mm.<\/p>\n\n\n\n<p>The shallow LED aluminum profile, featuring an opal diffuser, ensures that the light is evenly distributed and the heat is spread evenly. You may get aluminum channels in silver, white, and black, so you can match them perfectly with your home&#8217;s decor.<\/p>\n\n\n\n<p>Este perfil LED ultra delgado viene con tapas finales y clips de montaje de acero inoxidable. Las tapas finales mantienen el polvo y los desechos alejados de la luz de tira LED y permiten conectarla a una fuente de alimentaci\u00f3n LED para una conexi\u00f3n de energ\u00eda suave. Los clips de montaje facilitan y aseguran la colocaci\u00f3n del canal de aluminio.<\/p>\n<\/div><\/div>\n\n\n\n<div class=\"wp-block-group has-background\" style=\"background-color:#f1f1f1;padding-top:var(--wp--preset--spacing--80);padding-bottom:var(--wp--preset--spacing--80)\"><div class=\"wp-block-group__inner-container is-layout-constrained wp-block-group-is-layout-constrained\">\n<div class=\"wp-block-group\"><div class=\"wp-block-group__inner-container is-layout-constrained wp-block-group-is-layout-constrained\">\n<h2 class=\"wp-block-heading\" style=\"padding-top:var(--wp--preset--spacing--40);padding-bottom:var(--wp--preset--spacing--40);font-size:25px;font-style:normal;font-weight:600;text-transform:capitalize\">\u00bfPor qu\u00e9 elegir nuestro perfil de aluminio LED empotrado ultra plano de 15x6 mm?<\/h2>\n\n\n\n<ul class=\"wp-block-list\">\n<li>Compatible con todas las tiras LED de 10 mm de ancho, incluidas tiras LED de alta densidad, tiras COB y cintas SMD 5050, 2835.<\/li>\n\n\n\n<li>Hecho de aluminio anodizado 6063-T5, un excelente disipador de calor que mantiene sus LEDs frescos.<\/li>\n\n\n\n<li>Viene con un difusor de policarbonato mate u opalino para una luz suave y sin puntos.<\/li>\n\n\n\n<li>Includes mounting clips, end caps, and diffuser \u2014 a full kit ready to install.<\/li>\n\n\n\n<li>Se adapta f\u00e1cilmente a un canal de 15 mm de ancho y solo 6 mm de profundidad para un aspecto de montaje al ras.<\/li>\n<\/ul>\n<\/div><\/div>\n<\/div><\/div>\n\n\n\n<div class=\"wp-block-group\" style=\"padding-top:var(--wp--preset--spacing--60);padding-bottom:var(--wp--preset--spacing--60)\"><div class=\"wp-block-group__inner-container is-layout-constrained wp-block-group-is-layout-constrained\">\n<div class=\"wp-block-media-text has-media-on-the-right is-stacked-on-mobile\"><div class=\"wp-block-media-text__content\">\n<h2 class=\"wp-block-heading\" style=\"padding-top:var(--wp--preset--spacing--40);padding-bottom:var(--wp--preset--spacing--40);font-size:25px;font-style:normal;font-weight:600;text-transform:capitalize\">C\u00f3mo instalar<\/h2>\n\n\n\n<ul class=\"wp-block-list\">\n<li>Sigue el dise\u00f1o de tu iluminaci\u00f3n y corta un canal de 15.2x6 mm en el gabinete de madera o techo.<\/li>\n\n\n\n<li>Usa tornillos o cinta adhesiva para mantener el canal en su lugar.<\/li>\n\n\n\n<li>Coloca tu tira de luz LED dentro del canal y con\u00e9ctala a un controlador LED.<\/li>\n\n\n\n<li>Coloca el difusor y fija las tapas finales en ambos lados.<\/li>\n<\/ul>\n<\/div><figure class=\"wp-block-media-text__media\"><img loading=\"lazy\" decoding=\"async\" width=\"500\" height=\"500\" src=\"https:\/\/tangooled.com\/wp-content\/uploads\/2025\/07\/rp03-ins.webp\" alt=\"recessed 15x6mm led strip aluminum profile for 10mm strips\" class=\"wp-image-40593 size-full\" srcset=\"https:\/\/tangooled.com\/wp-content\/uploads\/2025\/07\/rp03-ins.webp 500w, https:\/\/tangooled.com\/wp-content\/uploads\/2025\/07\/rp03-ins-300x300.webp 300w, https:\/\/tangooled.com\/wp-content\/uploads\/2025\/07\/rp03-ins-150x150.webp 150w\" sizes=\"auto, (max-width: 500px) 100vw, 500px\" \/><\/figure><\/div>\n<\/div><\/div>\n\n\n\n<div class=\"wp-block-group has-background\" style=\"background-color:#f1f1f1;padding-top:var(--wp--preset--spacing--80);padding-bottom:var(--wp--preset--spacing--80)\"><div class=\"wp-block-group__inner-container is-layout-constrained wp-block-group-is-layout-constrained\">\n<h2 class=\"wp-block-heading\" style=\"padding-top:var(--wp--preset--spacing--40);padding-bottom:var(--wp--preset--spacing--40);font-size:25px;font-style:normal;font-weight:600;text-transform:capitalize\">\u00bfQu\u00e9 puedes obtener del kit?<\/h2>\n\n\n\n<ul class=\"wp-block-list\">\n<li>1x Canal de aluminio (cortado a la longitud elegida)<\/li>\n\n\n\n<li>1x Difusor de policarbonato mate (a presi\u00f3n)<\/li>\n\n\n\n<li>2x Tapas finales (una con un agujero para el cable, una s\u00f3lida)<\/li>\n<\/ul>\n<\/div><\/div>\n\n\n\n<div class=\"wp-block-group\" style=\"padding-top:var(--wp--preset--spacing--80);padding-bottom:var(--wp--preset--spacing--80)\"><div class=\"wp-block-group__inner-container is-layout-constrained wp-block-group-is-layout-constrained\">\n<h2 class=\"wp-block-heading\" style=\"padding-top:var(--wp--preset--spacing--40);padding-bottom:var(--wp--preset--spacing--40);font-size:25px;font-style:normal;font-weight:600;text-transform:capitalize\">Escenarios de uso populares<\/h2>\n\n\n\n<ul class=\"wp-block-list\">\n<li>Iluminaci\u00f3n bajo mueble y de cocina: Este tipo de iluminaci\u00f3n ilumina las superficies del mostrador sin crear sombras.<\/li>\n\n\n\n<li>Armarios y closets: Ilumina espacios oscuros de manera elegante.<\/li>\n\n\n\n<li>Iluminaci\u00f3n de estanter\u00edas y exhibiciones comerciales: Dirige la luz hacia los objetos para un aspecto profesional.<\/li>\n\n\n\n<li>Acentos arquitect\u00f3nicos: Integrados en paredes o techos para a\u00f1adir una hermosa luz ambiental.<\/li>\n<\/ul>\n<\/div><\/div>\n\n\n\n<div class=\"wp-block-group has-background\" style=\"background-color:#f1f1f1f2;padding-top:var(--wp--preset--spacing--80);padding-bottom:var(--wp--preset--spacing--80)\"><div class=\"wp-block-group__inner-container is-layout-constrained wp-block-group-is-layout-constrained\">\n<h2 class=\"wp-block-heading\" style=\"font-size:25px;font-style:normal;font-weight:600;text-transform:capitalize\">\u00bfQu\u00e9 hace que este canal LED empotrado ultra plano sea especial?<\/h2>\n\n\n\n<ul class=\"wp-block-list\">\n<li>Fuerte protecci\u00f3n y gesti\u00f3n del calor: Nuestra extrusi\u00f3n de aluminio mantiene su tira de LED fr\u00eda y la hace durar m\u00e1s. El difusor de policarbonato protege los LEDs del polvo y da\u00f1o. Esto ayuda a mantener los elementos libres de amarillamiento o atenuaci\u00f3n con el tiempo.<\/li>\n\n\n\n<li>Iluminaci\u00f3n suave y sin puntos: Gracias al difusor mate y a la compatibilidad con tiras LED COB, tu luz ser\u00e1 brillante y continua. \u00a1Sin puntos o parpadeos desagradables! Ideal para iluminaci\u00f3n de tareas, estanter\u00edas y vitrinas.<\/li>\n\n\n\n<li>Delgado, al ras y f\u00e1cil de instalar: El perfil se adapta a un canal delgado de 6 mm. P\u00falsalo en tu panel de yeso o canal de muebles para un aspecto de iluminaci\u00f3n moderno y limpio. Sin luces voluminosas en la superficie. Usa un adhesivo fuerte para una instalaci\u00f3n f\u00e1cil.<\/li>\n\n\n\n<li>Longitud cortable:<\/li>\n\n\n\n<li>Para cualquier espacio, usa una sierra de dientes finos para cortar el perfil. Esto se adapta a cualquier lugar, desde armarios de cocina hasta iluminaci\u00f3n arquitect\u00f3nica.<\/li>\n<\/ul>\n<\/div><\/div>\n\n\n\n<div class=\"wp-block-group\" style=\"padding-top:var(--wp--preset--spacing--80);padding-bottom:var(--wp--preset--spacing--80)\"><div class=\"wp-block-group__inner-container is-layout-constrained wp-block-group-is-layout-constrained\">\n<h2 class=\"wp-block-heading\" style=\"padding-top:0;padding-bottom:0;font-size:25px;font-style:normal;font-weight:600;text-transform:capitalize\">para m\u00e1s informaci\u00f3n, explora estos productos relacionados<\/h2>\n\n\n\n<ul class=\"wp-block-list\">\n<li><a href=\"https:\/\/tangooled.com\/es\/product\/led-light-diffuser-channel-aluminum-15x12mm-for-10mm-led-strips\/\"><mark style=\"background-color:rgba(0, 0, 0, 0)\" class=\"has-inline-color has-vivid-red-color\">Canal de tira LED de perfil bajo de 25x6 mm para luz LED de 10 mm<\/mark><\/a><\/li>\n\n\n\n<li><a href=\"https:\/\/tangooled.com\/es\/product\/25x6mm-low-profile-led-strip-channel-for-10mm-led-strip-light\/\"><mark style=\"background-color:rgba(0, 0, 0, 0)\" class=\"has-inline-color has-vivid-red-color\">Difusor de luz LED canal de aluminio 15x12mm para tiras LED de 10mm<\/mark><\/a><\/li>\n\n\n\n<li><mark style=\"background-color:rgba(0, 0, 0, 0)\" class=\"has-inline-color has-vivid-red-color\"><a href=\"https:\/\/tangooled.com\/es\/product\/recessed-5mm-black-led-channel-for-8mm-cob-strips\/\">Canal LED empotrado negro de 5 mm para tiras COB de 8 mm<\/a><\/mark><\/li>\n<\/ul>\n<\/div><\/div>\n\n\n\n<p><\/p>","protected":false},"featured_media":14384,"template":"","meta":{"_acf_changed":true,"_seopress_robots_primary_cat":"none","_seopress_titles_title":"15x6mm Ultra Shallow Recessed LED Profile | Slim Aluminum Channel | TANGOOLED","_seopress_titles_desc":"At only 6mm deep, our 15x6mm ultra shallow recessed LED profile is perfect for thin surfaces and furniture. Features a flange design for easy, flush-mount installation in shallow cutouts.","_seopress_robots_index":""},"pcb-width":[228],"product-cat":[193],"class_list":{"0":"post-34942","1":"product","2":"type-product","3":"status-publish","4":"has-post-thumbnail","6":"pcb-width-6-12mm","7":"product-cat-recessed-profile"},"acf":[],"_links":{"self":[{"href":"https:\/\/tangooled.com\/es\/wp-json\/wp\/v2\/product\/34942","targetHints":{"allow":["GET"]}}],"collection":[{"href":"https:\/\/tangooled.com\/es\/wp-json\/wp\/v2\/product"}],"about":[{"href":"https:\/\/tangooled.com\/es\/wp-json\/wp\/v2\/types\/product"}],"wp:featuredmedia":[{"embeddable":true,"href":"https:\/\/tangooled.com\/es\/wp-json\/wp\/v2\/media\/14384"}],"wp:attachment":[{"href":"https:\/\/tangooled.com\/es\/wp-json\/wp\/v2\/media?parent=34942"}],"wp:term":[{"taxonomy":"pcb-width","embeddable":true,"href":"https:\/\/tangooled.com\/es\/wp-json\/wp\/v2\/pcb-width?post=34942"},{"taxonomy":"product-cat","embeddable":true,"href":"https:\/\/tangooled.com\/es\/wp-json\/wp\/v2\/product-cat?post=34942"}],"curies":[{"name":"wp","href":"https:\/\/api.w.org\/{rel}","templated":true}]}}