{"id":34939,"date":"2025-07-01T01:34:20","date_gmt":"2025-07-01T09:34:20","guid":{"rendered":"https:\/\/tangooled.com\/?post_type=product&#038;p=34939"},"modified":"2026-02-02T22:25:27","modified_gmt":"2026-02-03T06:25:27","slug":"17x15mm-deep-recessed-led-strip-channel","status":"publish","type":"product","link":"https:\/\/tangooled.com\/es\/product\/17x15mm-deep-recessed-led-strip-channel\/","title":{"rendered":"Canal de iluminaci\u00f3n LED empotrado de 17x15mm"},"content":{"rendered":"<div class=\"wp-block-group is-vertical is-layout-flex wp-container-core-group-is-layout-d255d7c4 wp-block-group-is-layout-flex\" style=\"padding-top:var(--wp--preset--spacing--80);padding-bottom:var(--wp--preset--spacing--80)\">\n<p>Nuestro canal de iluminaci\u00f3n LED empotrado de 17x15mm est\u00e1 dise\u00f1ado para luces de cinta de 10mm. Se adapta a ranuras de 17.2mm de ancho y 13mm de profundidad integradas en paredes, techos, muebles o gabinetes.<\/p>\n\n\n\n<p>El canal con reborde es compatible con diferentes tiras LED, incluidas cintas LED de 8mm, 10mm y 12mm, as\u00ed como tiras LED COB. Viene con tapas finales y clips de montaje para una instalaci\u00f3n f\u00e1cil.<\/p>\n\n\n\n<p>Este canal de aluminio LED empotrado de 17x15mm proporciona una iluminaci\u00f3n profesional, limpia y continua que se integra a ras con paneles de yeso, madera o carpinter\u00eda para una integraci\u00f3n arquitect\u00f3nica sin costuras.<\/p>\n<\/div>\n\n\n\n<div class=\"wp-block-group has-background is-vertical is-layout-flex wp-container-core-group-is-layout-d255d7c4 wp-block-group-is-layout-flex\" style=\"background-color:#f1f1f1;padding-top:var(--wp--preset--spacing--80);padding-bottom:var(--wp--preset--spacing--80)\">\n<div class=\"wp-block-group\" style=\"padding-top:var(--wp--preset--spacing--80);padding-bottom:var(--wp--preset--spacing--80)\"><div class=\"wp-block-group__inner-container is-layout-constrained wp-block-group-is-layout-constrained\">\n<h2 class=\"wp-block-heading\" style=\"padding-top:var(--wp--preset--spacing--40);padding-bottom:var(--wp--preset--spacing--40);font-size:25px;font-style:normal;font-weight:600;text-transform:capitalize\">\u00bfPor qu\u00e9 deber\u00edas elegir nuestro canal empotrado de 17x15mm?<\/h2>\n\n\n\n<p style=\"padding-right:var(--wp--preset--spacing--50);padding-left:var(--wp--preset--spacing--50)\">Nuestro canal empotrado de 17x15mm para luces de cinta LED de 10mm est\u00e1 hecho de materiales de alta calidad y tiene un dise\u00f1o pr\u00e1ctico que facilita llevar a cabo tus proyectos de iluminaci\u00f3n:<\/p>\n\n\n\n<ul class=\"wp-block-list\">\n<li>Un alojamiento de tira LED de montaje a ras que oculta tu cinta LED en la pared o el mueble.<\/li>\n\n\n\n<li>Hecho de aluminio anodizado para una disipaci\u00f3n de calor profesional y una larga vida \u00fatil de la cinta LED.<\/li>\n\n\n\n<li>Viene con un difusor de policarbonato opalino que suaviza la luz y la hace uniforme sin puntos calientes.<\/li>\n\n\n\n<li>Tambi\u00e9n incluye clips de montaje y tapas finales para mantenerlo en su lugar y con un aspecto ordenado.<\/li>\n\n\n\n<li>Dise\u00f1ado espec\u00edficamente para anchos de cinta LED de 10mm, como LEDs SMD 5050 y tiras LED COB sin puntos.<\/li>\n\n\n\n<li>Ideal para crear iluminaci\u00f3n personalizada para cocinas, armarios, techos y escaparates.<\/li>\n<\/ul>\n<\/div><\/div>\n<\/div>\n\n\n\n<div class=\"wp-block-group\" style=\"padding-top:var(--wp--preset--spacing--80);padding-bottom:var(--wp--preset--spacing--80)\"><div class=\"wp-block-group__inner-container is-layout-constrained wp-block-group-is-layout-constrained\">\n<div class=\"wp-block-media-text has-media-on-the-right is-stacked-on-mobile\"><div class=\"wp-block-media-text__content\">\n<h2 class=\"wp-block-heading\" style=\"padding-top:var(--wp--preset--spacing--40);padding-bottom:var(--wp--preset--spacing--40);font-size:25px;font-style:normal;font-weight:600;text-transform:capitalize\">C\u00f3mo instalar en paneles de yeso o madera  <\/h2>\n\n\n\n<ul class=\"wp-block-list\">\n<li>Sigue el dise\u00f1o&nbsp;de tu iluminaci\u00f3n y corta una ranura de 17x13mm en el panel de yeso o la madera.<\/li>\n\n\n\n<li>Usa tornillos, pegamento o clips de montaje para mantener el canal en su lugar.<\/li>\n\n\n\n<li>(Opcional) Aplica compuesto para juntas o yeso sobre el reborde para un acabado liso y ajustado.<\/li>\n\n\n\n<li>Coloca tu cinta LED de 10mm en el canal y con\u00e9ctala a un controlador LED o suministro de LED regulable compatible.<\/li>\n\n\n\n<li>Coloca la cubierta difusora opalina para suavizar la luz y proteger la tira LED.<\/li>\n<\/ul>\n<\/div><figure class=\"wp-block-media-text__media\"><img loading=\"lazy\" decoding=\"async\" width=\"500\" height=\"500\" src=\"https:\/\/tangooled.com\/wp-content\/uploads\/2025\/07\/rp02-ins.webp\" alt=\"recessed led strip lighting channel 17x15mm for 10mm tape lights\" class=\"wp-image-40353 size-full\" srcset=\"https:\/\/tangooled.com\/wp-content\/uploads\/2025\/07\/rp02-ins.webp 500w, https:\/\/tangooled.com\/wp-content\/uploads\/2025\/07\/rp02-ins-300x300.webp 300w, https:\/\/tangooled.com\/wp-content\/uploads\/2025\/07\/rp02-ins-150x150.webp 150w\" sizes=\"auto, (max-width: 500px) 100vw, 500px\" \/><\/figure><\/div>\n<\/div><\/div>\n\n\n\n<div class=\"wp-block-group has-background\" style=\"background-color:#f1f1f2;padding-top:var(--wp--preset--spacing--80);padding-bottom:var(--wp--preset--spacing--80)\"><div class=\"wp-block-group__inner-container is-layout-constrained wp-block-group-is-layout-constrained\">\n<h2 class=\"wp-block-heading\" style=\"padding-top:var(--wp--preset--spacing--40);padding-bottom:var(--wp--preset--spacing--40);font-size:25px;font-style:normal;font-weight:600;text-transform:capitalize\">Usos ideales para el canal de iluminaci\u00f3n LED empotrado 17x15mm<\/h2>\n\n\n\n<ul class=\"wp-block-list\">\n<li>Iluminaci\u00f3n de exhibici\u00f3n en tiendas: Crea exhibiciones llamativas que atraen la atenci\u00f3n del consumidor.<\/li>\n<\/ul>\n\n\n\n<ul class=\"wp-block-list\">\n<li>Iluminaci\u00f3n bajo gabinete de cocina: Ilumina tus encimeras para facilitar la cocina y la preparaci\u00f3n.<\/li>\n<\/ul>\n\n\n\n<ul class=\"wp-block-list\">\n<li>Iluminaci\u00f3n de armarios y closets: Aclara el espacio para una mejor visibilidad y organizaci\u00f3n.<\/li>\n<\/ul>\n\n\n\n<ul class=\"wp-block-list\">\n<li>Iluminaci\u00f3n residencial: Crea l\u00edneas limpias de luz de acento en salas de estar y dormitorios.<\/li>\n<\/ul>\n\n\n\n<ul class=\"wp-block-list\">\n<li>Integraci\u00f3n de espacios comerciales: Una opci\u00f3n de iluminaci\u00f3n vers\u00e1til para oficinas, vest\u00edbulos y salas de exhibici\u00f3n.<\/li>\n<\/ul>\n\n\n\n<ul class=\"wp-block-list\">\n<li>Architectural feature enhancement: Highlights a building&#8217;s unique and interesting.<\/li>\n<\/ul>\n<\/div><\/div>\n\n\n\n<div class=\"wp-block-group\" style=\"padding-top:var(--wp--preset--spacing--80);padding-bottom:var(--wp--preset--spacing--80)\"><div class=\"wp-block-group__inner-container is-layout-constrained wp-block-group-is-layout-constrained\">\n<h2 class=\"wp-block-heading\" style=\"padding-top:var(--wp--preset--spacing--40);padding-bottom:var(--wp--preset--spacing--40);font-size:25px;font-style:normal;font-weight:600\">Productos relacionados que te pueden gustar<\/h2>\n\n\n\n<ul class=\"wp-block-list\">\n<li>Mira nuestro <a href=\"https:\/\/tangooled.com\/es\/product\/black-led-profile-with-black-diffuser-for-10mm-led-strip-light\/\"><mark style=\"background-color:rgba(0, 0, 0, 0)\" class=\"has-inline-color has-vivid-red-color\">perfil LED negro con difusor negro para tira LED de 10 mm<\/mark><\/a> para acabados alternativos.<\/li>\n\n\n\n<li>\u00bfNecesitas una soluci\u00f3n de montaje en superficie? Consulta nuestro <a href=\"https:\/\/tangooled.com\/es\/product\/surface-mount-led-profile-with-frosted-diffuser-for-10mm-rope-lights\/\"><mark style=\"background-color:rgba(0, 0, 0, 0)\" class=\"has-inline-color has-vivid-red-color\">perfil LED de montaje superficial con difusor esmerilado para luces de cuerda de 10 mm<\/mark><\/a>.<\/li>\n\n\n\n<li>Explora opciones delgadas con el <mark style=\"background-color:rgba(0, 0, 0, 0)\" class=\"has-inline-color has-vivid-red-color\"><a href=\"https:\/\/tangooled.com\/es\/product\/led-light-diffuser-channel-aluminum-15x12mm-for-10mm-led-strips\/\">Difusor de luz LED canal de aluminio 15x12mm para tiras LED de 10mm<\/a><\/mark>.<\/li>\n<\/ul>\n\n\n\n<p><\/p>\n<\/div><\/div>\n\n\n\n<div class=\"wp-block-group has-background\" style=\"background-color:#f1f1f2;padding-top:var(--wp--preset--spacing--80);padding-bottom:var(--wp--preset--spacing--80)\"><div class=\"wp-block-group__inner-container is-layout-constrained wp-block-group-is-layout-constrained\">\n<h2 class=\"wp-block-heading\" style=\"padding-top:var(--wp--preset--spacing--40);padding-bottom:var(--wp--preset--spacing--40);font-size:25px;font-style:normal;font-weight:600;text-transform:capitalize\">\u00a1Compra tu canal LED empotrado de 17x15mm hoy!<\/h2>\n\n\n\n<p style=\"padding-right:var(--wp--preset--spacing--50);padding-left:var(--wp--preset--spacing--50)\">Build clean, bright, and professional architectural LED profiles with our recessed LED strip lighting channel 17x15mm for 10mm tape lights. Perfect for indoor recessed linear lighting fixture projects, it\u2019s easy to install and delivers a dot-free, high CRI lighting experience wherever you need it. For more lighting accessories and aluminum profile options, browse our collection of <a href=\"https:\/\/tangooled.com\/es\/product\/led-strip-light-channel-aluminum-profile-with-diffused-cover-6mm-height\/\"><mark style=\"background-color:rgba(0, 0, 0, 0)\" class=\"has-inline-color has-vivid-red-color\">canales de luces de tira LED<\/mark><\/a> y <a href=\"https:\/\/tangooled.com\/es\/product\/45-degree-corner-led-aluminum-channel-for-10mm-led-strips\/\"><mark style=\"background-color:rgba(0, 0, 0, 0)\" class=\"has-inline-color has-vivid-red-color\">extrusiones LED de esquina<\/mark><\/a> en Tangooled.<\/p>\n\n\n\n<p><\/p>\n<\/div><\/div>","protected":false},"featured_media":14390,"template":"","meta":{"_acf_changed":true,"_seopress_robots_primary_cat":"none","_seopress_titles_title":"17x15mm Deep Recessed LED Channel Aluminum Profile | TANGOOLED","_seopress_titles_desc":"The 17x15mm deep recessed LED channel is designed for a flawless, dot-free lighting effect. Its extra depth provides superior heat dissipation and hides LED spots for a professional linear finish.","_seopress_robots_index":""},"pcb-width":[228],"product-cat":[193],"class_list":{"0":"post-34939","1":"product","2":"type-product","3":"status-publish","4":"has-post-thumbnail","6":"pcb-width-6-12mm","7":"product-cat-recessed-profile"},"acf":[],"_links":{"self":[{"href":"https:\/\/tangooled.com\/es\/wp-json\/wp\/v2\/product\/34939","targetHints":{"allow":["GET"]}}],"collection":[{"href":"https:\/\/tangooled.com\/es\/wp-json\/wp\/v2\/product"}],"about":[{"href":"https:\/\/tangooled.com\/es\/wp-json\/wp\/v2\/types\/product"}],"wp:featuredmedia":[{"embeddable":true,"href":"https:\/\/tangooled.com\/es\/wp-json\/wp\/v2\/media\/14390"}],"wp:attachment":[{"href":"https:\/\/tangooled.com\/es\/wp-json\/wp\/v2\/media?parent=34939"}],"wp:term":[{"taxonomy":"pcb-width","embeddable":true,"href":"https:\/\/tangooled.com\/es\/wp-json\/wp\/v2\/pcb-width?post=34939"},{"taxonomy":"product-cat","embeddable":true,"href":"https:\/\/tangooled.com\/es\/wp-json\/wp\/v2\/product-cat?post=34939"}],"curies":[{"name":"wp","href":"https:\/\/api.w.org\/{rel}","templated":true}]}}