{"id":34937,"date":"2025-07-01T00:43:01","date_gmt":"2025-07-01T08:43:01","guid":{"rendered":"https:\/\/tangooled.com\/?post_type=product&#038;p=34937"},"modified":"2026-02-02T22:25:45","modified_gmt":"2026-02-03T06:25:45","slug":"recessed-led-aluminum-profile-17x8mm-for-strip-lighting","status":"publish","type":"product","link":"https:\/\/tangooled.com\/es\/product\/recessed-led-aluminum-profile-17x8mm-for-strip-lighting\/","title":{"rendered":"perfil de aluminio empotrado de 17x8 mm para iluminaci\u00f3n con tiras LED"},"content":{"rendered":"<div class=\"wp-block-group\" style=\"padding-top:var(--wp--preset--spacing--80);padding-bottom:var(--wp--preset--spacing--80)\"><div class=\"wp-block-group__inner-container is-layout-constrained wp-block-group-is-layout-constrained\">\n<p>Nuestro perfil de aluminio empotrado de 17x8 mm para iluminaci\u00f3n LED est\u00e1 dise\u00f1ado para integrarse directamente en paredes, techos, muebles o gabinetes. La carcasa de aluminio se adapta a una amplia gama de anchos de tiras LED (hasta aproximadamente 12 mm), incluyendo las tiras LED comunes de 8 mm, 10 mm y 12 mm. Se fija en ranuras de 17 mm de ancho y 8 mm de profundidad, lo que hace que se vea como una iluminaci\u00f3n arquitect\u00f3nica profesional y sin puntos visibles.<\/p>\n\n\n\n<p>El cuerpo de aluminio anodizado lo convierte en un gran disipador de calor para LEDs, manteniendo los LEDs frescos y prolongando su vida \u00fatil. El difusor opal incluido oculta los puntos LED, proporcionando luz uniforme con un suave resplandor que hace que cualquier espacio luzca m\u00e1s limpio.<\/p>\n<\/div><\/div>\n\n\n\n<div class=\"wp-block-group has-background\" style=\"background-color:#f1f1f1;padding-top:var(--wp--preset--spacing--80);padding-bottom:var(--wp--preset--spacing--80)\"><div class=\"wp-block-group__inner-container is-layout-constrained wp-block-group-is-layout-constrained\">\n<div class=\"wp-block-group is-vertical is-layout-flex wp-container-core-group-is-layout-8cf370e7 wp-block-group-is-layout-flex\">\n<h2 class=\"wp-block-heading\" style=\"padding-top:var(--wp--preset--spacing--40);padding-bottom:var(--wp--preset--spacing--40);font-size:25px;font-style:normal;font-weight:600;text-transform:capitalize\">\u00bfPor qu\u00e9 elegir este perfil LED empotrado de 17x8 mm?<\/h2>\n\n\n\n<ul class=\"wp-block-list\">\n<li>Flush mount LED channel \u2013 for neat, low-profile install.<\/li>\n\n\n\n<li>Trimless lighting solution \u2013 perfect for drywall, furniture lighting integration, and kitchen cabinet accents.<\/li>\n\n\n\n<li>Strong heat sink \u2013 aluminum keeps LED tapes cool to avoid burnout.<\/li>\n\n\n\n<li>Iluminaci\u00f3n sin puntos \u2013 con un difusor esmerilado que proporciona una luz suave y uniforme sin puntos calientes.<\/li>\n\n\n\n<li>Protection \u2013 shields LED strips from dust, moisture, and damage.<\/li>\n\n\n\n<li>Easy to cut and install \u2013 use mounting clips or adhesive to fix in place.<\/li>\n<\/ul>\n<\/div>\n<\/div><\/div>\n\n\n\n<div class=\"wp-block-group is-vertical is-layout-flex wp-container-core-group-is-layout-d255d7c4 wp-block-group-is-layout-flex\" style=\"padding-top:var(--wp--preset--spacing--80);padding-bottom:var(--wp--preset--spacing--80)\">\n<div class=\"wp-block-group\" style=\"padding-top:var(--wp--preset--spacing--60);padding-right:0;padding-bottom:var(--wp--preset--spacing--60);padding-left:0\"><div class=\"wp-block-group__inner-container is-layout-constrained wp-container-core-group-is-layout-c4900166 wp-block-group-is-layout-constrained\">\n<div class=\"wp-block-media-text has-media-on-the-right is-stacked-on-mobile\"><div class=\"wp-block-media-text__content\">\n<h2 class=\"wp-block-heading\" style=\"padding-top:var(--wp--preset--spacing--40);padding-bottom:var(--wp--preset--spacing--40);font-size:25px;text-transform:capitalize\">C\u00f3mo instalar el canal de aluminio empotrado de 17x8 mm<\/h2>\n\n\n\n<ul class=\"wp-block-list\">\n<li>Corta una ranura en tu panel de yeso, madera o MDF para ajustar el perfil (aproximadamente 17.5 mm de ancho x 8 mm de profundidad).<\/li>\n\n\n\n<li>Fija la extrusion de aluminio usando los clips de montaje suministrados o un adhesivo de construcci\u00f3n fuerte.<\/li>\n\n\n\n<li>Coloca tu tira LED dentro del canal, asegur\u00e1ndote de que la cinta coincida con el ancho interno (~12 mm).<\/li>\n\n\n\n<li>Coloca la tapa difusora opal para una luz uniforme y suave.<\/li>\n\n\n\n<li>Adjunta las tapas de los extremos para sellar los extremos de manera ordenada (una tapa de extremo con un orificio para cableado para la alimentaci\u00f3n).<\/li>\n<\/ul>\n<\/div><figure class=\"wp-block-media-text__media\"><img loading=\"lazy\" decoding=\"async\" width=\"500\" height=\"500\" src=\"https:\/\/tangooled.com\/wp-content\/uploads\/2025\/07\/rp01-ins.webp\" alt=\"recessed aluminum profile 17x8mm for led strip lighting\" class=\"wp-image-40336 size-full\" srcset=\"https:\/\/tangooled.com\/wp-content\/uploads\/2025\/07\/rp01-ins.webp 500w, https:\/\/tangooled.com\/wp-content\/uploads\/2025\/07\/rp01-ins-300x300.webp 300w, https:\/\/tangooled.com\/wp-content\/uploads\/2025\/07\/rp01-ins-150x150.webp 150w\" sizes=\"auto, (max-width: 500px) 100vw, 500px\" \/><\/figure><\/div>\n<\/div><\/div>\n\n\n\n<hr class=\"wp-block-separator has-alpha-channel-opacity\"\/>\n<\/div>\n\n\n\n<div class=\"wp-block-group has-background\" style=\"background-color:#f1f1f1;padding-top:var(--wp--preset--spacing--50);padding-bottom:var(--wp--preset--spacing--50)\"><div class=\"wp-block-group__inner-container is-layout-constrained wp-block-group-is-layout-constrained\">\n<h2 class=\"wp-block-heading\" style=\"padding-top:var(--wp--preset--spacing--40);padding-bottom:var(--wp--preset--spacing--40);font-size:25px;font-style:normal;font-weight:600\">Accesorios incluidos<\/h2>\n\n\n\n<ul class=\"wp-block-list\">\n<li>Canal de aluminio anodizado<\/li>\n\n\n\n<li>Difusor esmerilado (opal)<\/li>\n\n\n\n<li>Clips de montaje (2 o m\u00e1s por metro)<\/li>\n\n\n\n<li>Tapas de extremo (una s\u00f3lida, una con un orificio para cable)<\/li>\n<\/ul>\n<\/div><\/div>\n\n\n\n<div class=\"wp-block-group\" style=\"padding-top:var(--wp--preset--spacing--80);padding-bottom:var(--wp--preset--spacing--80)\"><div class=\"wp-block-group__inner-container is-layout-constrained wp-block-group-is-layout-constrained\">\n<h2 class=\"wp-block-heading\" style=\"font-size:25px;font-style:normal;font-weight:600;text-transform:capitalize\">\u00bfD\u00f3nde puedes usarlo? formas comunes de uso<\/h2>\n\n\n\n<ul class=\"wp-block-list\">\n<li>Cocinas: Iluminaci\u00f3n bajo los gabinetes, iluminaci\u00f3n de cajones, estantes de despensa.<\/li>\n\n\n\n<li>Salas de estar: Iluminaci\u00f3n para el techo, estanter\u00edas y escaleras.<\/li>\n\n\n\n<li>Espacios comerciales: Exhibiciones minoristas, iluminaci\u00f3n de acentos en oficinas y recepci\u00f3n de hoteles.<\/li>\n\n\n\n<li>Muebles personalizados: Iluminaci\u00f3n empotrada en tocadores, vitrinas y armarios.<\/li>\n<\/ul>\n\n\n\n<p style=\"padding-right:var(--wp--preset--spacing--50);padding-left:var(--wp--preset--spacing--50)\">Para m\u00e1s ideas sobre soluciones de perfiles arquitect\u00f3nicos, consulta nuestro <a href=\"https:\/\/tangooled.com\/es\/product\/trimless-drywall-led-channel-for-15mm-led-strip-lights\/\"><mark style=\"background-color:rgba(0, 0, 0, 0)\" class=\"has-inline-color has-vivid-red-color\">canal LED sin marco para luces LED de 15 mm<\/mark><em><mark style=\"background-color:rgba(0, 0, 0, 0)\" class=\"has-inline-color has-vivid-red-color\"><\/mark><\/em><\/a>o explora nuestra selecci\u00f3n de <mark style=\"background-color:rgba(0, 0, 0, 0)\" class=\"has-inline-color has-vivid-red-color\"><a href=\"https:\/\/tangooled.com\/es\/product\/surface-mount-led-profile-with-frosted-diffuser-for-10mm-rope-lights\/\">perfil LED de montaje superficial con difusor esmerilado para luces de cuerda de 10 mm<\/a><\/mark><\/p>\n<\/div><\/div>\n\n\n\n<div class=\"wp-block-group has-background\" style=\"background-color:#f1f1f2;padding-top:var(--wp--preset--spacing--80);padding-bottom:var(--wp--preset--spacing--80)\"><div class=\"wp-block-group__inner-container is-layout-constrained wp-block-group-is-layout-constrained\">\n<h2 class=\"wp-block-heading\" style=\"padding-top:var(--wp--preset--spacing--40);padding-bottom:var(--wp--preset--spacing--40);font-size:25px;font-style:normal;font-weight:600;text-transform:capitalize\">Por qu\u00e9 nuestros clientes eligen este perfil<\/h2>\n\n\n\n<p style=\"padding-right:var(--wp--preset--spacing--50);padding-left:var(--wp--preset--spacing--50)\">Este perfil de aluminio empotrado facilita la construcci\u00f3n de iluminaci\u00f3n lineal oculta. La dimensi\u00f3n delgada y el ajuste empotrado permiten un canal de bajo perfil integrado perfectamente con paredes o madera. El acabado profesional y la robusta extrusi\u00f3n de aluminio previenen da\u00f1os y reducen el calor, a diferencia de los perfiles de pl\u00e1stico.<\/p>\n\n\n\n<p style=\"padding-right:var(--wp--preset--spacing--50);padding-left:var(--wp--preset--spacing--50)\">With the included opal diffuser, your LED strip light shines softly without glaring dots or uneven shadows. Perfect for furniture lighting integration, bookshelf lighting, or wardrobe lighting \u2014 even in high-use areas such as kitchens and retail displays.<\/p>\n\n\n\n<p style=\"padding-right:var(--wp--preset--spacing--50);padding-left:var(--wp--preset--spacing--50)\">Los clientes tambi\u00e9n compran estos perfiles para combinarlos con fuentes de alimentaci\u00f3n regulables y controladores LED, que extienden el control y la vida \u00fatil de sus configuraciones LED. Explora accesorios compatibles como el <mark style=\"background-color:rgba(0, 0, 0, 0)\" class=\"has-inline-color has-vivid-red-color\"><a href=\"https:\/\/tangooled.com\/es\/product\/black-led-profile-with-black-diffuser-for-10mm-led-strip-light\/\">perfil LED negro con difusor negro para luz LED de 10 mm<\/a><em> <\/em><\/mark>o revisa nuestro <a href=\"https:\/\/tangooled.com\/es\/product\/17mm-led-strip-light-aluminum-channel-for-surface-mounting\/\"><mark style=\"background-color:rgba(0, 0, 0, 0)\" class=\"has-inline-color has-vivid-red-color\">canal de aluminio para luz LED de 17 mm para montaje en superficie<\/mark><\/a> para alternativas de montaje en superficie.<\/p>\n<\/div><\/div>\n\n\n\n<p><\/p>","protected":false},"featured_media":14394,"template":"","meta":{"_acf_changed":true,"_seopress_robots_primary_cat":"none","_seopress_titles_title":"17x8mm Recessed LED Profile Aluminum Channel | TANGOOLED","_seopress_titles_desc":"Buy professional 17x8mm recessed LED profile featuring a slim design. Ideal for 10mm-12mm LED strips, this aluminum channel hides cutout edges for a perfect flush-mount finish.","_seopress_robots_index":""},"pcb-width":[228],"product-cat":[193],"class_list":{"0":"post-34937","1":"product","2":"type-product","3":"status-publish","4":"has-post-thumbnail","6":"pcb-width-6-12mm","7":"product-cat-recessed-profile"},"acf":[],"_links":{"self":[{"href":"https:\/\/tangooled.com\/es\/wp-json\/wp\/v2\/product\/34937","targetHints":{"allow":["GET"]}}],"collection":[{"href":"https:\/\/tangooled.com\/es\/wp-json\/wp\/v2\/product"}],"about":[{"href":"https:\/\/tangooled.com\/es\/wp-json\/wp\/v2\/types\/product"}],"wp:featuredmedia":[{"embeddable":true,"href":"https:\/\/tangooled.com\/es\/wp-json\/wp\/v2\/media\/14394"}],"wp:attachment":[{"href":"https:\/\/tangooled.com\/es\/wp-json\/wp\/v2\/media?parent=34937"}],"wp:term":[{"taxonomy":"pcb-width","embeddable":true,"href":"https:\/\/tangooled.com\/es\/wp-json\/wp\/v2\/pcb-width?post=34937"},{"taxonomy":"product-cat","embeddable":true,"href":"https:\/\/tangooled.com\/es\/wp-json\/wp\/v2\/product-cat?post=34937"}],"curies":[{"name":"wp","href":"https:\/\/api.w.org\/{rel}","templated":true}]}}