{"id":34933,"date":"2025-06-30T23:58:39","date_gmt":"2025-07-01T07:58:39","guid":{"rendered":"https:\/\/tangooled.com\/?post_type=product&#038;p=34933"},"modified":"2026-02-02T22:29:28","modified_gmt":"2026-02-03T06:29:28","slug":"recessed-triple-row-led-strip-light-channel-with-diffusers","status":"publish","type":"product","link":"https:\/\/tangooled.com\/es\/product\/recessed-triple-row-led-strip-light-channel-with-diffusers\/","title":{"rendered":"canal de tira LED de tres filas empotrado con difusores"},"content":{"rendered":"<div class=\"wp-block-group is-vertical is-layout-flex wp-container-core-group-is-layout-d255d7c4 wp-block-group-is-layout-flex\" style=\"padding-top:var(--wp--preset--spacing--80);padding-bottom:var(--wp--preset--spacing--80)\">\n<p>Nuestro canal LED empotrado de tres filas RPT01 te ayudar\u00e1 a lograr una luz brillante y uniforme. Hay tres canales internos independientes en este canal, cada uno de 11.2 mm de ancho, que pueden sostener una tira LED y un difusor. Esto te permite ajustar la luz de diversas maneras y obtener mucha luz de \u00e9l.<br>Las dimensiones externas son 48.7mm (ancho exterior) por 8.4mm (altura total). El perfil est\u00e1 hecho de una robusta aleaci\u00f3n de aluminio extruido 6063-T5, lo que garantiza una excelente disipaci\u00f3n del calor. Los difusores de PC (Policarbonato) de alta calidad que vienen con \u00e9l aseguran que la luz se difunda de manera uniforme y sin puntos. Puedes instalar el sistema f\u00e1cilmente atornill\u00e1ndolo, como se ilustra, y viene con todos los tapones necesarios.<br>Este canal de tres filas es adecuado para uso en interiores y es ideal para aplicaciones donde una fuente empotrada necesita emitir la mayor cantidad de luz posible. Algunos ejemplos son la iluminaci\u00f3n general en cocinas o ba\u00f1os, iluminaci\u00f3n profunda de armarios o iluminaci\u00f3n comercial para tiendas y oficinas con techos altos.<\/p>\n<\/div>\n\n\n\n<div class=\"wp-block-group has-background is-vertical is-layout-flex wp-container-core-group-is-layout-d255d7c4 wp-block-group-is-layout-flex\" style=\"background-color:#f1f1f1;padding-top:var(--wp--preset--spacing--80);padding-bottom:var(--wp--preset--spacing--80)\">\n<div class=\"wp-block-group is-vertical is-layout-flex wp-container-core-group-is-layout-8cf370e7 wp-block-group-is-layout-flex\">\n<h2 class=\"wp-block-heading\" style=\"padding-top:var(--wp--preset--spacing--40);padding-bottom:var(--wp--preset--spacing--40);font-size:25px;font-style:normal;font-weight:600;text-transform:capitalize\">\u00bfPor qu\u00e9 elegir nuestro canal LED empotrado de tres filas?<\/h2>\n\n\n\n<ul class=\"wp-block-list\">\n<li>Brillante y fuerte: Puede contener tres tiras LED, que te brindan luz brillante y uniforme tanto para iluminaci\u00f3n general como para tareas.<\/li>\n\n\n\n<li>Apariencia limpia y flush: El canal de tira LED empotrado de tres filas con difusores se sit\u00faa al ras con la pared de yeso o el techo, dando a tu habitaci\u00f3n un aspecto limpio.<\/li>\n\n\n\n<li>Material duradero: El aluminio utilizado para fabricar el canal es lo suficientemente robusto como para mantener frescas y seguras tus tiras LED.<\/li>\n\n\n\n<li>Luz suave: El canal difusor hace que la luz sea m\u00e1s suave y elimina puntos duros y zonas sobreiluminadas, lo que hace que la iluminaci\u00f3n se vea agradable y uniforme.<\/li>\n<\/ul>\n<\/div>\n<\/div>\n\n\n\n<div class=\"wp-block-group\" style=\"padding-top:var(--wp--preset--spacing--60);padding-bottom:var(--wp--preset--spacing--60)\"><div class=\"wp-block-group__inner-container is-layout-constrained wp-block-group-is-layout-constrained\">\n<div class=\"wp-block-media-text has-media-on-the-right is-stacked-on-mobile\"><div class=\"wp-block-media-text__content\">\n<h2 class=\"wp-block-heading\" style=\"padding-top:var(--wp--preset--spacing--40);padding-bottom:var(--wp--preset--spacing--40);font-size:25px;font-style:normal;font-weight:600;text-transform:capitalize\">\u00bfC\u00f3mo utilizarlo?<\/h2>\n\n\n\n<ul class=\"wp-block-list\">\n<li>Corta el canal de tira LED de tres filas a la longitud correcta.<\/li>\n\n\n\n<li>Col\u00f3calo al ras contra la pared de yeso, el techo o cualquier otra superficie plana.<\/li>\n\n\n\n<li>Coloca tus tiras de luces LED en el canal.<\/li>\n\n\n\n<li>Pon la tapa difusora para crear luz suave y ocultar los puntos sobreiluminados.<\/li>\n\n\n\n<li>Usa cinta adhesiva y tapones extremos para mantener todo en su lugar y lograr un acabado bonito.<\/li>\n<\/ul>\n<\/div><figure class=\"wp-block-media-text__media\"><img loading=\"lazy\" decoding=\"async\" width=\"500\" height=\"500\" src=\"https:\/\/tangooled.com\/wp-content\/uploads\/2025\/06\/rpt01-ins.webp\" alt=\"canal de tira LED de tres filas empotrado con difusores\" class=\"wp-image-41819 size-full\" srcset=\"https:\/\/tangooled.com\/wp-content\/uploads\/2025\/06\/rpt01-ins.webp 500w, https:\/\/tangooled.com\/wp-content\/uploads\/2025\/06\/rpt01-ins-300x300.webp 300w, https:\/\/tangooled.com\/wp-content\/uploads\/2025\/06\/rpt01-ins-150x150.webp 150w\" sizes=\"auto, (max-width: 500px) 100vw, 500px\" \/><\/figure><\/div>\n<\/div><\/div>\n\n\n\n<div class=\"wp-block-group has-background\" style=\"background-color:#f1f1f1;padding-top:var(--wp--preset--spacing--80);padding-bottom:var(--wp--preset--spacing--80)\"><div class=\"wp-block-group__inner-container is-layout-constrained wp-block-group-is-layout-constrained\">\n<h2 class=\"wp-block-heading\" style=\"padding-top:var(--wp--preset--spacing--40);padding-bottom:var(--wp--preset--spacing--40);font-size:25px;font-style:normal;font-weight:600;text-transform:capitalize\">Perfecto para muchos espacios y usos<\/h2>\n\n\n\n<p style=\"padding-right:var(--wp--preset--spacing--50);padding-left:var(--wp--preset--spacing--50)\">El canal de tira LED empotrado de tres filas con difusores dar\u00e1 a tus habitaciones un nuevo y brillante aspecto. Funciona bien para:<\/p>\n\n\n\n<ul class=\"wp-block-list\">\n<li>Salones y dormitorios (iluminaci\u00f3n general y acentos)<\/li>\n\n\n\n<li>Iluminaci\u00f3n para tareas y debajo de armarios en cocinas, despensas y closets<\/li>\n\n\n\n<li>Lugares de negocio, como tiendas y oficinas, donde todas las luces del techo son del mismo color<\/li>\n\n\n\n<li>Muebles, armarios y estanter\u00edas (con iluminaci\u00f3n personalizada incorporada)<\/li>\n\n\n\n<li>Partes de un edificio, incluidas paredes y coves, que hacen que las l\u00edneas de luz sean suaves y uniformes<\/li>\n<\/ul>\n<\/div><\/div>\n\n\n\n<div class=\"wp-block-group\" style=\"padding-top:var(--wp--preset--spacing--80);padding-bottom:var(--wp--preset--spacing--80)\"><div class=\"wp-block-group__inner-container is-layout-constrained wp-block-group-is-layout-constrained\">\n<p style=\"font-size:20px\">Consulta c\u00f3mo se compara este canal con otros perfiles como <mark style=\"background-color:rgba(0, 0, 0, 0)\" class=\"has-inline-color has-vivid-red-color\"><a href=\"https:\/\/tangooled.com\/es\/product\/black-led-profile-with-black-diffuser-for-10mm-led-strip-light\/\">el perfil LED negro con difusor negro para tira LED de 10mm<\/a> <\/mark>o el<a href=\"https:\/\/tangooled.com\/es\/product\/led-strip-light-channel-aluminum-profile-with-diffused-cover-6mm-height\/\"><mark style=\"background-color:rgba(0, 0, 0, 0)\" class=\"has-inline-color has-vivid-red-color\"> perfil de aluminio para canal de luz LED con cubierta difusa de 6 mm de altura<\/mark><\/a> para otros estilos de iluminaci\u00f3n.<\/p>\n<\/div><\/div>\n\n\n\n<div class=\"wp-block-group has-background\" style=\"background-color:#f1f1f1;padding-top:var(--wp--preset--spacing--80);padding-bottom:var(--wp--preset--spacing--80)\"><div class=\"wp-block-group__inner-container is-layout-constrained wp-block-group-is-layout-constrained\">\n<h2 class=\"wp-block-heading\" style=\"padding-top:var(--wp--preset--spacing--40);padding-bottom:var(--wp--preset--spacing--40);font-size:25px;font-style:normal;font-weight:600;text-transform:capitalize\">Ver tambi\u00e9n estos productos relacionados<\/h2>\n\n\n\n<ul class=\"wp-block-list\">\n<li>Si deseas perfiles LED negros, prueba el <a href=\"https:\/\/tangooled.com\/es\/product\/black-led-diffuser-aluminum-channel-for-12mm-tape-lights\/\"><mark style=\"background-color:rgba(0, 0, 0, 0)\" class=\"has-inline-color has-vivid-red-color\">canal de aluminio difusor de led negro para luces de cinta de 12 mm<\/mark><\/a><\/li>\n\n\n\n<li>Si quieres instalar el perfil en una superficie, mira el <a href=\"https:\/\/tangooled.com\/es\/product\/surface-mount-led-profile-with-frosted-diffuser-for-10mm-rope-lights\/\"><mark style=\"background-color:rgba(0, 0, 0, 0)\" class=\"has-inline-color has-vivid-red-color\">perfil LED de montaje en superficie en forma de U con difusor esmerilado<\/mark><\/a><\/li>\n\n\n\n<li>\u00bfNecesitas una tira m\u00e1s delgada? Consulta el <a href=\"https:\/\/tangooled.com\/es\/product\/25x6mm-low-profile-led-strip-channel-for-10mm-led-strip-light\/\"><mark style=\"background-color:rgba(0, 0, 0, 0)\" class=\"has-inline-color has-vivid-red-color\">canal de tira LED de bajo perfil para tira LED de 10mm<\/mark><\/a> <\/li>\n<\/ul>\n<\/div><\/div>\n\n\n\n<p><\/p>","protected":false},"featured_media":14317,"template":"","meta":{"_acf_changed":true,"_seopress_robots_primary_cat":"none","_seopress_titles_title":"Recessed Triple Row LED Channel | High Output Lighting | TANGOOLED","_seopress_titles_desc":"Source the RPT01 recessed triple row LED channel. Professional aluminum profile designed for triple row strips to achieve high-lumen, uniform lighting in commercial projects.","_seopress_robots_index":""},"pcb-width":[228],"product-cat":[193],"class_list":{"0":"post-34933","1":"product","2":"type-product","3":"status-publish","4":"has-post-thumbnail","6":"pcb-width-6-12mm","7":"product-cat-recessed-profile"},"acf":[],"_links":{"self":[{"href":"https:\/\/tangooled.com\/es\/wp-json\/wp\/v2\/product\/34933","targetHints":{"allow":["GET"]}}],"collection":[{"href":"https:\/\/tangooled.com\/es\/wp-json\/wp\/v2\/product"}],"about":[{"href":"https:\/\/tangooled.com\/es\/wp-json\/wp\/v2\/types\/product"}],"wp:featuredmedia":[{"embeddable":true,"href":"https:\/\/tangooled.com\/es\/wp-json\/wp\/v2\/media\/14317"}],"wp:attachment":[{"href":"https:\/\/tangooled.com\/es\/wp-json\/wp\/v2\/media?parent=34933"}],"wp:term":[{"taxonomy":"pcb-width","embeddable":true,"href":"https:\/\/tangooled.com\/es\/wp-json\/wp\/v2\/pcb-width?post=34933"},{"taxonomy":"product-cat","embeddable":true,"href":"https:\/\/tangooled.com\/es\/wp-json\/wp\/v2\/product-cat?post=34933"}],"curies":[{"name":"wp","href":"https:\/\/api.w.org\/{rel}","templated":true}]}}