{"id":34906,"date":"2025-06-30T22:41:00","date_gmt":"2025-07-01T06:41:00","guid":{"rendered":"https:\/\/tangooled.com\/?post_type=product&#038;p=34906"},"modified":"2026-02-02T02:19:16","modified_gmt":"2026-02-02T10:19:16","slug":"30x30mm-corner-mount-black-led-profile-v-channel","status":"publish","type":"product","link":"https:\/\/tangooled.com\/es\/product\/30x30mm-corner-mount-black-led-profile-v-channel\/","title":{"rendered":"Perfil LED de aluminio negro para montar en esquina, canal en V 30x30 mm"},"content":{"rendered":"<div class=\"wp-block-group is-vertical is-layout-flex wp-container-core-group-is-layout-d255d7c4 wp-block-group-is-layout-flex\" style=\"padding-top:var(--wp--preset--spacing--80);padding-bottom:var(--wp--preset--spacing--80)\">\n<p>Nuestro perfil LED negro para montaje en esquina de canal de 30x30mm har\u00e1 que tu entorno sea m\u00e1s brillante. Este canal en forma de V de aluminio negro es perfecto para colocar tiras LED en esquinas y a lo largo de los l\u00edmites de las habitaciones de manera inteligente y ordenada. Este perfil ofrece una carcasa fuerte y resistente que puede soportar tiras LED de hasta 20.2mm de ancho. Mide 30.0mm por 30.0mm en el exterior. El gran difusor curvado difunde la luz sobre un \u00e1rea amplia, proporcionando al espacio un aspecto arquitect\u00f3nico contempor\u00e1neo. Este perfil te ayuda a lograr una luz brillante y suave sin puntos oscuros ni deslumbramiento, ya sea que lo necesites para iluminaci\u00f3n bajo gabinete, exhibiciones o realces arquitect\u00f3nicos. La instalaci\u00f3n es f\u00e1cil y segura, normalmente atornillando el perfil directo en las paredes de la esquina para un ajuste perfecto.<\/p>\n<\/div>\n\n\n\n<div class=\"wp-block-group has-background is-vertical is-layout-flex wp-container-core-group-is-layout-d255d7c4 wp-block-group-is-layout-flex\" style=\"background-color:#f1f1f1;padding-top:var(--wp--preset--spacing--80);padding-bottom:var(--wp--preset--spacing--80)\">\n<div class=\"wp-block-group is-vertical is-layout-flex wp-container-core-group-is-layout-8cf370e7 wp-block-group-is-layout-flex\">\n<h2 class=\"wp-block-heading\" style=\"padding-top:var(--wp--preset--spacing--40);padding-bottom:var(--wp--preset--spacing--40);font-size:25px;font-style:normal;font-weight:600;text-transform:capitalize\">\u00bfPor qu\u00e9 elegir nuestro perfil LED negro para montaje en esquina de 30x30mm?<\/h2>\n\n\n\n<ul class=\"wp-block-list\">\n<li>El cuerpo de aluminio negro es fuerte y elegante, y protege las tiras LED.<\/li>\n\n\n\n<li>Dise\u00f1ado para encajar en esquinas en \u00e1ngulos de 90 grados.<\/li>\n\n\n\n<li>Funciona con tiras LED que tengan un ancho de 20mm o menos.<\/li>\n\n\n\n<li>Viene con un difusor opalino que suaviza la luz y la distribuye de manera uniforme.<\/li>\n\n\n\n<li>Ideal para iluminar un cove, un armario o una exhibici\u00f3n comercial.<\/li>\n\n\n\n<li>Incluye tornillos y tapas finales que facilitan la fijaci\u00f3n.<\/li>\n<\/ul>\n<\/div>\n<\/div>\n\n\n\n<div class=\"wp-block-group is-vertical is-layout-flex wp-container-core-group-is-layout-d255d7c4 wp-block-group-is-layout-flex\" style=\"padding-top:var(--wp--preset--spacing--80);padding-bottom:var(--wp--preset--spacing--80)\">\n<hr class=\"wp-block-separator has-alpha-channel-opacity\"\/>\n\n\n\n<div class=\"wp-block-media-text has-media-on-the-right is-stacked-on-mobile\" style=\"grid-template-columns:auto 40%\"><div class=\"wp-block-media-text__content\">\n<h2 class=\"wp-block-heading\" style=\"padding-top:var(--wp--preset--spacing--40);padding-bottom:var(--wp--preset--spacing--40);font-size:25px;font-style:normal;font-weight:600;text-transform:capitalize\">C\u00f3mo instalarlo f\u00e1cilmente<\/h2>\n\n\n\n<ul class=\"wp-block-list\">\n<li>Use tornillos para fijar este canal a la esquina.<\/li>\n\n\n\n<li>Coloca la tira LED dentro del canal.<\/li>\n\n\n\n<li>Presiona hacia abajo el difusor LED para que la luz se distribuya de manera uniforme.<\/li>\n\n\n\n<li>Coloque las tapas finales para darle un acabado.<\/li>\n<\/ul>\n<\/div><figure class=\"wp-block-media-text__media\"><img loading=\"lazy\" decoding=\"async\" width=\"500\" height=\"500\" src=\"https:\/\/tangooled.com\/wp-content\/uploads\/2025\/06\/la30b-ins.webp\" alt=\"Perfil LED de aluminio negro para montar en esquina, canal en V 30x30 mm\" class=\"wp-image-41964 size-full\" srcset=\"https:\/\/tangooled.com\/wp-content\/uploads\/2025\/06\/la30b-ins.webp 500w, https:\/\/tangooled.com\/wp-content\/uploads\/2025\/06\/la30b-ins-300x300.webp 300w, https:\/\/tangooled.com\/wp-content\/uploads\/2025\/06\/la30b-ins-150x150.webp 150w\" sizes=\"auto, (max-width: 500px) 100vw, 500px\" \/><\/figure><\/div>\n<\/div>\n\n\n\n<div class=\"wp-block-group has-background is-vertical is-layout-flex wp-container-core-group-is-layout-b429018a wp-block-group-is-layout-flex\" style=\"background-color:#f1f1f1f2;padding-top:var(--wp--preset--spacing--70);padding-bottom:var(--wp--preset--spacing--70)\">\n<h2 class=\"wp-block-heading\" style=\"padding-top:var(--wp--preset--spacing--40);padding-bottom:var(--wp--preset--spacing--40);font-size:25px;font-style:normal;font-weight:600\">D\u00f3nde usar este perfil LED negro para montaje en esquina de 30x30mm<\/h2>\n\n\n\n<ul class=\"wp-block-list\">\n<li>Iluminaci\u00f3n bajo gabinete para iluminar mostradores y \u00e1reas de trabajo.<\/li>\n\n\n\n<li>Coves arquitect\u00f3nicos y rincones de techo para realzar la ambientaci\u00f3n de la habitaci\u00f3n.<\/li>\n\n\n\n<li>Exhibiciones y vitrinas comerciales que iluminan los productos perfectamente.<\/li>\n\n\n\n<li>Armarios y vestidores para iluminar \u00e1reas oscuras en las esquinas.<\/li>\n\n\n\n<li>Iluminaci\u00f3n de tareas en oficinas y espacios de trabajo para una iluminaci\u00f3n clara, sin deslumbramiento.<\/li>\n<\/ul>\n<\/div>\n\n\n\n<div class=\"wp-block-group is-vertical is-layout-flex wp-container-core-group-is-layout-d255d7c4 wp-block-group-is-layout-flex\" style=\"padding-top:var(--wp--preset--spacing--80);padding-bottom:var(--wp--preset--spacing--80)\">\n<h2 class=\"wp-block-heading\" style=\"padding-top:var(--wp--preset--spacing--40);padding-bottom:var(--wp--preset--spacing--40);font-size:25px;font-style:normal;font-weight:600;text-transform:capitalize\">Compara y explora perfiles relacionados<\/h2>\n\n\n\n<p>Ver estas opciones para otras necesidades de iluminaci\u00f3n:<\/p>\n\n\n\n<ul class=\"wp-block-list\">\n<li><a href=\"https:\/\/tangooled.com\/es\/product\/surface-mount-led-profile-with-frosted-diffuser-for-10mm-rope-lights\/\"><mark style=\"background-color:rgba(0, 0, 0, 0)\" class=\"has-inline-color has-vivid-red-color\">Perfil LED de montaje en superficie con difusor esmerilado para luces de cuerda de 10 mm<\/mark><\/a><\/li>\n\n\n\n<li><a href=\"https:\/\/tangooled.com\/es\/product\/black-aluminum-u-channel-profile-for-10mm-led-strips\/\"><mark style=\"background-color:rgba(0, 0, 0, 0)\" class=\"has-inline-color has-vivid-red-color\">Perfil de canal en U de aluminio negro para tiras LED de 10mm<\/mark><\/a><\/li>\n\n\n\n<li><a href=\"https:\/\/tangooled.com\/es\/product\/25x14m-surface-mounted-led-light-aluminum-profile\/\"><mark style=\"background-color:rgba(0, 0, 0, 0)\" class=\"has-inline-color has-vivid-red-color\">Perfil de aluminio LED de montaje en superficie de 25x14mm<\/mark><\/a><\/li>\n\n\n\n<li><a href=\"https:\/\/tangooled.com\/es\/product\/v-shape-diffuser-corner-aluminum-led-profile-inner-20mm\/\"><mark style=\"background-color:rgba(0, 0, 0, 0)\" class=\"has-inline-color has-vivid-red-color\">Difusor en forma de V, perfil de aluminio LED en esquina, interior 20mm<\/mark><\/a><\/li>\n<\/ul>\n<\/div>\n\n\n\n<div class=\"wp-block-group\" style=\"padding-top:var(--wp--preset--spacing--80);padding-bottom:var(--wp--preset--spacing--80)\"><div class=\"wp-block-group__inner-container is-layout-constrained wp-block-group-is-layout-constrained\">\n<h2 class=\"wp-block-heading\" style=\"padding-top:var(--wp--preset--spacing--40);padding-bottom:var(--wp--preset--spacing--40);font-size:25px;font-style:normal;font-weight:600;text-transform:capitalize\">Resumen: Construido para esquinas brillantes<\/h2>\n\n\n\n<p>Nuestro perfil LED negro para esquina de 30x30mm es la opci\u00f3n perfecta para quienes desean una iluminaci\u00f3n LED de esquina limpia y profesional. El difusor opalino, el acabado negro mate y el fuerte canal en V de aluminio trabajan juntos para que se vea bien y funcione bien. Puedes usarlo en cocinas, oficinas, tiendas minoristas o en cualquier lugar que necesite iluminaci\u00f3n de esquina brillante y uniforme.<\/p>\n<\/div><\/div>\n\n\n\n<p><\/p>","protected":false},"featured_media":14070,"template":"","meta":{"_acf_changed":true,"_seopress_robots_primary_cat":"none","_seopress_titles_title":"30x30mm Corner Mount Black LED Profile | V-Channel | TANGOOLED","_seopress_titles_desc":"Source the LA30B 30x30mm corner mount black led profile. Heavy-duty black aluminum V-channel for architectural corner lighting projects. Durable & sleek.","_seopress_robots_index":""},"pcb-width":[229],"product-cat":[196],"class_list":{"0":"post-34906","1":"product","2":"type-product","3":"status-publish","4":"has-post-thumbnail","6":"pcb-width-15-20mm","7":"product-cat-corner-profile"},"acf":[],"_links":{"self":[{"href":"https:\/\/tangooled.com\/es\/wp-json\/wp\/v2\/product\/34906","targetHints":{"allow":["GET"]}}],"collection":[{"href":"https:\/\/tangooled.com\/es\/wp-json\/wp\/v2\/product"}],"about":[{"href":"https:\/\/tangooled.com\/es\/wp-json\/wp\/v2\/types\/product"}],"wp:featuredmedia":[{"embeddable":true,"href":"https:\/\/tangooled.com\/es\/wp-json\/wp\/v2\/media\/14070"}],"wp:attachment":[{"href":"https:\/\/tangooled.com\/es\/wp-json\/wp\/v2\/media?parent=34906"}],"wp:term":[{"taxonomy":"pcb-width","embeddable":true,"href":"https:\/\/tangooled.com\/es\/wp-json\/wp\/v2\/pcb-width?post=34906"},{"taxonomy":"product-cat","embeddable":true,"href":"https:\/\/tangooled.com\/es\/wp-json\/wp\/v2\/product-cat?post=34906"}],"curies":[{"name":"wp","href":"https:\/\/api.w.org\/{rel}","templated":true}]}}