{"id":34903,"date":"2025-06-30T22:27:09","date_gmt":"2025-07-01T06:27:09","guid":{"rendered":"https:\/\/tangooled.com\/?post_type=product&#038;p=34903"},"modified":"2026-02-02T02:18:42","modified_gmt":"2026-02-02T10:18:42","slug":"slim-corner-led-channel-for-5mm-strips-la05","status":"publish","type":"product","link":"https:\/\/tangooled.com\/es\/product\/slim-corner-led-channel-for-5mm-strips-la05\/","title":{"rendered":"Perfil de canal LED en esquina delgado para tira de LED de 5 mm"},"content":{"rendered":"<div class=\"wp-block-group is-vertical is-layout-flex wp-container-core-group-is-layout-d255d7c4 wp-block-group-is-layout-flex\" style=\"padding-top:var(--wp--preset--spacing--80);padding-bottom:var(--wp--preset--spacing--80)\">\n<p>Nuestro perfil de canal LED en esquina delgado LA05 para luces de tira LED de 5 mm har\u00e1 que tu iluminaci\u00f3n se vea brillante y limpia. Esta es una forma inteligente y f\u00e1cil de proteger tus tiras LED y mantenerlas en excelente estado en lugares confinados. Esta extrusi\u00f3n de aluminio tiene un perfil extremadamente bajo y mide solo 20.8 mm de ancho y 11.8 mm de alto por fuera. La cavidad interior es de 8.6 mm. Tiene un aspecto elegante y compacto que le permite encajar bien en una esquina y emitir luz suavemente en un \u00e1ngulo. Esto lo hace adecuado para iluminaci\u00f3n delgada, estrecha o iluminaci\u00f3n de acento delicada.<\/p>\n<\/div>\n\n\n\n<div class=\"wp-block-group has-background is-vertical is-layout-flex wp-container-core-group-is-layout-d255d7c4 wp-block-group-is-layout-flex\" style=\"background-color:#f1f1f1;padding-top:var(--wp--preset--spacing--80);padding-bottom:var(--wp--preset--spacing--80)\">\n<div class=\"wp-block-group is-vertical is-layout-flex wp-container-core-group-is-layout-8cf370e7 wp-block-group-is-layout-flex\">\n<h2 class=\"wp-block-heading\" style=\"padding-top:var(--wp--preset--spacing--40);padding-bottom:var(--wp--preset--spacing--40);font-size:25px;font-style:normal;font-weight:600;text-transform:capitalize\">\u00bfPor qu\u00e9 elegir este canal LED en esquina delgado?<\/h2>\n\n\n\n<ul class=\"wp-block-list\">\n<li>Fits in tight spaces: This little LED channel for corners fits where bigger channels can&#8217;t.<\/li>\n\n\n\n<li>Hecho de un aluminio resistente, protege tus tiras LED y funciona como un disipador de calor.<\/li>\n\n\n\n<li>Viene con un difusor esmerilado que hace que la luz sea brillante pero suave sin bordes afilados.<\/li>\n\n\n\n<li>F\u00e1cil de armar: Viene con tornillos y tapas de extremo, as\u00ed que puedes hacerlo r\u00e1pidamente.<\/li>\n\n\n\n<li>Funciona con tiras LED de 5 mm: Se adapta bien a cintas LED estrechas.<\/li>\n\n\n\n<li>Bueno para interiores: Ideal para iluminar esquinas en casas y otros lugares.<\/li>\n<\/ul>\n<\/div>\n<\/div>\n\n\n\n<div class=\"wp-block-group\" style=\"padding-top:var(--wp--preset--spacing--60);padding-bottom:var(--wp--preset--spacing--60)\"><div class=\"wp-block-group__inner-container is-layout-constrained wp-block-group-is-layout-constrained\">\n<div class=\"wp-block-media-text has-media-on-the-right is-stacked-on-mobile\" style=\"grid-template-columns:auto 40%\"><div class=\"wp-block-media-text__content\">\n<h2 class=\"wp-block-heading\" style=\"padding-top:var(--wp--preset--spacing--40);padding-bottom:var(--wp--preset--spacing--40);font-size:25px;font-style:normal;font-weight:600;text-transform:capitalize\">C\u00f3mo armarlo<\/h2>\n\n\n\n<ul class=\"wp-block-list\">\n<li>Usa los tornillos o pegamento para fijar el canal a la esquina.<\/li>\n\n\n\n<li>Coloca la tira LED de 5 mm dentro del canal estrecho.<\/li>\n\n\n\n<li>Para suavizar la luz, pon la cubierta difusora esmerilada.<\/li>\n\n\n\n<li>Coloca las tapas de extremo para que los bordes se vean bien.<\/li>\n<\/ul>\n<\/div><figure class=\"wp-block-media-text__media\"><img loading=\"lazy\" decoding=\"async\" width=\"500\" height=\"500\" src=\"https:\/\/tangooled.com\/wp-content\/uploads\/2025\/06\/la05-ins.webp\" alt=\"Perfil de canal LED en esquina delgado para tira de LED de 5 mm\" class=\"wp-image-41944 size-full\" srcset=\"https:\/\/tangooled.com\/wp-content\/uploads\/2025\/06\/la05-ins.webp 500w, https:\/\/tangooled.com\/wp-content\/uploads\/2025\/06\/la05-ins-300x300.webp 300w, https:\/\/tangooled.com\/wp-content\/uploads\/2025\/06\/la05-ins-150x150.webp 150w\" sizes=\"auto, (max-width: 500px) 100vw, 500px\" \/><\/figure><\/div>\n<\/div><\/div>\n\n\n\n<div class=\"wp-block-group has-background is-vertical is-layout-flex wp-container-core-group-is-layout-b429018a wp-block-group-is-layout-flex\" style=\"background-color:#f1f1f1f2;padding-top:var(--wp--preset--spacing--70);padding-bottom:var(--wp--preset--spacing--70)\">\n<h2 class=\"wp-block-heading\" style=\"padding-top:var(--wp--preset--spacing--40);padding-bottom:var(--wp--preset--spacing--40);font-size:25px;font-style:normal;font-weight:600;text-transform:capitalize\">\u00bfD\u00f3nde puedes usar nuestro canal LED en esquina delgado?<\/h2>\n\n\n\n<p>Esta forma peque\u00f1a es excelente para muchos proyectos que necesitan una iluminaci\u00f3n limpia en las esquinas, como:<\/p>\n\n\n\n<ul class=\"wp-block-list\">\n<li>Iluminaci\u00f3n debajo de gabinetes en cocinas o lugares de trabajo<\/li>\n\n\n\n<li>Iluminaci\u00f3n en vitrinas en tiendas&nbsp;<\/li>\n\n\n\n<li>Iluminaci\u00f3n en armarios y roperos para f\u00e1cil acceso<\/li>\n\n\n\n<li>Iluminaci\u00f3n indirecta a lo largo del borde de una estanter\u00eda<\/li>\n<\/ul>\n<\/div>\n\n\n\n<div class=\"wp-block-group is-vertical is-layout-flex wp-container-core-group-is-layout-d255d7c4 wp-block-group-is-layout-flex\" style=\"padding-top:var(--wp--preset--spacing--80);padding-bottom:var(--wp--preset--spacing--80)\">\n<h2 class=\"wp-block-heading\" style=\"padding-top:var(--wp--preset--spacing--40);padding-bottom:var(--wp--preset--spacing--40);font-size:25px;font-style:normal;font-weight:600;text-transform:capitalize\">Aprender m\u00e1s sobre productos relacionados<\/h2>\n\n\n\n<ul class=\"wp-block-list\">\n<li>Our black led profile with black diffuser for 10mm led strip light \u2014 a great choice for wider LED tapes.<\/li>\n\n\n\n<li>El canal de perfil de aluminio para tira LED con cubierta difusa de 6 mm de altura para instalaciones de bajo perfil.<\/li>\n\n\n\n<li>O prueba la barra r\u00edgida de canal de aluminio de 8x9 mm para tiras LED de 5 mm para un tama\u00f1o y conjunto de caracter\u00edsticas ligeramente diferentes.<\/li>\n<\/ul>\n<\/div>\n\n\n\n<div class=\"wp-block-group has-background\" style=\"background-color:#f1f1f1;padding-top:var(--wp--preset--spacing--80);padding-bottom:var(--wp--preset--spacing--80)\"><div class=\"wp-block-group__inner-container is-layout-constrained wp-block-group-is-layout-constrained\">\n<h2 class=\"wp-block-heading\" style=\"padding-top:var(--wp--preset--spacing--40);padding-bottom:var(--wp--preset--spacing--40);font-size:25px;font-style:normal;font-weight:600;text-transform:capitalize\">Resumen<\/h2>\n\n\n\n<p style=\"padding-right:var(--wp--preset--spacing--50);padding-left:var(--wp--preset--spacing--50)\">El perfil de canal LED en esquina delgado para luces de tira LED de 5 mm es un m\u00e9todo \u00fatil y atractivo para preservar y exhibir tus tiras LED estrechas. Transforma esquinas duras en bordes c\u00e1lidos y brillantes con un dise\u00f1o limpio y b\u00e1sico y una construcci\u00f3n robusta. \u00dasalo para obtener una hermosa luz uniforme en una iluminaci\u00f3n interdisciplinaria de calidad en esquinas interiores, como en cocinas y vitrinas de exhibici\u00f3n.<\/p>\n<\/div><\/div>\n\n\n\n<p><\/p>","protected":false},"featured_media":14066,"template":"","meta":{"_acf_changed":true,"_seopress_robots_primary_cat":"none","_seopress_titles_title":"Slim Corner LED Channel for 5mm Strips LA05 | TANGOOLED","_seopress_titles_desc":"TANGOO's ultra-slim corner LED channel (LA05) specifically designed for 5mm LED strips. Ideal for minimalist lighting in tight spaces.","_seopress_robots_index":""},"pcb-width":[228],"product-cat":[196],"class_list":{"0":"post-34903","1":"product","2":"type-product","3":"status-publish","4":"has-post-thumbnail","6":"pcb-width-6-12mm","7":"product-cat-corner-profile"},"acf":[],"_links":{"self":[{"href":"https:\/\/tangooled.com\/es\/wp-json\/wp\/v2\/product\/34903","targetHints":{"allow":["GET"]}}],"collection":[{"href":"https:\/\/tangooled.com\/es\/wp-json\/wp\/v2\/product"}],"about":[{"href":"https:\/\/tangooled.com\/es\/wp-json\/wp\/v2\/types\/product"}],"wp:featuredmedia":[{"embeddable":true,"href":"https:\/\/tangooled.com\/es\/wp-json\/wp\/v2\/media\/14066"}],"wp:attachment":[{"href":"https:\/\/tangooled.com\/es\/wp-json\/wp\/v2\/media?parent=34903"}],"wp:term":[{"taxonomy":"pcb-width","embeddable":true,"href":"https:\/\/tangooled.com\/es\/wp-json\/wp\/v2\/pcb-width?post=34903"},{"taxonomy":"product-cat","embeddable":true,"href":"https:\/\/tangooled.com\/es\/wp-json\/wp\/v2\/product-cat?post=34903"}],"curies":[{"name":"wp","href":"https:\/\/api.w.org\/{rel}","templated":true}]}}