{"id":34901,"date":"2025-06-30T22:24:57","date_gmt":"2025-07-01T06:24:57","guid":{"rendered":"https:\/\/tangooled.com\/?post_type=product&#038;p=34901"},"modified":"2026-02-02T22:26:04","modified_gmt":"2026-02-03T06:26:04","slug":"45-degree-corner-led-aluminum-channel","status":"publish","type":"product","link":"https:\/\/tangooled.com\/es\/product\/45-degree-corner-led-aluminum-channel\/","title":{"rendered":"Canal de aluminio en esquina a 45 grados para tiras LED de 10 mm"},"content":{"rendered":"<div class=\"wp-block-group is-vertical is-layout-flex wp-container-core-group-is-layout-d255d7c4 wp-block-group-is-layout-flex\" style=\"padding-top:var(--wp--preset--spacing--80);padding-bottom:var(--wp--preset--spacing--80)\">\n<p>Our 45-degree corner LED channel is designed for 10mm LED strips and will enhance your lighting project. This V-shaped aluminum channel fits nicely in any corner and provides smooth, even light while keeping your LED lights safe and cool. This corner channel measures 19.0mm by 19.0mm on the outside and 11.2mm on the inside. It gives you clean, brilliant light exactly where you want it, whether you&#8217;re lighting up a corner of the kitchen, a wardrobe, or a display case. The installation is safe and easy. First, use screws to attach the mounting clips to the surface. Then, snap the profile into the secured clips.<\/p>\n<\/div>\n\n\n\n<div class=\"wp-block-group has-background is-vertical is-layout-flex wp-container-core-group-is-layout-d255d7c4 wp-block-group-is-layout-flex\" style=\"background-color:#f1f1f1;padding-top:var(--wp--preset--spacing--80);padding-bottom:var(--wp--preset--spacing--80)\">\n<div class=\"wp-block-group is-vertical is-layout-flex wp-container-core-group-is-layout-8cf370e7 wp-block-group-is-layout-flex\">\n<h2 class=\"wp-block-heading\" style=\"padding-top:var(--wp--preset--spacing--40);padding-bottom:var(--wp--preset--spacing--40);font-size:25px;font-style:normal;font-weight:600;text-transform:capitalize\">\u00bfPor qu\u00e9 elegir nuestro canal de aluminio LED de esquina de 45 grados?<\/h2>\n\n\n\n<ul class=\"wp-block-list\">\n<li>El dise\u00f1o perfecto para un \u00e1ngulo de 45 grados: Nuestra extrusi\u00f3n LED inclinada crea una l\u00ednea de luz clara y n\u00edtida en cualquier esquina de 90 grados. El canal de aluminio en forma de V dirige el haz exactamente a 45 grados, lo cual es ideal para iluminaci\u00f3n de coves e iluminaci\u00f3n bajo armarios.<\/li>\n\n\n\n<li>Frosted Cover for Smooth Light Diffusion: The frosted diffuser cover that comes with it gets rid of the &#8220;dotted&#8221; aspect that uncovered strip lights have. This makes the light strip diffuser look dotless, which gives every space a soft glow.<\/li>\n\n\n\n<li>Protecci\u00f3n fuerte y duradera: Nuestro robusto perfil de aluminio para tiras LED mantendr\u00e1 tus costosas tiras LED a salvo del polvo, la humedad y da\u00f1os f\u00edsicos. Asegura que la luz dure mucho tiempo sin perder brillo.<\/li>\n\n\n\n<li>Kit de instalaci\u00f3n completo: Cada caja viene con clips de montaje, tapas de extremo (con y sin orificios para cables), y la lente opalina para el canal LED. Todo lo que necesitas para una instalaci\u00f3n r\u00e1pida y f\u00e1cil.<\/li>\n<\/ul>\n<\/div>\n<\/div>\n\n\n\n<div class=\"wp-block-group\" style=\"padding-top:var(--wp--preset--spacing--60);padding-bottom:var(--wp--preset--spacing--60)\"><div class=\"wp-block-group__inner-container is-layout-constrained wp-block-group-is-layout-constrained\">\n<div class=\"wp-block-media-text has-media-on-the-right is-stacked-on-mobile\" style=\"grid-template-columns:auto 40%\"><div class=\"wp-block-media-text__content\">\n<h2 class=\"wp-block-heading\" style=\"padding-top:var(--wp--preset--spacing--40);padding-bottom:var(--wp--preset--spacing--40);font-size:25px;font-style:normal;font-weight:600;text-transform:capitalize\">C\u00f3mo instalarlo<\/h2>\n\n\n\n<ul class=\"wp-block-list\">\n<li>Coloca clips en la esquina interna donde deseas que vaya la luz.<\/li>\n\n\n\n<li>Aseg\u00farate de que el canal de aluminio encaje firmemente en los clips.<\/li>\n\n\n\n<li>Coloca tu cinta LED de 10 mm dentro del canal para que se ajuste perfectamente.<\/li>\n\n\n\n<li>Coloca la cubierta difusora esmerilada encima y finaliza con tapas de extremo para darle un aspecto pulido.<\/li>\n<\/ul>\n<\/div><figure class=\"wp-block-media-text__media\"><img loading=\"lazy\" decoding=\"async\" width=\"500\" height=\"500\" src=\"https:\/\/tangooled.com\/wp-content\/uploads\/2025\/06\/ila04-ins.webp\" alt=\"45 degree corner led aluminum channel for 10mm led strips\" class=\"wp-image-41941 size-full\" srcset=\"https:\/\/tangooled.com\/wp-content\/uploads\/2025\/06\/ila04-ins.webp 500w, https:\/\/tangooled.com\/wp-content\/uploads\/2025\/06\/ila04-ins-300x300.webp 300w, https:\/\/tangooled.com\/wp-content\/uploads\/2025\/06\/ila04-ins-150x150.webp 150w\" sizes=\"auto, (max-width: 500px) 100vw, 500px\" \/><\/figure><\/div>\n<\/div><\/div>\n\n\n\n<div class=\"wp-block-group has-background\" style=\"background-color:#f1f1f1;padding-top:var(--wp--preset--spacing--80);padding-bottom:var(--wp--preset--spacing--80)\"><div class=\"wp-block-group__inner-container is-layout-constrained wp-block-group-is-layout-constrained\">\n<h2 class=\"wp-block-heading\" style=\"padding-top:var(--wp--preset--spacing--40);padding-bottom:var(--wp--preset--spacing--40);font-size:25px;font-style:normal;font-weight:600;text-transform:capitalize\">what&#8217;s in the box?<\/h2>\n\n\n\n<ul class=\"wp-block-list\">\n<li>Un canal de aluminio anodizado<\/li>\n\n\n\n<li>Una cubierta difusora opalina<\/li>\n\n\n\n<li>Dos clips de montaje por cada metro<\/li>\n\n\n\n<li>Dos tapas de extremo (una sellada y otra con un orificio para un cable)<\/li>\n<\/ul>\n<\/div><\/div>\n\n\n\n<div class=\"wp-block-group\" style=\"padding-top:var(--wp--preset--spacing--80);padding-bottom:var(--wp--preset--spacing--80)\"><div class=\"wp-block-group__inner-container is-layout-constrained wp-block-group-is-layout-constrained\">\n<h2 class=\"wp-block-heading\" style=\"padding-top:var(--wp--preset--spacing--40);padding-bottom:var(--wp--preset--spacing--40);font-size:25px;font-style:normal;font-weight:600;text-transform:capitalize\">Formas comunes de usar<\/h2>\n\n\n\n<ul class=\"wp-block-list\">\n<li>Iluminaci\u00f3n bajo el armario y el mostrador: Ideal para instalar luces brillantes y libres de deslumbramiento en las esquinas de las cocinas y bajo los mostradores para proporcionar una iluminaci\u00f3n de tarea focalizada.<\/li>\n\n\n\n<li>Iluminaci\u00f3n para el cove y escaleras: Dise\u00f1o a medida para canales de iluminaci\u00f3n de coves y luces de escaleras con difusor de tira LED en \u00e1ngulo para seguridad y estilo.<\/li>\n\n\n\n<li>Lighting for Displays and Shelves: Use beautiful display case lighting that doesn&#8217;t create hotspots or harsh glare to draw attention to your products or decor.<\/li>\n\n\n\n<li>Iluminaci\u00f3n para armarios y roperos: La iluminaci\u00f3n limpia e integrada del riel de armario con efecto de fixture de iluminaci\u00f3n LED lineal asegura que no haya huecos en las sombras.<\/li>\n<\/ul>\n<\/div><\/div>\n\n\n\n<div class=\"wp-block-group has-background\" style=\"background-color:#f1f1f1;padding-top:var(--wp--preset--spacing--80);padding-bottom:var(--wp--preset--spacing--80)\"><div class=\"wp-block-group__inner-container is-layout-constrained wp-block-group-is-layout-constrained\">\n<h2 class=\"wp-block-heading\" style=\"padding-top:var(--wp--preset--spacing--40);padding-bottom:var(--wp--preset--spacing--40);font-size:25px;font-style:normal;font-weight:600;text-transform:capitalize\">Tiras LED que funcionan con<\/h2>\n\n\n\n<p>Este canal LED de esquina de 45 grados funciona con lo siguiente:<\/p>\n\n\n\n<ul class=\"wp-block-list\">\n<li>Tiras con SMD 5050, SMD 2835, SMD 3528 y SMD 5630<\/li>\n\n\n\n<li>Marcas reconocidas como Philips Hue Lightstrip<\/li>\n\n\n\n<li>Tiras LED con un PCB que no sea m\u00e1s ancho que 10 mm<\/li>\n<\/ul>\n\n\n\n<p>Explora m\u00e1s soluciones de iluminaci\u00f3n como <a href=\"https:\/\/tangooled.com\/es\/product\/led-strip-light-channel-aluminum-profile-with-diffused-cover-6mm-height\/\"><mark style=\"background-color:rgba(0, 0, 0, 0)\" class=\"has-inline-color has-vivid-red-color\">Perfil de aluminio para tira LED con cubierta difusora de 6mm de altura<\/mark><\/a> y <mark style=\"background-color:rgba(0, 0, 0, 0)\" class=\"has-inline-color has-vivid-red-color\"><a href=\"https:\/\/tangooled.com\/es\/product\/led-diffuser-aluminum-profile-for-for-12mm-led-strip-lighting\/\">Canal de aluminio difusor LED negro para luces de cinta de 12mm<\/a> <\/mark>para completar tu proyecto de iluminaci\u00f3n.<\/p>\n<\/div><\/div>\n\n\n\n<p><\/p>","protected":false},"featured_media":14035,"template":"","meta":{"_acf_changed":false,"_seopress_robots_primary_cat":"none","_seopress_titles_title":"45 Degree Corner LED Channel for 10mm Strips | TANGOOLED","_seopress_titles_desc":"Professional 45 degree corner LED channel (ILA04) for 10mm strips. Angled aluminum extrusion designed for perfect under-cabinet & shelf lighting.","_seopress_robots_index":""},"pcb-width":[228],"product-cat":[196],"class_list":{"0":"post-34901","1":"product","2":"type-product","3":"status-publish","4":"has-post-thumbnail","6":"pcb-width-6-12mm","7":"product-cat-corner-profile"},"acf":[],"_links":{"self":[{"href":"https:\/\/tangooled.com\/es\/wp-json\/wp\/v2\/product\/34901","targetHints":{"allow":["GET"]}}],"collection":[{"href":"https:\/\/tangooled.com\/es\/wp-json\/wp\/v2\/product"}],"about":[{"href":"https:\/\/tangooled.com\/es\/wp-json\/wp\/v2\/types\/product"}],"wp:featuredmedia":[{"embeddable":true,"href":"https:\/\/tangooled.com\/es\/wp-json\/wp\/v2\/media\/14035"}],"wp:attachment":[{"href":"https:\/\/tangooled.com\/es\/wp-json\/wp\/v2\/media?parent=34901"}],"wp:term":[{"taxonomy":"pcb-width","embeddable":true,"href":"https:\/\/tangooled.com\/es\/wp-json\/wp\/v2\/pcb-width?post=34901"},{"taxonomy":"product-cat","embeddable":true,"href":"https:\/\/tangooled.com\/es\/wp-json\/wp\/v2\/product-cat?post=34901"}],"curies":[{"name":"wp","href":"https:\/\/api.w.org\/{rel}","templated":true}]}}