{"id":34899,"date":"2025-06-30T22:21:50","date_gmt":"2025-07-01T06:21:50","guid":{"rendered":"https:\/\/tangooled.com\/?post_type=product&#038;p=34899"},"modified":"2026-02-02T02:17:44","modified_gmt":"2026-02-02T10:17:44","slug":"19x19mm-corner-mount-led-aluminum-profile-inner-width-11mm","status":"publish","type":"product","link":"https:\/\/tangooled.com\/es\/product\/19x19mm-corner-mount-led-aluminum-profile-inner-width-11mm\/","title":{"rendered":"Perfil de aluminio LED para montaje en esquina de 19x19 mm, ancho interior 11 mm"},"content":{"rendered":"<div class=\"wp-block-group is-vertical is-layout-flex wp-container-core-group-is-layout-d255d7c4 wp-block-group-is-layout-flex\" style=\"padding-top:var(--wp--preset--spacing--80);padding-bottom:var(--wp--preset--spacing--80)\">\n<p>\u00bfQuieres instalar luces LED en las esquinas de manera inteligente? \u00a1El perfil LED de montaje en esquina de 19x19mm es el tama\u00f1o ideal! Este perfil de aluminio est\u00e1 hecho para encajar perfectamente en esquinas de 90 grados (o salida de luz en \u00e1ngulo de 45 grados), lo que hace que tus tiras LED se vean elegantes y modernas. El ancho interno del perfil es de 11mm, lo que es perfecto para la mayor\u00eda de las tiras LED estrechas y brillantes. Este perfil te ayuda a lograr una iluminaci\u00f3n suave y uniforme en las esquinas de tu hogar o negocio.<\/p>\n<\/div>\n\n\n\n<div class=\"wp-block-group has-background is-vertical is-layout-flex wp-container-core-group-is-layout-d255d7c4 wp-block-group-is-layout-flex\" style=\"background-color:#f1f1f1;padding-top:var(--wp--preset--spacing--80);padding-bottom:var(--wp--preset--spacing--80)\">\n<div class=\"wp-block-group is-vertical is-layout-flex wp-container-core-group-is-layout-8cf370e7 wp-block-group-is-layout-flex\">\n<h2 class=\"wp-block-heading\" style=\"padding-top:var(--wp--preset--spacing--40);padding-bottom:var(--wp--preset--spacing--40);font-size:25px;font-style:normal;font-weight:600;text-transform:capitalize\">\u00bfPor qu\u00e9 elegir este perfil LED de montaje en esquina de 19x19mm?<\/h2>\n\n\n\n<ul class=\"wp-block-list\">\n<li>Fuerte y ligero: Hecho de aluminio duradero (6063 Aluminio de Aviaci\u00f3n) que dura mucho tiempo.<\/li>\n\n\n\n<li>Funciona con tiras LED que tienen hasta 11mm de ancho, lo que acomoda muchos tipos comunes de LEDs.<\/li>\n\n\n\n<li>Buen disipador de calor: Esto mantiene las tiras LED frescas, lo que las hace durar m\u00e1s.<\/li>\n\n\n\n<li>Cubierta clara o esmerilada: Puedes elegir una cubierta que haga la luz suave o clara.<\/li>\n\n\n\n<li>F\u00e1cil de instalar: Se ajusta con precisi\u00f3n en las esquinas y crea l\u00edneas de luz claras y n\u00edtidas.<\/li>\n\n\n\n<li>Funciona bien en interiores: \u00dasalo en cocinas, ba\u00f1os, estantes y closets.<\/li>\n<\/ul>\n<\/div>\n<\/div>\n\n\n\n<div class=\"wp-block-group\" style=\"padding-top:var(--wp--preset--spacing--60);padding-bottom:var(--wp--preset--spacing--60)\"><div class=\"wp-block-group__inner-container is-layout-constrained wp-block-group-is-layout-constrained\">\n<div class=\"wp-block-media-text has-media-on-the-right is-stacked-on-mobile\" style=\"grid-template-columns:auto 40%\"><div class=\"wp-block-media-text__content\">\n<h2 class=\"wp-block-heading\" style=\"padding-top:var(--wp--preset--spacing--40);padding-bottom:var(--wp--preset--spacing--40);font-size:25px;font-style:normal;font-weight:600;text-transform:capitalize\">F\u00e1cil de instalar y usar<\/h2>\n\n\n\n<ul class=\"wp-block-list\">\n<li>Col\u00f3calo en la esquina en un \u00e1ngulo de 45 grados.<\/li>\n\n\n\n<li>Coloque su tira LED dentro del canal.<\/li>\n\n\n\n<li>Coloca la cubierta difusora que elijas.<\/li>\n\n\n\n<li>Utiliza tornillos o clips de montaje para mantenerlo en su lugar.<\/li>\n<\/ul>\n<\/div><figure class=\"wp-block-media-text__media\"><img loading=\"lazy\" decoding=\"async\" width=\"500\" height=\"500\" src=\"https:\/\/tangooled.com\/wp-content\/uploads\/2025\/06\/la04-ins.webp\" alt=\"Perfil de aluminio LED para montaje en esquina de 19x19 mm, ancho interior 11 mm\" class=\"wp-image-41957 size-full\" srcset=\"https:\/\/tangooled.com\/wp-content\/uploads\/2025\/06\/la04-ins.webp 500w, https:\/\/tangooled.com\/wp-content\/uploads\/2025\/06\/la04-ins-300x300.webp 300w, https:\/\/tangooled.com\/wp-content\/uploads\/2025\/06\/la04-ins-150x150.webp 150w\" sizes=\"auto, (max-width: 500px) 100vw, 500px\" \/><\/figure><\/div>\n<\/div><\/div>\n\n\n\n<div class=\"wp-block-group has-background is-vertical is-layout-flex wp-container-core-group-is-layout-b429018a wp-block-group-is-layout-flex\" style=\"background-color:#f1f1f1f2;padding-top:var(--wp--preset--spacing--70);padding-bottom:var(--wp--preset--spacing--70)\">\n<h2 class=\"wp-block-heading\" style=\"padding-top:var(--wp--preset--spacing--40);padding-bottom:var(--wp--preset--spacing--40);font-size:25px;font-style:normal;font-weight:600\">\u00bfPara qu\u00e9 puedes usarlo?<\/h2>\n\n\n\n<p>Funciona bien en muchos lugares, como:<\/p>\n\n\n\n<ul class=\"wp-block-list\">\n<li>Esquinas de la casa: bajo gabinetes, en closets o en estantes.<\/li>\n\n\n\n<li>Tiendas: Usa iluminaci\u00f3n brillante en las esquinas para exhibir tus productos.<\/li>\n\n\n\n<li>Oficinas: Usa luz limpia para iluminar las esquinas.<\/li>\n\n\n\n<li>Hoteles y restaurantes: Haz que las habitaciones se vean modernas y acogedoras.<\/li>\n<\/ul>\n<\/div>\n\n\n\n<div class=\"wp-block-group\" style=\"padding-top:var(--wp--preset--spacing--80);padding-bottom:var(--wp--preset--spacing--80)\"><div class=\"wp-block-group__inner-container is-layout-constrained wp-block-group-is-layout-constrained\">\n<h2 class=\"wp-block-heading\" style=\"padding-top:var(--wp--preset--spacing--40);padding-bottom:var(--wp--preset--spacing--40);font-size:25px;font-style:normal;font-weight:600;text-transform:capitalize\">Perfiles relacionados que te pueden gustar<\/h2>\n\n\n\n<ul class=\"wp-block-list\">\n<li><a href=\"https:\/\/tangooled.com\/es\/product\/black-led-diffuser-aluminum-channel-for-12mm-tape-lights\/\"><mark style=\"background-color:rgba(0, 0, 0, 0)\" class=\"has-inline-color has-vivid-red-color\">Canal de aluminio difusor LED negro para luces de cinta de 12 mm<\/mark><\/a> \u2014 For wider LED strips.<\/li>\n\n\n\n<li><a href=\"https:\/\/tangooled.com\/es\/product\/17mm-led-strip-light-aluminum-channel-for-surface-mounting\/\"><mark style=\"background-color:rgba(0, 0, 0, 0)\" class=\"has-inline-color has-vivid-red-color\">Canal de aluminio para tira LED de 17 mm para montaje en superficie<\/mark> <\/a>\u2014 Slim surface mount option.<\/li>\n\n\n\n<li><a href=\"https:\/\/tangooled.com\/es\/product\/45-degree-corner-led-aluminum-channel-for-10mm-led-strips\/\"><mark style=\"background-color:rgba(0, 0, 0, 0)\" class=\"has-inline-color has-vivid-red-color\">Canal LED de esquina de 45 grados para tiras LED de 10mm<\/mark><\/a> \u2014 Slightly narrower but similar style.<\/li>\n<\/ul>\n\n\n\n<p>This 19x19mm corner LED profile is made\u00a0for 45-degree angles and can hold\u00a0strips up to 11mm wide. It delivers a seamless, dot-free glow. This is a wonderful choice for hotels, stores, and homes who desire bright, professional lighting. This profile provides you with a look that is both sleek and brilliant, making it perfect for corners that want both beauty and quality.<\/p>\n<\/div><\/div>\n\n\n\n<div class=\"wp-block-group has-background\" style=\"background-color:#f1f1f1;padding-top:var(--wp--preset--spacing--80);padding-bottom:var(--wp--preset--spacing--80)\"><div class=\"wp-block-group__inner-container is-layout-constrained wp-block-group-is-layout-constrained\">\n<h2 class=\"wp-block-heading\" style=\"padding-top:var(--wp--preset--spacing--40);padding-bottom:var(--wp--preset--spacing--40);font-size:25px;font-style:normal;font-weight:600;text-transform:capitalize\">resumen<\/h2>\n\n\n\n<p style=\"padding-right:var(--wp--preset--spacing--50);padding-left:var(--wp--preset--spacing--50)\">This 19x19mm corner LED profile is made\u00a0for 45-degree angles and can hold\u00a0strips up to 11mm wide. It delivers a seamless, dot-free glow. This is a wonderful choice for hotels, stores, and homes that desire bright, professional lighting. This profile provides you with a look that is both sleek and brilliant, making it perfect for corners that want both beauty and quality.<\/p>\n<\/div><\/div>","protected":false},"featured_media":14061,"template":"","meta":{"_acf_changed":true,"_seopress_robots_primary_cat":"none","_seopress_titles_title":"19x19mm Corner Mount LED Profile | 11mm Inner Width | TANGOOLED","_seopress_titles_desc":"19x19mm corner mount LED profile (LA04) with 11mm inner width. Durable aluminum housing for precise 90-degree corner lighting projects.","_seopress_robots_index":""},"pcb-width":[228],"product-cat":[196],"class_list":{"0":"post-34899","1":"product","2":"type-product","3":"status-publish","4":"has-post-thumbnail","6":"pcb-width-6-12mm","7":"product-cat-corner-profile"},"acf":[],"_links":{"self":[{"href":"https:\/\/tangooled.com\/es\/wp-json\/wp\/v2\/product\/34899","targetHints":{"allow":["GET"]}}],"collection":[{"href":"https:\/\/tangooled.com\/es\/wp-json\/wp\/v2\/product"}],"about":[{"href":"https:\/\/tangooled.com\/es\/wp-json\/wp\/v2\/types\/product"}],"wp:featuredmedia":[{"embeddable":true,"href":"https:\/\/tangooled.com\/es\/wp-json\/wp\/v2\/media\/14061"}],"wp:attachment":[{"href":"https:\/\/tangooled.com\/es\/wp-json\/wp\/v2\/media?parent=34899"}],"wp:term":[{"taxonomy":"pcb-width","embeddable":true,"href":"https:\/\/tangooled.com\/es\/wp-json\/wp\/v2\/pcb-width?post=34899"},{"taxonomy":"product-cat","embeddable":true,"href":"https:\/\/tangooled.com\/es\/wp-json\/wp\/v2\/product-cat?post=34899"}],"curies":[{"name":"wp","href":"https:\/\/api.w.org\/{rel}","templated":true}]}}