{"id":34898,"date":"2025-06-30T22:19:00","date_gmt":"2025-07-01T06:19:00","guid":{"rendered":"https:\/\/tangooled.com\/?post_type=product&#038;p=34898"},"modified":"2026-02-02T02:17:08","modified_gmt":"2026-02-02T10:17:08","slug":"18x18mm-led-strip-corner-profile-for-12mm-led-strips","status":"publish","type":"product","link":"https:\/\/tangooled.com\/es\/product\/18x18mm-led-strip-corner-profile-for-12mm-led-strips\/","title":{"rendered":"perfil de esquina de tira LED de 18x18mm para tiras LED de 12 mm"},"content":{"rendered":"<div class=\"wp-block-group is-vertical is-layout-flex wp-container-core-group-is-layout-d255d7c4 wp-block-group-is-layout-flex\" style=\"padding-top:var(--wp--preset--spacing--80);padding-bottom:var(--wp--preset--spacing--80)\">\n<p>The 18x18mm LED strip corner profile is an excellent way to light up corners in a tidy and sturdy way. This robust profile is 18.4mm by 18.4mm on the exterior and fits perfectly into 90-degree angles. It fits 12mm LED strips perfectly within, making it an outstanding option for neat, built-in corner lighting. This profile protects your LED lights and helps them live longer by letting heat escape freely. It&#8217;s simple and safe to set up. First, use screws to attach the mounting clips to the corner. After that, the profile fits tightly into the clips that are already there.<\/p>\n<\/div>\n\n\n\n<div class=\"wp-block-group has-background is-vertical is-layout-flex wp-container-core-group-is-layout-d255d7c4 wp-block-group-is-layout-flex\" style=\"background-color:#f1f1f1;padding-top:var(--wp--preset--spacing--80);padding-bottom:var(--wp--preset--spacing--80)\">\n<div class=\"wp-block-group is-vertical is-layout-flex wp-container-core-group-is-layout-8cf370e7 wp-block-group-is-layout-flex\">\n<h2 class=\"wp-block-heading\" style=\"padding-top:var(--wp--preset--spacing--40);padding-bottom:var(--wp--preset--spacing--40);font-size:25px;font-style:normal;font-weight:600;text-transform:capitalize\">\u00bfPor qu\u00e9 elegir este perfil de esquina para tira LED de 18x18mm?<\/h2>\n\n\n\n<ul class=\"wp-block-list\">\n<li>Compatible con tiras LED de 12mm: Esto funciona con muchos tipos de luces LED, como RGB, RGBW, COB y tiras r\u00edgidas.<\/li>\n\n\n\n<li>Cuerpo fuerte: Fabricado con aluminio anodizado de alta calidad 6063-T5 que mantiene las tiras LED frescas y resiste la oxidaci\u00f3n.<\/li>\n\n\n\n<li>Luz suave: El difusor opalino mate detiene los puntos de luz y dispersa la luz de manera uniforme y suave.<\/li>\n\n\n\n<li>It comes with end caps, a diffuser cover, and mounting clips, so it&#8217;s easy to put together.<\/li>\n<\/ul>\n<\/div>\n<\/div>\n\n\n\n<div class=\"wp-block-group is-vertical is-layout-flex wp-container-core-group-is-layout-d255d7c4 wp-block-group-is-layout-flex\" style=\"padding-top:var(--wp--preset--spacing--80);padding-bottom:var(--wp--preset--spacing--80)\">\n<hr class=\"wp-block-separator has-alpha-channel-opacity\"\/>\n\n\n\n<div class=\"wp-block-media-text has-media-on-the-right is-stacked-on-mobile\" style=\"grid-template-columns:auto 40%\"><div class=\"wp-block-media-text__content\">\n<h2 class=\"wp-block-heading\" style=\"padding-top:var(--wp--preset--spacing--40);padding-bottom:var(--wp--preset--spacing--40);font-size:25px;font-style:normal;font-weight:600;text-transform:capitalize\">c\u00f3mo instalar el canal<\/h2>\n\n\n\n<ul class=\"wp-block-list\">\n<li>Usa clips de montaje para mantenerlo firmemente en las esquinas.<\/li>\n\n\n\n<li>Corta la extrusi\u00f3n para adaptarse a tu ubicaci\u00f3n.<\/li>\n\n\n\n<li>Pega la tira LED en el interior.<\/li>\n\n\n\n<li>Para suavizar la luz, coloca el difusor curvado.<\/li>\n\n\n\n<li>Usa tapas finales para proteger los cables y hacer que se vean bien.<\/li>\n<\/ul>\n<\/div><figure class=\"wp-block-media-text__media\"><img loading=\"lazy\" decoding=\"async\" width=\"500\" height=\"500\" src=\"https:\/\/tangooled.com\/wp-content\/uploads\/2025\/06\/la03-ins.webp\" alt=\"18x18mm led strip corner profile for 12mm led strips\" class=\"wp-image-41953 size-full\" srcset=\"https:\/\/tangooled.com\/wp-content\/uploads\/2025\/06\/la03-ins.webp 500w, https:\/\/tangooled.com\/wp-content\/uploads\/2025\/06\/la03-ins-300x300.webp 300w, https:\/\/tangooled.com\/wp-content\/uploads\/2025\/06\/la03-ins-150x150.webp 150w\" sizes=\"auto, (max-width: 500px) 100vw, 500px\" \/><\/figure><\/div>\n<\/div>\n\n\n\n<div class=\"wp-block-group has-background is-vertical is-layout-flex wp-container-core-group-is-layout-b429018a wp-block-group-is-layout-flex\" style=\"background-color:#f1f1f1f2;padding-top:var(--wp--preset--spacing--70);padding-bottom:var(--wp--preset--spacing--70)\">\n<h2 class=\"wp-block-heading\" style=\"padding-top:var(--wp--preset--spacing--40);padding-bottom:var(--wp--preset--spacing--40);font-size:25px;font-style:normal;font-weight:600;text-transform:capitalize\">\u00bfQu\u00e9 hay en la caja?<\/h2>\n\n\n\n<ul class=\"wp-block-list\">\n<li>1x Canal de aluminio (longitud que compras)<\/li>\n\n\n\n<li>1x Cubierta para difusor opalino<\/li>\n\n\n\n<li>2 clips de montaje para mantenerlo en su lugar<\/li>\n\n\n\n<li>Dos tapas finales, una s\u00f3lida y una con un agujero para un cable<\/li>\n<\/ul>\n<\/div>\n\n\n\n<div class=\"wp-block-group is-vertical is-layout-flex wp-container-core-group-is-layout-d255d7c4 wp-block-group-is-layout-flex\" style=\"padding-top:var(--wp--preset--spacing--80);padding-bottom:var(--wp--preset--spacing--80)\">\n<h2 class=\"wp-block-heading\" style=\"padding-top:var(--wp--preset--spacing--40);padding-bottom:var(--wp--preset--spacing--40);font-size:25px;font-style:normal;font-weight:600;text-transform:capitalize\">Usos comunes para nuestro perfil de esquina de tira LED de 18x18mm<\/h2>\n\n\n\n<ul class=\"wp-block-list\">\n<li>Iluminaci\u00f3n para la cocina: Col\u00f3calo debajo de los gabinetes o en estantes de esquina. Ideal para hacer que las encimeras sean m\u00e1s brillantes con luz constante para leer y cocinar.<\/li>\n\n\n\n<li>Iluminaci\u00f3n en coves para arquitectura: crea hermosas l\u00edneas de luz en los techos o esquinas de las paredes. Haz que cualquier habitaci\u00f3n se vea mejor y se sienta m\u00e1s c\u00e1lida.<\/li>\n\n\n\n<li>Vitrinas de exhibici\u00f3n: Usa tiras de luz en las esquinas elegantes para atraer la atenci\u00f3n hacia los productos y hacerlos destacar.<\/li>\n\n\n\n<li>Muebles y escaleras: Agr\u00e9galas a armarios, estanter\u00edas y los bordes de las escaleras. A\u00f1ade elegancia y seguridad con luces duraderas.<\/li>\n<\/ul>\n<\/div>\n\n\n\n<p>Para m\u00e1s opciones de perfiles de iluminaci\u00f3n y gu\u00edas de bricolaje, visita nuestra colecci\u00f3n: <a href=\"https:\/\/tangooled.com\/es\/product\/black-led-profile-with-black-diffuser-for-10mm-led-strip-light\/\"><mark style=\"background-color:rgba(0, 0, 0, 0)\" class=\"has-inline-color has-vivid-red-color\">Perfil LED negro con difusor negro para luz de tira LED de 10mm<\/mark><\/a>, <a href=\"https:\/\/tangooled.com\/es\/product\/led-strip-light-channel-aluminum-profile-with-diffused-cover-6mm-height\/\"><mark style=\"background-color:rgba(0, 0, 0, 0)\" class=\"has-inline-color has-vivid-red-color\">Perfil de aluminio para canal de luz LED con cubierta difusa de 6 mm de altura<\/mark><\/a>, <a href=\"https:\/\/tangooled.com\/es\/product\/surface-mount-led-profile-with-frosted-diffuser-for-10mm-rope-lights\/\"><mark style=\"background-color:rgba(0, 0, 0, 0)\" class=\"has-inline-color has-vivid-red-color\">Perfil LED de montaje en superficie con difusor esmerilado para luces de cuerda de 10 mm<\/mark><\/a>. <\/p>\n\n\n\n<p>Este perfil de esquina para tira LED de 18x18mm te ofrece una manera ordenada, f\u00e1cil y duradera de iluminar las esquinas. Haz que tu espacio sea m\u00e1s brillante y seguro con un suave resplandor que destaca tus mejores lugares.<\/p>","protected":false},"featured_media":14054,"template":"","meta":{"_acf_changed":true,"_seopress_robots_primary_cat":"none","_seopress_titles_title":"18x18mm LED Strip Corner Profile | Rigid Aluminum Channel | TANGOOLED","_seopress_titles_desc":"Premium 18x18mm LED strip corner profile (LA03) for 12mm strips. Durable aluminum corner channel for wide-angle lighting and heat dissipation.","_seopress_robots_index":""},"pcb-width":[228],"product-cat":[196],"class_list":{"0":"post-34898","1":"product","2":"type-product","3":"status-publish","4":"has-post-thumbnail","6":"pcb-width-6-12mm","7":"product-cat-corner-profile"},"acf":[],"_links":{"self":[{"href":"https:\/\/tangooled.com\/es\/wp-json\/wp\/v2\/product\/34898","targetHints":{"allow":["GET"]}}],"collection":[{"href":"https:\/\/tangooled.com\/es\/wp-json\/wp\/v2\/product"}],"about":[{"href":"https:\/\/tangooled.com\/es\/wp-json\/wp\/v2\/types\/product"}],"wp:featuredmedia":[{"embeddable":true,"href":"https:\/\/tangooled.com\/es\/wp-json\/wp\/v2\/media\/14054"}],"wp:attachment":[{"href":"https:\/\/tangooled.com\/es\/wp-json\/wp\/v2\/media?parent=34898"}],"wp:term":[{"taxonomy":"pcb-width","embeddable":true,"href":"https:\/\/tangooled.com\/es\/wp-json\/wp\/v2\/pcb-width?post=34898"},{"taxonomy":"product-cat","embeddable":true,"href":"https:\/\/tangooled.com\/es\/wp-json\/wp\/v2\/product-cat?post=34898"}],"curies":[{"name":"wp","href":"https:\/\/api.w.org\/{rel}","templated":true}]}}