{"id":34896,"date":"2025-06-30T22:15:55","date_gmt":"2025-07-01T06:15:55","guid":{"rendered":"https:\/\/tangooled.com\/?post_type=product&#038;p=34896"},"modified":"2026-02-02T02:16:21","modified_gmt":"2026-02-02T10:16:21","slug":"16x16mm-led-corner-extrusion-curved-diffuser","status":"publish","type":"product","link":"https:\/\/tangooled.com\/es\/product\/16x16mm-led-corner-extrusion-curved-diffuser\/","title":{"rendered":"difusor curvado 16x16mm extrusion de esquina LED para tiras LED de 10mm"},"content":{"rendered":"<div class=\"wp-block-group is-vertical is-layout-flex wp-container-core-group-is-layout-d255d7c4 wp-block-group-is-layout-flex\" style=\"padding-top:var(--wp--preset--spacing--80);padding-bottom:var(--wp--preset--spacing--80)\">\n<p>Nuestra extrusion de esquina LED de 16x16mm es excelente para tiras LED de 10mm. Emite una luz limpia, suave y segura. Este perfil mide 16.2mm por 16.2mm en el exterior y es una soluci\u00f3n integrada e invisible para cualquier \u00e1ngulo de 90 grados. El dise\u00f1o mantiene tus espacios con un aspecto elegante y moderno mientras proporciona luz sin deslumbramientos ni manchas. La instalaci\u00f3n es r\u00e1pida y f\u00e1cil. Primero, usa tornillos para fijar permanentemente los clips de montaje a la superficie. Luego, solo encaja el perfil de aluminio en los clips fijos.<\/p>\n<\/div>\n\n\n\n<div class=\"wp-block-group has-background is-vertical is-layout-flex wp-container-core-group-is-layout-d255d7c4 wp-block-group-is-layout-flex\" style=\"background-color:#f1f1f1;padding-top:var(--wp--preset--spacing--80);padding-bottom:var(--wp--preset--spacing--80)\">\n<div class=\"wp-block-group is-vertical is-layout-flex wp-container-core-group-is-layout-8cf370e7 wp-block-group-is-layout-flex\">\n<h2 class=\"wp-block-heading\" style=\"padding-top:var(--wp--preset--spacing--40);padding-bottom:var(--wp--preset--spacing--40);font-size:25px;font-style:normal;font-weight:600;text-transform:capitalize\">\u00bfPor qu\u00e9 elegir nuestra extrusion LED de esquina de 16x16mm?<\/h2>\n\n\n\n<ul class=\"wp-block-list\">\n<li>Tama\u00f1o perfecto: 16mm x 16mm encaja perfectamente en las esquinas.<\/li>\n\n\n\n<li>Works with LED strips that are 10mm wide\u2014no loose fits.<\/li>\n\n\n\n<li>El difusor curvado hace que la luz sea suave y uniforme, sin puntos brillantes.<\/li>\n\n\n\n<li>Hecho de aluminio robusto y de alta calidad para mantener fr\u00edos los LED.<\/li>\n\n\n\n<li>Mantiene las tiras LED a salvo del polvo y los impactos.<\/li>\n\n\n\n<li>Viene con clips de montaje y tapas de extremo que facilitan el ensamblado.<\/li>\n\n\n\n<li>Disponible en plata o negro para un aspecto limpio.<\/li>\n<\/ul>\n<\/div>\n<\/div>\n\n\n\n<div class=\"wp-block-group\" style=\"padding-top:var(--wp--preset--spacing--60);padding-bottom:var(--wp--preset--spacing--60)\"><div class=\"wp-block-group__inner-container is-layout-constrained wp-block-group-is-layout-constrained\">\n<div class=\"wp-block-media-text has-media-on-the-right is-stacked-on-mobile\" style=\"grid-template-columns:auto 40%\"><div class=\"wp-block-media-text__content\">\n<h2 class=\"wp-block-heading\" style=\"padding-top:var(--wp--preset--spacing--40);padding-bottom:var(--wp--preset--spacing--40);font-size:25px;font-style:normal;font-weight:600;text-transform:capitalize\">Consejos para la instalaci\u00f3n<\/h2>\n\n\n\n<ul class=\"wp-block-list\">\n<li>Usa clips de montaje para mantenerlo firmemente en las esquinas.<\/li>\n\n\n\n<li>Recorta la extrusion para que se ajuste a tu ubicaci\u00f3n.<\/li>\n\n\n\n<li>Coloca tu tira LED de 10mm dentro.<\/li>\n\n\n\n<li>Para suavizar la luz, coloca el difusor curvado.<\/li>\n\n\n\n<li>Usa tapas de extremo para proteger los cables y hacer que se vean bien.<\/li>\n<\/ul>\n<\/div><figure class=\"wp-block-media-text__media\"><img loading=\"lazy\" decoding=\"async\" width=\"500\" height=\"500\" src=\"https:\/\/tangooled.com\/wp-content\/uploads\/2025\/06\/la02-ins.webp\" alt=\"curved diffuser led corner extrusion 16x16mm for 10mm led strips\" class=\"wp-image-41950 size-full\" srcset=\"https:\/\/tangooled.com\/wp-content\/uploads\/2025\/06\/la02-ins.webp 500w, https:\/\/tangooled.com\/wp-content\/uploads\/2025\/06\/la02-ins-300x300.webp 300w, https:\/\/tangooled.com\/wp-content\/uploads\/2025\/06\/la02-ins-150x150.webp 150w\" sizes=\"auto, (max-width: 500px) 100vw, 500px\" \/><\/figure><\/div>\n<\/div><\/div>\n\n\n\n<div class=\"wp-block-group has-background is-vertical is-layout-flex wp-container-core-group-is-layout-b429018a wp-block-group-is-layout-flex\" style=\"background-color:#f1f1f1f2;padding-top:var(--wp--preset--spacing--70);padding-bottom:var(--wp--preset--spacing--70)\">\n<h2 class=\"wp-block-heading\" style=\"padding-top:var(--wp--preset--spacing--40);padding-bottom:var(--wp--preset--spacing--40);font-size:25px;font-style:normal;font-weight:600\">F\u00e1cil de usar en muchos lugares<\/h2>\n\n\n\n<p>Nuestra extrusion de esquina LED de 16x16mm se puede utilizar de muchas maneras diferentes:<\/p>\n\n\n\n<ul class=\"wp-block-list\">\n<li>Iluminaci\u00f3n en el hogar: Luz suave bajo los gabinetes de cocina. Iluminaci\u00f3n indirecta en dormitorios y espacios de estar.<\/li>\n\n\n\n<li>Closets y gabinetes: Luz brillante y uniforme dentro de closets y estantes.<\/li>\n\n\n\n<li>Tiendas y exhibiciones: Usa luz brillante y constante para atraer la atenci\u00f3n a los productos.<\/li>\n\n\n\n<li>Oficinas y espacios p\u00fablicos: Mejora la apariencia de pasillos, oficinas y \u00e1reas de recepci\u00f3n.<\/li>\n\n\n\n<li>Caracter\u00edsticas arquitect\u00f3nicas: Crea efectos de iluminaci\u00f3n indirecta enfriados en las esquinas.<\/li>\n<\/ul>\n<\/div>\n\n\n\n<div class=\"wp-block-group is-vertical is-layout-flex wp-container-core-group-is-layout-d255d7c4 wp-block-group-is-layout-flex\" style=\"padding-top:var(--wp--preset--spacing--80);padding-bottom:var(--wp--preset--spacing--80)\">\n<h2 class=\"wp-block-heading\" style=\"padding-top:var(--wp--preset--spacing--40);padding-bottom:var(--wp--preset--spacing--40);font-size:25px;font-style:normal;font-weight:600;text-transform:capitalize\">Compara con otras opciones<\/h2>\n\n\n\n<ul class=\"wp-block-list\">\n<li>Para un perfil LED negro con difusor negro para tiras LED de 10mm, consulta esto. <a href=\"https:\/\/tangooled.com\/es\/product\/black-led-profile-with-black-diffuser-for-10mm-led-strip-light\/\"><mark style=\"background-color:rgba(0, 0, 0, 0)\" class=\"has-inline-color has-vivid-red-color\">p\u00e1gina<\/mark><\/a><\/li>\n\n\n\n<li>Para un perfil LED de montaje en superficie con difusor esmerilado para luces de cuerda de 10mm, revisa. <a href=\"https:\/\/tangooled.com\/es\/product\/surface-mount-led-profile-with-frosted-diffuser-for-10mm-rope-lights\/\"><mark style=\"background-color:rgba(0, 0, 0, 0)\" class=\"has-inline-color has-vivid-red-color\">aqu\u00ed<\/mark><\/a>.<\/li>\n\n\n\n<li>\u00bfQuieres m\u00e1s estilos de esquina? Echa un vistazo a los <a href=\"https:\/\/tangooled.com\/es\/product\/45-degree-corner-led-aluminum-channel-for-10mm-led-strips\/\"><mark style=\"background-color:rgba(0, 0, 0, 0)\" class=\"has-inline-color has-vivid-red-color\">canales de aluminio para esquina de 45 grados para tiras LED de 10mm.<\/mark><\/a>.<\/li>\n<\/ul>\n\n\n\n<p>Haz que tus esquinas brillen suavemente y con intensidad con la mejor extrusion LED de esquina de 16x16mm. Instalaci\u00f3n simple. \u00a1Luz hermosa!<\/p>\n<\/div>\n\n\n\n<p><\/p>","protected":false},"featured_media":14043,"template":"","meta":{"_acf_changed":true,"_seopress_robots_primary_cat":"none","_seopress_titles_title":"16x16mm LED Corner Extrusion with Curved Diffuser | TANGOOLED","_seopress_titles_desc":"16x16mm LED corner extrusion (LA02) with a curved diffuser for 10mm strips, offering smooth corner lighting and heat dissipation. Buy it from TANGOOLED now.","_seopress_robots_index":""},"pcb-width":[228],"product-cat":[196],"class_list":{"0":"post-34896","1":"product","2":"type-product","3":"status-publish","4":"has-post-thumbnail","6":"pcb-width-6-12mm","7":"product-cat-corner-profile"},"acf":[],"_links":{"self":[{"href":"https:\/\/tangooled.com\/es\/wp-json\/wp\/v2\/product\/34896","targetHints":{"allow":["GET"]}}],"collection":[{"href":"https:\/\/tangooled.com\/es\/wp-json\/wp\/v2\/product"}],"about":[{"href":"https:\/\/tangooled.com\/es\/wp-json\/wp\/v2\/types\/product"}],"wp:featuredmedia":[{"embeddable":true,"href":"https:\/\/tangooled.com\/es\/wp-json\/wp\/v2\/media\/14043"}],"wp:attachment":[{"href":"https:\/\/tangooled.com\/es\/wp-json\/wp\/v2\/media?parent=34896"}],"wp:term":[{"taxonomy":"pcb-width","embeddable":true,"href":"https:\/\/tangooled.com\/es\/wp-json\/wp\/v2\/pcb-width?post=34896"},{"taxonomy":"product-cat","embeddable":true,"href":"https:\/\/tangooled.com\/es\/wp-json\/wp\/v2\/product-cat?post=34896"}],"curies":[{"name":"wp","href":"https:\/\/api.w.org\/{rel}","templated":true}]}}