{"id":34893,"date":"2025-06-30T22:14:01","date_gmt":"2025-07-01T06:14:01","guid":{"rendered":"https:\/\/tangooled.com\/?post_type=product&#038;p=34893"},"modified":"2026-02-02T02:15:56","modified_gmt":"2026-02-02T10:15:56","slug":"corner-mount-right-angle-diffuser-aluminum-led-extrusion-profile-inner-12mm","status":"publish","type":"product","link":"https:\/\/tangooled.com\/es\/product\/corner-mount-right-angle-diffuser-aluminum-led-extrusion-profile-inner-12mm\/","title":{"rendered":"perfil de aluminio para difusor de \u00e1ngulo recto de montaje en esquina LED interior 12mm"},"content":{"rendered":"<div class=\"wp-block-group is-vertical is-layout-flex wp-container-core-group-is-layout-d255d7c4 wp-block-group-is-layout-flex\" style=\"padding-top:var(--wp--preset--spacing--80);padding-bottom:var(--wp--preset--spacing--80)\">\n<p>El perfil de difusor LED de \u00e1ngulo recto de montaje en esquina es la mejor manera de iluminar las esquinas de tu hogar o tienda. Este perfil se adapta bien a esquinas de 90 grados. Mide 16.2mm por 16.2mm en el exterior y puede sostener tiras LED de hasta 12.2mm de ancho en el interior.<\/p>\n\n\n\n<p>The strong aluminum profile makes sure that heat escapes rapidly, and the diffuser cover spreads the light evenly and softly, getting rid of spots and rough edges for a bright, smooth light. It&#8217;s quick and safe to set up. First, use screws to attach the clips to the surface. After that, just snap the profile into the clips that are already there.<\/p>\n<\/div>\n\n\n\n<div class=\"wp-block-group has-background is-vertical is-layout-flex wp-container-core-group-is-layout-d255d7c4 wp-block-group-is-layout-flex\" style=\"background-color:#f1f1f1;padding-top:var(--wp--preset--spacing--80);padding-bottom:var(--wp--preset--spacing--80)\">\n<div class=\"wp-block-group is-vertical is-layout-flex wp-container-core-group-is-layout-8cf370e7 wp-block-group-is-layout-flex\">\n<h2 class=\"wp-block-heading\" style=\"padding-top:var(--wp--preset--spacing--40);padding-bottom:var(--wp--preset--spacing--40);font-size:25px;font-style:normal;font-weight:600;text-transform:capitalize\">\u00bfPor qu\u00e9 elegir este perfil de difusor LED de \u00e1ngulo recto de montaje en esquina?<\/h2>\n\n\n\n<ul class=\"wp-block-list\">\n<li>La forma en V se adapta perfectamente a esquinas de 90 grados, por lo que puede usarse en cocinas, en armarios, en estantes, en vitrinas minoristas y m\u00e1s.<\/li>\n\n\n\n<li>Sin puntos, solo luz suave: el difusor opal hace que los puntos LED desaparezcan, por lo que la luz se ve suave y limpia.<\/li>\n\n\n\n<li>Vida \u00fatil prolongada del LED: el aluminio anodizado enfr\u00eda la tira LED, lo que hace que dure m\u00e1s.<\/li>\n\n\n\n<li>Compatible con la mayor\u00eda de las tiras LED, como luces de cinta SMD 5050, 3528 y 2835 que son de 12mm de ancho o menos.<\/li>\n\n\n\n<li>F\u00e1cil de instalar: viene con clips de montaje y un difusor que se coloca f\u00e1cilmente, por lo que puedes configurarlo r\u00e1pidamente.<\/li>\n<\/ul>\n<\/div>\n<\/div>\n\n\n\n<div class=\"wp-block-group\" style=\"padding-top:var(--wp--preset--spacing--60);padding-bottom:var(--wp--preset--spacing--60)\"><div class=\"wp-block-group__inner-container is-layout-constrained wp-block-group-is-layout-constrained\">\n<div class=\"wp-block-media-text has-media-on-the-right is-stacked-on-mobile\" style=\"grid-template-columns:auto 40%\"><div class=\"wp-block-media-text__content\">\n<h2 class=\"wp-block-heading\" style=\"padding-top:var(--wp--preset--spacing--40);padding-bottom:var(--wp--preset--spacing--40);font-size:25px;font-style:normal;font-weight:600;text-transform:capitalize\">C\u00f3mo configurar<\/h2>\n\n\n\n<ul class=\"wp-block-list\">\n<li>Coloca clips en las esquinas de tus paredes.<\/li>\n\n\n\n<li>Coloca el perfil firmemente en los clips.<\/li>\n\n\n\n<li>Pega tu tira LED dentro del canal.<\/li>\n\n\n\n<li>Coloca la cubierta del difusor en el perfil.<\/li>\n\n\n\n<li>A\u00f1ade tapas finales para que se vea genial.<\/li>\n<\/ul>\n<\/div><figure class=\"wp-block-media-text__media\"><img loading=\"lazy\" decoding=\"async\" width=\"500\" height=\"500\" src=\"https:\/\/tangooled.com\/wp-content\/uploads\/2025\/06\/la01-ins.webp\" alt=\"corner mount right angle diffuser aluminum led extrusion profile inner 12mm\" class=\"wp-image-41946 size-full\" srcset=\"https:\/\/tangooled.com\/wp-content\/uploads\/2025\/06\/la01-ins.webp 500w, https:\/\/tangooled.com\/wp-content\/uploads\/2025\/06\/la01-ins-300x300.webp 300w, https:\/\/tangooled.com\/wp-content\/uploads\/2025\/06\/la01-ins-150x150.webp 150w\" sizes=\"auto, (max-width: 500px) 100vw, 500px\" \/><\/figure><\/div>\n<\/div><\/div>\n\n\n\n<div class=\"wp-block-group has-background is-vertical is-layout-flex wp-container-core-group-is-layout-b429018a wp-block-group-is-layout-flex\" style=\"background-color:#f1f1f1f2;padding-top:var(--wp--preset--spacing--70);padding-bottom:var(--wp--preset--spacing--70)\">\n<h2 class=\"wp-block-heading\" style=\"padding-top:var(--wp--preset--spacing--40);padding-bottom:var(--wp--preset--spacing--40);font-size:25px;font-style:normal;font-weight:600\">\u00bfD\u00f3nde se puede utilizar?<\/h2>\n\n\n\n<p>Puedes usar este perfil de difusor LED de \u00e1ngulo recto montado en esquina en muchos lugares. Prueba en:<\/p>\n\n\n\n<ul class=\"wp-block-list\">\n<li>Encimeras de cocina y debajo de gabinetes<\/li>\n\n\n\n<li>Esquinas de pared y techos para iluminaci\u00f3n ambiental c\u00e1lida<\/li>\n\n\n\n<li>Luces de estante en tiendas o casas<\/li>\n\n\n\n<li>Vitrinas y armarios<\/li>\n<\/ul>\n<\/div>\n\n\n\n<div class=\"wp-block-group is-vertical is-layout-flex wp-container-core-group-is-layout-d255d7c4 wp-block-group-is-layout-flex\" style=\"padding-top:var(--wp--preset--spacing--80);padding-bottom:var(--wp--preset--spacing--80)\">\n<h2 class=\"wp-block-heading\" style=\"padding-top:var(--wp--preset--spacing--40);padding-bottom:var(--wp--preset--spacing--40);font-size:25px;font-style:normal;font-weight:600;text-transform:capitalize\">Dentro de la caja<\/h2>\n\n\n\n<p>Recibes todo lo que necesitas para montarlo r\u00e1pidamente:<\/p>\n\n\n\n<ul class=\"wp-block-list\">\n<li>Un canal de aluminio en forma de V<\/li>\n\n\n\n<li>Una cubierta difusora esmerilada<\/li>\n\n\n\n<li>Dos clips de montaje por cada metro<\/li>\n\n\n\n<li>Dos tapas de extremo (una sellada y otra con un orificio para un cable)<\/li>\n<\/ul>\n<\/div>\n\n\n\n<div class=\"wp-block-group has-background\" style=\"background-color:#f1f1f1;padding-top:var(--wp--preset--spacing--80);padding-bottom:var(--wp--preset--spacing--80)\"><div class=\"wp-block-group__inner-container is-layout-constrained wp-block-group-is-layout-constrained\">\n<h2 class=\"wp-block-heading\" style=\"padding-top:var(--wp--preset--spacing--40);padding-bottom:var(--wp--preset--spacing--40);font-size:25px;font-style:normal;font-weight:600;text-transform:capitalize\">Conclusi\u00f3n: tu soluci\u00f3n de luz en esquina<\/h2>\n\n\n\n<p style=\"padding-right:var(--wp--preset--spacing--50);padding-left:var(--wp--preset--spacing--50)\">Si quieres luz brillante en las esquinas, este perfil de difusor LED de \u00e1ngulo recto montado en esquina es la forma inteligente y simple. Mantiene tu LED seguro y hace que tu luz se vea suave, no moteada. El canal de aluminio se mantiene fresco y resistente. F\u00e1cil de montar para cualquier instalador aficionado o profesional. Aprende m\u00e1s sobre otros perfiles LED para encontrar los ajustes perfectos para tu proyecto: <\/p>\n\n\n\n<ul class=\"wp-block-list\">\n<li>Explora la <a href=\"https:\/\/tangooled.com\/es\/product\/black-led-diffuser-aluminum-channel-for-12mm-tape-lights\/\"><mark style=\"background-color:rgba(0, 0, 0, 0)\" class=\"has-inline-color has-vivid-red-color\">perfil de difusor LED negro de aluminio para luces de cinta de 12mm<\/mark> <\/a>para un aspecto elegante.<\/li>\n\n\n\n<li>Echa un vistazo a la <a href=\"https:\/\/tangooled.com\/es\/product\/18x18mm-led-strip-corner-profile-for-12mm-led-strips\/\"><mark style=\"background-color:rgba(0, 0, 0, 0)\" class=\"has-inline-color has-vivid-red-color\">perfil de esquina para tiras LED de 18x18mm<\/mark><\/a> si quieres un perfil m\u00e1s grande.<\/li>\n\n\n\n<li>Prueba el <a href=\"https:\/\/tangooled.com\/es\/product\/surface-mount-led-profile-with-frosted-diffuser-for-10mm-rope-lights\/\"><mark style=\"background-color:rgba(0, 0, 0, 0)\" class=\"has-inline-color has-vivid-red-color\">perfil LED de montaje superficial con difusor mate<\/mark><\/a> para tiras m\u00e1s delgadas.<\/li>\n<\/ul>\n<\/div><\/div>\n\n\n\n<p><\/p>","protected":false},"featured_media":14039,"template":"","meta":{"_acf_changed":true,"_seopress_robots_primary_cat":"none","_seopress_titles_title":"Corner Mount Right Angle LED Profile with Diffuser | TANGOOLED","_seopress_titles_desc":"Corner mount right angle diffuser LED profile for 12mm strips. LED extrusion (LA01) for 90-degree corner lighting & heat dissipation. Ideal for under-cabinet and professional corner lighting.","_seopress_robots_index":""},"pcb-width":[228],"product-cat":[196],"class_list":{"0":"post-34893","1":"product","2":"type-product","3":"status-publish","4":"has-post-thumbnail","6":"pcb-width-6-12mm","7":"product-cat-corner-profile"},"acf":[],"_links":{"self":[{"href":"https:\/\/tangooled.com\/es\/wp-json\/wp\/v2\/product\/34893","targetHints":{"allow":["GET"]}}],"collection":[{"href":"https:\/\/tangooled.com\/es\/wp-json\/wp\/v2\/product"}],"about":[{"href":"https:\/\/tangooled.com\/es\/wp-json\/wp\/v2\/types\/product"}],"wp:featuredmedia":[{"embeddable":true,"href":"https:\/\/tangooled.com\/es\/wp-json\/wp\/v2\/media\/14039"}],"wp:attachment":[{"href":"https:\/\/tangooled.com\/es\/wp-json\/wp\/v2\/media?parent=34893"}],"wp:term":[{"taxonomy":"pcb-width","embeddable":true,"href":"https:\/\/tangooled.com\/es\/wp-json\/wp\/v2\/pcb-width?post=34893"},{"taxonomy":"product-cat","embeddable":true,"href":"https:\/\/tangooled.com\/es\/wp-json\/wp\/v2\/product-cat?post=34893"}],"curies":[{"name":"wp","href":"https:\/\/api.w.org\/{rel}","templated":true}]}}