{"id":34702,"date":"2025-06-29T23:44:22","date_gmt":"2025-06-30T07:44:22","guid":{"rendered":"https:\/\/tangooled.com\/?post_type=product&#038;p=34702"},"modified":"2026-01-29T23:50:13","modified_gmt":"2026-01-30T07:50:13","slug":"aluminum-u-channel-with-curved-led-diffuser-inner-16mm","status":"publish","type":"product","link":"https:\/\/tangooled.com\/es\/product\/aluminum-u-channel-with-curved-led-diffuser-inner-16mm\/","title":{"rendered":"canal de aluminio en forma de U con difusor LED curvado interior de 16 mm"},"content":{"rendered":"<div class=\"wp-block-group is-vertical is-layout-flex wp-container-core-group-is-layout-d255d7c4 wp-block-group-is-layout-flex\" style=\"padding-top:var(--wp--preset--spacing--80);padding-bottom:var(--wp--preset--spacing--80)\">\n<p>Our aluminum u channel with curved led diffuser inner 16mm is made for easy use. It has a wide 16.2mm inner width and a high-quality curved diffuser that makes sure the light is smooth and dot-free. This aluminum channel is meant to be mounted on the surface. It comes with matching end caps and mounting clips to make sure it looks professional. You can choose from silver, white, or black finishes to make sure they match your design&nbsp;exactly. It&#8217;s a safe, high-quality place to store your LED strips, whether you need it for personal or business use.<\/p>\n<\/div>\n\n\n\n<div class=\"wp-block-group has-background\" style=\"background-color:#f1f1f1;padding-top:var(--wp--preset--spacing--80);padding-bottom:var(--wp--preset--spacing--80)\"><div class=\"wp-block-group__inner-container is-layout-constrained wp-block-group-is-layout-constrained\">\n<div class=\"wp-block-group is-vertical is-layout-flex wp-container-core-group-is-layout-8cf370e7 wp-block-group-is-layout-flex\">\n<h2 class=\"wp-block-heading\" style=\"padding-top:var(--wp--preset--spacing--40);padding-bottom:var(--wp--preset--spacing--40);font-size:25px;font-style:normal;font-weight:600;text-transform:capitalize\">\u00bfPor qu\u00e9 elegir nuestro canal de aluminio en forma de U con difusor LED curvado?<\/h2>\n\n\n\n<ul class=\"wp-block-list\">\n<li>Funciona con tiras LED que tienen hasta 16 mm de ancho. Funciona muy bien con tiras LED que tienen una o dos filas.<\/li>\n\n\n\n<li>El canal est\u00e1 hecho de aluminio anodizado 6063-T5 de larga duraci\u00f3n, lo que mantiene tus LEDs frescos, permiti\u00e9ndoles durar m\u00e1s tiempo.<\/li>\n\n\n\n<li>El difusor en forma de c\u00fapula curvada proporciona luz suave, sin puntos, y mantiene tus LEDs a salvo del polvo.<\/li>\n\n\n\n<li>F\u00e1cil de montar en una superficie con los clips y tapas finales proporcionados.<\/li>\n\n\n\n<li>Disponible en acabados plateado, negro y blanco para adaptarse a tu \u00e1rea.<\/li>\n\n\n\n<li>Puedes obtener longitudes personalizadas (1m, 2m) cortadas para cumplir con tu proyecto.<\/li>\n<\/ul>\n<\/div>\n<\/div><\/div>\n\n\n\n<div class=\"wp-block-group is-vertical is-layout-flex wp-container-core-group-is-layout-d255d7c4 wp-block-group-is-layout-flex\" style=\"padding-top:var(--wp--preset--spacing--80);padding-bottom:var(--wp--preset--spacing--80)\">\n<hr class=\"wp-block-separator has-alpha-channel-opacity\"\/>\n\n\n\n<div class=\"wp-block-media-text has-media-on-the-right is-stacked-on-mobile\" style=\"grid-template-columns:auto 40%\"><div class=\"wp-block-media-text__content\">\n<h2 class=\"wp-block-heading\" style=\"padding-top:var(--wp--preset--spacing--40);padding-bottom:var(--wp--preset--spacing--40);font-size:25px;font-style:normal;font-weight:600;text-transform:capitalize\">C\u00f3mo instalar<\/h2>\n\n\n\n<ul class=\"wp-block-list\">\n<li>Usa una sierra de arco para cortar el alojamiento de aluminio extruido al tama\u00f1o adecuado.<\/li>\n\n\n\n<li>Adjunta los clips de montaje para el perfil de aluminio a la superficie con tornillos o pegamento.<\/li>\n\n\n\n<li>Retira el respaldo de la cinta de tira LED y col\u00f3cala dentro del tubo de aluminio.<\/li>\n\n\n\n<li>Para luz sin puntos, coloca el difusor de lente curvado.<\/li>\n\n\n\n<li>Usa las tapas finales proporcionadas para terminar los bordes.<\/li>\n<\/ul>\n<\/div><figure class=\"wp-block-media-text__media\"><img loading=\"lazy\" decoding=\"async\" width=\"500\" height=\"500\" src=\"https:\/\/tangooled.com\/wp-content\/uploads\/2025\/06\/lp02a-ins.webp\" alt=\"aluminum u channel with curved led diffuser inner 16mm\" class=\"wp-image-48300 size-full\" srcset=\"https:\/\/tangooled.com\/wp-content\/uploads\/2025\/06\/lp02a-ins.webp 500w, https:\/\/tangooled.com\/wp-content\/uploads\/2025\/06\/lp02a-ins-300x300.webp 300w, https:\/\/tangooled.com\/wp-content\/uploads\/2025\/06\/lp02a-ins-150x150.webp 150w\" sizes=\"auto, (max-width: 500px) 100vw, 500px\" \/><\/figure><\/div>\n<\/div>\n\n\n\n<div class=\"wp-block-group has-background is-vertical is-layout-flex wp-container-core-group-is-layout-b429018a wp-block-group-is-layout-flex\" style=\"background-color:#f1f1f1f2;padding-top:var(--wp--preset--spacing--70);padding-bottom:var(--wp--preset--spacing--70)\">\n<h2 class=\"wp-block-heading\" style=\"padding-top:var(--wp--preset--spacing--40);padding-bottom:var(--wp--preset--spacing--40);font-size:25px;font-style:normal;font-weight:600\">\u00bfD\u00f3nde se puede utilizar?<\/h2>\n\n\n\n<p>Nuestro canal de aluminio en forma de U con difusor LED curvado interior de 16 mm se adapta a muchos lugares:<\/p>\n\n\n\n<ul class=\"wp-block-list\">\n<li>Bajo los Gabinetes: Usa iluminaci\u00f3n suave para iluminar cocinas y \u00e1reas de trabajo.<\/li>\n\n\n\n<li>Iluminaci\u00f3n de Cove: Haz que las paredes y los techos brillen de manera uniforme.<\/li>\n\n\n\n<li>Armarios y estantes: Las l\u00edneas rectas mejoran la apariencia del mobiliario.<\/li>\n\n\n\n<li>Exhibiciones Comerciales: Usa luz uniforme para hacer que los productos sean atractivos.<\/li>\n\n\n\n<li>Para tu hogar u oficina, crea canales de luminarias modernas para darles un aspecto elegante.<\/li>\n\n\n\n<li>Detalles Arquitect\u00f3nicos: \u00dasalo para iluminaci\u00f3n profesional y decorativa.<\/li>\n<\/ul>\n<\/div>\n\n\n\n<div class=\"wp-block-group is-vertical is-layout-flex wp-container-core-group-is-layout-d255d7c4 wp-block-group-is-layout-flex\" style=\"padding-top:var(--wp--preset--spacing--80);padding-bottom:var(--wp--preset--spacing--80)\">\n<h2 class=\"wp-block-heading\" style=\"padding-top:var(--wp--preset--spacing--40);padding-bottom:var(--wp--preset--spacing--40);font-size:25px;font-style:normal;font-weight:600;text-transform:capitalize\">Productos Relacionados y M\u00e1s <\/h2>\n\n\n\n<ul class=\"wp-block-list\">\n<li><a href=\"https:\/\/tangooled.com\/es\/product\/u-shape-aluminum-channel-with-square-diffuser-inner-16mm\/\"><mark style=\"background-color:rgba(0, 0, 0, 0)\" class=\"has-inline-color has-vivid-red-color\">Canal de aluminio en forma de U con difusor cuadrado interior de 16 mm<\/mark><\/a><\/li>\n\n\n\n<li><a href=\"https:\/\/tangooled.com\/es\/product\/20x18mm-double-layer-led-channel-inner-16mm-with-curved-diffuser\/\"><mark style=\"background-color:rgba(0, 0, 0, 0)\" class=\"has-inline-color has-vivid-red-color\">Canal LED de doble capa 20x18mm interior 16mm con difusor curvado<\/mark><\/a><\/li>\n\n\n\n<li><a href=\"https:\/\/tangooled.com\/es\/product\/aluminum-led-strip-extrusion-diffuser-channel-for-5050-double-row-led-strip\/\"><mark style=\"background-color:rgba(0, 0, 0, 0)\" class=\"has-inline-color has-vivid-red-color\">Canal difusor de extrusi\u00f3n de tira LED de aluminio para tira LED de doble fila 5050<\/mark><\/a><\/li>\n<\/ul>\n<\/div>\n\n\n\n<div class=\"wp-block-group has-background is-vertical is-layout-flex wp-container-core-group-is-layout-b429018a wp-block-group-is-layout-flex\" style=\"background-color:#f1f1f1f2;padding-top:var(--wp--preset--spacing--70);padding-bottom:var(--wp--preset--spacing--70)\">\n<p style=\"padding-right:var(--wp--preset--spacing--50);padding-left:var(--wp--preset--spacing--50)\">Obt\u00e9n el mejor perfil de aluminio lineal para tu pr\u00f3ximo proyecto de iluminaci\u00f3n. Nuestro disipador de calor de aluminio de grado profesional con difusor curvado est\u00e1 listo para ayudarte a crear luz limpia, brillante y uniforme. Consulta los detalles completos del producto y haz tu pedido hoy desde Tangooled <mark style=\"background-color:rgba(0, 0, 0, 0)\" class=\"has-inline-color has-vivid-red-color\"><a href=\"https:\/\/tangooled.com\/es\/led-profiles\/\">aqu\u00ed<\/a><\/mark>.<\/p>\n<\/div>\n\n\n\n<p><\/p>","protected":false},"featured_media":14090,"template":"","meta":{"_acf_changed":true,"_seopress_robots_primary_cat":"none","_seopress_titles_title":"Aluminum U Channel with Curved LED Diffuser Inner 16mm | TANGOOLED","_seopress_titles_desc":"Source the aluminum U channel LP02A. Featuring an inner 16mm width and a curved LED diffuser, this profile provides professional housing for flexible LED strips.","_seopress_robots_index":""},"pcb-width":[229],"product-cat":[192],"class_list":{"0":"post-34702","1":"product","2":"type-product","3":"status-publish","4":"has-post-thumbnail","6":"pcb-width-15-20mm","7":"product-cat-surface-led-profile"},"acf":[],"_links":{"self":[{"href":"https:\/\/tangooled.com\/es\/wp-json\/wp\/v2\/product\/34702","targetHints":{"allow":["GET"]}}],"collection":[{"href":"https:\/\/tangooled.com\/es\/wp-json\/wp\/v2\/product"}],"about":[{"href":"https:\/\/tangooled.com\/es\/wp-json\/wp\/v2\/types\/product"}],"wp:featuredmedia":[{"embeddable":true,"href":"https:\/\/tangooled.com\/es\/wp-json\/wp\/v2\/media\/14090"}],"wp:attachment":[{"href":"https:\/\/tangooled.com\/es\/wp-json\/wp\/v2\/media?parent=34702"}],"wp:term":[{"taxonomy":"pcb-width","embeddable":true,"href":"https:\/\/tangooled.com\/es\/wp-json\/wp\/v2\/pcb-width?post=34702"},{"taxonomy":"product-cat","embeddable":true,"href":"https:\/\/tangooled.com\/es\/wp-json\/wp\/v2\/product-cat?post=34702"}],"curies":[{"name":"wp","href":"https:\/\/api.w.org\/{rel}","templated":true}]}}