{"id":34698,"date":"2025-06-29T23:37:27","date_gmt":"2025-06-30T07:37:27","guid":{"rendered":"https:\/\/tangooled.com\/?post_type=product&#038;p=34698"},"modified":"2026-01-29T19:06:13","modified_gmt":"2026-01-30T03:06:13","slug":"double-layer-led-channel-inner-16mm-with-curved-diffuser-lp01a","status":"publish","type":"product","link":"https:\/\/tangooled.com\/es\/product\/double-layer-led-channel-inner-16mm-with-curved-diffuser-lp01a\/","title":{"rendered":"canal LED de doble capa interior de 16 mm con difusor curvado LP01A"},"content":{"rendered":"<div class=\"wp-block-group is-vertical is-layout-flex wp-container-core-group-is-layout-d255d7c4 wp-block-group-is-layout-flex\" style=\"padding-top:var(--wp--preset--spacing--80);padding-bottom:var(--wp--preset--spacing--80)\">\n<p>Utiliza nuestro canal LED de doble capa con difusor curvado LP01A para obtener una luz limpia y suave. Este perfil de aluminio elegante tiene 20 mm de ancho y 18.8 mm de alto, y puede contener tiras LED de hasta 16 mm de ancho. Esto lo hace perfecto para cintas LED anchas, de doble fila o de gama alta. Su difusor curvado emite un hermoso resplandor sin puntos que funciona bien en hogares modernos, negocios y exhibiciones en tienda. Hay dos pasos para la instalaci\u00f3n: primero, fija el canal base a la superficie de montaje. Segundo, el canal superior, que ya viene con la tira LED y el difusor curvado instalados, puede encajarse en la base fijada para un acabado profesional y seguro.<\/p>\n<\/div>\n\n\n\n<div class=\"wp-block-group has-background is-vertical is-layout-flex wp-container-core-group-is-layout-d255d7c4 wp-block-group-is-layout-flex\" style=\"background-color:#f1f1f1;padding-top:var(--wp--preset--spacing--80);padding-bottom:var(--wp--preset--spacing--80)\">\n<div class=\"wp-block-group is-vertical is-layout-flex wp-container-core-group-is-layout-8cf370e7 wp-block-group-is-layout-flex\">\n<h2 class=\"wp-block-heading\" style=\"padding-top:var(--wp--preset--spacing--40);padding-bottom:var(--wp--preset--spacing--40);font-size:25px;font-style:normal;font-weight:600;text-transform:capitalize\">\u00bfPor qu\u00e9 elegir nuestro canal LED de doble capa de 20x18 mm?<\/h2>\n\n\n\n<ul class=\"wp-block-list\">\n<li>El amplio canal interior puede contener tiras LED de hasta 16 mm de ancho, como las tiras Philips Hue y COB.<\/li>\n\n\n\n<li>La tapa del difusor curvado distribuye la luz de manera uniforme, por lo que no hay puntos brillantes ni \u00e1reas calientes.<\/li>\n\n\n\n<li>Dos capas de aluminio anodizado ayudan a mantener tus LEDs fr\u00edos y gestionar bien el calor.<\/li>\n\n\n\n<li>El dise\u00f1o potente y elegante del perfil es tanto atractivo como robusto.<\/li>\n\n\n\n<li>Puedes elegir entre acabados en plata, negro o blanco para que se adapten a cualquier estilo.<\/li>\n<\/ul>\n<\/div>\n<\/div>\n\n\n\n<div class=\"wp-block-group is-vertical is-layout-flex wp-container-core-group-is-layout-d255d7c4 wp-block-group-is-layout-flex\" style=\"padding-top:var(--wp--preset--spacing--80);padding-bottom:var(--wp--preset--spacing--80)\">\n<hr class=\"wp-block-separator has-alpha-channel-opacity\"\/>\n\n\n\n<div class=\"wp-block-media-text has-media-on-the-right is-stacked-on-mobile\" style=\"grid-template-columns:auto 40%\"><div class=\"wp-block-media-text__content\">\n<h2 class=\"wp-block-heading\" style=\"padding-top:var(--wp--preset--spacing--40);padding-bottom:var(--wp--preset--spacing--40);font-size:25px;font-style:normal;font-weight:600;text-transform:capitalize\">Las mejores formas de usar el canal LED de doble capa<\/h2>\n\n\n\n<ul class=\"wp-block-list\">\n<li>Iluminaci\u00f3n lineal de grado arquitect\u00f3nico: Este riel LED es perfecto para casas y negocios modernos que exigen una iluminaci\u00f3n potente y uniforme debido a su amplia construcci\u00f3n de doble capa.<\/li>\n\n\n\n<li>Iluminaci\u00f3n bajo gabinete y de tarea: Haz que las cocinas y espacios de trabajo sean m\u00e1s brillantes con un resplandor suave y sin puntos.<\/li>\n\n\n\n<li>Retail and Display Shelving: Use professional lighting that won&#8217;t create bright spots to draw attention to your merchandise.<\/li>\n\n\n\n<li>Iluminaci\u00f3n de p\u00f3rtico y pared personalizada: El difusor curvado permite crear lavados suaves en paredes o p\u00f3rticos en el techo.<\/li>\n<\/ul>\n<\/div><figure class=\"wp-block-media-text__media\"><img loading=\"lazy\" decoding=\"async\" width=\"500\" height=\"500\" src=\"https:\/\/tangooled.com\/wp-content\/uploads\/2025\/06\/lp01a-ins.webp\" alt=\"20x18mm double layer led channel inner 16mm with curved diffuser\" class=\"wp-image-41907 size-full\" srcset=\"https:\/\/tangooled.com\/wp-content\/uploads\/2025\/06\/lp01a-ins.webp 500w, https:\/\/tangooled.com\/wp-content\/uploads\/2025\/06\/lp01a-ins-300x300.webp 300w, https:\/\/tangooled.com\/wp-content\/uploads\/2025\/06\/lp01a-ins-150x150.webp 150w\" sizes=\"auto, (max-width: 500px) 100vw, 500px\" \/><\/figure><\/div>\n<\/div>\n\n\n\n<div class=\"wp-block-group has-background\" style=\"background-color:#f1f1f1;padding-top:var(--wp--preset--spacing--80);padding-bottom:var(--wp--preset--spacing--80)\"><div class=\"wp-block-group__inner-container is-layout-constrained wp-block-group-is-layout-constrained\">\n<h2 class=\"wp-block-heading\" style=\"padding-top:var(--wp--preset--spacing--40);padding-bottom:var(--wp--preset--spacing--40);font-size:25px;font-style:normal;font-weight:600;text-transform:capitalize\">Componentes incluidos para comenzar<\/h2>\n\n\n\n<ul class=\"wp-block-list\">\n<li>Dos canales de aluminio, recortados a la longitud que desees<\/li>\n\n\n\n<li>Un difusor curvado de opal<\/li>\n\n\n\n<li>Tapas finales, una de las cuales tiene un agujero para un cable que facilita conexiones limpias.<\/li>\n<\/ul>\n<\/div><\/div>\n\n\n\n<div class=\"wp-block-group\" style=\"padding-top:var(--wp--preset--spacing--80);padding-bottom:var(--wp--preset--spacing--80)\"><div class=\"wp-block-group__inner-container is-layout-constrained wp-block-group-is-layout-constrained\">\n<h2 class=\"wp-block-heading\" style=\"padding-top:var(--wp--preset--spacing--40);padding-bottom:var(--wp--preset--spacing--40);font-size:25px;font-style:normal;font-weight:600;text-transform:capitalize\">resumen<\/h2>\n\n\n\n<p>Nuestro canal LED de doble capa de 20x18 mm con un canal interior de 16 mm y un difusor curvado es muy apreciado por arquitectos, dise\u00f1adores y aficionados al bricolaje. Para ver diferentes tama\u00f1os de canal estables y tipos de difusores, consulta:<\/p>\n\n\n\n<ul class=\"wp-block-list\">\n<li><a href=\"https:\/\/tangooled.com\/es\/product\/surface-mount-led-profile-with-frosted-diffuser-for-10mm-rope-lights\/\"><mark style=\"background-color:rgba(0, 0, 0, 0)\" class=\"has-inline-color has-vivid-red-color\">Perfil LED de montaje en superficie con difusor esmerilado para luces de cuerda de 10 mm<\/mark><\/a><\/li>\n\n\n\n<li><a href=\"https:\/\/tangooled.com\/es\/product\/aluminum-u-channel-with-curved-led-diffuser-inner-16mm\/\"><mark style=\"background-color:rgba(0, 0, 0, 0)\" class=\"has-inline-color has-vivid-red-color\">Canal U de aluminio con difusor de LED curvado interior de 16mm<\/mark><\/a><\/li>\n\n\n\n<li><a href=\"https:\/\/tangooled.com\/es\/product\/20x19mm-double-layer-aluminum-extrusion-led-channel\/\"><mark style=\"background-color:rgba(0, 0, 0, 0)\" class=\"has-inline-color has-vivid-red-color\">canal LED de extrusi\u00f3n de aluminio de doble capa de 20x19 mm<\/mark><\/a><\/li>\n<\/ul>\n<\/div><\/div>\n\n\n\n<p><\/p>","protected":false},"featured_media":14084,"template":"","meta":{"_acf_changed":true,"_seopress_robots_primary_cat":"none","_seopress_titles_title":"Double Layer LED Channel Inner 16mm Curved Diffuser LP01A | TANGOOLED","_seopress_titles_desc":"The LP01A is a premium double layer led channel with an inner 16mm width. Featuring a sleek curved diffuser for dot-free linear lighting. Perfect for modern cabinetry and architectural accents.","_seopress_robots_index":""},"pcb-width":[229],"product-cat":[192],"class_list":{"0":"post-34698","1":"product","2":"type-product","3":"status-publish","4":"has-post-thumbnail","6":"pcb-width-15-20mm","7":"product-cat-surface-led-profile"},"acf":[],"_links":{"self":[{"href":"https:\/\/tangooled.com\/es\/wp-json\/wp\/v2\/product\/34698","targetHints":{"allow":["GET"]}}],"collection":[{"href":"https:\/\/tangooled.com\/es\/wp-json\/wp\/v2\/product"}],"about":[{"href":"https:\/\/tangooled.com\/es\/wp-json\/wp\/v2\/types\/product"}],"wp:featuredmedia":[{"embeddable":true,"href":"https:\/\/tangooled.com\/es\/wp-json\/wp\/v2\/media\/14084"}],"wp:attachment":[{"href":"https:\/\/tangooled.com\/es\/wp-json\/wp\/v2\/media?parent=34698"}],"wp:term":[{"taxonomy":"pcb-width","embeddable":true,"href":"https:\/\/tangooled.com\/es\/wp-json\/wp\/v2\/pcb-width?post=34698"},{"taxonomy":"product-cat","embeddable":true,"href":"https:\/\/tangooled.com\/es\/wp-json\/wp\/v2\/product-cat?post=34698"}],"curies":[{"name":"wp","href":"https:\/\/api.w.org\/{rel}","templated":true}]}}