{"id":34686,"date":"2025-06-29T23:11:41","date_gmt":"2025-06-30T07:11:41","guid":{"rendered":"https:\/\/tangooled.com\/?post_type=product&#038;p=34686"},"modified":"2026-01-21T18:51:40","modified_gmt":"2026-01-22T02:51:40","slug":"17mm-led-strip-light-aluminum-channel-for-surface-mounting","status":"publish","type":"product","link":"https:\/\/tangooled.com\/es\/product\/17mm-led-strip-light-aluminum-channel-for-surface-mounting\/","title":{"rendered":"canal de aluminio para luz LED de 17 mm para montaje en superficie"},"content":{"rendered":"<div class=\"wp-block-group is-vertical is-layout-flex wp-container-core-group-is-layout-d255d7c4 wp-block-group-is-layout-flex\" style=\"padding-top:var(--wp--preset--spacing--80);padding-bottom:var(--wp--preset--spacing--80)\">\n<p>Usar nuestro canal de luz LED de 17 mm es la mejor manera de asegurarte de que tu proyecto de iluminaci\u00f3n luzca profesional y resista la prueba del tiempo. Este elegante perfil de aluminio para montaje en superficie est\u00e1 dise\u00f1ado para sostener tiras LED de hasta 12 mm de ancho. Proporciona una carcasa protectora resistente que tambi\u00e9n act\u00faa como un disipador de calor para hacer que tus luces duren m\u00e1s. El kit incluye&nbsp;clips de montaje que facilitan la sujeci\u00f3n del canal en cualquier superficie plana, incluyendo armarios de cocina o guardarropas. Para finalizar el aspecto, se utilizan tapas de extremo a juego para sellar el perfil. Esto oculta los bordes \u00e1speros y evita la acumulaci\u00f3n de polvo.<br>Este canal de luz LED de 17 mm se adapta bien a muchos lugares interiores como cocinas, guardarropas y tiendas, haciendo que tu proyecto de iluminaci\u00f3n sea simple y ordenado.<\/p>\n<\/div>\n\n\n\n<div class=\"wp-block-group has-background is-vertical is-layout-flex wp-container-core-group-is-layout-d255d7c4 wp-block-group-is-layout-flex\" style=\"background-color:#f1f1f1;padding-top:var(--wp--preset--spacing--80);padding-bottom:var(--wp--preset--spacing--80)\">\n<div class=\"wp-block-group is-vertical is-layout-flex wp-container-core-group-is-layout-8cf370e7 wp-block-group-is-layout-flex\">\n<h2 class=\"wp-block-heading\" style=\"padding-top:var(--wp--preset--spacing--40);padding-bottom:var(--wp--preset--spacing--40);font-size:25px;font-style:normal;font-weight:600;text-transform:capitalize\">\u00bfPor qu\u00e9 elegir este canal de aluminio para tira LED de 17 mm?<\/h2>\n<\/div>\n\n\n\n<ul class=\"wp-block-list\">\n<li>Hecho de aluminio anodizado, que ayuda a que el LED dure m\u00e1s al actuar como un disipador de calor.<\/li>\n\n\n\n<li>Funciona con la mayor\u00eda de&nbsp;tiras LED populares, como SMD 5050, SMD 2835 y tiras LED COB.<\/li>\n\n\n\n<li>Incluye un difusor de policarbonato (disponible en opal, mate o transparente) para crear un efecto de luz suave.<\/li>\n\n\n\n<li>Viene con clips de montaje y tapas de extremo para una instalaci\u00f3n simple y segura en una superficie plana.<\/li>\n\n\n\n<li>Funciona en varios lugares, incluyendo cocinas, tiendas, armarios, lugares de trabajo y m\u00e1s.<\/li>\n<\/ul>\n<\/div>\n\n\n\n<div class=\"wp-block-group is-vertical is-layout-flex wp-container-core-group-is-layout-d255d7c4 wp-block-group-is-layout-flex\" style=\"padding-top:var(--wp--preset--spacing--80);padding-bottom:var(--wp--preset--spacing--80)\">\n<hr class=\"wp-block-separator has-alpha-channel-opacity\"\/>\n\n\n\n<div class=\"wp-block-media-text has-media-on-the-right is-stacked-on-mobile\" style=\"grid-template-columns:auto 40%\"><div class=\"wp-block-media-text__content\">\n<h2 class=\"wp-block-heading\" style=\"font-size:25px;font-style:normal;font-weight:600;text-transform:capitalize\">D\u00f3nde puedes usar el canal de aluminio para tira LED de 17 mm<\/h2>\n\n\n\n<ul class=\"wp-block-list\">\n<li>Under-cabinet kitchen lighting: Light that is clean and doesn&#8217;t leave dots on surfaces<\/li>\n\n\n\n<li>Armarios y guardarropas: Luz suave y clara que se adapta a los m\u00e1rgenes del mobiliario<\/li>\n\n\n\n<li>Gabinetes de exhibici\u00f3n y tiendas minoristas: Muestra productos con una iluminaci\u00f3n suave y constante<\/li>\n\n\n\n<li>Iluminaci\u00f3n de tareas en oficinas y talleres: Iluminaci\u00f3n de trabajo que es brillante y limpia<\/li>\n<\/ul>\n<\/div><figure class=\"wp-block-media-text__media\"><img loading=\"lazy\" decoding=\"async\" width=\"535\" height=\"536\" src=\"https:\/\/tangooled.com\/wp-content\/uploads\/2026\/01\/fp17-ins.webp\" alt=\"canal de aluminio para luz LED de 17 mm para montaje en superficie\" class=\"wp-image-44714 size-full\" srcset=\"https:\/\/tangooled.com\/wp-content\/uploads\/2026\/01\/fp17-ins.webp 535w, https:\/\/tangooled.com\/wp-content\/uploads\/2026\/01\/fp17-ins-300x300.webp 300w, https:\/\/tangooled.com\/wp-content\/uploads\/2026\/01\/fp17-ins-150x150.webp 150w\" sizes=\"auto, (max-width: 535px) 100vw, 535px\" \/><\/figure><\/div>\n<\/div>\n\n\n\n<div class=\"wp-block-group has-background is-vertical is-layout-flex wp-container-core-group-is-layout-d255d7c4 wp-block-group-is-layout-flex\" style=\"background-color:#f1f1f1;padding-top:var(--wp--preset--spacing--80);padding-bottom:var(--wp--preset--spacing--80)\">\n<h2 class=\"wp-block-heading\" style=\"padding-top:var(--wp--preset--spacing--40);padding-bottom:var(--wp--preset--spacing--40);font-size:25px;font-style:normal;font-weight:600;text-transform:capitalize\">\u00a1Incluye todo lo que necesitas!<\/h2>\n\n\n\n<p>Cuando compras este canal de luz LED de 17 mm, recibes:<\/p>\n\n\n\n<ul class=\"wp-block-list\">\n<li>1x canal de extrusi\u00f3n de aluminio<\/li>\n\n\n\n<li>1x cubierta difusora para los LED (selecciona transparente, mate o opal)<\/li>\n\n\n\n<li>Clips para montaje (t\u00edpicamente dos por metro)<\/li>\n\n\n\n<li>Tapas de extremo (una s\u00f3lida y una con un agujero para que pase el cable)<\/li>\n<\/ul>\n<\/div>\n\n\n\n<div class=\"wp-block-group is-vertical is-layout-flex wp-container-core-group-is-layout-d255d7c4 wp-block-group-is-layout-flex\" style=\"padding-top:var(--wp--preset--spacing--80);padding-bottom:var(--wp--preset--spacing--80)\">\n<h2 class=\"wp-block-heading\" style=\"padding-top:var(--wp--preset--spacing--40);padding-bottom:var(--wp--preset--spacing--40);font-size:25px;font-style:normal;font-weight:600;text-transform:capitalize\">Productos relacionados que podr\u00edan gustarte<\/h2>\n\n\n\n<ul class=\"wp-block-list\">\n<li><a href=\"https:\/\/tangooled.com\/es\/product\/black-led-diffuser-aluminum-channel-for-12mm-tape-lights\/\"><mark style=\"background-color:rgba(0, 0, 0, 0)\" class=\"has-inline-color has-vivid-red-color\">Canal de aluminio difusor LED negro para luces de cinta de 12 mm<\/mark><\/a><\/li>\n\n\n\n<li><a href=\"https:\/\/tangooled.com\/es\/product\/surface-mount-led-profile-with-frosted-diffuser-for-10mm-rope-lights\/\"><mark style=\"background-color:rgba(0, 0, 0, 0)\" class=\"has-inline-color has-vivid-red-color\">Perfil LED de montaje en superficie con difusor esmerilado para luces de cuerda de 10 mm<\/mark><\/a><\/li>\n\n\n\n<li><a href=\"https:\/\/tangooled.com\/es\/product\/led-strip-light-channel-aluminum-profile-with-diffused-cover-6mm-height\/\"><mark style=\"background-color:rgba(0, 0, 0, 0)\" class=\"has-inline-color has-vivid-red-color\">Perfil de aluminio para canal de luz LED con cubierta difusa de 6 mm de altura<\/mark><\/a><\/li>\n\n\n\n<li><a href=\"https:\/\/tangooled.com\/es\/product\/black-aluminum-u-channel-profile-for-10mm-led-strips\/\"><mark style=\"background-color:rgba(0, 0, 0, 0)\" class=\"has-inline-color has-vivid-red-color\">Perfil de canal en U de aluminio negro para tiras LED de 10mm<\/mark><\/a><\/li>\n<\/ul>\n<\/div>\n\n\n\n<div class=\"wp-block-group has-background is-vertical is-layout-flex wp-container-core-group-is-layout-d255d7c4 wp-block-group-is-layout-flex\" style=\"background-color:#f1f1f1;padding-top:var(--wp--preset--spacing--80);padding-bottom:var(--wp--preset--spacing--80)\">\n<h2 class=\"wp-block-heading\" style=\"padding-top:var(--wp--preset--spacing--40);padding-bottom:var(--wp--preset--spacing--40);font-size:25px;font-style:normal;font-weight:600;text-transform:capitalize\">resumen<\/h2>\n\n\n\n<p style=\"padding-right:var(--wp--preset--spacing--50);padding-left:var(--wp--preset--spacing--50)\">El canal de luz LED de 17 mm para montaje en superficie es tu mejor opci\u00f3n para instalaciones de tiras LED ordenadas, duraderas y profesionales. Este perfil de aluminio duradero funciona con la mayor\u00eda de los tipos de tiras LED y emite luz suave, sin puntos. Puedes usarlo para iluminaci\u00f3n de tareas en la cocina, exhibiciones en tiendas o iluminaci\u00f3n de guardarropas.<\/p>\n<\/div>\n\n\n\n<p><\/p>","protected":false},"featured_media":13985,"template":"","meta":{"_acf_changed":true,"_seopress_robots_primary_cat":"none","_seopress_titles_title":"Aluminum 17mm LED Strip Light Channel | TANGOOLED","_seopress_titles_desc":"Source the 17mm LED strip light channel. This FP17 is designed for surface mounting, this aluminum profile ensures professional heat dissipation for flexible LED tapes.","_seopress_robots_index":""},"pcb-width":[228],"product-cat":[192],"class_list":{"0":"post-34686","1":"product","2":"type-product","3":"status-publish","4":"has-post-thumbnail","6":"pcb-width-6-12mm","7":"product-cat-surface-led-profile"},"acf":[],"_links":{"self":[{"href":"https:\/\/tangooled.com\/es\/wp-json\/wp\/v2\/product\/34686","targetHints":{"allow":["GET"]}}],"collection":[{"href":"https:\/\/tangooled.com\/es\/wp-json\/wp\/v2\/product"}],"about":[{"href":"https:\/\/tangooled.com\/es\/wp-json\/wp\/v2\/types\/product"}],"wp:featuredmedia":[{"embeddable":true,"href":"https:\/\/tangooled.com\/es\/wp-json\/wp\/v2\/media\/13985"}],"wp:attachment":[{"href":"https:\/\/tangooled.com\/es\/wp-json\/wp\/v2\/media?parent=34686"}],"wp:term":[{"taxonomy":"pcb-width","embeddable":true,"href":"https:\/\/tangooled.com\/es\/wp-json\/wp\/v2\/pcb-width?post=34686"},{"taxonomy":"product-cat","embeddable":true,"href":"https:\/\/tangooled.com\/es\/wp-json\/wp\/v2\/product-cat?post=34686"}],"curies":[{"name":"wp","href":"https:\/\/api.w.org\/{rel}","templated":true}]}}