{"id":13209,"date":"2023-10-12T02:47:53","date_gmt":"2023-10-12T02:47:53","guid":{"rendered":"https:\/\/tangooled.com\/?post_type=product&#038;p=13209"},"modified":"2026-01-29T17:26:15","modified_gmt":"2026-01-30T01:26:15","slug":"black-led-profile-with-black-diffuser-for-10mm-led-strip-light","status":"publish","type":"product","link":"https:\/\/tangooled.com\/es\/product\/black-led-profile-with-black-diffuser-for-10mm-led-strip-light\/","title":{"rendered":"perfil LED negro con difusor negro para luz LED de 10 mm"},"content":{"rendered":"<div class=\"wp-block-group\" style=\"padding-top:var(--wp--preset--spacing--80);padding-bottom:var(--wp--preset--spacing--80)\"><div class=\"wp-block-group__inner-container is-layout-constrained wp-block-group-is-layout-constrained\">\n<p>This black led profile with black diffuser is made of high-quality materials, including 6063-T5 anodized aluminum and polycarbonate covers that meet industry standards. Each kit comes with\u00a0everything you need for a professional installation, including mounting clips and end caps. This black LED channel adheres to the top standards on the market, so it works with standard 10mm LED strip lights, such as flexible LED tapes and rigid bar lights. This black LED profile with black diffuser is made just for 10mm LED profile strips. Both professionals and lighting enthusiasts trust it to make subtle, discreet, and attractive lighting effects.<\/p>\n<\/div><\/div>\n\n\n\n<div class=\"wp-block-group has-background\" style=\"background-color:#f2f2f2f2;padding-top:var(--wp--preset--spacing--80);padding-bottom:var(--wp--preset--spacing--80)\"><div class=\"wp-block-group__inner-container is-layout-constrained wp-block-group-is-layout-constrained\">\n<div class=\"wp-block-group is-vertical is-layout-flex wp-container-core-group-is-layout-8cf370e7 wp-block-group-is-layout-flex\">\n<h2 class=\"wp-block-heading\" style=\"padding-top:var(--wp--preset--spacing--40);padding-bottom:var(--wp--preset--spacing--40);font-size:25px;font-style:normal;font-weight:600;text-transform:capitalize\">\u00bfPor qu\u00e9 elegir este perfil LED negro con difusor negro?<\/h2>\n\n\n\n<ul class=\"wp-block-list\">\n<li>Cuando est\u00e1 apagado, el aluminio negro mate y el difusor se integran bien con superficies oscuras como la madera negra, mobiliario oscuro o paredes de listones.<\/li>\n\n\n\n<li>Sin puntos cuando est\u00e1 encendido: El difusor negro oculta el patr\u00f3n de puntos brillantes de los LEDs, de modo que la luz brilla en una l\u00ednea recta.<\/li>\n\n\n\n<li>Mantiene los LEDs seguros y frescos: El canal LED negro&nbsp;protege las tiras LED del polvo y los da\u00f1os y ayuda a que duren m\u00e1s al actuar como un disipador de calor.<\/li>\n\n\n\n<li>El difusor negro reduce el brillo de la luz, proporcion\u00e1ndote la iluminaci\u00f3n de acento y ambiental perfecta sin ser demasiado dura.<\/li>\n\n\n\n<li>Se adapta perfectamente a estilos de montaje en superficie: Ideal para una instalaci\u00f3n r\u00e1pida en paredes, estanter\u00edas, muebles y m\u00e1s.<\/li>\n<\/ul>\n<\/div>\n<\/div><\/div>\n\n\n\n<div class=\"wp-block-group\" style=\"padding-top:var(--wp--preset--spacing--80);padding-bottom:var(--wp--preset--spacing--80)\"><div class=\"wp-block-group__inner-container is-layout-constrained wp-block-group-is-layout-constrained\">\n<div class=\"wp-block-media-text has-media-on-the-right is-stacked-on-mobile\" style=\"padding-top:0;padding-bottom:0;grid-template-columns:auto 40%\"><div class=\"wp-block-media-text__content\">\n<h2 class=\"wp-block-heading\" style=\"font-size:25px;font-style:normal;font-weight:600;text-transform:capitalize\">Instalaci\u00f3n f\u00e1cil en 4 pasos<\/h2>\n\n\n\n<ul class=\"wp-block-list\">\n<li>Corta y mide: Usa una sierra de precisi\u00f3n para cortar el perfil de aluminio y el difusor a la longitud que desees.<\/li>\n\n\n\n<li>Adjunta clips: Usa los clips de metal que vienen con el producto para fijarlos a la superficie donde deseas colocarlos.<\/li>\n\n\n\n<li>Coloca la tira LED donde necesita estar: Coloca tu tira LED de 10 mm en el canal del perfil.<\/li>\n\n\n\n<li>Agrega tapas finales y coloca la cubierta del difusor negro para terminar.<\/li>\n<\/ul>\n<\/div><figure class=\"wp-block-media-text__media\"><img loading=\"lazy\" decoding=\"async\" width=\"500\" height=\"500\" src=\"https:\/\/tangooled.com\/wp-content\/uploads\/2023\/10\/fp01-ins.webp\" alt=\"perfil LED negro con difusor negro para luz LED de 10 mm\" class=\"wp-image-36167 size-full\" srcset=\"https:\/\/tangooled.com\/wp-content\/uploads\/2023\/10\/fp01-ins.webp 500w, https:\/\/tangooled.com\/wp-content\/uploads\/2023\/10\/fp01-ins-300x300.webp 300w, https:\/\/tangooled.com\/wp-content\/uploads\/2023\/10\/fp01-ins-150x150.webp 150w\" sizes=\"auto, (max-width: 500px) 100vw, 500px\" \/><\/figure><\/div>\n<\/div><\/div>\n\n\n\n<div class=\"wp-block-group has-background\" style=\"background-color:#f2f2f2;padding-top:var(--wp--preset--spacing--80);padding-bottom:var(--wp--preset--spacing--80)\"><div class=\"wp-block-group__inner-container is-layout-constrained wp-block-group-is-layout-constrained\">\n<h2 class=\"wp-block-heading\" style=\"padding-top:var(--wp--preset--spacing--40);padding-bottom:var(--wp--preset--spacing--40);font-size:25px;font-style:normal;font-weight:600;text-transform:capitalize\">\u00bfD\u00f3nde usar este perfil LED negro con difusor negro?<\/h2>\n\n\n\n<ul class=\"wp-block-list\">\n<li>Iluminaci\u00f3n para debajo de los gabinetes y en la cocina: Funciona genial debajo de gabinetes o mostradores negros.<\/li>\n\n\n\n<li>Ambiente de cine en casa: Agrega luz suave y evocadora sin ser distrayente.<\/li>\n\n\n\n<li>Estanter\u00edas y armarios de exhibici\u00f3n: Oculta la fuente de luz mientras muestras tus cosas.<\/li>\n\n\n\n<li>Iluminaci\u00f3n para muebles: F\u00e1cil de colocar en camas, escritorios y gabinetes.<\/li>\n<\/ul>\n<\/div><\/div>\n\n\n\n<div class=\"wp-block-group\" style=\"padding-top:var(--wp--preset--spacing--80);padding-bottom:var(--wp--preset--spacing--80)\"><div class=\"wp-block-group__inner-container is-layout-constrained wp-block-group-is-layout-constrained\">\n<h2 class=\"wp-block-heading\" style=\"padding-top:var(--wp--preset--spacing--40);padding-bottom:var(--wp--preset--spacing--40);font-size:25px;font-style:normal;font-weight:600;text-transform:capitalize\">Productos Relacionados Que Te Puede Gustar<\/h2>\n\n\n\n<ul class=\"wp-block-list\">\n<li><a href=\"https:\/\/tangooled.com\/es\/product\/black-aluminum-u-channel-profile-for-10mm-led-strips\/\"><mark style=\"background-color:rgba(0, 0, 0, 0)\" class=\"has-inline-color has-vivid-red-color\">Perfil de canal en U de aluminio negro para tiras LED de 10 mm <\/mark><\/a>\u2014 Sleek black led channel profile designed for durable, clean installations. <\/li>\n\n\n\n<li><a href=\"https:\/\/tangooled.com\/es\/product\/led-light-diffuser-channel-aluminum-15x12mm-for-10mm-led-strips\/\"><mark style=\"background-color:rgba(0, 0, 0, 0)\" class=\"has-inline-color has-vivid-red-color\">Perfil LED de montaje en superficie en forma de U con difusor esmerilado<\/mark><\/a> \u2014 Ideal for soft light effects with easy surface mount design. <\/li>\n\n\n\n<li><a href=\"https:\/\/tangooled.com\/es\/product\/25x6mm-low-profile-led-strip-channel-for-10mm-led-strip-light\/\"><mark style=\"background-color:rgba(0, 0, 0, 0)\" class=\"has-inline-color has-vivid-red-color\">Canal para tira LED de perfil bajo para luz LED de 10 mm<\/mark><\/a> \u2014 Perfect for narrow spaces, offering a slim and elegant solution.<\/li>\n<\/ul>\n<\/div><\/div>\n\n\n\n<div class=\"wp-block-group has-background\" style=\"background-color:#f2f2f2f2;padding-top:var(--wp--preset--spacing--80);padding-bottom:var(--wp--preset--spacing--80)\"><div class=\"wp-block-group__inner-container is-layout-constrained wp-block-group-is-layout-constrained\">\n<h2 class=\"wp-block-heading\" style=\"padding-top:var(--wp--preset--spacing--40);padding-bottom:var(--wp--preset--spacing--40);font-size:25px;font-style:normal;font-weight:600\">\u00bfPor qu\u00e9 usar un perfil LED negro con difusor negro?<\/h2>\n\n\n\n<p style=\"padding-right:var(--wp--preset--spacing--50);padding-left:var(--wp--preset--spacing--50)\">Puedes conseguir una apariencia de iluminaci\u00f3n arquitect\u00f3nica sin los puntos LED brillantes utilizando un perfil LED negro con difusor negro. El acabado negro se combina bien con interiores oscuros y oculta eficazmente la fuente de luz, d\u00e1ndole un aspecto limpio. El canal de aluminio tambi\u00e9n protege tu tira LED y la mantiene fr\u00eda, por lo que dura mucho tiempo. Este perfil LED negro es una soluci\u00f3n ideal si deseas un acabado profesional de alta gama y una f\u00e1cil instalaci\u00f3n de tus luces de tira flexibles de 10 mm.<\/p>\n<\/div><\/div>\n\n\n\n<p><\/p>","protected":false},"featured_media":40748,"template":"","meta":{"_acf_changed":true,"_seopress_robots_primary_cat":"none","_seopress_titles_title":"Black LED Profile with Black Diffuser | 10mm LED Strip Channel | TANGOOLED","_seopress_titles_desc":"High-quality FP01 black LED profile with black diffuser. Designed for 10mm LED strip lights, this aluminum channel provides a seamless, modern \"dark light\" effect for architectural lighting.","_seopress_robots_index":""},"pcb-width":[228],"product-cat":[192],"class_list":{"0":"post-13209","1":"product","2":"type-product","3":"status-publish","4":"has-post-thumbnail","6":"pcb-width-6-12mm","7":"product-cat-surface-led-profile"},"acf":[],"_links":{"self":[{"href":"https:\/\/tangooled.com\/es\/wp-json\/wp\/v2\/product\/13209","targetHints":{"allow":["GET"]}}],"collection":[{"href":"https:\/\/tangooled.com\/es\/wp-json\/wp\/v2\/product"}],"about":[{"href":"https:\/\/tangooled.com\/es\/wp-json\/wp\/v2\/types\/product"}],"wp:featuredmedia":[{"embeddable":true,"href":"https:\/\/tangooled.com\/es\/wp-json\/wp\/v2\/media\/40748"}],"wp:attachment":[{"href":"https:\/\/tangooled.com\/es\/wp-json\/wp\/v2\/media?parent=13209"}],"wp:term":[{"taxonomy":"pcb-width","embeddable":true,"href":"https:\/\/tangooled.com\/es\/wp-json\/wp\/v2\/pcb-width?post=13209"},{"taxonomy":"product-cat","embeddable":true,"href":"https:\/\/tangooled.com\/es\/wp-json\/wp\/v2\/product-cat?post=13209"}],"curies":[{"name":"wp","href":"https:\/\/api.w.org\/{rel}","templated":true}]}}