{"id":120,"date":"2023-04-22T11:30:40","date_gmt":"2023-04-22T11:30:40","guid":{"rendered":"https:\/\/tangooled.com\/?page_id=120"},"modified":"2026-04-12T18:43:33","modified_gmt":"2026-04-13T02:43:33","slug":"led-linear-lights","status":"publish","type":"page","link":"https:\/\/tangooled.com\/es\/led-linear-lights\/","title":{"rendered":"Luces Lineales"},"content":{"rendered":"<h1>Invisible Light LED Linear Luminaires<\/h1>\n<p>Anti-glare linear light is a great solution for general lighting in public spaces such as offices, conference rooms, and showrooms. The high light accuracy and flexibility with the lumen of 1200 lm\/ft make the luminaire also great for museums, galleries, hotels, restaurants, residential and civic buildings.<\/p>\n<nav>Inicio<\/nav>\n<h2>INVISIBLE LIGHT LED LINEAR LUMINAIRE L7826 <\/h2>\n<p>\t\t\t\t\t\t\t\t\t\t\t\t\t<img loading=\"lazy\" decoding=\"async\" width=\"800\" height=\"600\" src=\"https:\/\/tangooled.com\/wp-content\/uploads\/2024\/04\/invisible-light-led-linear-L7826.webp\" alt=\"invisible light linear L7826\" srcset=\"https:\/\/tangooled.com\/wp-content\/uploads\/2024\/04\/invisible-light-led-linear-L7826.webp 800w, https:\/\/tangooled.com\/wp-content\/uploads\/2024\/04\/invisible-light-led-linear-L7826-300x225.webp 300w, https:\/\/tangooled.com\/wp-content\/uploads\/2024\/04\/invisible-light-led-linear-L7826-768x576.webp 768w, https:\/\/tangooled.com\/wp-content\/uploads\/2024\/04\/invisible-light-led-linear-L7826-600x450.webp 600w\" sizes=\"auto, (max-width: 800px) 100vw, 800px\" \/>\t\t\t\t\t\t\t\t\t\t\t\t\t<\/p>\n<figure><img loading=\"lazy\" decoding=\"async\" width=\"388\" height=\"388\" src=\"https:\/\/tangooled.com\/wp-content\/uploads\/2024\/04\/invisible-light-lens-L7826.webp\" alt=\"invisible light led linear 7826 white\" \/><\/figure>\n<p>Featuring an advanced transparent optics light diffuser, our design achieves the double effect of concealing LEDs and making the light source invisible, providing exceptional anti-glare performance with a UGR <16 rating.<\/p>\n<figure><img loading=\"lazy\" decoding=\"async\" width=\"388\" height=\"388\" src=\"https:\/\/tangooled.com\/wp-content\/uploads\/2024\/04\/invisible-light-black-L7826.webp\" alt=\"invisible light led linear black\" \/><\/figure>\n<p>La cubierta de luz creativa presenta un \u00e1ngulo de haz de 60 grados, optimizando nuestro innovador dise\u00f1o \u00f3ptico que enfoca e intensifica la fuente de luz de manera experta, resultando en una mejor eficiencia.<\/p>\n<figure><img loading=\"lazy\" decoding=\"async\" width=\"400\" height=\"400\" src=\"https:\/\/tangooled.com\/wp-content\/uploads\/2024\/04\/energy-efficient.webp\" alt=\"energy saving linear light\" \/><\/figure>\n<p>Este luminario lineal posee tres propiedades excepcionales: antideslumbrante, ahorro de energ\u00eda y alta eficiencia. Con una excelente eficiencia energ\u00e9tica que supera a las luces lineales ordinarias de 2 a 3 veces.<\/p>\n<p>\t\t\t<a role=\"button\"><br \/>\n\t\t\t\t\t\t\t\t\tAsk for Quote<br \/>\n\t\t\t\t\t<\/a><\/p>\n<p>Caracter\u00edsticas<\/p>\n<p>\t\t\t\t\t\t\t\t\t\t\t\t\t<img loading=\"lazy\" decoding=\"async\" width=\"768\" height=\"140\" src=\"https:\/\/tangooled.com\/wp-content\/uploads\/2024\/04\/7826-installation-768x140.webp\" alt=\"installation of linear light 7826\" srcset=\"https:\/\/tangooled.com\/wp-content\/uploads\/2024\/04\/7826-installation-768x140.webp 768w, https:\/\/tangooled.com\/wp-content\/uploads\/2024\/04\/7826-installation-300x55.webp 300w, https:\/\/tangooled.com\/wp-content\/uploads\/2024\/04\/7826-installation-600x109.webp 600w, https:\/\/tangooled.com\/wp-content\/uploads\/2024\/04\/7826-installation.webp 1000w\" sizes=\"auto, (max-width: 768px) 100vw, 768px\" \/>\t\t\t\t\t\t\t\t\t\t\t\t\t<\/p>\n<p>Techinical Specification<\/p>\n<p>\t\t\tEspecificaci\u00f3n\t\t<\/p>\n<ul>\n<li>\n\t\t\t\t\t\t\t\t\t\tInput Voltage(V): 220-240V\n\t\t\t\t\t\t\t\t\t<\/li>\n<li>\n\t\t\t\t\t\t\t\t\t\tRated Power(W): 38W\n\t\t\t\t\t\t\t\t\t<\/li>\n<li>\n\t\t\t\t\t\t\t\t\t\tLumen: 5700Lm\u00b15%\n\t\t\t\t\t\t\t\t\t<\/li>\n<li>\n\t\t\t\t\t\t\t\t\t\tEfficiency(lm\/W)\uff1a 150lm\/W\u00b15%\n\t\t\t\t\t\t\t\t\t<\/li>\n<li>\n\t\t\t\t\t\t\t\t\t\tSize: L1200xW62xH92MM\n\t\t\t\t\t\t\t\t\t<\/li>\n<li>\n\t\t\t\t\t\t\t\t\t\tLamp Body Color: White\/Black\n\t\t\t\t\t\t\t\t\t<\/li>\n<li>\n\t\t\t\t\t\t\t\t\t\tCRI:80\n\t\t\t\t\t\t\t\t\t<\/li>\n<li>\n\t\t\t\t\t\t\t\t\t\tBean Angle: 60 degree\n\t\t\t\t\t\t\t\t\t<\/li>\n<li>\n\t\t\t\t\t\t\t\t\t\tUGR: < 16\n\t\t\t\t\t\t\t\t\t<\/li>\n<\/ul>\n<p>\t\t\tLux diagram<br \/>\n\t\t\t\t\t\t\t\t\t\t\t\t\t<img loading=\"lazy\" decoding=\"async\" width=\"558\" height=\"330\" src=\"https:\/\/tangooled.com\/wp-content\/uploads\/2024\/04\/lux-diagram-7826.webp\" alt=\"linear light lux diagram 7826\" srcset=\"https:\/\/tangooled.com\/wp-content\/uploads\/2024\/04\/lux-diagram-7826.webp 558w, https:\/\/tangooled.com\/wp-content\/uploads\/2024\/04\/lux-diagram-7826-300x177.webp 300w\" sizes=\"auto, (max-width: 558px) 100vw, 558px\" \/><br \/>\n\t\t\tBeam angle<br \/>\n\t\t\t\t\t\t\t\t\t\t\t\t\t<img loading=\"lazy\" decoding=\"async\" width=\"400\" height=\"400\" src=\"https:\/\/tangooled.com\/wp-content\/uploads\/2024\/04\/beam-angle-7826.webp\" alt=\"beam angle of 7826 linear light\" srcset=\"https:\/\/tangooled.com\/wp-content\/uploads\/2024\/04\/beam-angle-7826.webp 400w, https:\/\/tangooled.com\/wp-content\/uploads\/2024\/04\/beam-angle-7826-300x300.webp 300w, https:\/\/tangooled.com\/wp-content\/uploads\/2024\/04\/beam-angle-7826-150x150.webp 150w, https:\/\/tangooled.com\/wp-content\/uploads\/2024\/04\/beam-angle-7826-100x100.webp 100w\" sizes=\"auto, (max-width: 400px) 100vw, 400px\" \/>\t\t\t\t\t\t\t\t\t\t\t\t\t<\/p>\n<h4><a href=\"https:\/\/tangooled.com\/wp-content\/uploads\/2023\/12\/INVISIBLE-LIGHT-LINEAR-LUMINAIRE-7826-PENDANT.pdf\">Download<\/a><\/h4>\n<p>\t\t\t<a href=\"https:\/\/tangooled.com\/wp-content\/uploads\/2024\/04\/7826-linear-light-datasheet.pdf\"><br \/>\n\t\t\t\t\t\t<\/a><\/p>\n<h3>Pendant Optics LED Linear Light<\/h3>\n<p>L7826 is a pendant LED linear luminaire specifically designed for office lighting applications. It features an optical diffuser with a design concept that ensures both antiglare and high light transmittance.\u00a0This LED linear luminaire\u00a0has\u00a0classic white or\u00a0black outer appearance, providing a stylish and clean finishing.<\/p>\n<p>\t\t\t\t\t\t\t\t\t\t\t\t<a tabindex=\"0\">Leer m\u00e1s<\/a><\/p>\n<p>The L7826 LED linear luminaire is configured with a built-in LED driver, and the output power is 38W. This innovative linear light delivers up to 150 lm\/W with a color rendering of CRI &gt; 80. The advanced design of the optical transparent LED diffuser allows for the light source to be invisible while providing efficient illumination. With a carefully designed beam angle of less than 60 degrees, it achieves a UGR glare rating of less than 16, resulting in comfortable and pleasant lighting.\u00a0<\/p>\n<p>\t\t\t\t\t\t\t\t\t\t\t\t\t\tPrevious slide<br \/>\n\t\t\t\t\t\t\t\t\t\t\t\t\t\tNext slide<\/p>\n<h2>INVISIBLE LIGHT LED LINEAR LUMINAIRE  L5570<\/h2>\n<p>\t\t\t\t\t\t\t\t\t\t\t\t\t<img loading=\"lazy\" decoding=\"async\" width=\"800\" height=\"600\" src=\"https:\/\/tangooled.com\/wp-content\/uploads\/2024\/04\/invisible-light-led-linear-L5570.webp\" alt=\"invisible light linear 5570\" srcset=\"https:\/\/tangooled.com\/wp-content\/uploads\/2024\/04\/invisible-light-led-linear-L5570.webp 800w, https:\/\/tangooled.com\/wp-content\/uploads\/2024\/04\/invisible-light-led-linear-L5570-300x225.webp 300w, https:\/\/tangooled.com\/wp-content\/uploads\/2024\/04\/invisible-light-led-linear-L5570-768x576.webp 768w, https:\/\/tangooled.com\/wp-content\/uploads\/2024\/04\/invisible-light-led-linear-L5570-600x450.webp 600w\" sizes=\"auto, (max-width: 800px) 100vw, 800px\" \/>\t\t\t\t\t\t\t\t\t\t\t\t\t<\/p>\n<figure><img loading=\"lazy\" decoding=\"async\" width=\"400\" height=\"400\" src=\"https:\/\/tangooled.com\/wp-content\/uploads\/2024\/04\/invisible-light-lens-5570.webp\" alt=\"invisible light lens 5570\" \/><\/figure>\n<p>El luminario lineal combina un difusor de luz \u00f3ptica transparente que hace que los LED sean invisibles. Adem\u00e1s, la luz casi invisible garantiza un rendimiento antideslumbrante excepcional, presentando una notable calificaci\u00f3n UGR tan baja como 19.<\/p>\n<figure><img loading=\"lazy\" decoding=\"async\" width=\"400\" height=\"400\" src=\"https:\/\/tangooled.com\/wp-content\/uploads\/2024\/04\/invisible-light-black-5570.webp\" alt=\"invisible light black 5090\" \/><\/figure>\n<p>Esta cubierta de luz plana del luminario 5570 est\u00e1 creada con un \u00e1ngulo de haz de 80 grados en lugar de 120 grados. Reduce eficazmente el deslumbramiento mientras proporciona una alta transmitancia de luz. <\/p>\n<figure><img loading=\"lazy\" decoding=\"async\" width=\"400\" height=\"400\" src=\"https:\/\/tangooled.com\/wp-content\/uploads\/2024\/04\/energy-efficient.webp\" alt=\"energy saving linear light\" \/><\/figure>\n<p>Este luminario lineal posee tres propiedades excepcionales: antideslumbrante, ahorro de energ\u00eda y alta eficiencia. Con una excelente eficiencia energ\u00e9tica que supera a las luces lineales ordinarias de 2 a 3 veces.<\/p>\n<p>\t\t\t<a role=\"button\"><br \/>\n\t\t\t\t\t\t\t\t\tAsk for Quote<br \/>\n\t\t\t\t\t<\/a><br \/>\n\t\t\tCaracter\u00edsticas<br \/>\n\t\t\t\t\t\t\t\t\t\t\t\t\t<img loading=\"lazy\" decoding=\"async\" width=\"768\" height=\"105\" src=\"https:\/\/tangooled.com\/wp-content\/uploads\/2024\/04\/5570-installation-768x105.webp\" alt=\"installation of linear light 5570\" srcset=\"https:\/\/tangooled.com\/wp-content\/uploads\/2024\/04\/5570-installation-768x105.webp 768w, https:\/\/tangooled.com\/wp-content\/uploads\/2024\/04\/5570-installation-300x41.webp 300w, https:\/\/tangooled.com\/wp-content\/uploads\/2024\/04\/5570-installation-600x82.webp 600w, https:\/\/tangooled.com\/wp-content\/uploads\/2024\/04\/5570-installation.webp 1000w\" sizes=\"auto, (max-width: 768px) 100vw, 768px\" \/>\t\t\t\t\t\t\t\t\t\t\t\t\t<\/p>\n<p>Techinical Specification<\/p>\n<p>\t\t\tEspecificaci\u00f3n\t\t<\/p>\n<ul>\n<li>\n\t\t\t\t\t\t\t\t\t\tInput Voltage(V): 220-240V\n\t\t\t\t\t\t\t\t\t<\/li>\n<li>\n\t\t\t\t\t\t\t\t\t\tRated Power(W): 38W\n\t\t\t\t\t\t\t\t\t<\/li>\n<li>\n\t\t\t\t\t\t\t\t\t\tLumen: 5700Lm\u00b15%\n\t\t\t\t\t\t\t\t\t<\/li>\n<li>\n\t\t\t\t\t\t\t\t\t\tEfficiency(lm\/W)\uff1a 150lm\/W\u00b15%\n\t\t\t\t\t\t\t\t\t<\/li>\n<li>\n\t\t\t\t\t\t\t\t\t\tSize: L1200xW55xH70MM\n\t\t\t\t\t\t\t\t\t<\/li>\n<li>\n\t\t\t\t\t\t\t\t\t\tLamp Body Color: White\/Black\n\t\t\t\t\t\t\t\t\t<\/li>\n<li>\n\t\t\t\t\t\t\t\t\t\tCRI:80\n\t\t\t\t\t\t\t\t\t<\/li>\n<li>\n\t\t\t\t\t\t\t\t\t\tBean Angle: 80 degree\n\t\t\t\t\t\t\t\t\t<\/li>\n<li>\n\t\t\t\t\t\t\t\t\t\tUGR: &lt; 19\n\t\t\t\t\t\t\t\t\t<\/li>\n<\/ul>\n<p>\t\t\tLux diagram<br \/>\n\t\t\t\t\t\t\t\t\t\t\t\t\t<img loading=\"lazy\" decoding=\"async\" width=\"558\" height=\"336\" src=\"https:\/\/tangooled.com\/wp-content\/uploads\/2024\/04\/lux-diagram-5570.webp\" alt=\"linear light lux diagram 5570\" srcset=\"https:\/\/tangooled.com\/wp-content\/uploads\/2024\/04\/lux-diagram-5570.webp 558w, https:\/\/tangooled.com\/wp-content\/uploads\/2024\/04\/lux-diagram-5570-300x181.webp 300w\" sizes=\"auto, (max-width: 558px) 100vw, 558px\" \/><br \/>\n\t\t\tBeam angle<br \/>\n\t\t\t\t\t\t\t\t\t\t\t\t\t<img loading=\"lazy\" decoding=\"async\" width=\"400\" height=\"400\" src=\"https:\/\/tangooled.com\/wp-content\/uploads\/2024\/04\/beam-angle-5570.webp\" alt=\"optic luminaire light invisible lux\" srcset=\"https:\/\/tangooled.com\/wp-content\/uploads\/2024\/04\/beam-angle-5570.webp 400w, https:\/\/tangooled.com\/wp-content\/uploads\/2024\/04\/beam-angle-5570-300x300.webp 300w, https:\/\/tangooled.com\/wp-content\/uploads\/2024\/04\/beam-angle-5570-150x150.webp 150w, https:\/\/tangooled.com\/wp-content\/uploads\/2024\/04\/beam-angle-5570-100x100.webp 100w\" sizes=\"auto, (max-width: 400px) 100vw, 400px\" \/>\t\t\t\t\t\t\t\t\t\t\t\t\t<\/p>\n<h4><a href=\"https:\/\/tangooled.com\/wp-content\/uploads\/2023\/12\/INVISIBLE-LIGHT-LINEAR-LUMINAIRE-7826-PENDANT.pdf\">Download<\/a><\/h4>\n<p>\t\t\t<a href=\"https:\/\/tangooled.com\/wp-content\/uploads\/2024\/04\/5570-linear-light-datasheet.pdf\"><br \/>\n\t\t\t\t\t\t<\/a><\/p>\n<h3>Optics LED Linear Light for General Lighting<\/h3>\n<p>L5570 LED linear luminaire is designed for general linear lighting. It features an optical diffuser with a design concept that effectively reduces glare and ensures high light transmittance. With classic white or black outer appearance that can be available for most general lighting purposes, like office lighting, commercial lighting and residential lighting.<\/p>\n<p>\t\t\t\t\t\t\t\t\t\t\t\t<a tabindex=\"0\">Leer m\u00e1s<\/a><\/p>\n<p>Mounting options of this LED linear L5570 include surface-mounted and pendant installations. Its power is 38W and delivers up 150LM\/W with color rendering of CRI 80. The incredibly designed flat diffuser with a 80 degree beam angle makes light source invisible but lighting efficiency. The UGR glare rating is lower than 19.&nbsp;<\/p>\n<p>\t\t\t\t\t\t\t\t\t\t\t\t\t\tPrevious slide<br \/>\n\t\t\t\t\t\t\t\t\t\t\t\t\t\tNext slide<\/p>\n<h2>Get A Fast Quote From TANGOO<\/h2>\n<p>At TANGOO, we are pleased to provide good quality LED profiles at competitive prices. We offer both TANGOO designed LED profiles and customized LED profiles.\u00a0 For more information, please contact us today.<\/p>\n<p>\t\t\t<a role=\"button\"><br \/>\n\t\t\t\t<svg xmlns=\"http:\/\/www.w3.org\/2000\/svg\" height=\"1em\" fill=\"currentColor\" viewbox=\"0 0 512 512\"><path d=\"M 503 279 Q 512 269 512 256 L 512 256 L 512 256 Q 512 243 503 233 L 375 105 L 375 105 Q 365 96 352 96 Q 339 96 329 105 Q 320 115 320 128 Q 320 141 329 151 L 403 224 L 403 224 L 32 224 L 32 224 Q 18 224 9 233 Q 0 242 0 256 Q 0 270 9 279 Q 18 288 32 288 L 403 288 L 403 288 L 329 361 L 329 361 Q 320 371 320 384 Q 320 397 329 407 Q 339 416 352 416 Q 365 416 375 407 L 503 279 L 503 279 Z\"><\/path><\/svg><br \/>\n\t\t\t\t\t\t\t\t\tGet Instant Quote<br \/>\n\t\t\t\t\t<\/a><\/p>","protected":false},"excerpt":{"rendered":"<p>Invisible Light LED Linear Luminaires Anti-glare linear light is a great solution for general lighting in public spaces such as offices, conference rooms, and showrooms. The high light accuracy and flexibility with the lumen of 1200 lm\/ft make the luminaire also great for museums, galleries, hotels, restaurants, residential and civic buildings. Home INVISIBLE LIGHT LED [&hellip;]<\/p>","protected":false},"author":1,"featured_media":15077,"parent":0,"menu_order":2,"comment_status":"closed","ping_status":"closed","template":"","meta":{"_acf_changed":false,"_seopress_robots_primary_cat":"","_seopress_titles_title":"Invisible Light LED Linear Luminaires - TANGOO","_seopress_titles_desc":"Looking for an invisible light LED linear luminaire? TANGOO provides professional and creative LED linear lights for office and residential use.","_seopress_robots_index":"","footnotes":""},"class_list":["post-120","page","type-page","status-publish","has-post-thumbnail"],"acf":[],"_links":{"self":[{"href":"https:\/\/tangooled.com\/es\/wp-json\/wp\/v2\/pages\/120","targetHints":{"allow":["GET"]}}],"collection":[{"href":"https:\/\/tangooled.com\/es\/wp-json\/wp\/v2\/pages"}],"about":[{"href":"https:\/\/tangooled.com\/es\/wp-json\/wp\/v2\/types\/page"}],"author":[{"embeddable":true,"href":"https:\/\/tangooled.com\/es\/wp-json\/wp\/v2\/users\/1"}],"replies":[{"embeddable":true,"href":"https:\/\/tangooled.com\/es\/wp-json\/wp\/v2\/comments?post=120"}],"version-history":[{"count":27,"href":"https:\/\/tangooled.com\/es\/wp-json\/wp\/v2\/pages\/120\/revisions"}],"predecessor-version":[{"id":56437,"href":"https:\/\/tangooled.com\/es\/wp-json\/wp\/v2\/pages\/120\/revisions\/56437"}],"wp:featuredmedia":[{"embeddable":true,"href":"https:\/\/tangooled.com\/es\/wp-json\/wp\/v2\/media\/15077"}],"wp:attachment":[{"href":"https:\/\/tangooled.com\/es\/wp-json\/wp\/v2\/media?parent=120"}],"curies":[{"name":"wp","href":"https:\/\/api.w.org\/{rel}","templated":true}]}}