{"id":47902,"date":"2026-01-13T02:27:17","date_gmt":"2026-01-13T10:27:17","guid":{"rendered":"https:\/\/tangooled.com\/?post_type=product&#038;p=47902"},"modified":"2026-02-02T01:37:58","modified_gmt":"2026-02-02T09:37:58","slug":"30-degree-optic-lens-double-layer-led-aluminum-channel-lp01c","status":"publish","type":"product","link":"https:\/\/tangooled.com\/de\/product\/30-degree-optic-lens-double-layer-led-aluminum-channel-lp01c\/","title":{"rendered":"30-Grad-Optiklinsendiffusor, doppellagiges LED-Aluminiumkanal"},"content":{"rendered":"<div class=\"wp-block-group is-vertical is-layout-flex wp-container-core-group-is-layout-d255d7c4 wp-block-group-is-layout-flex\" style=\"padding-top:var(--wp--preset--spacing--80);padding-bottom:var(--wp--preset--spacing--80)\">\n<p>Erzeugen Sie eine fokussierte LED-Streifenbeleuchtung mit unserem doppellagigen LED-Aluminiumkanal mit 30-Grad-Linse! Dieser kreative Kanal hat eine optische Linse, die den Lichtausgang genau innerhalb eines 30-Grad-Blickwinkels fokussiert. Der Kanal ist au\u00dfen 20mm breit und 15,5mm hoch, was ihm ein schlankes, eingebautes Aussehen verleiht.<br>The special double-layer design makes it easier to control heat, which is essential for extending your LED strips&#8217; lifespan. The installation process is simple and secure: first, fix the lower base channel to the mounting surface; then, securely snap the second layer, which holds the LED strip and the 30-degree lens, into place inside the fixed base.<\/p>\n<\/div>\n\n\n\n<div class=\"wp-block-group has-background\" style=\"background-color:#f1f1f1;padding-top:var(--wp--preset--spacing--80);padding-bottom:var(--wp--preset--spacing--80)\"><div class=\"wp-block-group__inner-container is-layout-constrained wp-block-group-is-layout-constrained\">\n<div class=\"wp-block-group is-vertical is-layout-flex wp-container-core-group-is-layout-8cf370e7 wp-block-group-is-layout-flex\">\n<h2 class=\"wp-block-heading\" style=\"padding-top:var(--wp--preset--spacing--40);padding-bottom:var(--wp--preset--spacing--40);font-size:25px;font-style:normal;font-weight:600;text-transform:capitalize\">Why Choose Our 30\u00b0 Optic Lens Diffuser Double Layer LED Aluminum Channel?<\/h2>\n\n\n\n<ul class=\"wp-block-list\">\n<li>Focused 30\u00b0 beam angle: Uses a special optic lens to direct light exactly where you want it. No more light that goes to waste or glare.<\/li>\n\n\n\n<li>Doppellagiger LED-Kanal: Die innere Schicht ist 16mm breit, was perfekt f\u00fcr doppelte Reihen von LED-Streifen ist.<\/li>\n\n\n\n<li>Starke W\u00e4rmeableitung: Hergestellt aus 6063-T5 anodisiertem Aluminium, das die LEDs k\u00fchl h\u00e4lt, damit sie l\u00e4nger halten.<\/li>\n\n\n\n<li>Punktfreie Beleuchtung: Der Diffusor macht Ihr Licht gleichm\u00e4\u00dfig und angenehm.<\/li>\n\n\n\n<li>Oberfl\u00e4chenbearbeitungen des Aluminiumgeh\u00e4uses: Sie k\u00f6nnen es in Silber, Schwarz oder Wei\u00df erhalten, um Ihren Stil zu erg\u00e4nzen.<\/li>\n<\/ul>\n<\/div>\n<\/div><\/div>\n\n\n\n<div class=\"wp-block-group is-vertical is-layout-flex wp-container-core-group-is-layout-d255d7c4 wp-block-group-is-layout-flex\" style=\"padding-top:var(--wp--preset--spacing--80);padding-bottom:var(--wp--preset--spacing--80)\">\n<hr class=\"wp-block-separator has-alpha-channel-opacity\"\/>\n\n\n\n<div class=\"wp-block-media-text has-media-on-the-right is-stacked-on-mobile\" style=\"grid-template-columns:auto 40%\"><div class=\"wp-block-media-text__content\">\n<h2 class=\"wp-block-heading\" style=\"padding-top:var(--wp--preset--spacing--40);padding-bottom:var(--wp--preset--spacing--40);font-size:25px;font-style:normal;font-weight:600;text-transform:capitalize\">Installation &amp; Kompatibilit\u00e4t<\/h2>\n\n\n\n<p>Es funktioniert mit den meisten LED-Streifen, die bis zu 15mm breit sind, wie dem SMD 5050. Mit einer feinen S\u00e4ge k\u00f6nnen Sie es einfach auf die richtige L\u00e4nge schneiden. Dieser 30-Grad-Optiklinse-Kanal kann auf der Oberfl\u00e4che montiert werden und bietet ein sauberes und professionelles Aussehen. Sie k\u00f6nnen auch ein dimmbares Netzteil damit verwenden, mit dem Sie die Beleuchtung vollst\u00e4ndig anpassen k\u00f6nnen.<\/p>\n<\/div><figure class=\"wp-block-media-text__media\"><img loading=\"lazy\" decoding=\"async\" width=\"500\" height=\"500\" src=\"https:\/\/tangooled.com\/wp-content\/uploads\/2025\/06\/lp01c-ins.webp\" alt=\"30 degree optic lens diffuser double layer led aluminum channel\" class=\"wp-image-41920 size-full\" srcset=\"https:\/\/tangooled.com\/wp-content\/uploads\/2025\/06\/lp01c-ins.webp 500w, https:\/\/tangooled.com\/wp-content\/uploads\/2025\/06\/lp01c-ins-300x300.webp 300w, https:\/\/tangooled.com\/wp-content\/uploads\/2025\/06\/lp01c-ins-150x150.webp 150w\" sizes=\"auto, (max-width: 500px) 100vw, 500px\" \/><\/figure><\/div>\n<\/div>\n\n\n\n<div class=\"wp-block-group has-background is-vertical is-layout-flex wp-container-core-group-is-layout-b429018a wp-block-group-is-layout-flex\" style=\"background-color:#f1f1f1f2;padding-top:var(--wp--preset--spacing--70);padding-bottom:var(--wp--preset--spacing--70)\">\n<h2 class=\"wp-block-heading\" style=\"padding-top:var(--wp--preset--spacing--40);padding-bottom:var(--wp--preset--spacing--40);font-size:25px;font-style:normal;font-weight:600\">Perfekt f\u00fcr viele Eins\u00e4tze<\/h2>\n\n\n\n<p>Dieser Doppellayer-LED-Kanal ist eine gute L\u00f6sung f\u00fcr:<\/p>\n\n\n\n<ul class=\"wp-block-list\">\n<li>Displays in Gesch\u00e4ften: Beleuchtung f\u00fcr Regale und Vitrinen.<\/li>\n\n\n\n<li>B\u00fcrobereiche: B\u00fcros, Flure und Arbeitsbeleuchtung.<\/li>\n\n\n\n<li>Luxuri\u00f6se Wohnungen: Beleuchtung f\u00fcr M\u00f6bel, Treppen und unter Schr\u00e4nken.<\/li>\n\n\n\n<li>Beleuchtung f\u00fcr Museen und Galerien: Kunstwerke hervorheben, ohne zu blenden.<\/li>\n<\/ul>\n<\/div>\n\n\n\n<div class=\"wp-block-group is-vertical is-layout-flex wp-container-core-group-is-layout-d255d7c4 wp-block-group-is-layout-flex\" style=\"padding-top:var(--wp--preset--spacing--80);padding-bottom:var(--wp--preset--spacing--80)\">\n<h2 class=\"wp-block-heading\" style=\"padding-top:var(--wp--preset--spacing--40);padding-bottom:var(--wp--preset--spacing--40);font-size:25px;font-style:normal;font-weight:600;text-transform:capitalize\">What\u2019s Included<\/h2>\n\n\n\n<ul class=\"wp-block-list\">\n<li>1x Doppellayer Aluminium-LED-Kanal<\/li>\n\n\n\n<li>1x 30\u00b0 Optic Lens Diffuser Cover<\/li>\n\n\n\n<li>2x Endkappen (eine mit Loch f\u00fcr ein Kabel und eine solide)<\/li>\n<\/ul>\n<\/div>\n\n\n\n<div class=\"wp-block-group has-background is-vertical is-layout-flex wp-container-core-group-is-layout-b429018a wp-block-group-is-layout-flex\" style=\"background-color:#f1f1f1f2;padding-top:var(--wp--preset--spacing--70);padding-bottom:var(--wp--preset--spacing--70)\">\n<h2 class=\"wp-block-heading\" style=\"padding-top:var(--wp--preset--spacing--40);padding-bottom:var(--wp--preset--spacing--40);font-size:25px;font-style:normal;font-weight:600\">Interne Links zu verwandten Produkten<\/h2>\n\n\n\n<ul class=\"wp-block-list\">\n<li>Brauchen Sie ein Profil f\u00fcr ein kleineres LED-Band? \u00dcberpr\u00fcfen Sie das <a href=\"https:\/\/tangooled.com\/de\/product\/black-led-diffuser-aluminum-channel-for-12mm-tape-lights\/\"><mark style=\"background-color:rgba(0, 0, 0, 0)\" class=\"has-inline-color has-vivid-red-color\">schwarze LED-Diffusor-Aluminiumkanal f\u00fcr 12mm Lichtb\u00e4nder<\/mark><\/a>.<\/li>\n\n\n\n<li>F\u00fcr flache Anforderungen probieren Sie unser <a href=\"https:\/\/tangooled.com\/de\/product\/25x6mm-low-profile-led-strip-channel-for-10mm-led-strip-light\/\"><mark style=\"background-color:rgba(0, 0, 0, 0)\" class=\"has-inline-color has-vivid-red-color\">25x6mm Niedrigprofil-LED-Streifenkanal f\u00fcr 10mm LED-Streifenlicht<\/mark><\/a>.<\/li>\n\n\n\n<li>M\u00f6chten Sie einen gr\u00f6\u00dferen Beleuchtungswinkel? Sehen Sie sich das an <a href=\"https:\/\/tangooled.com\/de\/product\/aluminum-profile-with-60-degree-lens-led-diffuser\/\"><mark style=\"background-color:rgba(0, 0, 0, 0)\" class=\"has-inline-color has-vivid-red-color\">Aluminiumprofil mit 60-Grad-Linse LED-Diffusor<\/mark><\/a>. <\/li>\n<\/ul>\n<\/div>\n\n\n\n<div class=\"wp-block-group is-vertical is-layout-flex wp-container-core-group-is-layout-d255d7c4 wp-block-group-is-layout-flex\" style=\"padding-top:var(--wp--preset--spacing--80);padding-bottom:var(--wp--preset--spacing--80)\">\n<h2 class=\"wp-block-heading\" style=\"padding-top:var(--wp--preset--spacing--40);padding-bottom:var(--wp--preset--spacing--40);font-size:25px;font-style:normal;font-weight:600;text-transform:capitalize\">Zusammenfassung<\/h2>\n\n\n\n<p>Wenn Sie Licht m\u00f6chten, das hell, gleichm\u00e4\u00dfig und fokussiert ist, ist dieser doppellagige LED-Aluminiumkanal mit einer 30-Grad-Optiklinse eine hervorragende Wahl. Er hat einen scharfen 30-Grad-Diffusor, der die Strahlen klar und fokussiert macht. Das anodisierte Aluminium 6063-T5 l\u00e4sst W\u00e4rme leicht abflie\u00dfen. Dieser Linsendiffusorkanal ist fantastisch f\u00fcr verschiedene Dinge, wie zum Beispiel Ihr Zuhause heller zu machen oder an Lichtdesignprojekten zu arbeiten.<\/p>\n\n\n\n<p><\/p>\n<\/div>","protected":false},"featured_media":33350,"template":"","meta":{"_acf_changed":true,"_seopress_robots_primary_cat":"none","_seopress_titles_title":"30 Degree Optic Lens Double Layer LED Aluminum Channel | LP01C | TANGOOLED","_seopress_titles_desc":"Source the double layer LED aluminum channel featuring a 30 degree optic lens. Engineered for superior thermal management and precise beam control. Ideal for professional architectural lighting.","_seopress_robots_index":""},"pcb-width":[228],"product-cat":[201],"class_list":{"0":"post-47902","1":"product","2":"type-product","3":"status-publish","4":"has-post-thumbnail","6":"pcb-width-6-12mm","7":"product-cat-optic-lens-profile"},"acf":[],"_links":{"self":[{"href":"https:\/\/tangooled.com\/de\/wp-json\/wp\/v2\/product\/47902","targetHints":{"allow":["GET"]}}],"collection":[{"href":"https:\/\/tangooled.com\/de\/wp-json\/wp\/v2\/product"}],"about":[{"href":"https:\/\/tangooled.com\/de\/wp-json\/wp\/v2\/types\/product"}],"wp:featuredmedia":[{"embeddable":true,"href":"https:\/\/tangooled.com\/de\/wp-json\/wp\/v2\/media\/33350"}],"wp:attachment":[{"href":"https:\/\/tangooled.com\/de\/wp-json\/wp\/v2\/media?parent=47902"}],"wp:term":[{"taxonomy":"pcb-width","embeddable":true,"href":"https:\/\/tangooled.com\/de\/wp-json\/wp\/v2\/pcb-width?post=47902"},{"taxonomy":"product-cat","embeddable":true,"href":"https:\/\/tangooled.com\/de\/wp-json\/wp\/v2\/product-cat?post=47902"}],"curies":[{"name":"wp","href":"https:\/\/api.w.org\/{rel}","templated":true}]}}