{"id":47897,"date":"2026-01-13T02:24:08","date_gmt":"2026-01-13T10:24:08","guid":{"rendered":"https:\/\/tangooled.com\/?post_type=product&#038;p=47897"},"modified":"2026-04-08T21:33:20","modified_gmt":"2026-04-09T05:33:20","slug":"10-degree-lens-surface-mount-led-channel-fp02l","status":"publish","type":"product","link":"https:\/\/tangooled.com\/de\/product\/10-degree-lens-surface-mount-led-channel-fp02l\/","title":{"rendered":"10-Grad-Linsen-Oberfl\u00e4chenmontage-LED-Kanal FP02L"},"content":{"rendered":"<div class=\"wp-block-group is-vertical is-layout-flex wp-container-core-group-is-layout-d255d7c4 wp-block-group-is-layout-flex\" style=\"padding-top:var(--wp--preset--spacing--80);padding-bottom:var(--wp--preset--spacing--80)\">\n<p>This 10-degree lens LED channel features a slim aluminum profile with an inner width of 12.2 mm, compatible with high-density LED strips such as SMD3528 and SMD5050. It has a precision\u00a0optical lens that concentrates light into an ultra-narrow 10\u00b0 beam, giving you a sharp, long-distance light with little light spill.<br>Dieses Profil ist f\u00fcr die Oberfl\u00e4chenmontage konzipiert und enth\u00e4lt alle Teile, die Sie f\u00fcr eine problemlose Installation ben\u00f6tigen, wie Endkappen und Montagesclips. Es ist die beste Wahl f\u00fcr Akzentbeleuchtung in R\u00e4umen mit hohen Decken, entlang von W\u00e4nden und in speziellen Arbeitsbereichen, in denen Sie eine pr\u00e4zise Lichtsteuerung ben\u00f6tigen.<\/p>\n<\/div>\n\n\n\n<div class=\"wp-block-group has-background\" style=\"background-color:#f1f1f1;padding-top:var(--wp--preset--spacing--80);padding-bottom:var(--wp--preset--spacing--80)\"><div class=\"wp-block-group__inner-container is-layout-constrained wp-block-group-is-layout-constrained\">\n<div class=\"wp-block-group is-vertical is-layout-flex wp-container-core-group-is-layout-8cf370e7 wp-block-group-is-layout-flex\">\n<h2 class=\"wp-block-heading\" style=\"padding-top:var(--wp--preset--spacing--40);padding-bottom:var(--wp--preset--spacing--40);font-size:25px;font-style:normal;font-weight:600;text-transform:capitalize\">Warum sollten Sie unseren 10-Grad-Linsen-LED-Kanal w\u00e4hlen?<\/h2>\n\n\n\n<ul class=\"wp-block-list\">\n<li>Sharp 10\u00b0 Beam: The special lens focuses the light in a tight, narrow beam. This means the light goes right where you want it.<\/li>\n\n\n\n<li>Robuster Aluminiumkanal: Gefertigt aus 6063-T5-eloxiertem Aluminium. Er h\u00e4lt Ihre LED-Streifen k\u00fchl und sorgt daf\u00fcr, dass das Licht lange h\u00e4lt.<\/li>\n\n\n\n<li>Einfach zu montieren: Oberfl\u00e4chenmontagedesign mit Clips und Endkappen im Lieferumfang enthalten.<\/li>\n\n\n\n<li>Klarer Linsen-Diffusor: Hergestellt aus klarem Polycarbonat f\u00fcr eine gro\u00dfartige Lichtkontrolle ohne Vergilbung.<\/li>\n\n\n\n<li>Perfekt f\u00fcr viele Anwendungen: Verwenden Sie ihn in Ihrem Zuhause, B\u00fcro oder Gesch\u00e4ft. Er ist ideal f\u00fcr Anwendungen unter Schr\u00e4nken, in Regalen, an W\u00e4nden oder in Vitrinen.<\/li>\n<\/ul>\n<\/div>\n<\/div><\/div>\n\n\n\n<div class=\"wp-block-group is-vertical is-layout-flex wp-container-core-group-is-layout-d255d7c4 wp-block-group-is-layout-flex\" style=\"padding-top:var(--wp--preset--spacing--80);padding-bottom:var(--wp--preset--spacing--80)\">\n<hr class=\"wp-block-separator has-alpha-channel-opacity\"\/>\n\n\n\n<div class=\"wp-block-media-text has-media-on-the-right is-stacked-on-mobile\" style=\"grid-template-columns:auto 40%\"><div class=\"wp-block-media-text__content\">\n<h2 class=\"wp-block-heading\" style=\"padding-top:var(--wp--preset--spacing--40);padding-bottom:var(--wp--preset--spacing--40);font-size:25px;font-style:normal;font-weight:600;text-transform:capitalize\">Einfach zu verwenden und zu installieren<\/h2>\n\n\n\n<ul class=\"wp-block-list\">\n<li>Schneiden Sie die Aluminiumkan\u00e4le und den Linsen-Diffusor auf die gew\u00fcnschte L\u00e4nge mit einer Hands\u00e4ge.<\/li>\n\n\n\n<li>Ziehen Sie die Kleber\u00fcckseite Ihres LED-Streifens ab und dr\u00fccken Sie ihn fest in den Kanal.<\/li>\n\n\n\n<li>Stecken Sie den 10-Grad-Linsen-Diffusor an Ort und Stelle und befestigen Sie dann die Endkappen an beiden Enden des Kanals.<\/li>\n\n\n\n<li>Befestigen Sie den Aluminiumkanal mit den mitgelieferten Montagesclips und Schrauben an W\u00e4nden, Decken oder Schr\u00e4nken.<\/li>\n<\/ul>\n<\/div><figure class=\"wp-block-media-text__media\"><img loading=\"lazy\" decoding=\"async\" width=\"500\" height=\"500\" src=\"https:\/\/tangooled.com\/wp-content\/uploads\/2026\/01\/fp02l-ins.webp\" alt=\"10 degree lens surface mount led channel fp02l\" class=\"wp-image-49001 size-full\" srcset=\"https:\/\/tangooled.com\/wp-content\/uploads\/2026\/01\/fp02l-ins.webp 500w, https:\/\/tangooled.com\/wp-content\/uploads\/2026\/01\/fp02l-ins-300x300.webp 300w, https:\/\/tangooled.com\/wp-content\/uploads\/2026\/01\/fp02l-ins-150x150.webp 150w\" sizes=\"auto, (max-width: 500px) 100vw, 500px\" \/><\/figure><\/div>\n<\/div>\n\n\n\n<div class=\"wp-block-group has-background is-vertical is-layout-flex wp-container-core-group-is-layout-b429018a wp-block-group-is-layout-flex\" style=\"background-color:#f1f1f1f2;padding-top:var(--wp--preset--spacing--70);padding-bottom:var(--wp--preset--spacing--70)\">\n<h2 class=\"wp-block-heading\" style=\"padding-top:var(--wp--preset--spacing--40);padding-bottom:var(--wp--preset--spacing--40);font-size:25px;font-style:normal;font-weight:600\">Wo k\u00f6nnen Sie unseren 10-Grad-Linsen-LED-Kanal verwenden?<\/h2>\n\n\n\n<p>Dieser 10-Grad-Linsen-LED-Kanal ist perfekt f\u00fcr:<\/p>\n\n\n\n<ul class=\"wp-block-list\">\n<li>Akzentbeleuchtung: Um einen beeindruckenden visuellen Effekt zu erzielen, indem Kunstwerke, architektonische Details oder Wohnkultur hervorgehoben werden.<\/li>\n\n\n\n<li>Deckenbeleuchtung: Installieren Sie ihn an der Decke, um fokussierte Downlights zu erzeugen, die auf elegante, moderne Weise Licht abgeben.<\/li>\n\n\n\n<li>Unter-Schrank-Beleuchtung: Verwenden Sie fokussiertes, blendfreies Licht, um Ihre Oberfl\u00e4chen aufzuhellen und Ihrer K\u00fcche ein elegantes, professionelles Aussehen zu verleihen.<\/li>\n\n\n\n<li>Anzeige- und Regalbeleuchtung: Verwenden Sie einen schmalen Lichtstrahl, um Aufmerksamkeit auf Ihre Artikel oder Sammlungen zu lenken.<\/li>\n\n\n\n<li>Architectural Highlighting: Use a crisp, strong line of light to show off the building&#8217;s interior or exterior&#8217;s unique lines, edges, and corners.<\/li>\n<\/ul>\n<\/div>\n\n\n\n<div class=\"wp-block-group is-vertical is-layout-flex wp-container-core-group-is-layout-d255d7c4 wp-block-group-is-layout-flex\" style=\"padding-top:var(--wp--preset--spacing--80);padding-bottom:var(--wp--preset--spacing--80)\">\n<h2 class=\"wp-block-heading\" style=\"padding-top:var(--wp--preset--spacing--40);padding-bottom:var(--wp--preset--spacing--40);font-size:25px;font-style:normal;font-weight:600;text-transform:capitalize\">Zusammenfassung<\/h2>\n\n\n\n<p>Die Linse im Kanal konzentriert das LED-Licht in einem engen 10-Grad-Strahl. Dadurch werden die Lichter hell und scharf. Andere Diffusorstrahlen, wie 15, 20 oder 60 Grad, verleihen einem gr\u00f6\u00dferen Bereich eine weichere Ausleuchtung. Wenn Sie gro\u00dfartige Akzentbeleuchtung mit Kanten und Details w\u00fcnschen, ist dieser 10-Grad-Linsen-LED-Kanal perfekt.<\/p>\n<\/div>\n\n\n\n<p><\/p>","protected":false},"featured_media":14209,"template":"","meta":{"_acf_changed":false,"_seopress_robots_primary_cat":"none","_seopress_titles_title":"10 Degree Lens LED Channel | Surface Mount Profile | TANGOOLED","_seopress_titles_desc":"Source this 10 degree lens LED channel for ultra-narrow beam control. Ideal for high-ceiling accent lighting and wall washing. High-quality surface mount profile from TANGOOLED.","_seopress_robots_index":""},"pcb-width":[228],"product-cat":[201],"class_list":{"0":"post-47897","1":"product","2":"type-product","3":"status-publish","4":"has-post-thumbnail","6":"pcb-width-6-12mm","7":"product-cat-optic-lens-profile"},"acf":[],"_links":{"self":[{"href":"https:\/\/tangooled.com\/de\/wp-json\/wp\/v2\/product\/47897","targetHints":{"allow":["GET"]}}],"collection":[{"href":"https:\/\/tangooled.com\/de\/wp-json\/wp\/v2\/product"}],"about":[{"href":"https:\/\/tangooled.com\/de\/wp-json\/wp\/v2\/types\/product"}],"wp:featuredmedia":[{"embeddable":true,"href":"https:\/\/tangooled.com\/de\/wp-json\/wp\/v2\/media\/14209"}],"wp:attachment":[{"href":"https:\/\/tangooled.com\/de\/wp-json\/wp\/v2\/media?parent=47897"}],"wp:term":[{"taxonomy":"pcb-width","embeddable":true,"href":"https:\/\/tangooled.com\/de\/wp-json\/wp\/v2\/pcb-width?post=47897"},{"taxonomy":"product-cat","embeddable":true,"href":"https:\/\/tangooled.com\/de\/wp-json\/wp\/v2\/product-cat?post=47897"}],"curies":[{"name":"wp","href":"https:\/\/api.w.org\/{rel}","templated":true}]}}