{"id":47893,"date":"2026-01-13T02:18:38","date_gmt":"2026-01-13T10:18:38","guid":{"rendered":"https:\/\/tangooled.com\/?post_type=product&#038;p=47893"},"modified":"2026-02-02T01:38:16","modified_gmt":"2026-02-02T09:38:16","slug":"aluminum-led-profile-30-degree-lens-diffuser-for-10mm-strips","status":"publish","type":"product","link":"https:\/\/tangooled.com\/de\/product\/aluminum-led-profile-30-degree-lens-diffuser-for-10mm-strips\/","title":{"rendered":"Aluminium-LED-Profil mit 30-Grad-Linsendiffusor f\u00fcr 10mm Streifen"},"content":{"rendered":"<div class=\"wp-block-group is-vertical is-layout-flex wp-container-core-group-is-layout-d255d7c4 wp-block-group-is-layout-flex\" style=\"padding-top:var(--wp--preset--spacing--80);padding-bottom:var(--wp--preset--spacing--80)\">\n<p>Dieses Aluminium-LED-Profil mit 30-Grad-Linse ist f\u00fcr fokussiertes Licht ausgelegt. Mit einer Breite von 17,2 mm und einer H\u00f6he von 12,9 mm funktioniert es mit Standard-10-mm-LED-Streifen und hat einen klaren Linsen-Diffusor, um das LED-Licht in einen schmalen Lichtaustrittswinkel zu konzentrieren, der sich f\u00fcr Akzentbeleuchtungsanwendungen mit LED-Streifen eignet. Dieses Aluminium-LED-Profil mit 30-Grad-Linsen-Diffusor verf\u00fcgt \u00fcber Montageclips f\u00fcr eine einfache Installation. Es kann sicher an jeder Oberfl\u00e4che angebracht werden. Ob Sie eine Verkaufspr\u00e4sentation beleuchten oder Ihrem Zuhause einen anspruchsvollen Akzent verleihen m\u00f6chten, dieses Profil kombiniert Langlebigkeit mit einem eleganten, professionellen Finish.<\/p>\n<\/div>\n\n\n\n<div class=\"wp-block-group has-background\" style=\"background-color:#f1f1f1;padding-top:var(--wp--preset--spacing--80);padding-bottom:var(--wp--preset--spacing--80)\"><div class=\"wp-block-group__inner-container is-layout-constrained wp-block-group-is-layout-constrained\">\n<div class=\"wp-block-group is-vertical is-layout-flex wp-container-core-group-is-layout-8cf370e7 wp-block-group-is-layout-flex\">\n<h2 class=\"wp-block-heading\" style=\"padding-top:var(--wp--preset--spacing--40);padding-bottom:var(--wp--preset--spacing--40);font-size:25px;font-style:normal;font-weight:600;text-transform:capitalize\">Warum sollten Sie unser 30-Grad-Linsen-LED-Profil w\u00e4hlen?<\/h2>\n\n\n\n<p>Unser 30-Grad-Linsen-LED-Profil bietet viele Vorteile:<\/p>\n\n\n\n<ul class=\"wp-block-list\">\n<li>Focused light beam: The 30\u00b0 lens makes a tight beam of light that doesn&#8217;t cause glare, so it goes exactly where you want it to.<\/li>\n\n\n\n<li>Strong aluminum channel: It keeps LED strips cool and makes them last\u00a0longer by acting as a heat sink.<\/li>\n\n\n\n<li>This\u00a0channel\u00a0is great for 10mm LED strips because it has an inner width of 12mm. It works with popular models like the 5050 and 2835.<\/li>\n\n\n\n<li>Dieses Produkt wird mit allem geliefert, was Sie ben\u00f6tigen, um es schnell und ordentlich zu installieren, einschlie\u00dflich Endkappen und Montageclips.<\/li>\n<\/ul>\n<\/div>\n<\/div><\/div>\n\n\n\n<div class=\"wp-block-group is-vertical is-layout-flex wp-container-core-group-is-layout-d255d7c4 wp-block-group-is-layout-flex\" style=\"padding-top:var(--wp--preset--spacing--80);padding-bottom:var(--wp--preset--spacing--80)\">\n<hr class=\"wp-block-separator has-alpha-channel-opacity\"\/>\n\n\n\n<div class=\"wp-block-media-text has-media-on-the-right is-stacked-on-mobile\" style=\"grid-template-columns:auto 40%\"><div class=\"wp-block-media-text__content\">\n<h2 class=\"wp-block-heading\" style=\"padding-top:var(--wp--preset--spacing--40);padding-bottom:var(--wp--preset--spacing--40);font-size:25px;font-style:normal;font-weight:600;text-transform:capitalize\">Installationstipps f\u00fcr die besten Ergebnisse<\/h2>\n\n\n\n<ul class=\"wp-block-list\">\n<li>Make sure the LED strip is firmly attached to the base of the aluminum channel. Drill\u00a0a hole in the channel and run the power cord through it.<\/li>\n\n\n\n<li>Verwenden Sie Schrauben, um die Montageclips an der Oberfl\u00e4che zu befestigen, an der Sie sie anbringen m\u00f6chten.<\/li>\n\n\n\n<li>Setzen Sie den Aluminiumkanal auf die bereits angebrachten Clips.<\/li>\n\n\n\n<li>Stecken Sie das Netzkabel in die Stromversorgung.<\/li>\n\n\n\n<li>Beenden Sie die Installation, indem Sie die Endkappen einsetzen und die LED-Diffusor-Abdeckung aufsnapen.<\/li>\n<\/ul>\n<\/div><figure class=\"wp-block-media-text__media\"><img loading=\"lazy\" decoding=\"async\" width=\"500\" height=\"500\" src=\"https:\/\/tangooled.com\/wp-content\/uploads\/2026\/01\/fp01l-ins.webp\" alt=\"aluminum led profile with 30 degree lens diffuser for 10mm led strips\" class=\"wp-image-48331 size-full\" srcset=\"https:\/\/tangooled.com\/wp-content\/uploads\/2026\/01\/fp01l-ins.webp 500w, https:\/\/tangooled.com\/wp-content\/uploads\/2026\/01\/fp01l-ins-300x300.webp 300w, https:\/\/tangooled.com\/wp-content\/uploads\/2026\/01\/fp01l-ins-150x150.webp 150w\" sizes=\"auto, (max-width: 500px) 100vw, 500px\" \/><\/figure><\/div>\n<\/div>\n\n\n\n<div class=\"wp-block-group has-background\" style=\"background-color:#f1f1f1f2;padding-top:var(--wp--preset--spacing--80);padding-bottom:var(--wp--preset--spacing--80)\"><div class=\"wp-block-group__inner-container is-layout-constrained wp-block-group-is-layout-constrained\">\n<h2 class=\"wp-block-heading\" style=\"padding-top:var(--wp--preset--spacing--40);padding-bottom:var(--wp--preset--spacing--40);font-size:25px;font-style:normal;font-weight:600\">Wo k\u00f6nnen Sie das 30-Grad-Linsen-LED-Profil verwenden?<\/h2>\n\n\n\n<ul class=\"wp-block-list\">\n<li>Beleuchtung f\u00fcr K\u00fcchenschr\u00e4nke: Setzen Sie sie in Ihrer K\u00fcche oder Ihren Schr\u00e4nken ein, um die Regale ohne Blendung zu beleuchten.<\/li>\n\n\n\n<li>F\u00fcr Unternehmen: Ideal f\u00fcr Verkaufsanzeigen, Theken und gezielte Lichtakzente.<\/li>\n\n\n\n<li>Architektonische Beleuchtung: Verwenden Sie es, um Deckenlinien, Wandakzente und sch\u00f6ne lineare Lichtdesigns zu beleuchten.<\/li>\n\n\n\n<li>Closets and shelves: Helps make light that is concentrated and doesn&#8217;t cause glare for everyday use.<\/li>\n<\/ul>\n<\/div><\/div>\n\n\n\n<div class=\"wp-block-group is-vertical is-layout-flex wp-container-core-group-is-layout-d255d7c4 wp-block-group-is-layout-flex\" style=\"padding-top:var(--wp--preset--spacing--80);padding-bottom:var(--wp--preset--spacing--80)\">\n<h2 class=\"wp-block-heading\" style=\"padding-top:var(--wp--preset--spacing--40);padding-bottom:var(--wp--preset--spacing--40);font-size:25px;font-style:normal;font-weight:600;text-transform:capitalize\">Entdecken Sie Weitere LED-Profile<\/h2>\n\n\n\n<ul class=\"wp-block-list\">\n<li><a href=\"https:\/\/tangooled.com\/de\/product\/led-strip-light-channel-aluminum-profile-with-diffused-cover-6mm-height\/\"><mark style=\"background-color:rgba(0, 0, 0, 0)\" class=\"has-inline-color has-vivid-red-color\">Aluminiumprofil f\u00fcr LED-Streifen mit diffundierender Abdeckung, H\u00f6he 6 mm<\/mark><\/a><\/li>\n\n\n\n<li><a href=\"https:\/\/tangooled.com\/de\/product\/black-aluminum-u-channel-profile-for-10mm-led-strips\/\"><mark style=\"background-color:rgba(0, 0, 0, 0)\" class=\"has-inline-color has-vivid-red-color\">Schwarzes Aluminium-U-Profil f\u00fcr 10-mm-LED-Streifen<\/mark><\/a><\/li>\n\n\n\n<li><a href=\"https:\/\/tangooled.com\/de\/product\/aluminum-profile-with-60-degree-lens-led-diffuser\/\"><mark style=\"background-color:rgba(0, 0, 0, 0)\" class=\"has-inline-color has-vivid-red-color\">Aluminiumprofil mit 60-Grad-Linsen-LED-Diffusor<\/mark><\/a><\/li>\n\n\n\n<li><a href=\"https:\/\/tangooled.com\/de\/product\/15x16mm-led-channel-with-half-round-diffuser-for-10mm-led-strips\/\"><mark style=\"background-color:rgba(0, 0, 0, 0)\" class=\"has-inline-color has-vivid-red-color\">15x16mm LED Kanal mit halbrundem Diffusor f\u00fcr 10mm LED-Streifen<\/mark><\/a><\/li>\n<\/ul>\n<\/div>\n\n\n\n<div class=\"wp-block-group has-background\" style=\"background-color:#f1f1f1f2;padding-top:var(--wp--preset--spacing--80);padding-bottom:var(--wp--preset--spacing--80)\"><div class=\"wp-block-group__inner-container is-layout-constrained wp-block-group-is-layout-constrained\">\n<h2 class=\"wp-block-heading\" style=\"padding-top:var(--wp--preset--spacing--40);padding-bottom:var(--wp--preset--spacing--40);font-size:25px;font-style:normal;font-weight:600\">Komplettset f\u00fcr eine professionelle Installation<\/h2>\n\n\n\n<ul class=\"wp-block-list\">\n<li>1X Aluminiumkanal (Modell TG-FP01L)<\/li>\n\n\n\n<li>1x 30-Grad-Optik-Linsen-Diffusor (klar, aus hartem Kunststoff)<\/li>\n\n\n\n<li>2x Montageclips f\u00fcr sicheren Halt<\/li>\n\n\n\n<li>2x Endkappen (eine mit Kabelloch, eine ohne)<br><\/li>\n<\/ul>\n<\/div><\/div>\n\n\n\n<div class=\"wp-block-group is-vertical is-layout-flex wp-container-core-group-is-layout-d255d7c4 wp-block-group-is-layout-flex\" style=\"padding-top:var(--wp--preset--spacing--80);padding-bottom:var(--wp--preset--spacing--80)\">\n<h2 class=\"wp-block-heading\" style=\"padding-top:var(--wp--preset--spacing--40);padding-bottom:var(--wp--preset--spacing--40);font-size:25px;font-style:normal;font-weight:600;text-transform:capitalize\">Zusammenfassung<\/h2>\n\n\n\n<p>Dieses Aluminium-LED-Profil mit 30-Grad-Diffusor ist hervorragend f\u00fcr LED-Streifenlichter geeignet. Es wurde f\u00fcr Menschen entwickelt, die fokussiertes, klares Licht von ihren 10-mm-LED-Streifen w\u00fcnschen. Sie k\u00f6nnen es f\u00fcr Akzentbeleuchtungs-Extrusionen, Wandgraufl\u00e4chen-LED-Profile, DIY-Beleuchtungsprojekte oder architektonische Lichtdesigns verwenden. Der starke Strahl hilft Ihnen, Details hervorzuheben und Lichtstreuung und Blendung zu reduzieren.<\/p>\n<\/div>\n\n\n\n<p><\/p>","protected":false},"featured_media":14204,"template":"","meta":{"_acf_changed":true,"_seopress_robots_primary_cat":"none","_seopress_titles_title":"30 Degree Lens LED Profile | Aluminum Channel | FP01L | TANGOOLED","_seopress_titles_desc":"Source this aluminum LED profile featuring a 30 degree lens diffuser. Designed for 10mm LED strips, it provides focused beam control for wall washing and accent lighting.","_seopress_robots_index":""},"pcb-width":[228],"product-cat":[201],"class_list":{"0":"post-47893","1":"product","2":"type-product","3":"status-publish","4":"has-post-thumbnail","6":"pcb-width-6-12mm","7":"product-cat-optic-lens-profile"},"acf":[],"_links":{"self":[{"href":"https:\/\/tangooled.com\/de\/wp-json\/wp\/v2\/product\/47893","targetHints":{"allow":["GET"]}}],"collection":[{"href":"https:\/\/tangooled.com\/de\/wp-json\/wp\/v2\/product"}],"about":[{"href":"https:\/\/tangooled.com\/de\/wp-json\/wp\/v2\/types\/product"}],"wp:featuredmedia":[{"embeddable":true,"href":"https:\/\/tangooled.com\/de\/wp-json\/wp\/v2\/media\/14204"}],"wp:attachment":[{"href":"https:\/\/tangooled.com\/de\/wp-json\/wp\/v2\/media?parent=47893"}],"wp:term":[{"taxonomy":"pcb-width","embeddable":true,"href":"https:\/\/tangooled.com\/de\/wp-json\/wp\/v2\/pcb-width?post=47893"},{"taxonomy":"product-cat","embeddable":true,"href":"https:\/\/tangooled.com\/de\/wp-json\/wp\/v2\/product-cat?post=47893"}],"curies":[{"name":"wp","href":"https:\/\/api.w.org\/{rel}","templated":true}]}}