{"id":47891,"date":"2026-01-13T02:05:15","date_gmt":"2026-01-13T10:05:15","guid":{"rendered":"https:\/\/tangooled.com\/?post_type=product&#038;p=47891"},"modified":"2026-02-02T01:38:34","modified_gmt":"2026-02-02T09:38:34","slug":"led-square-diffuser-aluminum-channel-20x23mm-inner-17mm","status":"publish","type":"product","link":"https:\/\/tangooled.com\/de\/product\/led-square-diffuser-aluminum-channel-20x23mm-inner-17mm\/","title":{"rendered":"LED quadratischer Diffusor Aluminiumkanal 20x23mm innen 17mm"},"content":{"rendered":"<div class=\"wp-block-group is-vertical is-layout-flex wp-container-core-group-is-layout-d255d7c4 wp-block-group-is-layout-flex\" style=\"padding-top:var(--wp--preset--spacing--80);padding-bottom:var(--wp--preset--spacing--80)\">\n<p>Das LP20B ist ein 20x23 mm LED-Quadratdiffusor-Aluminiumprofil mit elegantem, architektonischem Design. Die innere Breite von 17,4 mm und das tiefprofiliertes Design machen es ideal f\u00fcr breitere LED-Streifen. Dies bedeutet, dass es die W\u00e4rme effektiv steuern kann, und der quadratische Diffusor sorgt f\u00fcr gleichm\u00e4\u00dfiges Licht ohne Punkte. Sie k\u00f6nnen das Aluminiumprofil einfach und sicher auf einer sauberen Oberfl\u00e4che mit Befestigungsclips installieren. Dieses Profil hat passende Endkappen und verbirgt alle inneren Elemente, sodass es ordentlich in Wohnungen, Gesch\u00e4ften oder Schaufenster aussieht.<\/p>\n<\/div>\n\n\n\n<div class=\"wp-block-group has-background\" style=\"background-color:#f1f1f1;padding-top:var(--wp--preset--spacing--80);padding-bottom:var(--wp--preset--spacing--80)\"><div class=\"wp-block-group__inner-container is-layout-constrained wp-block-group-is-layout-constrained\">\n<div class=\"wp-block-group is-vertical is-layout-flex wp-container-core-group-is-layout-8cf370e7 wp-block-group-is-layout-flex\">\n<h2 class=\"wp-block-heading\" style=\"padding-top:var(--wp--preset--spacing--40);padding-bottom:var(--wp--preset--spacing--40);font-size:25px;font-style:normal;font-weight:600;text-transform:capitalize\">Warum sollten Sie unser 20x23 mm LED-Quadratdiffusor-Aluminiumprofil w\u00e4hlen?<\/h2>\n\n\n\n<ul class=\"wp-block-list\">\n<li>Starker K\u00fchlk\u00f6rper: Das 6063-T5-Aluminium verhindert, dass die LED zu hei\u00df wird, was ihre Lebensdauer verl\u00e4ngert.<\/li>\n\n\n\n<li>Punktfreies Licht: Der opal-mattierte Diffusor verteilt das Licht gleichm\u00e4\u00dfig und sanft.<\/li>\n\n\n\n<li>Breite und doppelte LED-B\u00e4nder passen f\u00fcr Streifen mit einer inneren Breite von bis zu 17 mm.<\/li>\n\n\n\n<li>Robust und ordentlich: Sch\u00fctzt LEDs vor Staub und Besch\u00e4digungen.<\/li>\n\n\n\n<li>Sie k\u00f6nnen aus silbernen, schwarzen oder wei\u00dfen Oberfl\u00e4chen w\u00e4hlen.<\/li>\n\n\n\n<li>Es wird mit Clips und Endkappen geliefert, die die Montage erleichtern.<\/li>\n<\/ul>\n<\/div>\n<\/div><\/div>\n\n\n\n<div class=\"wp-block-group is-vertical is-layout-flex wp-container-core-group-is-layout-d255d7c4 wp-block-group-is-layout-flex\" style=\"padding-top:var(--wp--preset--spacing--80);padding-bottom:var(--wp--preset--spacing--80)\">\n<hr class=\"wp-block-separator has-alpha-channel-opacity\"\/>\n\n\n\n<div class=\"wp-block-media-text has-media-on-the-right is-stacked-on-mobile\" style=\"grid-template-columns:auto 40%\"><div class=\"wp-block-media-text__content\">\n<h2 class=\"wp-block-heading\" style=\"padding-top:var(--wp--preset--spacing--40);padding-bottom:var(--wp--preset--spacing--40);font-size:25px;font-style:normal;font-weight:600;text-transform:capitalize\">Installationsschritte<\/h2>\n\n\n\n<ul class=\"wp-block-list\">\n<li>Befestigen Sie die Befestigungsclips&nbsp;an der Oberfl\u00e4che.<\/li>\n\n\n\n<li>Legen Sie Ihren LED-Streifen in das Aluminium&nbsp;profil.<\/li>\n\n\n\n<li>Setzen Sie das Profil in die Clips.<\/li>\n\n\n\n<li>Setzen Sie die Endkappen und die Diffusorabdeckung auf, um einen vollst\u00e4ndigen Abschluss zu gew\u00e4hrleisten.<\/li>\n<\/ul>\n<\/div><figure class=\"wp-block-media-text__media\"><img loading=\"lazy\" decoding=\"async\" width=\"500\" height=\"500\" src=\"https:\/\/tangooled.com\/wp-content\/uploads\/2026\/01\/lp20b-ins.webp\" alt=\"led square diffuser aluminum channel 20x23mm inner 17mm\" class=\"wp-image-48329 size-full\" srcset=\"https:\/\/tangooled.com\/wp-content\/uploads\/2026\/01\/lp20b-ins.webp 500w, https:\/\/tangooled.com\/wp-content\/uploads\/2026\/01\/lp20b-ins-300x300.webp 300w, https:\/\/tangooled.com\/wp-content\/uploads\/2026\/01\/lp20b-ins-150x150.webp 150w\" sizes=\"auto, (max-width: 500px) 100vw, 500px\" \/><\/figure><\/div>\n<\/div>\n\n\n\n<div class=\"wp-block-group has-background is-vertical is-layout-flex wp-container-core-group-is-layout-b429018a wp-block-group-is-layout-flex\" style=\"background-color:#f1f1f1f2;padding-top:var(--wp--preset--spacing--70);padding-bottom:var(--wp--preset--spacing--70)\">\n<h2 class=\"wp-block-heading\" style=\"padding-top:var(--wp--preset--spacing--40);padding-bottom:var(--wp--preset--spacing--40);font-size:25px;font-style:normal;font-weight:600\">So verwenden Sie unser LED-Aluminiumprofil<\/h2>\n\n\n\n<ul class=\"wp-block-list\">\n<li>Unter Schr\u00e4nken: Ein elegantes Design und helles Arbeitslicht.<\/li>\n\n\n\n<li>Schr\u00e4nke und Kleiderschr\u00e4nke: Helle Regalleuchten, die leicht anzubringen sind.<\/li>\n\n\n\n<li>Saubere, helle Streifenlichter f\u00fcr Gesch\u00e4fte und B\u00fcros an W\u00e4nden und Decken.<\/li>\n\n\n\n<li>Vitrinen: Verwenden Sie sanftes, gleichm\u00e4\u00dfiges Licht, um Ihre Artikel hervorzuheben.<\/li>\n\n\n\n<li>Cove- und Akzentbeleuchtung: Architektonische Merkmale hervorheben<\/li>\n<\/ul>\n<\/div>\n\n\n\n<div class=\"wp-block-group is-vertical is-layout-flex wp-container-core-group-is-layout-d255d7c4 wp-block-group-is-layout-flex\" style=\"padding-top:var(--wp--preset--spacing--80);padding-bottom:var(--wp--preset--spacing--80)\">\n<h2 class=\"wp-block-heading\" style=\"padding-top:var(--wp--preset--spacing--40);padding-bottom:var(--wp--preset--spacing--40);font-size:25px;font-style:normal;font-weight:600;text-transform:capitalize\">Verwandte Produkte, die Ihnen gefallen k\u00f6nnten<\/h2>\n\n\n\n<ul class=\"wp-block-list\">\n<li><a href=\"https:\/\/tangooled.com\/de\/product\/black-led-diffuser-aluminum-channel-for-12mm-tape-lights\/\"><mark style=\"background-color:rgba(0, 0, 0, 0)\" class=\"has-inline-color has-vivid-red-color\">Schwarzes LED-Diffusor-Aluminiumprofil f\u00fcr 12 mm LED-Band<\/mark><\/a><\/li>\n\n\n\n<li><a href=\"https:\/\/tangooled.com\/de\/product\/surface-mount-led-profile-with-frosted-diffuser-for-10mm-rope-lights\/\"><mark style=\"background-color:rgba(0, 0, 0, 0)\" class=\"has-inline-color has-vivid-red-color\">Oberfl\u00e4chenmontierter LED-Profil mit mattiertem Diffusor f\u00fcr 10 mm LED-Lichterketten<\/mark><\/a><\/li>\n\n\n\n<li><a href=\"https:\/\/tangooled.com\/de\/product\/recessed-aluminum-profile-17x8mm-for-led-strip-lighting\/\"><mark style=\"background-color:rgba(0, 0, 0, 0)\" class=\"has-inline-color has-vivid-red-color\">Versenkbares Aluminiumprofil 17x8mm f\u00fcr LED-Streifenbeleuchtung<\/mark><\/a><\/li>\n\n\n\n<li><a href=\"https:\/\/tangooled.com\/de\/product\/17mm-led-strip-light-aluminum-channel-for-surface-mounting\/\"><mark style=\"background-color:rgba(0, 0, 0, 0)\" class=\"has-inline-color has-vivid-red-color\">17 mm LED-Streifen-Aluminiumprofil f\u00fcr die Oberfl\u00e4chenmontage<\/mark><\/a><\/li>\n<\/ul>\n<\/div>\n\n\n\n<div class=\"wp-block-group has-background is-vertical is-layout-flex wp-container-core-group-is-layout-b429018a wp-block-group-is-layout-flex\" style=\"background-color:#f1f1f1f2;padding-top:var(--wp--preset--spacing--70);padding-bottom:var(--wp--preset--spacing--70)\">\n<h2 class=\"wp-block-heading\" style=\"padding-top:var(--wp--preset--spacing--40);padding-bottom:var(--wp--preset--spacing--40);font-size:25px;font-style:normal;font-weight:600\">Zusammenfassung<\/h2>\n\n\n\n<p style=\"padding-right:var(--wp--preset--spacing--50);padding-left:var(--wp--preset--spacing--50)\">Unser 20x23 mm LED-Quadratdiffusor-Aluminiumprofil ist die ideale M\u00f6glichkeit, Ihre LED-Streifenlichter ordentlich, strahlend und sicher zu halten. Dieses LED-Profil kann f\u00fcr viele Zwecke verwendet werden, einschlie\u00dflich der Beleuchtung von Wohnungen, Gesch\u00e4ften und mehr.<\/p>\n<\/div>\n\n\n\n<p><\/p>","protected":false},"featured_media":14110,"template":"","meta":{"_acf_changed":true,"_seopress_robots_primary_cat":"none","_seopress_titles_title":"20x23mm LED Square Diffuser Aluminum Channel LP20B | TANGOOLED","_seopress_titles_desc":"Source this 20x23mm LED square diffuser aluminum channel. Featuring a 17mm inner width, it provides deep housing for high-density LED strips with a flat, modern finish.","_seopress_robots_index":""},"pcb-width":[229],"product-cat":[192],"class_list":{"0":"post-47891","1":"product","2":"type-product","3":"status-publish","4":"has-post-thumbnail","6":"pcb-width-15-20mm","7":"product-cat-surface-led-profile"},"acf":[],"_links":{"self":[{"href":"https:\/\/tangooled.com\/de\/wp-json\/wp\/v2\/product\/47891","targetHints":{"allow":["GET"]}}],"collection":[{"href":"https:\/\/tangooled.com\/de\/wp-json\/wp\/v2\/product"}],"about":[{"href":"https:\/\/tangooled.com\/de\/wp-json\/wp\/v2\/types\/product"}],"wp:featuredmedia":[{"embeddable":true,"href":"https:\/\/tangooled.com\/de\/wp-json\/wp\/v2\/media\/14110"}],"wp:attachment":[{"href":"https:\/\/tangooled.com\/de\/wp-json\/wp\/v2\/media?parent=47891"}],"wp:term":[{"taxonomy":"pcb-width","embeddable":true,"href":"https:\/\/tangooled.com\/de\/wp-json\/wp\/v2\/pcb-width?post=47891"},{"taxonomy":"product-cat","embeddable":true,"href":"https:\/\/tangooled.com\/de\/wp-json\/wp\/v2\/product-cat?post=47891"}],"curies":[{"name":"wp","href":"https:\/\/api.w.org\/{rel}","templated":true}]}}