{"id":47888,"date":"2026-01-13T02:03:04","date_gmt":"2026-01-13T10:03:04","guid":{"rendered":"https:\/\/tangooled.com\/?post_type=product&#038;p=47888"},"modified":"2026-01-29T22:07:25","modified_gmt":"2026-01-30T06:07:25","slug":"led-curved-diffuser-aluminum-channel-19x23mm-for-15mm-strips","status":"publish","type":"product","link":"https:\/\/tangooled.com\/de\/product\/led-curved-diffuser-aluminum-channel-19x23mm-for-15mm-strips\/","title":{"rendered":"LED gebogener Diffusor Aluminiumkanal 19x23mm f\u00fcr 15mm Streifen"},"content":{"rendered":"<div class=\"wp-block-group is-vertical is-layout-flex wp-container-core-group-is-layout-d255d7c4 wp-block-group-is-layout-flex\" style=\"padding-top:var(--wp--preset--spacing--80);padding-bottom:var(--wp--preset--spacing--80)\">\n<p>The LP20A is a high-quality LED curved diffuser aluminum channel 19x23mm that will give you a great lighting experience. It has a wide 17.4mm inner width that fits LED strips up to 15mm perfectly. The deep-profile design and curved diffuser make sure that the glow is smooth and dot-free. Installation is quick and easy. Just use the provided mounting clips to attach it securely to any flat surface. This channel comes with matching end caps and gives a clean, professional look. It&#8217;s great for both home and business projects.<\/p>\n<\/div>\n\n\n\n<div class=\"wp-block-group has-background\" style=\"background-color:#f1f1f1;padding-top:var(--wp--preset--spacing--80);padding-bottom:var(--wp--preset--spacing--80)\"><div class=\"wp-block-group__inner-container is-layout-constrained wp-block-group-is-layout-constrained\">\n<div class=\"wp-block-group is-vertical is-layout-flex wp-container-core-group-is-layout-8cf370e7 wp-block-group-is-layout-flex\">\n<h2 class=\"wp-block-heading\" style=\"padding-top:var(--wp--preset--spacing--40);padding-bottom:var(--wp--preset--spacing--40);font-size:25px;font-style:normal;font-weight:600;text-transform:capitalize\">Warum diesen gebogenen LED-Diffusor-Aluminiumschaft 19x23mm w\u00e4hlen?<\/h2>\n\n\n\n<ul class=\"wp-block-list\">\n<li>Hergestellt aus robustem 6063-T5-Aluminiumlegierung, was dazu beitr\u00e4gt, dass die LEDs l\u00e4nger halten und schneller k\u00fchlen.<\/li>\n\n\n\n<li>Der opale Polycarbonatdiffusor macht die LED-Belichtung weniger grell und verbirgt LED-Punkte.<\/li>\n\n\n\n<li>Funktioniert perfekt mit 15mm breiten LED-Streifen, um Ihnen breites und gleichm\u00e4\u00dfiges Licht zu geben.<\/li>\n\n\n\n<li>Wird mit Clips und Endkappen f\u00fcr eine einfache Installation geliefert.<\/li>\n<\/ul>\n<\/div>\n<\/div><\/div>\n\n\n\n<div class=\"wp-block-group is-vertical is-layout-flex wp-container-core-group-is-layout-d255d7c4 wp-block-group-is-layout-flex\" style=\"padding-top:var(--wp--preset--spacing--80);padding-bottom:var(--wp--preset--spacing--80)\">\n<hr class=\"wp-block-separator has-alpha-channel-opacity\"\/>\n\n\n\n<div class=\"wp-block-media-text has-media-on-the-right is-stacked-on-mobile\" style=\"grid-template-columns:auto 40%\"><div class=\"wp-block-media-text__content\">\n<h2 class=\"wp-block-heading\" style=\"padding-top:var(--wp--preset--spacing--40);padding-bottom:var(--wp--preset--spacing--40);font-size:25px;font-style:normal;font-weight:600;text-transform:capitalize\">Einfache Installation<\/h2>\n\n\n\n<ul class=\"wp-block-list\">\n<li>F\u00fcr eine sichere Oberfl\u00e4chenmontage verwenden Sie die mitgelieferten Montagesclips.<\/li>\n\n\n\n<li>In addition, you may also put the profile into drywall so that it doesn&#8217;t show.<\/li>\n\n\n\n<li>Sie k\u00f6nnen den Kanal problemlos vor Ort auf die richtige L\u00e4nge zuschneiden.<\/li>\n\n\n\n<li>Um schnell abzuschlie\u00dfen, klicken Sie den Klick-Diffusor einfach auf.<\/li>\n<\/ul>\n<\/div><figure class=\"wp-block-media-text__media\"><img loading=\"lazy\" decoding=\"async\" width=\"500\" height=\"500\" src=\"https:\/\/tangooled.com\/wp-content\/uploads\/2026\/01\/lp20a-ins.webp\" alt=\"led curved diffuser aluminum channel 19x23mm for 15mm strips\" class=\"wp-image-48326 size-full\" srcset=\"https:\/\/tangooled.com\/wp-content\/uploads\/2026\/01\/lp20a-ins.webp 500w, https:\/\/tangooled.com\/wp-content\/uploads\/2026\/01\/lp20a-ins-300x300.webp 300w, https:\/\/tangooled.com\/wp-content\/uploads\/2026\/01\/lp20a-ins-150x150.webp 150w\" sizes=\"auto, (max-width: 500px) 100vw, 500px\" \/><\/figure><\/div>\n<\/div>\n\n\n\n<div class=\"wp-block-group has-background\" style=\"background-color:#f1f1f1f2;padding-top:var(--wp--preset--spacing--80);padding-bottom:var(--wp--preset--spacing--80)\"><div class=\"wp-block-group__inner-container is-layout-constrained wp-block-group-is-layout-constrained\">\n<h2 class=\"wp-block-heading\" style=\"padding-top:var(--wp--preset--spacing--40);padding-bottom:var(--wp--preset--spacing--40);font-size:25px;font-style:normal;font-weight:600;text-transform:capitalize\">Wo kann dieses Produkt verwendet werden?<\/h2>\n\n\n\n<ul class=\"wp-block-list\">\n<li>Unter Schr\u00e4nken: Ein elegantes Design und helles Arbeitslicht.<\/li>\n\n\n\n<li>Schr\u00e4nke und Kleiderschr\u00e4nke: Helle Regalleuchten, die leicht anzubringen sind.<\/li>\n\n\n\n<li>Saubere, helle Streifenlichter f\u00fcr Gesch\u00e4fte und B\u00fcros an W\u00e4nden und Decken.<\/li>\n\n\n\n<li>Vitrinen: Verwenden Sie sanftes, gleichm\u00e4\u00dfiges Licht, um Ihre Artikel hervorzuheben.<\/li>\n\n\n\n<li>Cove- und Akzentbeleuchtung: Architektonische Merkmale hervorheben.<\/li>\n<\/ul>\n<\/div><\/div>\n\n\n\n<div class=\"wp-block-group is-vertical is-layout-flex wp-container-core-group-is-layout-d255d7c4 wp-block-group-is-layout-flex\" style=\"padding-top:var(--wp--preset--spacing--80);padding-bottom:var(--wp--preset--spacing--80)\">\n<h2 class=\"wp-block-heading\" style=\"padding-top:var(--wp--preset--spacing--40);padding-bottom:var(--wp--preset--spacing--40);font-size:25px;font-style:normal;font-weight:600;text-transform:capitalize\">\u00c4hnliche Produkte zur \u00dcberlegung<\/h2>\n\n\n\n<ul class=\"wp-block-list\">\n<li><a href=\"https:\/\/tangooled.com\/de\/product\/22x10mm-led-profile-light-channel-for-15mm-flexible-led-strips\/\"><mark style=\"background-color:rgba(0, 0, 0, 0)\" class=\"has-inline-color has-vivid-red-color\">22x10mm LED-Profillichtkanal f\u00fcr 15mm flexible LED-Streifen<\/mark><\/a> f\u00fcr eine andere Gr\u00f6\u00dfenanpassung.<\/li>\n\n\n\n<li><a href=\"https:\/\/tangooled.com\/de\/product\/aluminum-u-channel-with-curved-led-diffuser-inner-16mm\/\"><mark style=\"background-color:rgba(0, 0, 0, 0)\" class=\"has-inline-color has-vivid-red-color\">Aluminium-U-Kanal mit gebogenem LED-Diffusor innen 16mm<\/mark><\/a> f\u00fcr kleinere LED-Streifen.<\/li>\n\n\n\n<li><a href=\"https:\/\/tangooled.com\/de\/product\/25mm-u-shape-led-mounting-channel-for-15mm-double-row-led-strip-lights\/\"><mark style=\"background-color:rgba(0, 0, 0, 0)\" class=\"has-inline-color has-vivid-red-color\">25mm U-f\u00f6rmiger LED-Montagekanal f\u00fcr 15mm doppelte LED-Streifenlichter <\/mark><\/a>f\u00fcr doppelte LED-Anordnung.<\/li>\n<\/ul>\n<\/div>\n\n\n\n<p><\/p>","protected":false},"featured_media":14107,"template":"","meta":{"_acf_changed":true,"_seopress_robots_primary_cat":"none","_seopress_titles_title":"LED Curved Diffuser Aluminum Channel 19x23mm LP20A | TANGOOLED","_seopress_titles_desc":"Source this 19x23mm LED curved diffuser aluminum channel. Specially made for 15mm LED strips to ensure optimal heat dissipation and smooth light output.","_seopress_robots_index":""},"pcb-width":[229],"product-cat":[192],"class_list":{"0":"post-47888","1":"product","2":"type-product","3":"status-publish","4":"has-post-thumbnail","6":"pcb-width-15-20mm","7":"product-cat-surface-led-profile"},"acf":[],"_links":{"self":[{"href":"https:\/\/tangooled.com\/de\/wp-json\/wp\/v2\/product\/47888","targetHints":{"allow":["GET"]}}],"collection":[{"href":"https:\/\/tangooled.com\/de\/wp-json\/wp\/v2\/product"}],"about":[{"href":"https:\/\/tangooled.com\/de\/wp-json\/wp\/v2\/types\/product"}],"wp:featuredmedia":[{"embeddable":true,"href":"https:\/\/tangooled.com\/de\/wp-json\/wp\/v2\/media\/14107"}],"wp:attachment":[{"href":"https:\/\/tangooled.com\/de\/wp-json\/wp\/v2\/media?parent=47888"}],"wp:term":[{"taxonomy":"pcb-width","embeddable":true,"href":"https:\/\/tangooled.com\/de\/wp-json\/wp\/v2\/pcb-width?post=47888"},{"taxonomy":"product-cat","embeddable":true,"href":"https:\/\/tangooled.com\/de\/wp-json\/wp\/v2\/product-cat?post=47888"}],"curies":[{"name":"wp","href":"https:\/\/api.w.org\/{rel}","templated":true}]}}