{"id":47886,"date":"2026-01-13T02:00:37","date_gmt":"2026-01-13T10:00:37","guid":{"rendered":"https:\/\/tangooled.com\/?post_type=product&#038;p=47886"},"modified":"2026-01-29T22:05:52","modified_gmt":"2026-01-30T06:05:52","slug":"15x16mm-led-channel-with-half-round-diffuser-lp04","status":"publish","type":"product","link":"https:\/\/tangooled.com\/de\/product\/15x16mm-led-channel-with-half-round-diffuser-lp04\/","title":{"rendered":"15x16mm LED Kanal mit halbrundem Diffusor f\u00fcr 10mm LED-Streifen"},"content":{"rendered":"<div class=\"wp-block-group is-vertical is-layout-flex wp-container-core-group-is-layout-d255d7c4 wp-block-group-is-layout-flex\" style=\"padding-top:var(--wp--preset--spacing--80);padding-bottom:var(--wp--preset--spacing--80)\">\n<p>Der 15x16mm LED-Kanal mit halbrundem Diffusor f\u00fcr 10mm Streifen ist so gestaltet, dass er Ihnen weiches, helles und gleichm\u00e4\u00dfiges Licht bietet. Dieser 15x16mm LED-Kanal l\u00e4sst Ihre 10mm Streifen wie saubere, professionelle Beleuchtung aussehen, mit einem geschwungenen Diffusor, der Blendung reduziert. Er passt gut und sch\u00fctzt Ihre LED-Streifen, w\u00e4hrend er W\u00e4rme ableitet, damit sie l\u00e4nger halten.<\/p>\n<\/div>\n\n\n\n<div class=\"wp-block-group has-background\" style=\"background-color:#f1f1f1;padding-top:var(--wp--preset--spacing--80);padding-bottom:var(--wp--preset--spacing--80)\"><div class=\"wp-block-group__inner-container is-layout-constrained wp-block-group-is-layout-constrained\">\n<div class=\"wp-block-group is-vertical is-layout-flex wp-container-core-group-is-layout-8cf370e7 wp-block-group-is-layout-flex\">\n<h2 class=\"wp-block-heading\" style=\"padding-top:var(--wp--preset--spacing--40);padding-bottom:var(--wp--preset--spacing--40);font-size:25px;font-style:normal;font-weight:600;text-transform:capitalize\">\u00dcbersicht \u00fcber den 15x16mm LED-Kanal mit halbrundem Diffusor <\/h2>\n\n\n\n<ul class=\"wp-block-list\">\n<li>Die innere Breite betr\u00e4gt 13,4mm, sodass er gut zu 10mm LED-Streifen passt. Dazu geh\u00f6ren SMD 5050, 2835 und COB-Streifen.<\/li>\n\n\n\n<li>Halbrunder Diffusor: Unser opaler Polycarbonat-Diffusor bietet ein sanftes, punktloses Licht, das ideal f\u00fcr Wohn- und Gewerber\u00e4ume ist.<\/li>\n\n\n\n<li>This product is strong and won&#8217;t rust because it is made of 6063-T5 anodized aluminum alloy.<\/li>\n\n\n\n<li>Kleine Gr\u00f6\u00dfe: Es ist au\u00dfen 16mm breit und 15mm hoch, sodass es in kleinen R\u00e4umen passt und Platz spart.<\/li>\n\n\n\n<li>Komplett-Kit: wird mit einem Kanal, einem Diffusor-Linse, zwei Metall-Montageclips und zwei Endkappen (eine mit einem Loch f\u00fcr einen Draht) geliefert.<\/li>\n<\/ul>\n<\/div>\n<\/div><\/div>\n\n\n\n<div class=\"wp-block-group is-vertical is-layout-flex wp-container-core-group-is-layout-d255d7c4 wp-block-group-is-layout-flex\" style=\"padding-top:var(--wp--preset--spacing--80);padding-bottom:var(--wp--preset--spacing--80)\">\n<hr class=\"wp-block-separator has-alpha-channel-opacity\"\/>\n\n\n\n<div class=\"wp-block-media-text has-media-on-the-right is-stacked-on-mobile\" style=\"grid-template-columns:auto 40%\"><div class=\"wp-block-media-text__content\">\n<h2 class=\"wp-block-heading\" style=\"padding-top:var(--wp--preset--spacing--40);padding-bottom:var(--wp--preset--spacing--40);font-size:25px;font-style:normal;font-weight:600;text-transform:capitalize\">Installationsschritte<\/h2>\n\n\n\n<ul class=\"wp-block-list\">\n<li>Befestigen Sie die Metallclips mit Schrauben an der Oberfl\u00e4che.<\/li>\n\n\n\n<li>Legen Sie Ihren 10mm LED-Streifen in den Aluminiumkanal.<\/li>\n\n\n\n<li>Stellen Sie sicher, dass die Montageclips den Kanal festhalten.<\/li>\n\n\n\n<li>Dr\u00fccken Sie den halbrunden Diffusor auf den Kanal, um weiches, gleichm\u00e4\u00dfiges Licht zu erhalten.<\/li>\n\n\n\n<li>Setzen Sie die Endkappen auf, um die Dr\u00e4hte zu sch\u00fctzen und die Enden zu schlie\u00dfen.<\/li>\n<\/ul>\n<\/div><figure class=\"wp-block-media-text__media\"><img loading=\"lazy\" decoding=\"async\" width=\"500\" height=\"500\" src=\"https:\/\/tangooled.com\/wp-content\/uploads\/2026\/01\/lp04-ins.webp\" alt=\"15x16mm led channel with half round diffuser for 10mm led strips\" class=\"wp-image-48325 size-full\" srcset=\"https:\/\/tangooled.com\/wp-content\/uploads\/2026\/01\/lp04-ins.webp 500w, https:\/\/tangooled.com\/wp-content\/uploads\/2026\/01\/lp04-ins-300x300.webp 300w, https:\/\/tangooled.com\/wp-content\/uploads\/2026\/01\/lp04-ins-150x150.webp 150w\" sizes=\"auto, (max-width: 500px) 100vw, 500px\" \/><\/figure><\/div>\n<\/div>\n\n\n\n<div class=\"wp-block-group has-background is-vertical is-layout-flex wp-container-core-group-is-layout-b429018a wp-block-group-is-layout-flex\" style=\"background-color:#f1f1f1f2;padding-top:var(--wp--preset--spacing--70);padding-bottom:var(--wp--preset--spacing--70)\">\n<h2 class=\"wp-block-heading\" style=\"padding-top:var(--wp--preset--spacing--40);padding-bottom:var(--wp--preset--spacing--40);font-size:25px;font-style:normal;font-weight:600\">Beste Anwendungen<\/h2>\n\n\n\n<ul class=\"wp-block-list\">\n<li>Bright lighting under the kitchen cabinets that doesn&#8217;t make the countertops shine.<\/li>\n\n\n\n<li>Store shelves\u2014use bright, focused light to make things stand out.<\/li>\n\n\n\n<li>Architectural details\u2014indirect lighting for modern cove and wall designs.<\/li>\n\n\n\n<li>Kleiderschr\u00e4nke und Schr\u00e4nke: ordentliche, gleichm\u00e4\u00dfige Beleuchtung innen im M\u00f6bel.<\/li>\n\n\n\n<li>Ausstellungsgeh\u00e4use sind elegante und sichere Geh\u00e4use f\u00fcr LED-Streifen, die leicht zerbrechlich sind.<\/li>\n<\/ul>\n<\/div>\n\n\n\n<div class=\"wp-block-group is-vertical is-layout-flex wp-container-core-group-is-layout-d255d7c4 wp-block-group-is-layout-flex\" style=\"padding-top:var(--wp--preset--spacing--80);padding-bottom:var(--wp--preset--spacing--80)\">\n<h2 class=\"wp-block-heading\" style=\"padding-top:var(--wp--preset--spacing--40);padding-bottom:var(--wp--preset--spacing--40);font-size:25px;font-style:normal;font-weight:600;text-transform:capitalize\">Verwandte Produkte<\/h2>\n\n\n\n<ul class=\"wp-block-list\">\n<li>Schauen Sie sich das an <a href=\"https:\/\/tangooled.com\/de\/product\/black-led-profile-with-black-diffuser-for-10mm-led-strip-light\/\"><mark style=\"background-color:rgba(0, 0, 0, 0)\" class=\"has-inline-color has-vivid-red-color\">Schwarzes LED-Profil mit schwarzem Diffusor f\u00fcr 10mm LED-Streifen<\/mark><\/a> f\u00fcr eine elegante schwarze Finish-Option.<\/li>\n\n\n\n<li>Testen Sie das <a href=\"https:\/\/tangooled.com\/de\/product\/surface-mount-led-profile-with-frosted-diffuser-for-10mm-rope-lights\/\"><mark style=\"background-color:rgba(0, 0, 0, 0)\" class=\"has-inline-color has-vivid-red-color\">Oberfl\u00e4chenmontage-LED-Profil mit mattem Diffusor f\u00fcr 10mm Seillichter<\/mark><\/a> f\u00fcr flexible Seillicht-Setups.<\/li>\n\n\n\n<li>F\u00fcr schlankere Bed\u00fcrfnisse, siehe das <a href=\"https:\/\/tangooled.com\/de\/product\/led-light-diffuser-channel-aluminum-15x12mm-for-10mm-led-strips\/\"><mark style=\"background-color:rgba(0, 0, 0, 0)\" class=\"has-inline-color has-vivid-red-color\">LED-Licht-Diffusor-Kanal Aluminium 15x12mm f\u00fcr 10mm LED-Streifen<\/mark><\/a>.<\/li>\n\n\n\n<li>Entdecken Sie das <a href=\"https:\/\/tangooled.com\/de\/product\/aluminum-led-strip-extrusion-diffuser-channel-for-5050-double-row-led-strip\/\"><mark style=\"background-color:rgba(0, 0, 0, 0)\" class=\"has-inline-color has-vivid-red-color\">Aluminium-LED-Streifen-Extrusionsdiffusor-Kanal f\u00fcr 5050 Doppelte Reihe LED-Streifen<\/mark><\/a> f\u00fcr doppelte LED-Reihenkompatibilit\u00e4t.<\/li>\n<\/ul>\n\n\n\n<p>Wenn Sie eine ordentliche, robuste und gleichm\u00e4\u00dfige LED-Beleuchtung m\u00f6chten, die leicht zu installieren ist, ist dieser 15x16mm LED-Kanal mit halbrundem Diffusor f\u00fcr 10mm LED-Streifen eine hervorragende Wahl. Der halbrunde Diffusor und die verbesserte Struktur sorgen f\u00fcr hervorragende Lichteffekte in K\u00fcchen, Gesch\u00e4ften, M\u00f6beln und mehr.<\/p>\n<\/div>\n\n\n\n<p><\/p>","protected":false},"featured_media":14104,"template":"","meta":{"_acf_changed":true,"_seopress_robots_primary_cat":"none","_seopress_titles_title":"15x16mm LED Channel with Half Round Diffuser LP04 | TANGOOLED","_seopress_titles_desc":"Source the 15x16mm LED channel. Features a unique half round diffuser for 10mm LED strips, providing professional heat dissipation and a sleek look.","_seopress_robots_index":""},"pcb-width":[229],"product-cat":[192],"class_list":{"0":"post-47886","1":"product","2":"type-product","3":"status-publish","4":"has-post-thumbnail","6":"pcb-width-15-20mm","7":"product-cat-surface-led-profile"},"acf":[],"_links":{"self":[{"href":"https:\/\/tangooled.com\/de\/wp-json\/wp\/v2\/product\/47886","targetHints":{"allow":["GET"]}}],"collection":[{"href":"https:\/\/tangooled.com\/de\/wp-json\/wp\/v2\/product"}],"about":[{"href":"https:\/\/tangooled.com\/de\/wp-json\/wp\/v2\/types\/product"}],"wp:featuredmedia":[{"embeddable":true,"href":"https:\/\/tangooled.com\/de\/wp-json\/wp\/v2\/media\/14104"}],"wp:attachment":[{"href":"https:\/\/tangooled.com\/de\/wp-json\/wp\/v2\/media?parent=47886"}],"wp:term":[{"taxonomy":"pcb-width","embeddable":true,"href":"https:\/\/tangooled.com\/de\/wp-json\/wp\/v2\/pcb-width?post=47886"},{"taxonomy":"product-cat","embeddable":true,"href":"https:\/\/tangooled.com\/de\/wp-json\/wp\/v2\/product-cat?post=47886"}],"curies":[{"name":"wp","href":"https:\/\/api.w.org\/{rel}","templated":true}]}}