{"id":47882,"date":"2026-01-13T01:55:44","date_gmt":"2026-01-13T09:55:44","guid":{"rendered":"https:\/\/tangooled.com\/?post_type=product&#038;p=47882"},"modified":"2026-01-21T23:31:24","modified_gmt":"2026-01-22T07:31:24","slug":"square-led-diffuser-channel-with-hidden-clips-for-surface-mount-lp03b","status":"publish","type":"product","link":"https:\/\/tangooled.com\/de\/product\/square-led-diffuser-channel-with-hidden-clips-for-surface-mount-lp03b\/","title":{"rendered":"Quadratischer LED-Diffusor-Kanal mit versteckten Clips f\u00fcr Oberfl\u00e4chenmontage"},"content":{"rendered":"<div class=\"wp-block-group is-vertical is-layout-flex wp-container-core-group-is-layout-d255d7c4 wp-block-group-is-layout-flex\" style=\"padding-top:var(--wp--preset--spacing--80);padding-bottom:var(--wp--preset--spacing--80)\">\n<p>The LP03B is a square LED diffuser channel with hidden mounting clips that looks nice and doesn&#8217;t have any hardware visible. It has an inner width of 16.2 mm, which makes it easier to install LED strips that are high-density or double-row. The square diffuser spreads light evenly and softly, which makes it great for modern offices and store displays. The mounting clips that come with it make it easy to set up quickly by letting you attach it to a surface that covers the screws. It lights up a room stylishly and professionally when you use matching end caps.<\/p>\n<\/div>\n\n\n\n<div class=\"wp-block-group has-background\" style=\"background-color:#f1f1f1;padding-top:var(--wp--preset--spacing--80);padding-bottom:var(--wp--preset--spacing--80)\"><div class=\"wp-block-group__inner-container is-layout-constrained wp-block-group-is-layout-constrained\">\n<div class=\"wp-block-group is-vertical is-layout-flex wp-container-core-group-is-layout-8cf370e7 wp-block-group-is-layout-flex\">\n<h2 class=\"wp-block-heading\" style=\"padding-top:var(--wp--preset--spacing--40);padding-bottom:var(--wp--preset--spacing--40);font-size:25px;font-style:normal;font-weight:600;text-transform:capitalize\">Warum sollten Sie unser quadratisches LED-Diffusorprofil mit verborgenen Clips w\u00e4hlen?<\/h2>\n\n\n\n<ul class=\"wp-block-list\">\n<li>Modernes quadratisches Design: Das quadratische Aluminium verleiht Ihrer Leuchte ein sauberes, neues Aussehen.<\/li>\n\n\n\n<li>Clips that are hidden: Clips snap on and conceal behind the channel, so you can&#8217;t see any screws at all.<\/li>\n\n\n\n<li>Sanfter Lichtdiffusor: Die opaleszierende Abdeckung sorgt daf\u00fcr, dass das Licht gleichm\u00e4\u00dfig verteilt wird. Keine grellen Spots oder Punkte.<\/li>\n\n\n\n<li>Robust und k\u00fchl: Das eloxierte 6063-T5-Aluminium h\u00e4lt Ihre LEDs k\u00fchl und sicher.<\/li>\n\n\n\n<li>Einfach zu montieren: Das Design f\u00fcr die Oberfl\u00e4chenmontage funktioniert an W\u00e4nden, Decken, Schr\u00e4nken und Regalen.<\/li>\n\n\n\n<li>Komplettset: Enth\u00e4lt alles, was Sie brauchen, wie ein Profil, Diffusor, Clips und Endkappen.<\/li>\n<\/ul>\n<\/div>\n<\/div><\/div>\n\n\n\n<div class=\"wp-block-group is-vertical is-layout-flex wp-container-core-group-is-layout-d255d7c4 wp-block-group-is-layout-flex\" style=\"padding-top:var(--wp--preset--spacing--80);padding-bottom:var(--wp--preset--spacing--80)\">\n<hr class=\"wp-block-separator has-alpha-channel-opacity\"\/>\n\n\n\n<div class=\"wp-block-media-text has-media-on-the-right is-stacked-on-mobile\" style=\"grid-template-columns:auto 40%\"><div class=\"wp-block-media-text__content\">\n<h2 class=\"wp-block-heading\" style=\"padding-top:var(--wp--preset--spacing--40);padding-bottom:var(--wp--preset--spacing--40);font-size:25px;font-style:normal;font-weight:600;text-transform:capitalize\">So funktioniert unser quadratisches LED-Diffusorprofil<\/h2>\n\n\n\n<ul class=\"wp-block-list\">\n<li>Verborgene Montageclips: Verwenden Sie Schrauben, um die verborgenen Clips an der Oberfl\u00e4che (Holz, Wand, Decke) zu befestigen.<\/li>\n\n\n\n<li>Profil anbringen: Klipsen Sie das quadratische LED-Diffusorprofil \u00fcber die Clips.<\/li>\n\n\n\n<li>LED-Streifen hinzuf\u00fcgen: Platzieren Sie Ihren LED-Streifen im Profil.<\/li>\n\n\n\n<li>Diffusor anbringen: Dr\u00fccken Sie die opaleszierende Abdeckung nach unten, um das Licht gleichm\u00e4\u00dfig zu verteilen.<\/li>\n\n\n\n<li>Enden abdecken: Zum Abschluss das Aussehen und die Verkabelung sch\u00fctzen, setzen Sie die Endkappen auf.<\/li>\n<\/ul>\n<\/div><figure class=\"wp-block-media-text__media\"><img loading=\"lazy\" decoding=\"async\" width=\"500\" height=\"500\" src=\"https:\/\/tangooled.com\/wp-content\/uploads\/2026\/01\/lp03b-ins.webp\" alt=\"square led diffuser channel with hidden mounting clips for surface mounting\" class=\"wp-image-48316 size-full\" srcset=\"https:\/\/tangooled.com\/wp-content\/uploads\/2026\/01\/lp03b-ins.webp 500w, https:\/\/tangooled.com\/wp-content\/uploads\/2026\/01\/lp03b-ins-300x300.webp 300w, https:\/\/tangooled.com\/wp-content\/uploads\/2026\/01\/lp03b-ins-150x150.webp 150w\" sizes=\"auto, (max-width: 500px) 100vw, 500px\" \/><\/figure><\/div>\n<\/div>\n\n\n\n<div class=\"wp-block-group has-background is-vertical is-layout-flex wp-container-core-group-is-layout-b429018a wp-block-group-is-layout-flex\" style=\"background-color:#f1f1f1f2;padding-top:var(--wp--preset--spacing--70);padding-bottom:var(--wp--preset--spacing--70)\">\n<h2 class=\"wp-block-heading\" style=\"padding-top:var(--wp--preset--spacing--40);padding-bottom:var(--wp--preset--spacing--40);font-size:25px;font-style:normal;font-weight:600;text-transform:capitalize\">Wo man das LED-Profil mit verborgenen Clips verwenden kann<\/h2>\n\n\n\n<ul class=\"wp-block-list\">\n<li>F\u00fcgen Sie helles, sauberes Arbeitslicht in der K\u00fcche und unter den Schr\u00e4nken hinzu.<\/li>\n\n\n\n<li>Regale und Displays in Gesch\u00e4ften: Verwenden Sie klare Linien, um Ihre Produkte hervorzuheben.<\/li>\n\n\n\n<li>B\u00fcro und Arbeitsraum: Sanftes, umgebendes Licht, um Blendung zu reduzieren.<\/li>\n\n\n\n<li>Moderne Akzente und Wand- sowie Deckenbeleuchtung.<\/li>\n\n\n\n<li>Kleiderschr\u00e4nke und Schr\u00e4nke: ordentliches, verborgenes Licht in geschlossenen R\u00e4umen.<\/li>\n<\/ul>\n<\/div>\n\n\n\n<div class=\"wp-block-group is-vertical is-layout-flex wp-container-core-group-is-layout-d255d7c4 wp-block-group-is-layout-flex\" style=\"padding-top:var(--wp--preset--spacing--80);padding-bottom:var(--wp--preset--spacing--80)\">\n<h2 class=\"wp-block-heading\" style=\"padding-top:var(--wp--preset--spacing--40);padding-bottom:var(--wp--preset--spacing--40);font-size:25px;font-style:normal;font-weight:600;text-transform:capitalize\">Verwandte Produkte, die Ihnen gefallen k\u00f6nnten<\/h2>\n\n\n\n<ul class=\"wp-block-list\">\n<li>Schauen Sie sich unser an <a href=\"https:\/\/tangooled.com\/de\/product\/black-led-diffuser-aluminum-channel-for-12mm-tape-lights\/\"><mark style=\"background-color:rgba(0, 0, 0, 0)\" class=\"has-inline-color has-vivid-red-color\">schwarzes LED-Diffusor-Aluminiumprofil f\u00fcr 12mm LED-B\u00e4nder<\/mark><\/a> f\u00fcr eine dunklere Ausf\u00fchrung.<\/li>\n\n\n\n<li>F\u00fcr flache Montageoptionen, probieren Sie die <a href=\"https:\/\/tangooled.com\/de\/product\/25x6mm-low-profile-led-strip-channel-for-10mm-led-strip-light\/\"><mark style=\"background-color:rgba(0, 0, 0, 0)\" class=\"has-inline-color has-vivid-red-color\">25x6mm Niedrigprofil-LED-Streifenkanal f\u00fcr 10mm LED-Streifenlicht<\/mark><\/a>.<\/li>\n\n\n\n<li>Ben\u00f6tigen Sie eine schlanke, auf der Oberfl\u00e4che montierbare Option? Sehen Sie sich unsere <a href=\"https:\/\/tangooled.com\/de\/product\/18x9mm-led-tape-light-profile-for-surface-installation\/\"><mark style=\"background-color:rgba(0, 0, 0, 0)\" class=\"has-inline-color has-vivid-red-color\">18x9mm LED-Bandprofil f\u00fcr die Oberfl\u00e4chenmontage<\/mark><\/a>.<\/li>\n\n\n\n<li>F\u00fcr einen satinierten Look bei Seilschn\u00fcren versuchen Sie <a href=\"https:\/\/tangooled.com\/de\/product\/surface-mount-led-profile-with-frosted-diffuser-for-10mm-rope-lights\/\"><mark style=\"background-color:rgba(0, 0, 0, 0)\" class=\"has-inline-color has-vivid-red-color\">Oberfl\u00e4chenmontage LED-Profil mit satiniertem Diffusor f\u00fcr 10mm Seilschn\u00fcre<\/mark><\/a>.<\/li>\n\n\n\n<li>Entdecken Sie unser<a href=\"https:\/\/tangooled.com\/de\/product\/square-led-diffuser-channel-with-hidden-mounting-clips-for-surface-mounting\/\"><mark style=\"background-color:rgba(0, 0, 0, 0)\" class=\"has-inline-color has-vivid-red-color\"> quadratisches LED-Diffusorprofil mit verborgenen Montageclips zur Oberfl\u00e4chenmontage<\/mark><\/a> f\u00fcr genaue Spezifikationen und Kauf.<\/li>\n<\/ul>\n<\/div>\n\n\n\n<div class=\"wp-block-group has-background is-vertical is-layout-flex wp-container-core-group-is-layout-b429018a wp-block-group-is-layout-flex\" style=\"background-color:#f1f1f1f2;padding-top:var(--wp--preset--spacing--70);padding-bottom:var(--wp--preset--spacing--70)\">\n<h2 class=\"wp-block-heading\" style=\"padding-top:var(--wp--preset--spacing--40);padding-bottom:var(--wp--preset--spacing--40);font-size:25px;font-style:normal;font-weight:600\">Zusammenfassung<\/h2>\n\n\n\n<p style=\"padding-right:var(--wp--preset--spacing--50);padding-left:var(--wp--preset--spacing--50)\">Das quadratische LED-Diffusorprofil mit verborgenen Montageclips ist eine intelligente Wahl f\u00fcr eine ansehnliche Beleuchtung, die robust und benutzerfreundlich ist. Es passt zu vielen LED-Streifen, gibt ein gleichm\u00e4\u00dfiges Licht ohne Punkte ab und verbirgt die Verkabelung f\u00fcr ein hochwertiges Aussehen. Es hat eine elegante quadratische Form und ist leicht auf jeder Oberfl\u00e4che zu montieren, was es perfekt f\u00fcr jedes Wohn-, B\u00fcro- oder Projektgesch\u00e4ft macht.<\/p>\n<\/div>\n\n\n\n<p><\/p>","protected":false},"featured_media":14100,"template":"","meta":{"_acf_changed":true,"_seopress_robots_primary_cat":"none","_seopress_titles_title":"Square LED Diffuser Channel with Hidden Clips LP03B | TANGOOLED","_seopress_titles_desc":"Source the square LED diffuser channel. Featuring hidden clips for a clean surface mount finish without visible brackets.","_seopress_robots_index":""},"pcb-width":[229],"product-cat":[192],"class_list":{"0":"post-47882","1":"product","2":"type-product","3":"status-publish","4":"has-post-thumbnail","6":"pcb-width-15-20mm","7":"product-cat-surface-led-profile"},"acf":[],"_links":{"self":[{"href":"https:\/\/tangooled.com\/de\/wp-json\/wp\/v2\/product\/47882","targetHints":{"allow":["GET"]}}],"collection":[{"href":"https:\/\/tangooled.com\/de\/wp-json\/wp\/v2\/product"}],"about":[{"href":"https:\/\/tangooled.com\/de\/wp-json\/wp\/v2\/types\/product"}],"wp:featuredmedia":[{"embeddable":true,"href":"https:\/\/tangooled.com\/de\/wp-json\/wp\/v2\/media\/14100"}],"wp:attachment":[{"href":"https:\/\/tangooled.com\/de\/wp-json\/wp\/v2\/media?parent=47882"}],"wp:term":[{"taxonomy":"pcb-width","embeddable":true,"href":"https:\/\/tangooled.com\/de\/wp-json\/wp\/v2\/pcb-width?post=47882"},{"taxonomy":"product-cat","embeddable":true,"href":"https:\/\/tangooled.com\/de\/wp-json\/wp\/v2\/product-cat?post=47882"}],"curies":[{"name":"wp","href":"https:\/\/api.w.org\/{rel}","templated":true}]}}