{"id":47879,"date":"2026-01-13T01:55:17","date_gmt":"2026-01-13T09:55:17","guid":{"rendered":"https:\/\/tangooled.com\/?post_type=product&#038;p=47879"},"modified":"2026-01-21T23:32:08","modified_gmt":"2026-01-22T07:32:08","slug":"aluminum-led-extrusion-for-5050-double-row-strips-lp03a","status":"publish","type":"product","link":"https:\/\/tangooled.com\/de\/product\/aluminum-led-extrusion-for-5050-double-row-strips-lp03a\/","title":{"rendered":"Aluminium-LED-Extrusionsdiffusor-Kanal f\u00fcr 5050 doppelte Reihenstreifen"},"content":{"rendered":"<div class=\"wp-block-group is-vertical is-layout-flex wp-container-core-group-is-layout-d255d7c4 wp-block-group-is-layout-flex\" style=\"padding-top:var(--wp--preset--spacing--80);padding-bottom:var(--wp--preset--spacing--80)\">\n<p>Our LP03A is a high-quality aluminum LED extrusion for\u00a05050 strips of double rows. This diffuser channel has 16.2mm inner width\u00a0made to hold wider or high-density strips and let heat escape easily, which makes LEDs last longer. The curved diffuser of high quality makes sure that the glow is smooth and has no spots. The channel comes with clips and end caps that make it quick and easy to put up. This channel is great for lighting up your home, office, or store.<\/p>\n<\/div>\n\n\n\n<div class=\"wp-block-group has-background\" style=\"background-color:#f1f1f1;padding-top:var(--wp--preset--spacing--80);padding-bottom:var(--wp--preset--spacing--80)\"><div class=\"wp-block-group__inner-container is-layout-constrained wp-block-group-is-layout-constrained\">\n<div class=\"wp-block-group is-vertical is-layout-flex wp-container-core-group-is-layout-8cf370e7 wp-block-group-is-layout-flex\">\n<h2 class=\"wp-block-heading\" style=\"padding-top:var(--wp--preset--spacing--40);padding-bottom:var(--wp--preset--spacing--40);font-size:25px;font-style:normal;font-weight:600;text-transform:capitalize\">Warum unsere Aluminium-LED-Extrusion f\u00fcr 5050-Streifen w\u00e4hlen?<\/h2>\n\n\n\n<ul class=\"wp-block-list\">\n<li>Starkes und leichtes Aluminium: Es besteht aus einer 6063-T5 Aluminiumlegierung. Es verhindert, dass die LEDs zu hei\u00df werden.<\/li>\n\n\n\n<li>Der PC opal Diffusor hilft dabei, die Punkte der LEDs zu verbergen und sorgt f\u00fcr gleichm\u00e4\u00dfiges, punktfreies Licht.<\/li>\n\n\n\n<li>Passt f\u00fcr viele verschiedene Gr\u00f6\u00dfen: Funktioniert mit doppelreihe 5050 LED-Streifen und anderen breiten Streifen wie 2835 und RGBW.<\/li>\n\n\n\n<li>Einfach zu verwenden: Es wird mit Endkappen und Befestigungsclips f\u00fcr eine einfache Installation geliefert.<\/li>\n\n\n\n<li>Sieht ordentlich aus: Das saubere, silberne Finish passt gut zu modernen Innenr\u00e4umen.<\/li>\n<\/ul>\n<\/div>\n<\/div><\/div>\n\n\n\n<div class=\"wp-block-group is-vertical is-layout-flex wp-container-core-group-is-layout-d255d7c4 wp-block-group-is-layout-flex\" style=\"padding-top:var(--wp--preset--spacing--80);padding-bottom:var(--wp--preset--spacing--80)\">\n<hr class=\"wp-block-separator has-alpha-channel-opacity\"\/>\n\n\n\n<div class=\"wp-block-media-text has-media-on-the-right is-stacked-on-mobile\" style=\"grid-template-columns:auto 40%\"><div class=\"wp-block-media-text__content\">\n<h2 class=\"wp-block-heading\" style=\"padding-top:var(--wp--preset--spacing--40);padding-bottom:var(--wp--preset--spacing--40);font-size:25px;font-style:normal;font-weight:600;text-transform:capitalize\">Einfache und sichere Installationstipps<\/h2>\n\n\n\n<ul class=\"wp-block-list\">\n<li>\u00dcberpr\u00fcfen Sie die Gr\u00f6\u00dfe des Kanals und messen Sie Ihren LED-Streifen.<\/li>\n\n\n\n<li>Befestigen Sie die Montageclips an der Oberfl\u00e4che.<\/li>\n\n\n\n<li>Stecken Sie den Aluminiumkanal in die Clips.<\/li>\n\n\n\n<li>Legen Sie Ihren LED-Streifen in den Kanal.<\/li>\n\n\n\n<li>Stecken Sie die Abdeckung auf den Diffusor.<\/li>\n\n\n\n<li>Bringen Sie Endkappen an, um die Verkabelung ordentlich aussehen zu lassen.<\/li>\n<\/ul>\n<\/div><figure class=\"wp-block-media-text__media\"><img loading=\"lazy\" decoding=\"async\" width=\"500\" height=\"500\" src=\"https:\/\/tangooled.com\/wp-content\/uploads\/2026\/01\/lp03a-ins.webp\" alt=\"aluminum led strip extrusion diffuser channel for 5050 double row led strip\" class=\"wp-image-48307 size-full\" srcset=\"https:\/\/tangooled.com\/wp-content\/uploads\/2026\/01\/lp03a-ins.webp 500w, https:\/\/tangooled.com\/wp-content\/uploads\/2026\/01\/lp03a-ins-300x300.webp 300w, https:\/\/tangooled.com\/wp-content\/uploads\/2026\/01\/lp03a-ins-150x150.webp 150w\" sizes=\"auto, (max-width: 500px) 100vw, 500px\" \/><\/figure><\/div>\n<\/div>\n\n\n\n<div class=\"wp-block-group has-background is-vertical is-layout-flex wp-container-core-group-is-layout-b429018a wp-block-group-is-layout-flex\" style=\"background-color:#f1f1f1f2;padding-top:var(--wp--preset--spacing--70);padding-bottom:var(--wp--preset--spacing--70)\">\n<h2 class=\"wp-block-heading\" style=\"padding-top:var(--wp--preset--spacing--40);padding-bottom:var(--wp--preset--spacing--40);font-size:25px;font-style:normal;font-weight:600\">Wo verwenden: Breite Anwendungen<\/h2>\n\n\n\n<ul class=\"wp-block-list\">\n<li>F\u00fcr leistungsstarke Arbeitsplatzbeleuchtung unter K\u00fcchenschr\u00e4nken<\/li>\n\n\n\n<li>Beleuchtung f\u00fcr B\u00fccherregale und Schr\u00e4nke, um die Dinge klar und hell zu machen<\/li>\n\n\n\n<li>Cove- und Deckenlichter f\u00fcr ein glattes, attraktives Aussehen<\/li>\n\n\n\n<li>Beleuchtung f\u00fcr Auslagen, die Ihre Waren am besten pr\u00e4sentieren<\/li>\n\n\n\n<li>Lampen f\u00fcr B\u00fcros und Arbeitspl\u00e4tze, die eine helle und gleichm\u00e4\u00dfige Arbeitsumgebung schaffen<\/li>\n<\/ul>\n<\/div>\n\n\n\n<div class=\"wp-block-group is-vertical is-layout-flex wp-container-core-group-is-layout-d255d7c4 wp-block-group-is-layout-flex\" style=\"padding-top:var(--wp--preset--spacing--80);padding-bottom:var(--wp--preset--spacing--80)\">\n<h2 class=\"wp-block-heading\" style=\"padding-top:var(--wp--preset--spacing--40);padding-bottom:var(--wp--preset--spacing--40);font-size:25px;font-style:normal;font-weight:600;text-transform:capitalize\">Zusammenfassung<\/h2>\n\n\n\n<p>Unsere Aluminium-LED-Extrusion f\u00fcr 5050 doppelte Reihe LED-Streifen ist der beste Weg, um Ihre LED-Lichter professionell aussehen zu lassen, hell und gleichm\u00e4\u00dfig zu strahlen und lange zu halten. W\u00e4hlen Sie unser Kit f\u00fcr eine einfache Installation, starken Hitzeschutz und ein atemberaubendes Aussehen. Erfahren Sie mehr \u00fcber verschiedene Arten von LED-Profilen auf unseren Seiten f\u00fcr <a href=\"https:\/\/tangooled.com\/de\/product\/black-aluminum-u-channel-profile-for-10mm-led-strips\/\"><mark style=\"background-color:rgba(0, 0, 0, 0)\" class=\"has-inline-color has-vivid-red-color\">schwarzes Aluminium-U-Profil f\u00fcr 10mm LED-Streifen<\/mark><\/a> und <a href=\"https:\/\/tangooled.com\/de\/product\/led-light-diffuser-channel-aluminum-15x12mm-for-10mm-led-strips\/\"><mark style=\"background-color:rgba(0, 0, 0, 0)\" class=\"has-inline-color has-vivid-red-color\">LED Lichtdiffusor Kanal Aluminium 15x12mm f\u00fcr 10mm LED-Streifen<\/mark><\/a>.<\/p>\n<\/div>\n\n\n\n<p><\/p>","protected":false},"featured_media":14097,"template":"","meta":{"_acf_changed":true,"_seopress_robots_primary_cat":"none","_seopress_titles_title":"Aluminum LED Extrusion for 5050 Strips | LP03A | TANGOOLED","_seopress_titles_desc":"Source the aluminum LED extrusion. Specifically designed to accommodate 5050 double row LED strips with professional heat management.","_seopress_robots_index":""},"pcb-width":[229],"product-cat":[192],"class_list":{"0":"post-47879","1":"product","2":"type-product","3":"status-publish","4":"has-post-thumbnail","6":"pcb-width-15-20mm","7":"product-cat-surface-led-profile"},"acf":[],"_links":{"self":[{"href":"https:\/\/tangooled.com\/de\/wp-json\/wp\/v2\/product\/47879","targetHints":{"allow":["GET"]}}],"collection":[{"href":"https:\/\/tangooled.com\/de\/wp-json\/wp\/v2\/product"}],"about":[{"href":"https:\/\/tangooled.com\/de\/wp-json\/wp\/v2\/types\/product"}],"wp:featuredmedia":[{"embeddable":true,"href":"https:\/\/tangooled.com\/de\/wp-json\/wp\/v2\/media\/14097"}],"wp:attachment":[{"href":"https:\/\/tangooled.com\/de\/wp-json\/wp\/v2\/media?parent=47879"}],"wp:term":[{"taxonomy":"pcb-width","embeddable":true,"href":"https:\/\/tangooled.com\/de\/wp-json\/wp\/v2\/pcb-width?post=47879"},{"taxonomy":"product-cat","embeddable":true,"href":"https:\/\/tangooled.com\/de\/wp-json\/wp\/v2\/product-cat?post=47879"}],"curies":[{"name":"wp","href":"https:\/\/api.w.org\/{rel}","templated":true}]}}