{"id":47877,"date":"2026-01-13T01:51:25","date_gmt":"2026-01-13T09:51:25","guid":{"rendered":"https:\/\/tangooled.com\/?post_type=product&#038;p=47877"},"modified":"2026-02-02T22:27:41","modified_gmt":"2026-02-03T06:27:41","slug":"aluminum-u-channel-with-square-led-diffuser-inner-16mm-lp02b","status":"publish","type":"product","link":"https:\/\/tangooled.com\/de\/product\/aluminum-u-channel-with-square-led-diffuser-inner-16mm-lp02b\/","title":{"rendered":"Aluminium U-Kanal mit quadratischem LED-Diffusor innen 16mm LP02B"},"content":{"rendered":"<div class=\"wp-block-group is-vertical is-layout-flex wp-container-core-group-is-layout-d255d7c4 wp-block-group-is-layout-flex\" style=\"padding-top:var(--wp--preset--spacing--80);padding-bottom:var(--wp--preset--spacing--80)\">\n<p>Our u-shape aluminum channel with a square diffuser inner 16mm is a solid and reliable choice for your linear lighting projects. It features a broad inner width of 16.2 mm, which can hold LED strips that are up to 16 mm wide. It also includes a square diffuser, which spreads the light evenly and makes the channel look clean and modern. This profile comes with mounting clips and matching end caps that make it easy to put together in a professional way. Whether you&#8217;re a do-it-yourselfer or a pro, it makes homes, offices, or store displays look nice and finished.<\/p>\n<\/div>\n\n\n\n<div class=\"wp-block-group has-background\" style=\"background-color:#f1f1f1;padding-top:var(--wp--preset--spacing--80);padding-bottom:var(--wp--preset--spacing--80)\"><div class=\"wp-block-group__inner-container is-layout-constrained wp-block-group-is-layout-constrained\">\n<div class=\"wp-block-group is-vertical is-layout-flex wp-container-core-group-is-layout-8cf370e7 wp-block-group-is-layout-flex\">\n<h2 class=\"wp-block-heading\" style=\"padding-top:var(--wp--preset--spacing--40);padding-bottom:var(--wp--preset--spacing--40);font-size:25px;font-style:normal;font-weight:600;text-transform:capitalize\">Warum unseren U-f\u00f6rmigen Aluminiumkanal mit quadratischem Diffusor w\u00e4hlen?<\/h2>\n\n\n\n<ul class=\"wp-block-list\">\n<li>Hergestellt aus eloxiertem Aluminium 6063-T5, das stark ist und lange h\u00e4lt.<\/li>\n\n\n\n<li>Der quadratische Diffusor besteht aus opalem Polycarbonat und verteilt das Licht gleichm\u00e4\u00dfig.<\/li>\n\n\n\n<li>Die 16mm Innenweite funktioniert mit breiteren LED-Streifen, einschlie\u00dflich doppelreihiger Streifen oder Streifen, die nass werden k\u00f6nnen.<\/li>\n\n\n\n<li>Funktioniert als K\u00fchlk\u00f6rper, um Ihre LEDs k\u00fchl zu halten und ihre Lebensdauer zu verl\u00e4ngern.<\/li>\n\n\n\n<li>Wird mit Endkappen und Clips f\u00fcr die Montage geliefert, was die Installation schnell und einfach macht.<\/li>\n<\/ul>\n<\/div>\n<\/div><\/div>\n\n\n\n<div class=\"wp-block-group is-vertical is-layout-flex wp-container-core-group-is-layout-d255d7c4 wp-block-group-is-layout-flex\" style=\"padding-top:var(--wp--preset--spacing--80);padding-bottom:var(--wp--preset--spacing--80)\">\n<hr class=\"wp-block-separator has-alpha-channel-opacity\"\/>\n\n\n\n<div class=\"wp-block-media-text has-media-on-the-right is-stacked-on-mobile\" style=\"grid-template-columns:auto 40%\"><div class=\"wp-block-media-text__content\">\n<h2 class=\"wp-block-heading\" style=\"padding-top:var(--wp--preset--spacing--40);padding-bottom:var(--wp--preset--spacing--40);font-size:25px;font-style:normal;font-weight:600;text-transform:capitalize\">Installation<\/h2>\n\n\n\n<ul class=\"wp-block-list\">\n<li>Befestigen Sie die Montageclips an der Oberfl\u00e4che, wo Sie das Licht w\u00fcnschen.<\/li>\n\n\n\n<li>Stecken Sie den Aluminiumkanal in die Clips.<\/li>\n\n\n\n<li>Legen Sie Ihren LED-Streifen in den Kanal.<\/li>\n\n\n\n<li>Klicken Sie den quadratischen Diffusor auf.<\/li>\n\n\n\n<li>F\u00fcgen Sie an beiden Enden Endkappen hinzu, um ein sauberes Erscheinungsbild zu gew\u00e4hrleisten.<\/li>\n<\/ul>\n<\/div><figure class=\"wp-block-media-text__media\"><img loading=\"lazy\" decoding=\"async\" width=\"500\" height=\"500\" src=\"https:\/\/tangooled.com\/wp-content\/uploads\/2026\/01\/lp02b-ins.webp\" alt=\"u shape aluminum channel with square diffuser inner 16mm\" class=\"wp-image-48303 size-full\" srcset=\"https:\/\/tangooled.com\/wp-content\/uploads\/2026\/01\/lp02b-ins.webp 500w, https:\/\/tangooled.com\/wp-content\/uploads\/2026\/01\/lp02b-ins-300x300.webp 300w, https:\/\/tangooled.com\/wp-content\/uploads\/2026\/01\/lp02b-ins-150x150.webp 150w\" sizes=\"auto, (max-width: 500px) 100vw, 500px\" \/><\/figure><\/div>\n<\/div>\n\n\n\n<div class=\"wp-block-group has-background is-vertical is-layout-flex wp-container-core-group-is-layout-b429018a wp-block-group-is-layout-flex\" style=\"background-color:#f1f1f1f2;padding-top:var(--wp--preset--spacing--70);padding-bottom:var(--wp--preset--spacing--70)\">\n<h2 class=\"wp-block-heading\" style=\"padding-top:var(--wp--preset--spacing--40);padding-bottom:var(--wp--preset--spacing--40);font-size:25px;font-style:normal;font-weight:600;text-transform:capitalize\">Wo das Produkt verwendet werden kann<\/h2>\n\n\n\n<ul class=\"wp-block-list\">\n<li>Beleuchtung, die unter Schr\u00e4nken in K\u00fcchen oder B\u00fcros montiert wird.<\/li>\n\n\n\n<li>Beleuchtung f\u00fcr W\u00e4nde, Decken oder Regale in Geb\u00e4uden.<\/li>\n\n\n\n<li>Filialbeleuchtung, um Gesch\u00e4fte heller zu machen und Waren zu pr\u00e4sentieren.<\/li>\n\n\n\n<li>Beleuchtung f\u00fcr Garagen und Werkst\u00e4tten, die stark beansprucht werden k\u00f6nnen.<\/li>\n\n\n\n<li>Einzigartige lineare Lichtinstallationen f\u00fcr Wohnr\u00e4ume oder B\u00fcros schaffen.<\/li>\n<\/ul>\n<\/div>\n\n\n\n<div class=\"wp-block-group is-vertical is-layout-flex wp-container-core-group-is-layout-d255d7c4 wp-block-group-is-layout-flex\" style=\"padding-top:var(--wp--preset--spacing--80);padding-bottom:var(--wp--preset--spacing--80)\">\n<h2 class=\"wp-block-heading\" style=\"padding-top:var(--wp--preset--spacing--40);padding-bottom:var(--wp--preset--spacing--40);font-size:25px;font-style:normal;font-weight:600;text-transform:capitalize\">\u00c4hnliche Produkte entdecken<\/h2>\n\n\n\n<ul class=\"wp-block-list\">\n<li>F\u00fcr kleinere Streifen, \u00fcberpr\u00fcfen Sie unser <a href=\"https:\/\/tangooled.com\/de\/product\/black-led-profile-with-black-diffuser-for-10mm-led-strip-light\/\"><mark style=\"background-color:rgba(0, 0, 0, 0)\" class=\"has-inline-color has-vivid-red-color\">schwarzes LED-Profil mit schwarzem Diffusor f\u00fcr 10mm LED-Streifen<\/mark><\/a>.<\/li>\n\n\n\n<li>Brauchen Sie ein Profil f\u00fcr 12mm LED-Leuchten? Sehen Sie sich das an <a href=\"https:\/\/tangooled.com\/de\/product\/black-led-diffuser-aluminum-channel-for-12mm-tape-lights\/\"><mark style=\"background-color:rgba(0, 0, 0, 0)\" class=\"has-inline-color has-vivid-red-color\">schwarzes LED-Diffusor-Aluminiumprofil f\u00fcr 12mm LED-B\u00e4nder<\/mark><\/a>.<\/li>\n\n\n\n<li>F\u00fcr eine flachere Profiloption, schauen Sie sich das an <a href=\"https:\/\/tangooled.com\/de\/product\/led-strip-light-channel-aluminum-profile-with-diffused-cover-6mm-height\/\"><mark style=\"background-color:rgba(0, 0, 0, 0)\" class=\"has-inline-color has-vivid-red-color\">Aluminiumprofil f\u00fcr LED-Streifen mit diffundierender Abdeckung, H\u00f6he 6 mm<\/mark><\/a>.<\/li>\n<\/ul>\n<\/div>\n\n\n\n<p><\/p>","protected":false},"featured_media":14093,"template":"","meta":{"_acf_changed":true,"_seopress_robots_primary_cat":"none","_seopress_titles_title":"Aluminum U Channel with Square LED Diffuser Inner 16mm LP02B | TANGOOLED","_seopress_titles_desc":"Explore the LP02B aluminum U channel with a square LED diffuser. Designed with an inner 16mm width to accommodate various LED strips for a sleek, flat finish.","_seopress_robots_index":""},"pcb-width":[229],"product-cat":[192],"class_list":{"0":"post-47877","1":"product","2":"type-product","3":"status-publish","4":"has-post-thumbnail","6":"pcb-width-15-20mm","7":"product-cat-surface-led-profile"},"acf":[],"_links":{"self":[{"href":"https:\/\/tangooled.com\/de\/wp-json\/wp\/v2\/product\/47877","targetHints":{"allow":["GET"]}}],"collection":[{"href":"https:\/\/tangooled.com\/de\/wp-json\/wp\/v2\/product"}],"about":[{"href":"https:\/\/tangooled.com\/de\/wp-json\/wp\/v2\/types\/product"}],"wp:featuredmedia":[{"embeddable":true,"href":"https:\/\/tangooled.com\/de\/wp-json\/wp\/v2\/media\/14093"}],"wp:attachment":[{"href":"https:\/\/tangooled.com\/de\/wp-json\/wp\/v2\/media?parent=47877"}],"wp:term":[{"taxonomy":"pcb-width","embeddable":true,"href":"https:\/\/tangooled.com\/de\/wp-json\/wp\/v2\/pcb-width?post=47877"},{"taxonomy":"product-cat","embeddable":true,"href":"https:\/\/tangooled.com\/de\/wp-json\/wp\/v2\/product-cat?post=47877"}],"curies":[{"name":"wp","href":"https:\/\/api.w.org\/{rel}","templated":true}]}}