{"id":46008,"date":"2026-01-07T19:29:36","date_gmt":"2026-01-08T03:29:36","guid":{"rendered":"https:\/\/tangooled.com\/?post_type=product&#038;p=46008"},"modified":"2026-01-29T02:23:04","modified_gmt":"2026-01-29T10:23:04","slug":"led-profile-under-cabinet-corner-lighting-for-led-strip-12mm","status":"publish","type":"product","link":"https:\/\/tangooled.com\/de\/product\/led-profile-under-cabinet-corner-lighting-for-led-strip-12mm\/","title":{"rendered":"LED-Profil f\u00fcr Beleuchtung in der Ecke unter dem Schrank f\u00fcr LED-Streifen 12mm"},"content":{"rendered":"<div class=\"wp-block-group is-vertical is-layout-flex wp-container-core-group-is-layout-d255d7c4 wp-block-group-is-layout-flex\" style=\"padding-top:var(--wp--preset--spacing--80);padding-bottom:var(--wp--preset--spacing--80)\">\n<p>Erhellen Sie Ihren Raum mit perfekter Eckenbeleuchtung! Unser LED-Profil f\u00fcr die Unterbau-Eckenbeleuchtung ist so konzipiert, dass es passgenau in 90-Grad-Winkel passt und den Platz in der Ecke optimal ausnutzt. Das Profil hat ein kompaktes, dreieckiges Design, das 14,3mm hoch und 29,1mm an der Basis misst und m\u00fchelos einen LED-Streifen bis zu 12mm aufnimmt.<br>Die Installation ist einfach und sauber: Der Aluminiumkanal wird mit clip-in Halterungen montiert, die zun\u00e4chst sicher an der Oberfl\u00e4che verschraubt werden. Er passt wunderbar in die Ecken Ihres Arbeitsplatzes, Ihrer K\u00fcche oder Ihres Schranks. Er sch\u00fctzt den Streifen und l\u00e4sst W\u00e4rme leicht entweichen. Verabschieden Sie sich von dunklen Stellen und begr\u00fc\u00dfen Sie weiches, klares Licht, das genau dort ausgerichtet ist, wo Sie es am meisten ben\u00f6tigen.<\/p>\n<\/div>\n\n\n\n<div class=\"wp-block-group has-background is-vertical is-layout-flex wp-container-core-group-is-layout-d255d7c4 wp-block-group-is-layout-flex\" style=\"background-color:#f1f1f1;padding-top:var(--wp--preset--spacing--80);padding-bottom:var(--wp--preset--spacing--80)\">\n<div class=\"wp-block-group is-vertical is-layout-flex wp-container-core-group-is-layout-8cf370e7 wp-block-group-is-layout-flex\">\n<h2 class=\"wp-block-heading\" style=\"padding-top:var(--wp--preset--spacing--40);padding-bottom:var(--wp--preset--spacing--40);font-size:25px;font-style:normal;font-weight:600;text-transform:capitalize\">Warum sollten Sie unser Eckenbeleuchtungsprofil w\u00e4hlen?<\/h2>\n\n\n\n<ul class=\"wp-block-list\">\n<li>Fits 12mm LED strip lights easily\u2014no squeezing or bending.<\/li>\n\n\n\n<li>The unique V-shape design makes it the perfect corner light for 90\u00b0 angles.<\/li>\n\n\n\n<li>Hergestellt aus hochwertigem Aluminium&nbsp;um Ihre LED-Streifen k\u00fchl zu halten und ihre Lebensdauer zu verl\u00e4ngern.<\/li>\n\n\n\n<li>Hat einen mattierten Diffusor, der das Licht gleichm\u00e4\u00dfig und sanft verteilt, ohne Blendstellen.<\/li>\n\n\n\n<li>H\u00e4lt Ihre LED-Streifen in K\u00fcchen und Werkst\u00e4tten vor Staub und Besch\u00e4digung gesch\u00fctzt.<\/li>\n\n\n\n<li>Kommt mit Clips und Endkappen, die die Montage erleichtern.<\/li>\n<\/ul>\n<\/div>\n<\/div>\n\n\n\n<div class=\"wp-block-group is-vertical is-layout-flex wp-container-core-group-is-layout-d255d7c4 wp-block-group-is-layout-flex\" style=\"padding-top:var(--wp--preset--spacing--80);padding-bottom:var(--wp--preset--spacing--80)\">\n<hr class=\"wp-block-separator has-alpha-channel-opacity\"\/>\n\n\n\n<div class=\"wp-block-media-text has-media-on-the-right is-stacked-on-mobile\" style=\"grid-template-columns:auto 40%\"><div class=\"wp-block-media-text__content\">\n<h2 class=\"wp-block-heading\" style=\"padding-top:var(--wp--preset--spacing--40);padding-bottom:var(--wp--preset--spacing--40);font-size:25px;font-style:normal;font-weight:600;text-transform:capitalize\">Tipps zur Installation<\/h2>\n\n\n\n<ul class=\"wp-block-list\">\n<li>Verwenden Sie 12mm LED-Streifen mit mindestens 120 LEDs pro Meter f\u00fcr die gleichm\u00e4\u00dfigste, punktfreie Beleuchtung.<\/li>\n\n\n\n<li>Befestigen Sie die Montagesclips an der Ecke Ihres Schranks und dr\u00fccken Sie dann das LED-Profil an seinen Platz.<\/li>\n\n\n\n<li>Legen Sie Ihren LED-Streifen in den Kanal, bevor Sie den Diffusor anbringen.<\/li>\n\n\n\n<li>Verwenden Sie die Endkappen, um Ihre Streifen zu sch\u00fctzen und sicherzustellen, dass sie gut aussehen.<\/li>\n\n\n\n<li>Wenn Sie es in feuchten Umgebungen wie K\u00fcchen verwenden m\u00f6chten, stellen Sie sicher, dass Sie es mit wasserdichten Streifen verwenden.<\/li>\n<\/ul>\n<\/div><figure class=\"wp-block-media-text__media\"><img loading=\"lazy\" decoding=\"async\" width=\"500\" height=\"499\" src=\"https:\/\/tangooled.com\/wp-content\/uploads\/2026\/01\/cd02-installation.jpg\" alt=\"LED-Profil f\u00fcr Beleuchtung in der Ecke unter dem Schrank f\u00fcr LED-Streifen 12mm\" class=\"wp-image-46020 size-full\" srcset=\"https:\/\/tangooled.com\/wp-content\/uploads\/2026\/01\/cd02-installation.jpg 500w, https:\/\/tangooled.com\/wp-content\/uploads\/2026\/01\/cd02-installation-300x300.jpg 300w, https:\/\/tangooled.com\/wp-content\/uploads\/2026\/01\/cd02-installation-150x150.jpg 150w\" sizes=\"auto, (max-width: 500px) 100vw, 500px\" \/><\/figure><\/div>\n<\/div>\n\n\n\n<div class=\"wp-block-group has-background is-vertical is-layout-flex wp-container-core-group-is-layout-b429018a wp-block-group-is-layout-flex\" style=\"background-color:#f1f1f1f2;padding-top:var(--wp--preset--spacing--70);padding-bottom:var(--wp--preset--spacing--70)\">\n<h2 class=\"wp-block-heading\" style=\"padding-top:var(--wp--preset--spacing--40);padding-bottom:var(--wp--preset--spacing--40);font-size:25px;font-style:normal;font-weight:600\">So verwenden Sie dieses LED-Profil<\/h2>\n\n\n\n<p>Dieses Eckenbeleuchtungsprofil eignet sich hervorragend, um den Raum unter Schr\u00e4nken und mehr in einer Vielzahl von Situationen zu beleuchten:<\/p>\n\n\n\n<ul class=\"wp-block-list\">\n<li>K\u00fcchenschr\u00e4nke: Um Ihre Arbeitsfl\u00e4chen und -oberfl\u00e4chen heller zu machen, verwenden Sie glattes, gewinkeltes Licht.<\/li>\n\n\n\n<li>Schr\u00e4nke und Kleiderschr\u00e4nke: Finden Sie schnell und einfach Kleidung und andere Objekte, ohne Schatten.<\/li>\n\n\n\n<li>Werkstatt und Werkbank: Sie k\u00f6nnen alles klar sehen, w\u00e4hrend Sie arbeiten.<\/li>\n\n\n\n<li>Verwenden Sie helles, scharfes Akzentlicht, um Produkte auf Verkaufsregalen und in Auslagen hervorzuheben.<\/li>\n<\/ul>\n<\/div>\n\n\n\n<div class=\"wp-block-group is-vertical is-layout-flex wp-container-core-group-is-layout-d255d7c4 wp-block-group-is-layout-flex\" style=\"padding-top:var(--wp--preset--spacing--80);padding-bottom:var(--wp--preset--spacing--80)\">\n<h2 class=\"wp-block-heading\" style=\"padding-top:var(--wp--preset--spacing--40);padding-bottom:var(--wp--preset--spacing--40);font-size:25px;font-style:normal;font-weight:600;text-transform:capitalize\">Anwendungen von Oberfl\u00e4chenmontage-LED-Profilen<\/h2>\n\n\n\n<ul class=\"wp-block-list\">\n<li>K\u00fcchenschr\u00e4nke: Um Ihre Arbeitsfl\u00e4chen und -oberfl\u00e4chen heller zu machen, verwenden Sie glattes, gewinkeltes Licht.<\/li>\n\n\n\n<li>Schr\u00e4nke und Kleiderschr\u00e4nke: Finden Sie schnell und einfach Kleidung und andere Objekte, ohne Schatten.<\/li>\n\n\n\n<li>Werkstatt und Werkbank: Sie k\u00f6nnen alles klar sehen, w\u00e4hrend Sie arbeiten.<\/li>\n\n\n\n<li>Verwenden Sie helles, scharfes Akzentlicht, um Produkte auf Verkaufsregalen und in Auslagen hervorzuheben.<\/li>\n<\/ul>\n<\/div>\n\n\n\n<div class=\"wp-block-group has-background is-vertical is-layout-flex wp-container-core-group-is-layout-b429018a wp-block-group-is-layout-flex\" style=\"background-color:#f1f1f1f2;padding-top:var(--wp--preset--spacing--70);padding-bottom:var(--wp--preset--spacing--70)\">\n<h2 class=\"wp-block-heading\" style=\"padding-top:var(--wp--preset--spacing--40);padding-bottom:var(--wp--preset--spacing--40);font-size:25px;font-style:normal;font-weight:600\">Verwandte Produkte<\/h2>\n\n\n\n<ul class=\"wp-block-list\">\n<li>Entdecken Sie unser <mark style=\"background-color:rgba(0, 0, 0, 0)\" class=\"has-inline-color has-vivid-red-color\"><a href=\"https:\/\/tangooled.com\/de\/product\/surface-mount-led-profile-with-frosted-diffuser-for-10mm-rope-lights\/\">Oberfl\u00e4chenmontage LED-Profil mit satiniertem Diffusor f\u00fcr 10mm Seilschn\u00fcre<\/a><\/mark> f\u00fcr flache Oberfl\u00e4chen.<\/li>\n\n\n\n<li>Schauen Sie sich unser an <a href=\"https:\/\/tangooled.com\/de\/product\/cabinet-led-strip-channel-with-diffuser-for-double-led-strips\/\"><mark style=\"background-color:rgba(0, 0, 0, 0)\" class=\"has-inline-color has-vivid-red-color\">Kabinett LED-Streifenkanal mit Diffusor f\u00fcr doppelte LED-Streifen<\/mark><\/a> f\u00fcr mehrere Lichtreihen.<\/li>\n\n\n\n<li>Finden Sie schlanke Optionen mit <mark style=\"background-color:rgba(0, 0, 0, 0)\" class=\"has-inline-color has-vivid-red-color\"><a href=\"https:\/\/tangooled.com\/de\/product\/25x6mm-low-profile-led-strip-channel-for-10mm-led-strip-light\/\">25x6mm Niedrigprofil-LED-Streifenkanal f\u00fcr 10mm LED-Streifenlicht<\/a><\/mark>.<\/li>\n<\/ul>\n<\/div>\n\n\n\n<div class=\"wp-block-group is-vertical is-layout-flex wp-container-core-group-is-layout-d255d7c4 wp-block-group-is-layout-flex\" style=\"padding-top:var(--wp--preset--spacing--80);padding-bottom:var(--wp--preset--spacing--80)\">\n<h2 class=\"wp-block-heading\" style=\"padding-top:var(--wp--preset--spacing--40);padding-bottom:var(--wp--preset--spacing--40);font-size:25px;font-style:normal;font-weight:600;text-transform:capitalize\">Anwendungen von Oberfl\u00e4chenmontage-LED-Profilen<\/h2>\n\n\n\n<p>Unser LED-Profil f\u00fcr die Unterbau-Eckenbeleuchtung erm\u00f6glicht es Ihnen, Unterbaubeleuchtung zu erzeugen, die hell, klar und gleichm\u00e4\u00dfig ist, ohne dunkle Stellen oder raue Kanten. Es passt perfekt in die Ecken von Schr\u00e4nken und h\u00e4lt Ihren 12mm LED-Streifenkanal an Ort und Stelle. F\u00fcgen Sie dieses Eckenprofil noch heute f\u00fcr eine einfache Installation und langlebige, stilvolle Eckenbeleuchtung in K\u00fcchen, Schr\u00e4nken, Werkst\u00e4tten, Verkaufsregalen und mehr hinzu.<\/p>\n<\/div>\n\n\n\n<p><\/p>","protected":false},"featured_media":14275,"template":"","meta":{"_acf_changed":true,"_seopress_robots_primary_cat":"none","_seopress_titles_title":"LED Profile for Under Cabinet Corner Lighting | TANGOOLED","_seopress_titles_desc":"Source the LED profile for under cabinet corner lighting. Specifically designed for 12mm strips to provide shadow-free illumination in kitchens & retail displays. T","_seopress_robots_index":""},"pcb-width":[229],"product-cat":[192],"class_list":{"0":"post-46008","1":"product","2":"type-product","3":"status-publish","4":"has-post-thumbnail","6":"pcb-width-15-20mm","7":"product-cat-surface-led-profile"},"acf":[],"_links":{"self":[{"href":"https:\/\/tangooled.com\/de\/wp-json\/wp\/v2\/product\/46008","targetHints":{"allow":["GET"]}}],"collection":[{"href":"https:\/\/tangooled.com\/de\/wp-json\/wp\/v2\/product"}],"about":[{"href":"https:\/\/tangooled.com\/de\/wp-json\/wp\/v2\/types\/product"}],"wp:featuredmedia":[{"embeddable":true,"href":"https:\/\/tangooled.com\/de\/wp-json\/wp\/v2\/media\/14275"}],"wp:attachment":[{"href":"https:\/\/tangooled.com\/de\/wp-json\/wp\/v2\/media?parent=46008"}],"wp:term":[{"taxonomy":"pcb-width","embeddable":true,"href":"https:\/\/tangooled.com\/de\/wp-json\/wp\/v2\/pcb-width?post=46008"},{"taxonomy":"product-cat","embeddable":true,"href":"https:\/\/tangooled.com\/de\/wp-json\/wp\/v2\/product-cat?post=46008"}],"curies":[{"name":"wp","href":"https:\/\/api.w.org\/{rel}","templated":true}]}}