{"id":46005,"date":"2026-01-07T18:55:58","date_gmt":"2026-01-08T02:55:58","guid":{"rendered":"https:\/\/tangooled.com\/?post_type=product&#038;p=46005"},"modified":"2026-02-02T22:17:38","modified_gmt":"2026-02-03T06:17:38","slug":"8mm-recessed-led-strip-light-mounting-channel-for-cabient-door","status":"publish","type":"product","link":"https:\/\/tangooled.com\/de\/product\/8mm-recessed-led-strip-light-mounting-channel-for-cabient-door\/","title":{"rendered":"8mm Einbauschiene f\u00fcr LED-Streifenmontage an Schrankt\u00fcren"},"content":{"rendered":"<div class=\"wp-block-group is-vertical is-layout-flex wp-container-core-group-is-layout-d255d7c4 wp-block-group-is-layout-flex\" style=\"padding-top:var(--wp--preset--spacing--80);padding-bottom:var(--wp--preset--spacing--80)\">\n<p>Our 8mm recessed cabinet door LED channel will make your cabinet doors glow. This thin profile features a 20.0mm flange width and a short 10.4mm depth, making it ideal for installing 8mm wide LED strip lights in very tight areas. To install, carve a groove into the furniture and then recess the channel entirely into it. This gives the lights a clean, flush-mount look without the bulkier lights protruding out. The profile&#8217;s built-in tilted design sends the light out, brilliantly lighting up the inside of the cabinet. It works great for closet doors, the edges of fine display cases, or thin shelves. It keeps heat in check and protects strips while giving off a gentle, professional, and clean glow.<\/p>\n<\/div>\n\n\n\n<div class=\"wp-block-group has-background is-vertical is-layout-flex wp-container-core-group-is-layout-d255d7c4 wp-block-group-is-layout-flex\" style=\"background-color:#f1f1f1;padding-top:var(--wp--preset--spacing--80);padding-bottom:var(--wp--preset--spacing--80)\">\n<div class=\"wp-block-group is-vertical is-layout-flex wp-container-core-group-is-layout-8cf370e7 wp-block-group-is-layout-flex\">\n<h2 class=\"wp-block-heading\" style=\"padding-top:var(--wp--preset--spacing--40);padding-bottom:var(--wp--preset--spacing--40);font-size:25px;font-style:normal;font-weight:600;text-transform:capitalize\">Warum unser 8mm eingelassenes LED-Kanalsystem f\u00fcr Schrankt\u00fcren w\u00e4hlen?<\/h2>\n\n\n\n<ul class=\"wp-block-list\">\n<li>B\u00fcndiges Design: Platzieren Sie LED-Streifen in einem schmalen Schlitz an Schrankt\u00fcren f\u00fcr einen sauberen, rahmenlosen Look.<\/li>\n\n\n\n<li>Funktioniert mit 8mm LED-Streifen: Kompatibel mit SMD 3528, 2835 und COB LED-Bandlichtern.<\/li>\n\n\n\n<li>Glatte Lichtdiffusion: Die satinierten Diffusorabdeckungen streuen das Licht gleichm\u00e4\u00dfig, ohne Punkte oder Hotspots.<\/li>\n\n\n\n<li>Sch\u00fctzt Ihre LEDs: Eloxiertes Aluminium h\u00e4lt Staub und W\u00e4rme fern.<\/li>\n\n\n\n<li>Einfach zu schneiden und zu installieren: Schneiden Sie es einfach auf die richtige L\u00e4nge und fr\u00e4sen Sie eine Nut f\u00fcr eine einfache Anpassung.<\/li>\n\n\n\n<li>Komplettes Set: Enth\u00e4lt einen Kanal, einen Diffusor und Endkappen mit und ohne Drahtl\u00f6cher.<\/li>\n<\/ul>\n<\/div>\n<\/div>\n\n\n\n<div class=\"wp-block-group is-vertical is-layout-flex wp-container-core-group-is-layout-d255d7c4 wp-block-group-is-layout-flex\" style=\"padding-top:var(--wp--preset--spacing--80);padding-bottom:var(--wp--preset--spacing--80)\">\n<hr class=\"wp-block-separator has-alpha-channel-opacity\"\/>\n\n\n\n<div class=\"wp-block-media-text has-media-on-the-right is-stacked-on-mobile\" style=\"grid-template-columns:auto 40%\"><div class=\"wp-block-media-text__content\">\n<h2 class=\"wp-block-heading\" style=\"padding-top:var(--wp--preset--spacing--40);padding-bottom:var(--wp--preset--spacing--40);font-size:25px;font-style:normal;font-weight:600;text-transform:capitalize\">Einfache Installation in 5 Schritten<\/h2>\n\n\n\n<ul class=\"wp-block-list\">\n<li>Verwenden Sie einen Router, um eine Nut in Ihrer Schrankt\u00fcr oder -platte zu fr\u00e4sen, die 12,5 mm breit und 8 mm tief ist.<\/li>\n\n\n\n<li>Schneiden Sie das Aluminiumprofil und den satinierten Diffusor auf die gew\u00fcnschte L\u00e4nge.<\/li>\n\n\n\n<li>Setzen Sie den Kanal in die von Ihnen angefertigte Nut, indem Sie ihn eindr\u00fccken oder einkleben.<\/li>\n\n\n\n<li>Legen Sie Ihren 8mm LED-Streifen in den Aluminiumkanal, um sicherzustellen, dass er an Ort und Stelle bleibt.<\/li>\n\n\n\n<li>Setzen Sie die Endkappen auf und klicken Sie die Diffusorabdeckung an, um den Look abzuschlie\u00dfen.<\/li>\n<\/ul>\n<\/div><figure class=\"wp-block-media-text__media\"><img loading=\"lazy\" decoding=\"async\" width=\"500\" height=\"500\" src=\"https:\/\/tangooled.com\/wp-content\/uploads\/2026\/01\/cd01-ins.webp\" alt=\"8mm Einbauschiene f\u00fcr LED-Streifenmontage an Schrankt\u00fcren\" class=\"wp-image-46006 size-full\" srcset=\"https:\/\/tangooled.com\/wp-content\/uploads\/2026\/01\/cd01-ins.webp 500w, https:\/\/tangooled.com\/wp-content\/uploads\/2026\/01\/cd01-ins-300x300.webp 300w, https:\/\/tangooled.com\/wp-content\/uploads\/2026\/01\/cd01-ins-150x150.webp 150w\" sizes=\"auto, (max-width: 500px) 100vw, 500px\" \/><\/figure><\/div>\n<\/div>\n\n\n\n<div class=\"wp-block-group has-background is-vertical is-layout-flex wp-container-core-group-is-layout-b429018a wp-block-group-is-layout-flex\" style=\"background-color:#f1f1f1f2;padding-top:var(--wp--preset--spacing--70);padding-bottom:var(--wp--preset--spacing--70)\">\n<h2 class=\"wp-block-heading\" style=\"padding-top:var(--wp--preset--spacing--40);padding-bottom:var(--wp--preset--spacing--40);font-size:25px;font-style:normal;font-weight:600\">Nutzungsszenarien<\/h2>\n\n\n\n<ul class=\"wp-block-list\">\n<li>Beleuchtung f\u00fcr K\u00fcchenschrankt\u00fcren: Verleiht Schrankt\u00fcren einen sch\u00f6nen Glanz, der es einfach macht, nachts zu sehen und gut aussieht.<\/li>\n\n\n\n<li>Beleuchtung f\u00fcr Schr\u00e4nke und Garderoben: Beleuchtet Kleiderstangen in Schr\u00e4nken, damit Sie die Kleidungsst\u00fccke leicht sehen k\u00f6nnen.<\/li>\n\n\n\n<li>Akzentbeleuchtung f\u00fcr Regale und Schubladen: Licht, das glatt und gleichm\u00e4\u00dfig ist, macht Regale und Schubladen heller.<\/li>\n\n\n\n<li>Beleuchtung, die in M\u00f6bel integriert ist: Funktioniert mit ma\u00dfgeschneiderten M\u00f6beln oder Innenausbau, um ein hochwertiges Aussehen zu verleihen.<\/li>\n<\/ul>\n<\/div>\n\n\n\n<div class=\"wp-block-group is-vertical is-layout-flex wp-container-core-group-is-layout-d255d7c4 wp-block-group-is-layout-flex\" style=\"padding-top:var(--wp--preset--spacing--80);padding-bottom:var(--wp--preset--spacing--80)\">\n<h2 class=\"wp-block-heading\" style=\"padding-top:var(--wp--preset--spacing--40);padding-bottom:var(--wp--preset--spacing--40);font-size:25px;font-style:normal;font-weight:600;text-transform:capitalize\">Verwandte Produktlinks<\/h2>\n\n\n\n<ul class=\"wp-block-list\">\n<li>F\u00fcr eine Option mit schwarzem Diffusorkanal, siehe <a href=\"https:\/\/tangooled.com\/de\/product\/black-led-profile-with-black-diffuser-for-10mm-led-strip-light\/\"><mark style=\"background-color:rgba(0, 0, 0, 0)\" class=\"has-inline-color has-vivid-red-color\">schwarzes LED-Profil mit schwarzem Diffusor f\u00fcr 10mm LED-Streifen<\/mark><\/a>.<\/li>\n\n\n\n<li>Versuchen Sie, verwandt <a href=\"https:\/\/tangooled.com\/de\/product\/led-strip-light-channel-aluminum-profile-with-diffused-cover-6mm-height\/\"><mark style=\"background-color:rgba(0, 0, 0, 0)\" class=\"has-inline-color has-vivid-red-color\">Aluminiumprofil f\u00fcr LED-Streifen mit diffundierender Abdeckung, H\u00f6he 6 mm<\/mark><\/a> f\u00fcr schlankere Installationen.<\/li>\n\n\n\n<li>Entdecken Sie unser <a href=\"https:\/\/tangooled.com\/de\/product\/recessed-led-aluminum-profile-up-and-down-lighting-channel-for-cabinet\/\"><mark style=\"background-color:rgba(0, 0, 0, 0)\" class=\"has-inline-color has-vivid-red-color\">Eingelassener LED-Aluminiumprofilkanal f\u00fcr die Beleuchtung an Schr\u00e4nken<\/mark><\/a> f\u00fcr weitere Beleuchtungsl\u00f6sungen f\u00fcr Schr\u00e4nke.<\/li>\n\n\n\n<li>Sehen Sie auch unser <a href=\"https:\/\/tangooled.com\/de\/product\/10mm-led-profile-aluminum-channel-for-8mm-led-tape-lights\/\"><mark style=\"background-color:rgba(0, 0, 0, 0)\" class=\"has-inline-color has-vivid-red-color\">10mm LED-Profil Aluminiumkanal f\u00fcr 8mm LED-Bandlichter<\/mark><\/a> f\u00fcr ein etwas gr\u00f6\u00dferes Profil.<\/li>\n<\/ul>\n<\/div>\n\n\n\n<p><\/p>","protected":false},"featured_media":14272,"template":"","meta":{"_acf_changed":true,"_seopress_robots_primary_cat":"none","_seopress_titles_title":"8mm Recessed Cabinet Door LED Channel | TANGOOLED","_seopress_titles_desc":"Source the 8mm recessed cabinet door LED channel. Ultra-slim aluminum mounting profile designed for seamless furniture integration & door frame lighting.","_seopress_robots_index":""},"pcb-width":[228],"product-cat":[193],"class_list":{"0":"post-46005","1":"product","2":"type-product","3":"status-publish","4":"has-post-thumbnail","6":"pcb-width-6-12mm","7":"product-cat-recessed-profile"},"acf":[],"_links":{"self":[{"href":"https:\/\/tangooled.com\/de\/wp-json\/wp\/v2\/product\/46005","targetHints":{"allow":["GET"]}}],"collection":[{"href":"https:\/\/tangooled.com\/de\/wp-json\/wp\/v2\/product"}],"about":[{"href":"https:\/\/tangooled.com\/de\/wp-json\/wp\/v2\/types\/product"}],"wp:featuredmedia":[{"embeddable":true,"href":"https:\/\/tangooled.com\/de\/wp-json\/wp\/v2\/media\/14272"}],"wp:attachment":[{"href":"https:\/\/tangooled.com\/de\/wp-json\/wp\/v2\/media?parent=46005"}],"wp:term":[{"taxonomy":"pcb-width","embeddable":true,"href":"https:\/\/tangooled.com\/de\/wp-json\/wp\/v2\/pcb-width?post=46005"},{"taxonomy":"product-cat","embeddable":true,"href":"https:\/\/tangooled.com\/de\/wp-json\/wp\/v2\/product-cat?post=46005"}],"curies":[{"name":"wp","href":"https:\/\/api.w.org\/{rel}","templated":true}]}}