{"id":46001,"date":"2026-01-07T18:52:46","date_gmt":"2026-01-08T02:52:46","guid":{"rendered":"https:\/\/tangooled.com\/?post_type=product&#038;p=46001"},"modified":"2026-02-02T22:19:27","modified_gmt":"2026-02-03T06:19:27","slug":"wood-cabinet-edge-led-strip-channel-under-shelf-lighting","status":"publish","type":"product","link":"https:\/\/tangooled.com\/de\/product\/wood-cabinet-edge-led-strip-channel-under-shelf-lighting\/","title":{"rendered":"LED-Streifenkanal aus Holz f\u00fcr die Beleuchtung unter Regalen"},"content":{"rendered":"<div class=\"wp-block-group is-vertical is-layout-flex wp-container-core-group-is-layout-d255d7c4 wp-block-group-is-layout-flex\" style=\"padding-top:var(--wp--preset--spacing--80);padding-bottom:var(--wp--preset--spacing--80)\">\n<p>Unser LED-Kanal f\u00fcr Holzschrankkanten ist so konzipiert, dass er auf der Kante des Regals sitzt. Das Licht strahlt nach unten, um den Raum darunter zu beleuchten, ohne Blendung zu verursachen. Dieses Design der Holzschrankbeleuchtung maximiert den Kantenraum, und das angewinkelte Licht reduziert effektiv Schatten auf den Gegenst\u00e4nden unter dem Regal, wodurch der gesamte Raum heller und gleichm\u00e4\u00dfiger beleuchtet wird. Dies ist eine smarte und praktische Art, die Dinge im Schrank und auf dem Pr\u00e4sentationsregal zu beleuchten.<\/p>\n<\/div>\n\n\n\n<div class=\"wp-block-group has-background is-vertical is-layout-flex wp-container-core-group-is-layout-d255d7c4 wp-block-group-is-layout-flex\" style=\"background-color:#f1f1f1;padding-top:var(--wp--preset--spacing--80);padding-bottom:var(--wp--preset--spacing--80)\">\n<div class=\"wp-block-group is-vertical is-layout-flex wp-container-core-group-is-layout-8cf370e7 wp-block-group-is-layout-flex\">\n<h2 class=\"wp-block-heading\" style=\"padding-top:var(--wp--preset--spacing--40);padding-bottom:var(--wp--preset--spacing--40);font-size:25px;font-style:normal;font-weight:600;text-transform:capitalize\">Warum sollten Sie unseren LED-Kanal f\u00fcr Holzschrankkanten w\u00e4hlen?<\/h2>\n\n\n\n<p>Our product is a smart edge lighting channel that fits nicely on wooden shelves or cabinets. It holds your LED strips safely while making your space brighter and nicer. This is why it&#8217;s so great:<\/p>\n\n\n\n<ul class=\"wp-block-list\">\n<li>Passt ordentlich in die Kanten von Holzschr\u00e4nken f\u00fcr ein sauberes Aussehen.<\/li>\n\n\n\n<li>Bietet helles Licht unter Regalen, um die Sicht zu verbessern.\u00a0<\/li>\n\n\n\n<li>Hergestellt aus starkem Aluminium, das die Lebensdauer der LED-Streifen verl\u00e4ngert.<\/li>\n\n\n\n<li>Kommt mit einem klaren Lichtdiffusor f\u00fcr sanftes, gleichm\u00e4\u00dfiges Licht.\u00a0<\/li>\n\n\n\n<li>Einfach mit grundlegenden Werkzeugen zu installieren.<\/li>\n\n\n\n<li>Funktioniert mit vielen verschiedenen Arten von DC12V LED-Streifenlichtern.<\/li>\n<\/ul>\n<\/div>\n<\/div>\n\n\n\n<div class=\"wp-block-group is-vertical is-layout-flex wp-container-core-group-is-layout-d255d7c4 wp-block-group-is-layout-flex\" style=\"padding-top:var(--wp--preset--spacing--80);padding-bottom:var(--wp--preset--spacing--80)\">\n<hr class=\"wp-block-separator has-alpha-channel-opacity\"\/>\n\n\n\n<div class=\"wp-block-media-text has-media-on-the-right is-stacked-on-mobile\" style=\"grid-template-columns:auto 40%\"><div class=\"wp-block-media-text__content\">\n<h2 class=\"wp-block-heading\" style=\"padding-top:var(--wp--preset--spacing--40);padding-bottom:var(--wp--preset--spacing--40);font-size:25px;font-style:normal;font-weight:600;text-transform:capitalize\">So installieren Sie<\/h2>\n\n\n\n<ul class=\"wp-block-list\">\n<li>Messen und Schneiden: Messen Sie mit einem Ma\u00dfband, wie lang die Regalkante ist, und schneiden Sie dann das Aluminiumprofil auf diese L\u00e4nge zu.<\/li>\n\n\n\n<li>Profil anbringen: Befestigen Sie das Aluminiumprofil an der Unterseite der Regalkante. Achten Sie darauf, dass es b\u00fcndig mit der Vorderkante des Holzes abschlie\u00dft, um ein ordentliches Aussehen zu gew\u00e4hrleisten.<\/li>\n\n\n\n<li>LED-Streifen anbringen: Entfernen Sie die R\u00fcckseite vom LED-Streifen und befestigen Sie ihn fest am Aluminiumprofil.<\/li>\n\n\n\n<li>Testen und Diffusor installieren: Zum Testen schlie\u00dfen Sie den LED-Streifen an Ihre Stromversorgung an und dr\u00fccken dann den Plastikdiffusor auf das Profil, um es abzuschlie\u00dfen.<\/li>\n<\/ul>\n<\/div><figure class=\"wp-block-media-text__media\"><img loading=\"lazy\" decoding=\"async\" width=\"500\" height=\"500\" src=\"https:\/\/tangooled.com\/wp-content\/uploads\/2026\/01\/lb06-ins.webp\" alt=\"LED-Streifenkanal aus Holz f\u00fcr die Beleuchtung unter Regalen\" class=\"wp-image-46002 size-full\" srcset=\"https:\/\/tangooled.com\/wp-content\/uploads\/2026\/01\/lb06-ins.webp 500w, https:\/\/tangooled.com\/wp-content\/uploads\/2026\/01\/lb06-ins-300x300.webp 300w, https:\/\/tangooled.com\/wp-content\/uploads\/2026\/01\/lb06-ins-150x150.webp 150w\" sizes=\"auto, (max-width: 500px) 100vw, 500px\" \/><\/figure><\/div>\n<\/div>\n\n\n\n<div class=\"wp-block-group has-background is-vertical is-layout-flex wp-container-core-group-is-layout-b429018a wp-block-group-is-layout-flex\" style=\"background-color:#f1f1f1f2;padding-top:var(--wp--preset--spacing--70);padding-bottom:var(--wp--preset--spacing--70)\">\n<h2 class=\"wp-block-heading\" style=\"padding-top:var(--wp--preset--spacing--40);padding-bottom:var(--wp--preset--spacing--40);font-size:25px;font-style:normal;font-weight:600;text-transform:capitalize\">Beste Verwendung<\/h2>\n\n\n\n<ul class=\"wp-block-list\">\n<li>Beleuchtung f\u00fcr Aufgaben unter Schr\u00e4nken, die hell genug ist, um Rezepte zu lesen, Lebensmittel zu schneiden und zu kochen.<\/li>\n\n\n\n<li>Regal- und Ausstellungsbeleuchtung: Beleuchten Sie Ihre B\u00fccher, Sammlungen oder lagern Sie Gegenst\u00e4nde mit weichem Licht.<\/li>\n\n\n\n<li>Beleuchtung f\u00fcr schwebende Regale: Dieses trendige Licht verbirgt die Quelle und sorgt f\u00fcr eine angenehme Wandwaschung.<\/li>\n\n\n\n<li>Beleuchten Sie dunkle Regale in Ihrem Kleiderschrank und Schrank, um sie leichter zu sehen und besser auszusehen.<\/li>\n<\/ul>\n<\/div>\n\n\n\n<div class=\"wp-block-group is-vertical is-layout-flex wp-container-core-group-is-layout-d255d7c4 wp-block-group-is-layout-flex\" style=\"padding-top:var(--wp--preset--spacing--80);padding-bottom:var(--wp--preset--spacing--80)\">\n<h2 class=\"wp-block-heading\" style=\"padding-top:var(--wp--preset--spacing--40);padding-bottom:var(--wp--preset--spacing--40);font-size:25px;font-style:normal;font-weight:600;text-transform:capitalize\">Verwandte Produkte, die Ihnen gefallen k\u00f6nnten<\/h2>\n\n\n\n<ul class=\"wp-block-list\">\n<li>Schwarzes LED-Profil mit schwarzem Diffusor f\u00fcr 10mm LED-Streifenlicht: <a href=\"https:\/\/tangooled.com\/de\/product\/black-led-profile-with-black-diffuser-for-10mm-led-strip-light\/\"><mark style=\"background-color:rgba(0, 0, 0, 0)\" class=\"has-inline-color has-vivid-red-color\">Produkt anzeigen<\/mark><\/a><\/li>\n\n\n\n<li>Oberfl\u00e4chenmontiertes LED-Profil mit milchigem Diffusor f\u00fcr 10mm Seillichter: <a href=\"https:\/\/tangooled.com\/de\/product\/surface-mount-led-profile-with-frosted-diffuser-for-10mm-rope-lights\/\"><mark style=\"background-color:rgba(0, 0, 0, 0)\" class=\"has-inline-color has-vivid-red-color\">Produkt anzeigen<\/mark><\/a><\/li>\n\n\n\n<li>LED-Lichtdiffusor-Kanal Aluminium 15x12mm f\u00fcr 10mm LED-Streifen: <a href=\"https:\/\/tangooled.com\/de\/product\/led-light-diffuser-channel-aluminum-15x12mm-for-10mm-led-strips\/\"><mark style=\"background-color:rgba(0, 0, 0, 0)\" class=\"has-inline-color has-vivid-red-color\">Produkt anzeigen<\/mark><\/a><\/li>\n<\/ul>\n<\/div>\n\n\n\n<div class=\"wp-block-group has-background is-vertical is-layout-flex wp-container-core-group-is-layout-b429018a wp-block-group-is-layout-flex\" style=\"background-color:#f1f1f1f2;padding-top:var(--wp--preset--spacing--70);padding-bottom:var(--wp--preset--spacing--70)\">\n<h2 class=\"wp-block-heading\" style=\"padding-top:var(--wp--preset--spacing--40);padding-bottom:var(--wp--preset--spacing--40);font-size:25px;font-style:normal;font-weight:600;text-transform:capitalize\">Zusammenfassung<\/h2>\n\n\n\n<p style=\"padding-right:var(--wp--preset--spacing--50);padding-left:var(--wp--preset--spacing--50)\">Die Installation von Kantenbeleuchtung unter Holzregalen ist mit unserem LED-Kanal f\u00fcr Holzschrankkanten einfach. Es funktioniert mit den meisten LED-Streifen, die bis zu 8mm breit sind und passt zu Holz von 18mm Dicke. Der milchige Diffusor macht das Licht weich, gleichm\u00e4\u00dfig und ohne Punkte, und das anodisierte Aluminium h\u00e4lt die LEDs k\u00fchl und sicher. Ideal zur Erg\u00e4nzung von Arbeits-, Umgebungs- und Akzentbeleuchtung in K\u00fcchen, Ausstellungsregalen und schwebenden Regalen.<\/p>\n<\/div>\n\n\n\n<p><\/p>","protected":false},"featured_media":14191,"template":"","meta":{"_acf_changed":true,"_seopress_robots_primary_cat":"none","_seopress_titles_title":"Wood Cabinet Edge LED Channel | Under Shelf Lighting | TANGOOLED","_seopress_titles_desc":"Source the wood cabinet edge led channel. Specifically designed for integrated edge lighting in furniture and under shelf applications. Professional TANGOOLED quality.","_seopress_robots_index":""},"pcb-width":[228],"product-cat":[193],"class_list":{"0":"post-46001","1":"product","2":"type-product","3":"status-publish","4":"has-post-thumbnail","6":"pcb-width-6-12mm","7":"product-cat-recessed-profile"},"acf":[],"_links":{"self":[{"href":"https:\/\/tangooled.com\/de\/wp-json\/wp\/v2\/product\/46001","targetHints":{"allow":["GET"]}}],"collection":[{"href":"https:\/\/tangooled.com\/de\/wp-json\/wp\/v2\/product"}],"about":[{"href":"https:\/\/tangooled.com\/de\/wp-json\/wp\/v2\/types\/product"}],"wp:featuredmedia":[{"embeddable":true,"href":"https:\/\/tangooled.com\/de\/wp-json\/wp\/v2\/media\/14191"}],"wp:attachment":[{"href":"https:\/\/tangooled.com\/de\/wp-json\/wp\/v2\/media?parent=46001"}],"wp:term":[{"taxonomy":"pcb-width","embeddable":true,"href":"https:\/\/tangooled.com\/de\/wp-json\/wp\/v2\/pcb-width?post=46001"},{"taxonomy":"product-cat","embeddable":true,"href":"https:\/\/tangooled.com\/de\/wp-json\/wp\/v2\/product-cat?post=46001"}],"curies":[{"name":"wp","href":"https:\/\/api.w.org\/{rel}","templated":true}]}}