{"id":45997,"date":"2026-01-07T18:49:10","date_gmt":"2026-01-08T02:49:10","guid":{"rendered":"https:\/\/tangooled.com\/?post_type=product&#038;p=45997"},"modified":"2026-02-02T22:29:02","modified_gmt":"2026-02-03T06:29:02","slug":"cabinet-led-aluminum-profile-up-down-edge-lighting-lb05","status":"publish","type":"product","link":"https:\/\/tangooled.com\/de\/product\/cabinet-led-aluminum-profile-up-down-edge-lighting-lb05\/","title":{"rendered":"Aluminiumprofil f\u00fcr LED-Beleuchtung an der Ober- und Unterkante von Schr\u00e4nken"},"content":{"rendered":"<div class=\"wp-block-group is-vertical is-layout-flex wp-container-core-group-is-layout-d255d7c4 wp-block-group-is-layout-flex\" style=\"padding-top:var(--wp--preset--spacing--80);padding-bottom:var(--wp--preset--spacing--80)\">\n<p>Beleuchten Sie Ihren Schrank mit unserem LED-Profil f\u00fcr oben und unten Kantenbeleuchtung. Dieses Aluminiumprofil ist so konzipiert, dass es sauberes und scharfes Licht von den Kanten bietet. Es funktioniert sowohl f\u00fcr oben als auch unten Kantenbeleuchtung in einem Kanal. Es wurde entwickelt, um perfekt in Ihren Schrank zu passen und Licht dorthin zu leuchten, wo Sie es ben\u00f6tigen.<\/p>\n<\/div>\n\n\n\n<div class=\"wp-block-group has-background is-vertical is-layout-flex wp-container-core-group-is-layout-d255d7c4 wp-block-group-is-layout-flex\" style=\"background-color:#f1f1f1;padding-top:var(--wp--preset--spacing--80);padding-bottom:var(--wp--preset--spacing--80)\">\n<div class=\"wp-block-group is-vertical is-layout-flex wp-container-core-group-is-layout-8cf370e7 wp-block-group-is-layout-flex\">\n<h2 class=\"wp-block-heading\" style=\"padding-top:var(--wp--preset--spacing--40);padding-bottom:var(--wp--preset--spacing--40);font-size:25px;font-style:normal;font-weight:600;text-transform:capitalize\">Warum sollten Sie diesen Kantenbeleuchtungskanal f\u00fcr Schr\u00e4nke w\u00e4hlen?<\/h2>\n\n\n\n<ul class=\"wp-block-list\">\n<li>Duale Lichtrichtung: Das Licht strahlt gleichzeitig nach oben und unten. Dies spart Platz und l\u00e4sst Ihren Schrank oder Regal sch\u00f6n erscheinen.<\/li>\n\n\n\n<li>Robustes Aluminiumprofil: Hergestellt aus robustem Aluminium. Es h\u00e4lt Ihre LED-Streifen k\u00fchl und verl\u00e4ngert die Lebensdauer Ihres Lichts. <\/li>\n\n\n\n<li>Passt gut: Entwickelt, um gut in Schrankkanten zu passen und mit vielen Arten von LED-Streifen zu arbeiten. <\/li>\n\n\n\n<li>Einfach zu verwenden: Sie k\u00f6nnen Schrauben verwenden, um es entweder auf der Oberfl\u00e4che zu platzieren oder in einen Schlitz zu setzen.<\/li>\n<\/ul>\n<\/div>\n<\/div>\n\n\n\n<div class=\"wp-block-group is-vertical is-layout-flex wp-container-core-group-is-layout-d255d7c4 wp-block-group-is-layout-flex\" style=\"padding-top:var(--wp--preset--spacing--80);padding-bottom:var(--wp--preset--spacing--80)\">\n<hr class=\"wp-block-separator has-alpha-channel-opacity\"\/>\n\n\n\n<div class=\"wp-block-media-text has-media-on-the-right is-stacked-on-mobile\" style=\"grid-template-columns:auto 40%\"><div class=\"wp-block-media-text__content\">\n<h2 class=\"wp-block-heading\" style=\"padding-top:var(--wp--preset--spacing--40);padding-bottom:var(--wp--preset--spacing--40);font-size:25px;font-style:normal;font-weight:600;text-transform:capitalize\">Wie verwendet man dieses Aluminiumprofil?<\/h2>\n\n\n\n<ul class=\"wp-block-list\">\n<li>K\u00fcchenschr\u00e4nke: Verwenden Sie dieses LED-Profil, um die Kanten von K\u00fcchenschr\u00e4nken f\u00fcr bessere Aufgabenbeleuchtung und Stil zu beleuchten.<\/li>\n\n\n\n<li>Kleiderschr\u00e4nke und Schr\u00e4nke: Verwenden Sie den Kantenbeleuchtungskanal, um helle und sanfte Beleuchtung in Ihren Kleiderschr\u00e4nken hinzuzuf\u00fcgen.<\/li>\n\n\n\n<li>Vitrinen und Regale: Verwenden Sie sch\u00f6ne Beleuchtung in beiden Ecken, um Ihre Sachen zu pr\u00e4sentieren.<\/li>\n\n\n\n<li>B\u00fcro- und Einzelhandelsr\u00e4ume: Verwenden Sie es auf Regalen oder Ausstellungsst\u00fccken, um sie ansprechend zu gestalten.<\/li>\n<\/ul>\n<\/div><figure class=\"wp-block-media-text__media\"><img loading=\"lazy\" decoding=\"async\" width=\"500\" height=\"500\" src=\"https:\/\/tangooled.com\/wp-content\/uploads\/2026\/01\/lb05-ins.webp\" alt=\"Aluminiumprofil f\u00fcr LED-Beleuchtung an der Ober- und Unterkante von Schr\u00e4nken\" class=\"wp-image-45998 size-full\" srcset=\"https:\/\/tangooled.com\/wp-content\/uploads\/2026\/01\/lb05-ins.webp 500w, https:\/\/tangooled.com\/wp-content\/uploads\/2026\/01\/lb05-ins-300x300.webp 300w, https:\/\/tangooled.com\/wp-content\/uploads\/2026\/01\/lb05-ins-150x150.webp 150w\" sizes=\"auto, (max-width: 500px) 100vw, 500px\" \/><\/figure><\/div>\n<\/div>\n\n\n\n<div class=\"wp-block-group has-background is-vertical is-layout-flex wp-container-core-group-is-layout-b429018a wp-block-group-is-layout-flex\" style=\"background-color:#f1f1f1f2;padding-top:var(--wp--preset--spacing--70);padding-bottom:var(--wp--preset--spacing--70)\">\n<h2 class=\"wp-block-heading\" style=\"padding-top:var(--wp--preset--spacing--40);padding-bottom:var(--wp--preset--spacing--40);font-size:25px;font-style:normal;font-weight:600\">Siehe verwandte Produkte<\/h2>\n\n\n\n<ul class=\"wp-block-list\">\n<li><a href=\"https:\/\/tangooled.com\/de\/product\/black-led-diffuser-aluminum-channel-for-12mm-tape-lights\/\"><mark style=\"background-color:rgba(0, 0, 0, 0)\" class=\"has-inline-color has-vivid-red-color\">Schwarzes LED-Diffusor-Aluminiumprofil f\u00fcr 12 mm LED-Band<\/mark><\/a>: Ideal f\u00fcr dunklere Designs mit gleichm\u00e4\u00dfiger Lichtverteilung.<\/li>\n\n\n\n<li><a href=\"https:\/\/tangooled.com\/de\/product\/surface-mount-led-profile-with-frosted-diffuser-for-10mm-rope-lights\/\"><mark style=\"background-color:rgba(0, 0, 0, 0)\" class=\"has-inline-color has-vivid-red-color\">Oberfl\u00e4chenmontiertes LED-Profil mit mattem Diffusor f\u00fcr 10 mm Seillichter<\/mark><\/a>: Einfach zu installieren mit mattem Diffusor.<\/li>\n\n\n\n<li><a href=\"https:\/\/tangooled.com\/de\/product\/recessed-led-aluminum-profile-up-and-down-lighting-channel-for-cabinet\/\"><mark style=\"background-color:rgba(0, 0, 0, 0)\" class=\"has-inline-color has-vivid-red-color\">Eingebauter LED Aluminiumprofil f\u00fcr oben und unten Beleuchtungskanal f\u00fcr Schr\u00e4nke<\/mark><\/a>: Versenktes Kantenlicht f\u00fcr ein elegantes Schrankdesign.<\/li>\n<\/ul>\n<\/div>\n\n\n\n<div class=\"wp-block-group is-vertical is-layout-flex wp-container-core-group-is-layout-d255d7c4 wp-block-group-is-layout-flex\" style=\"padding-top:var(--wp--preset--spacing--80);padding-bottom:var(--wp--preset--spacing--80)\">\n<h2 class=\"wp-block-heading\" style=\"padding-top:var(--wp--preset--spacing--40);padding-bottom:var(--wp--preset--spacing--40);font-size:25px;font-style:normal;font-weight:600;text-transform:capitalize\">Zusammenfassung<\/h2>\n\n\n\n<p>Unser LED-Profil f\u00fcr oben und unten Kantenbeleuchtung ist die beste Wahl f\u00fcr saubere, stilvolle Beleuchtung. Die einzigartige oben-unten Kantenbeleuchtungsfunktion sorgt f\u00fcr gro\u00dfartiges Licht in jedem Wohn- oder Gesch\u00e4ftsraum. Das strapazierf\u00e4hige Aluminiumprofil h\u00e4lt LEDs k\u00fchl und hell. Einfach zu montieren mit opalem oder mattem Diffusor, sorgt dieser Kanal daf\u00fcr, dass das Licht weich und glatt aussieht.<\/p>\n<\/div>\n\n\n\n<p><\/p>","protected":false},"featured_media":14188,"template":"","meta":{"_acf_changed":true,"_seopress_robots_primary_cat":"none","_seopress_titles_title":"LB05 Up and Down Edge Lighting LED Profile | TANGOOLED","_seopress_titles_desc":"LB05 aluminum LED profile for up and down edge lighting. Specially designed for cabinet edges and glass shelving to create dual-sided lighting effects.","_seopress_robots_index":""},"pcb-width":[228],"product-cat":[193],"class_list":{"0":"post-45997","1":"product","2":"type-product","3":"status-publish","4":"has-post-thumbnail","6":"pcb-width-6-12mm","7":"product-cat-recessed-profile"},"acf":[],"_links":{"self":[{"href":"https:\/\/tangooled.com\/de\/wp-json\/wp\/v2\/product\/45997","targetHints":{"allow":["GET"]}}],"collection":[{"href":"https:\/\/tangooled.com\/de\/wp-json\/wp\/v2\/product"}],"about":[{"href":"https:\/\/tangooled.com\/de\/wp-json\/wp\/v2\/types\/product"}],"wp:featuredmedia":[{"embeddable":true,"href":"https:\/\/tangooled.com\/de\/wp-json\/wp\/v2\/media\/14188"}],"wp:attachment":[{"href":"https:\/\/tangooled.com\/de\/wp-json\/wp\/v2\/media?parent=45997"}],"wp:term":[{"taxonomy":"pcb-width","embeddable":true,"href":"https:\/\/tangooled.com\/de\/wp-json\/wp\/v2\/pcb-width?post=45997"},{"taxonomy":"product-cat","embeddable":true,"href":"https:\/\/tangooled.com\/de\/wp-json\/wp\/v2\/product-cat?post=45997"}],"curies":[{"name":"wp","href":"https:\/\/api.w.org\/{rel}","templated":true}]}}