{"id":45991,"date":"2026-01-07T18:35:24","date_gmt":"2026-01-08T02:35:24","guid":{"rendered":"https:\/\/tangooled.com\/?post_type=product&#038;p=45991"},"modified":"2026-02-02T22:18:59","modified_gmt":"2026-02-03T06:18:59","slug":"cabinet-lighting-aluminum-led-diffuser-profile-lb03","status":"publish","type":"product","link":"https:\/\/tangooled.com\/de\/product\/cabinet-lighting-aluminum-led-diffuser-profile-lb03\/","title":{"rendered":"Aluminium-LED-Diffusorprofil f\u00fcr 12mm Streifen"},"content":{"rendered":"<div class=\"wp-block-group is-vertical is-layout-flex wp-container-core-group-is-layout-d255d7c4 wp-block-group-is-layout-flex\" style=\"padding-top:var(--wp--preset--spacing--80);padding-bottom:var(--wp--preset--spacing--80)\">\n<p>This LB03 LED diffuser profile for 12mm strips is an excellent option to bring bright, clean light to your cabinets or shelves. This profile is composed of durable aluminum&nbsp;that dissipates&nbsp;heat well, thus your lights stay cool and last longer. It can hold LED strips up to 12mm wide. The profile has a diffuser that softens the light, eliminating harsh glare and unpleasant light dots. This gives you a smooth, professional glow. It&#8217;s the ideal choice for creating both a great look and lasting performance for your cabinet lighting.<\/p>\n<\/div>\n\n\n\n<div class=\"wp-block-group has-background is-vertical is-layout-flex wp-container-core-group-is-layout-d255d7c4 wp-block-group-is-layout-flex\" style=\"background-color:#f1f1f1;padding-top:var(--wp--preset--spacing--80);padding-bottom:var(--wp--preset--spacing--80)\">\n<div class=\"wp-block-group is-vertical is-layout-flex wp-container-core-group-is-layout-8cf370e7 wp-block-group-is-layout-flex\">\n<h2 class=\"wp-block-heading\" style=\"padding-top:var(--wp--preset--spacing--40);padding-bottom:var(--wp--preset--spacing--40);font-size:25px;font-style:normal;font-weight:600;text-transform:capitalize\">Warum dieses LED-Profil f\u00fcr Schr\u00e4nke f\u00fcr 12mm Streifen w\u00e4hlen?<\/h2>\n\n\n\n<ul class=\"wp-block-list\">\n<li>Passt f\u00fcr mehrere LED-Streifen: Mit einer Innenbreite von 12mm, die LED-Streifen von 8mm bis 12mm erm\u00f6glicht.<\/li>\n\n\n\n<li>\u2022 Strong Aluminum Material: Made with 6063-T5 aluminum to cool your strips well. This helps them last longer and stay safe.<\/li>\n\n\n\n<li>\u2022 Soft Light Diffuser: Comes with a frosted cover that spreads light nicely. No sharp spots or glare.<\/li>\n\n\n\n<li>\u2022 Easy to Fit: Works for both surface mount and recessed mounting in your cabinet or closet.<\/li>\n<\/ul>\n<\/div>\n<\/div>\n\n\n\n<div class=\"wp-block-group\" style=\"padding-top:var(--wp--preset--spacing--80);padding-bottom:var(--wp--preset--spacing--80)\"><div class=\"wp-block-group__inner-container is-layout-constrained wp-block-group-is-layout-constrained\">\n<div class=\"wp-block-media-text has-media-on-the-right is-stacked-on-mobile\" style=\"grid-template-columns:auto 40%\"><div class=\"wp-block-media-text__content\">\n<h2 class=\"wp-block-heading\" style=\"padding-top:var(--wp--preset--spacing--40);padding-bottom:var(--wp--preset--spacing--40);font-size:25px;font-style:normal;font-weight:600;text-transform:capitalize\">Installationstipps<\/h2>\n\n\n\n<ul class=\"wp-block-list\">\n<li>LED-Streifen-Installation: Entfernen Sie die R\u00fcckseite des LED-Streifens (bis zu 12mm breit) und kleben Sie ihn fest in den Aluminium Kanal.<\/li>\n\n\n\n<li>Diffusor installieren: Dr\u00fccken Sie die matte Abdeckung in den Kanal, um die LEDs zu sch\u00fctzen und sicherzustellen, dass das Licht gleichm\u00e4\u00dfig verteilt wird.<\/li>\n\n\n\n<li>Vorbereiten des Schlitzes: Schneiden Sie einen Schlitz in die Holzplatte, der die gleiche Gr\u00f6\u00dfe wie die Montagezunge hat.<\/li>\n\n\n\n<li>Einbauinstallation: Richten Sie die gerippte Montagezunge mit dem vorgeschnittenen Schlitz aus und dr\u00fccken Sie das Profil in das Holz, bis die Flanschebene mit der Oberfl\u00e4che abschlie\u00dft.<\/li>\n\n\n\n<li>Verdrahtung und Stromversorgung: F\u00fchren Sie die Dr\u00e4hte durch den Schrank und schlie\u00dfen Sie sie gem\u00e4\u00df den Anweisungen f\u00fcr den LED-Streifen an die Stromversorgung und den Controller an.<\/li>\n<\/ul>\n<\/div><figure class=\"wp-block-media-text__media\"><img loading=\"lazy\" decoding=\"async\" width=\"622\" height=\"622\" src=\"https:\/\/tangooled.com\/wp-content\/uploads\/2026\/01\/lb03-ins-2.webp\" alt=\"Aluminium-LED-Diffusorprofil f\u00fcr 12mm Streifen\" class=\"wp-image-46143 size-full\" srcset=\"https:\/\/tangooled.com\/wp-content\/uploads\/2026\/01\/lb03-ins-2.webp 622w, https:\/\/tangooled.com\/wp-content\/uploads\/2026\/01\/lb03-ins-2-300x300.webp 300w, https:\/\/tangooled.com\/wp-content\/uploads\/2026\/01\/lb03-ins-2-150x150.webp 150w\" sizes=\"auto, (max-width: 622px) 100vw, 622px\" \/><\/figure><\/div>\n<\/div><\/div>\n\n\n\n<div class=\"wp-block-group has-background is-vertical is-layout-flex wp-container-core-group-is-layout-b429018a wp-block-group-is-layout-flex\" style=\"background-color:#f1f1f1f2;padding-top:var(--wp--preset--spacing--70);padding-bottom:var(--wp--preset--spacing--70)\">\n<h2 class=\"wp-block-heading\" style=\"padding-top:var(--wp--preset--spacing--40);padding-bottom:var(--wp--preset--spacing--40);font-size:25px;font-style:normal;font-weight:600\">Verwenden Sie dieses LED-Streifen-Diffusor-Profil f\u00fcr<\/h2>\n\n\n\n<ul class=\"wp-block-list\">\n<li>Beleuchtung unter K\u00fcchenschr\u00e4nken oder in Arbeitsbereichen.<\/li>\n\n\n\n<li>Beleuchtete Regale oder Kleiderschr\u00e4nke.<\/li>\n\n\n\n<li>M\u00f6bel-Akzentbeleuchtung (B\u00fccherregale, Schreibtische).<\/li>\n\n\n\n<li>Wandnischen und Deckenlichtstreifen.<\/li>\n<\/ul>\n<\/div>\n\n\n\n<div class=\"wp-block-group is-vertical is-layout-flex wp-container-core-group-is-layout-d255d7c4 wp-block-group-is-layout-flex\" style=\"padding-top:var(--wp--preset--spacing--80);padding-bottom:var(--wp--preset--spacing--80)\">\n<h2 class=\"wp-block-heading\" style=\"padding-top:var(--wp--preset--spacing--40);padding-bottom:var(--wp--preset--spacing--40);font-size:25px;font-style:normal;font-weight:600;text-transform:capitalize\">Verwandte Produkte von Tangooled<\/h2>\n\n\n\n<p>Wenn Sie ein \u00e4hnliches Produkt in Schwarz oder in anderen Gr\u00f6\u00dfen w\u00fcnschen, schauen Sie sich unseren <a href=\"https:\/\/tangooled.com\/de\/product\/black-led-profile-with-black-diffuser-for-10mm-led-strip-light\/\"><mark style=\"background-color:rgba(0, 0, 0, 0)\" class=\"has-inline-color has-vivid-red-color\">schwarzes LED-Profil mit schwarzem Diffusor f\u00fcr 10mm LED-Streifen<\/mark><\/a> oder <a href=\"https:\/\/tangooled.com\/de\/product\/25x6mm-low-profile-led-strip-channel-for-10mm-led-strip-light\/\"><mark style=\"background-color:rgba(0, 0, 0, 0)\" class=\"has-inline-color has-vivid-red-color\">25x6mm LED-Kanal mit flachem Profil f\u00fcr 10mm LED-Streifen<\/mark><\/a>an. F\u00fcr eine glatte Oberfl\u00e4chenmontage sehen Sie sich unsere<a href=\"https:\/\/tangooled.com\/de\/product\/surface-mount-led-profile-with-frosted-diffuser-for-10mm-rope-lights\/\"><mark style=\"background-color:rgba(0, 0, 0, 0)\" class=\"has-inline-color has-vivid-red-color\"> Oberfl\u00e4chenmontage LED-Profil mit satiniertem Diffusor f\u00fcr 10mm Seilschn\u00fcre<\/mark><\/a>.<\/p>\n\n\n\n<p>.<\/p>\n<\/div>\n\n\n\n<p><\/p>","protected":false},"featured_media":14179,"template":"","meta":{"_acf_changed":true,"_seopress_robots_primary_cat":"none","_seopress_titles_title":"Cabinet LED Diffuser Profile for 12mm Strips LB03 | TANGOOLED","_seopress_titles_desc":"TANGOO's cabinet LED diffuser profile LB03  is an aluminum channel designed for 12mm wide strips. Ideal for professional under-cabinet and shelf lighting projects.","_seopress_robots_index":""},"pcb-width":[228],"product-cat":[193],"class_list":{"0":"post-45991","1":"product","2":"type-product","3":"status-publish","4":"has-post-thumbnail","6":"pcb-width-6-12mm","7":"product-cat-recessed-profile"},"acf":[],"_links":{"self":[{"href":"https:\/\/tangooled.com\/de\/wp-json\/wp\/v2\/product\/45991","targetHints":{"allow":["GET"]}}],"collection":[{"href":"https:\/\/tangooled.com\/de\/wp-json\/wp\/v2\/product"}],"about":[{"href":"https:\/\/tangooled.com\/de\/wp-json\/wp\/v2\/types\/product"}],"wp:featuredmedia":[{"embeddable":true,"href":"https:\/\/tangooled.com\/de\/wp-json\/wp\/v2\/media\/14179"}],"wp:attachment":[{"href":"https:\/\/tangooled.com\/de\/wp-json\/wp\/v2\/media?parent=45991"}],"wp:term":[{"taxonomy":"pcb-width","embeddable":true,"href":"https:\/\/tangooled.com\/de\/wp-json\/wp\/v2\/pcb-width?post=45991"},{"taxonomy":"product-cat","embeddable":true,"href":"https:\/\/tangooled.com\/de\/wp-json\/wp\/v2\/product-cat?post=45991"}],"curies":[{"name":"wp","href":"https:\/\/api.w.org\/{rel}","templated":true}]}}