{"id":45987,"date":"2026-01-07T18:31:34","date_gmt":"2026-01-08T02:31:34","guid":{"rendered":"https:\/\/tangooled.com\/?post_type=product&#038;p=45987"},"modified":"2026-02-02T22:24:17","modified_gmt":"2026-02-03T06:24:17","slug":"recessed-up-and-down-led-lighting-channel-cabinet-lb02","status":"publish","type":"product","link":"https:\/\/tangooled.com\/de\/product\/recessed-up-and-down-led-lighting-channel-cabinet-lb02\/","title":{"rendered":"Eingelassener LED-Aluminiumprofil f\u00fcr obige und untere Beleuchtung in Schr\u00e4nken"},"content":{"rendered":"<div class=\"wp-block-group is-vertical is-layout-flex wp-container-core-group-is-layout-d255d7c4 wp-block-group-is-layout-flex\" style=\"padding-top:var(--wp--preset--spacing--80);padding-bottom:var(--wp--preset--spacing--80)\">\n<p>Unser eingelassenes Auf- und Abw\u00e4rtsbeleuchtungskanal BP02 sorgt f\u00fcr eine gleichm\u00e4\u00dfige, intelligente Beleuchtung in Ihren Schr\u00e4nken. Dieser Schrankbeleuchtungskanal bietet ein sauberes, modernes Design. Er besteht aus robustem Aluminium, das hilft, Ihre LEDs k\u00fchl und \u00fcber Jahre hinweg hell zu halten. Verwenden Sie ihn, um das Licht in Ihren Schr\u00e4nken stilvoll aussehen zu lassen und besser zu funktionieren.<\/p>\n<\/div>\n\n\n\n<div class=\"wp-block-group has-background is-vertical is-layout-flex wp-container-core-group-is-layout-d255d7c4 wp-block-group-is-layout-flex\" style=\"background-color:#f1f1f1;padding-top:var(--wp--preset--spacing--80);padding-bottom:var(--wp--preset--spacing--80)\">\n<div class=\"wp-block-group is-vertical is-layout-flex wp-container-core-group-is-layout-8cf370e7 wp-block-group-is-layout-flex\">\n<h2 class=\"wp-block-heading\" style=\"padding-top:var(--wp--preset--spacing--40);padding-bottom:var(--wp--preset--spacing--40);font-size:25px;font-style:normal;font-weight:600;text-transform:capitalize\">Warum sollten Sie unser eingelassenes Auf- und Abw\u00e4rtsbeleuchtungskanal LB02 w\u00e4hlen?<\/h2>\n\n\n\n<ul class=\"wp-block-list\">\n<li>Oben und unten Beleuchtung: Lichtstrahlen, die nach oben und unten abstrahlen, bieten Ihnen sowohl einen effektiven Arbeitslicht- als auch einen sanften Stimmungslicht.<\/li>\n\n\n\n<li>Eingelassene Bauweise: Passt perfekt in eine 18 mm dicke Schrankplatte f\u00fcr ein ordentliches Aussehen.<\/li>\n\n\n\n<li>Robuster Aluminiumkanal: Dieser h\u00e4lt LEDs k\u00fchl und hilft, ihre Lebensdauer zu verl\u00e4ngern.<\/li>\n\n\n\n<li>Licht ohne Punkte: Der matte Diffusor sorgt f\u00fcr gleichm\u00e4\u00dfiges und sanftes Licht ohne helle Flecken.<\/li>\n\n\n\n<li>Schutzabdeckung: Sch\u00fctzt LED-Streifen vor Staub und St\u00f6\u00dfen.<\/li>\n\n\n\n<li>Einfach zu installieren: Einfach eine Nut fr\u00e4sen, die Montagesockel in das Holz klemmen, dann die LEDs und den Diffusor hinzuf\u00fcgen.<\/li>\n\n\n\n<li>Kompatibel mit g\u00e4ngigen LED-Streifen: Funktioniert gut mit flexiblen 2835, 5050 und 5630 LEDs.<\/li>\n<\/ul>\n<\/div>\n<\/div>\n\n\n\n<div class=\"wp-block-group is-vertical is-layout-flex wp-container-core-group-is-layout-d255d7c4 wp-block-group-is-layout-flex\" style=\"padding-top:var(--wp--preset--spacing--80);padding-bottom:var(--wp--preset--spacing--80)\">\n<hr class=\"wp-block-separator has-alpha-channel-opacity\"\/>\n\n\n\n<div class=\"wp-block-media-text has-media-on-the-right is-stacked-on-mobile\" style=\"grid-template-columns:auto 40%\"><div class=\"wp-block-media-text__content\">\n<h2 class=\"wp-block-heading\" style=\"padding-top:var(--wp--preset--spacing--40);padding-bottom:var(--wp--preset--spacing--40);font-size:25px;font-style:normal;font-weight:600;text-transform:capitalize\">Installationsanleitung<\/h2>\n\n\n\n<ul class=\"wp-block-list\">\n<li>Fr\u00e4sen Sie eine Nut an der Seite Ihrer Schrankplatte.<\/li>\n\n\n\n<li>Stecken Sie den Teil des Montagesockels in die Nut.<\/li>\n\n\n\n<li>Legen Sie Ihren LED-Streifen in den Kanal.<\/li>\n\n\n\n<li>Setzen Sie den matten Diffusordeckel auf.<\/li>\n\n\n\n<li>Befestigen Sie die Endkappen, um das Aussehen abzuschlie\u00dfen.<\/li>\n<\/ul>\n<\/div><figure class=\"wp-block-media-text__media\"><img loading=\"lazy\" decoding=\"async\" width=\"506\" height=\"506\" src=\"https:\/\/tangooled.com\/wp-content\/uploads\/2026\/01\/lb02-ins.webp\" alt=\"lb02 ins\" class=\"wp-image-46018 size-full\" srcset=\"https:\/\/tangooled.com\/wp-content\/uploads\/2026\/01\/lb02-ins.webp 506w, https:\/\/tangooled.com\/wp-content\/uploads\/2026\/01\/lb02-ins-300x300.webp 300w, https:\/\/tangooled.com\/wp-content\/uploads\/2026\/01\/lb02-ins-150x150.webp 150w\" sizes=\"auto, (max-width: 506px) 100vw, 506px\" \/><\/figure><\/div>\n<\/div>\n\n\n\n<div class=\"wp-block-group has-background is-vertical is-layout-flex wp-container-core-group-is-layout-b429018a wp-block-group-is-layout-flex\" style=\"background-color:#f1f1f1f2;padding-top:var(--wp--preset--spacing--70);padding-bottom:var(--wp--preset--spacing--70)\">\n<h2 class=\"wp-block-heading\" style=\"padding-top:var(--wp--preset--spacing--40);padding-bottom:var(--wp--preset--spacing--40);font-size:25px;font-style:normal;font-weight:600\">Verwandte Produkte zur Vervollst\u00e4ndigung Ihrer Beleuchtung<\/h2>\n\n\n\n<p>Entdecken Sie diese Aluminiumkanalprofile mit passenden Diffusoren, um ein vollst\u00e4ndiges Beleuchtungssystem aufzubauen:<\/p>\n\n\n\n<ul class=\"wp-block-list\">\n<li><a href=\"https:\/\/tangooled.com\/de\/product\/black-led-profile-with-black-diffuser-for-10mm-led-strip-light\/\"><mark style=\"background-color:rgba(0, 0, 0, 0)\" class=\"has-inline-color has-vivid-red-color\">Schwarzes LED-Profil mit schwarzem Diffusor f\u00fcr 10mm LED-Streifen<\/mark><\/a><\/li>\n\n\n\n<li><a href=\"https:\/\/tangooled.com\/de\/product\/cabinet-led-aluminum-profile-up-and-down-edge-lighting\/\"><mark style=\"background-color:rgba(0, 0, 0, 0)\" class=\"has-inline-color has-vivid-red-color\">Schrank LED Aluminiumprofil f\u00fcr oben und unten Kantenbeleuchtung<\/mark><\/a><\/li>\n\n\n\n<li><a href=\"https:\/\/tangooled.com\/de\/product\/cabinet-led-strip-channel-with-diffuser-for-double-led-strips\/\"><mark style=\"background-color:rgba(0, 0, 0, 0)\" class=\"has-inline-color has-vivid-red-color\">Schrank LED-Streifenkanal mit Diffusor f\u00fcr doppelte LED-Streifen<\/mark><\/a><\/li>\n<\/ul>\n<\/div>\n\n\n\n<p><\/p>","protected":false},"featured_media":14171,"template":"","meta":{"_acf_changed":true,"_seopress_robots_primary_cat":"none","_seopress_titles_title":"Recessed Up and Down LED Profile for Cabinets LB02 | TANGOOLED","_seopress_titles_desc":"TANGOO's recessed aluminum LED profile LB02 features up and down lighting channels. Ideal for integrated cabinet lighting and architectural shadow-free effects.","_seopress_robots_index":""},"pcb-width":[228],"product-cat":[193],"class_list":{"0":"post-45987","1":"product","2":"type-product","3":"status-publish","4":"has-post-thumbnail","6":"pcb-width-6-12mm","7":"product-cat-recessed-profile"},"acf":[],"_links":{"self":[{"href":"https:\/\/tangooled.com\/de\/wp-json\/wp\/v2\/product\/45987","targetHints":{"allow":["GET"]}}],"collection":[{"href":"https:\/\/tangooled.com\/de\/wp-json\/wp\/v2\/product"}],"about":[{"href":"https:\/\/tangooled.com\/de\/wp-json\/wp\/v2\/types\/product"}],"wp:featuredmedia":[{"embeddable":true,"href":"https:\/\/tangooled.com\/de\/wp-json\/wp\/v2\/media\/14171"}],"wp:attachment":[{"href":"https:\/\/tangooled.com\/de\/wp-json\/wp\/v2\/media?parent=45987"}],"wp:term":[{"taxonomy":"pcb-width","embeddable":true,"href":"https:\/\/tangooled.com\/de\/wp-json\/wp\/v2\/pcb-width?post=45987"},{"taxonomy":"product-cat","embeddable":true,"href":"https:\/\/tangooled.com\/de\/wp-json\/wp\/v2\/product-cat?post=45987"}],"curies":[{"name":"wp","href":"https:\/\/api.w.org\/{rel}","templated":true}]}}