{"id":45952,"date":"2026-01-07T18:21:42","date_gmt":"2026-01-08T02:21:42","guid":{"rendered":"https:\/\/tangooled.com\/?post_type=product&#038;p=45952"},"modified":"2026-02-02T22:24:36","modified_gmt":"2026-02-03T06:24:36","slug":"double-led-strip-channel-cabinet-lighting-lb01","status":"publish","type":"product","link":"https:\/\/tangooled.com\/de\/product\/double-led-strip-channel-cabinet-lighting-lb01\/","title":{"rendered":"Kabinett LED-Streifenkanal mit Diffusor f\u00fcr doppelte LED-Streifen"},"content":{"rendered":"<div class=\"wp-block-group is-vertical is-layout-flex wp-container-core-group-is-layout-d255d7c4 wp-block-group-is-layout-flex\" style=\"padding-top:var(--wp--preset--spacing--80);padding-bottom:var(--wp--preset--spacing--80)\">\n<p>Erhalten Sie den richtigen LED-Streifenkanal f\u00fcr Schr\u00e4nke mit einem Diffusor f\u00fcr Ihre LED-Streifen! Der Diffusor an unserem hochwertigen LED-Kanal f\u00fcr Schr\u00e4nke ist so gestaltet, dass die Beleuchtung in Ihrem Schrank glatt, hell und klar aussieht. Er kann zwei LED-Streifen in vertikaler Anordnung halten, was Ihre Lichter ohne helle Punkte erstrahlen l\u00e4sst. Dieses Produkt ist stark, sicher und h\u00e4lt lange in K\u00fcchen, Schr\u00e4nken und anderen Orten.<\/p>\n<\/div>\n\n\n\n<div class=\"wp-block-group has-background is-vertical is-layout-flex wp-container-core-group-is-layout-d255d7c4 wp-block-group-is-layout-flex\" style=\"background-color:#f1f1f1;padding-top:var(--wp--preset--spacing--80);padding-bottom:var(--wp--preset--spacing--80)\">\n<div class=\"wp-block-group is-vertical is-layout-flex wp-container-core-group-is-layout-8cf370e7 wp-block-group-is-layout-flex\">\n<h2 class=\"wp-block-heading\" style=\"padding-top:var(--wp--preset--spacing--40);padding-bottom:var(--wp--preset--spacing--40);font-size:25px;font-style:normal;font-weight:600;text-transform:capitalize\">Warum diesen LED-Streifenkanal f\u00fcr Schr\u00e4nke LB01 w\u00e4hlen?<\/h2>\n\n\n\n<ul class=\"wp-block-list\">\n<li>Passt leicht f\u00fcr doppelte LED-Streifen: Der Kanal mit einer inneren Breite von 12,9 mm passt f\u00fcr zwei LED-Streifen, wie die Modelle 5050 oder 3528.<\/li>\n\n\n\n<li>Gleichm\u00e4\u00dfiges Licht jedes Mal: Der Diffusor macht die hellen Punkte von jedem LED weniger grell, sodass Ihr Raum sauber und hell aussieht.<\/li>\n\n\n\n<li>H\u00e4lt LEDs k\u00fchl: Der Aluminiumk\u00f6rper wirkt als W\u00e4rmeabsorber. Er h\u00e4lt die LED-Streifen k\u00fchl, was ihre Lebensdauer verl\u00e4ngert.<\/li>\n\n\n\n<li>Sicher und stark: Sch\u00fctzt Ihre LED-Streifen vor Staub und Besch\u00e4digungen.<\/li>\n<\/ul>\n<\/div>\n<\/div>\n\n\n\n<div class=\"wp-block-group is-vertical is-layout-flex wp-container-core-group-is-layout-d255d7c4 wp-block-group-is-layout-flex\" style=\"padding-top:var(--wp--preset--spacing--80);padding-bottom:var(--wp--preset--spacing--80)\">\n<hr class=\"wp-block-separator has-alpha-channel-opacity\"\/>\n\n\n\n<div class=\"wp-block-media-text has-media-on-the-right is-stacked-on-mobile\" style=\"grid-template-columns:auto 40%\"><div class=\"wp-block-media-text__content\">\n<h2 class=\"wp-block-heading\" style=\"padding-top:var(--wp--preset--spacing--40);padding-bottom:var(--wp--preset--spacing--40);font-size:25px;font-style:normal;font-weight:600;text-transform:capitalize\">Wie man diesen LED-Streifenkanal f\u00fcr Schr\u00e4nke LB01 verwendet<\/h2>\n\n\n\n<p>Dieser LED-Streifenkanal f\u00fcr Schr\u00e4nke ist die beste Wahl f\u00fcr:<\/p>\n\n\n\n<ul class=\"wp-block-list\">\n<li>Beleuchtung unter Schr\u00e4nken: Perfekt um K\u00fcchenarbeitsplatten oder Arbeitsbereiche blendfrei zu erhellen.<\/li>\n\n\n\n<li>Beleuchtung f\u00fcr R\u00fcckw\u00e4nde: Verleihen Sie R\u00fcckw\u00e4nden Stil und Licht mit einem sauberen, punktfreien Glanz.<\/li>\n\n\n\n<li>Beleuchtung f\u00fcr Schr\u00e4nke &amp; Kleiderschr\u00e4nke: Beleuchten Sie Ihre Kleidung und Regale mit weichem, hellem Licht.<\/li>\n\n\n\n<li>Beleuchtung f\u00fcr Regale &amp; Displays: Ideal zum Erhellen von Regalen oder Schr\u00e4nken in Gesch\u00e4ften oder zuhause.<\/li>\n<\/ul>\n<\/div><figure class=\"wp-block-media-text__media\"><img loading=\"lazy\" decoding=\"async\" width=\"500\" height=\"500\" src=\"https:\/\/tangooled.com\/wp-content\/uploads\/2026\/01\/lb01-ins.webp\" alt=\"Kabinett LED-Streifenkanal mit Diffusor f\u00fcr doppelte LED-Streifen\" class=\"wp-image-45982 size-full\" srcset=\"https:\/\/tangooled.com\/wp-content\/uploads\/2026\/01\/lb01-ins.webp 500w, https:\/\/tangooled.com\/wp-content\/uploads\/2026\/01\/lb01-ins-300x300.webp 300w, https:\/\/tangooled.com\/wp-content\/uploads\/2026\/01\/lb01-ins-150x150.webp 150w\" sizes=\"auto, (max-width: 500px) 100vw, 500px\" \/><\/figure><\/div>\n<\/div>\n\n\n\n<div class=\"wp-block-group has-background is-vertical is-layout-flex wp-container-core-group-is-layout-b429018a wp-block-group-is-layout-flex\" style=\"background-color:#f1f1f1f2;padding-top:var(--wp--preset--spacing--70);padding-bottom:var(--wp--preset--spacing--70)\">\n<h2 class=\"wp-block-heading\" style=\"padding-top:var(--wp--preset--spacing--40);padding-bottom:var(--wp--preset--spacing--40);font-size:25px;font-style:normal;font-weight:600\">Verwandte Produkte, die Ihnen gefallen k\u00f6nnten<\/h2>\n\n\n\n<ul class=\"wp-block-list\">\n<li><a href=\"https:\/\/tangooled.com\/de\/product\/black-led-profile-with-black-diffuser-for-10mm-led-strip-light\/\"><mark style=\"background-color:rgba(0, 0, 0, 0)\" class=\"has-inline-color has-vivid-red-color\">Schwarzes LED-Profil mit schwarzem Diffusor f\u00fcr 10mm LED-Streifen<\/mark><\/a> \u2014 Sleek black anodized profile for 10mm LED strips.<\/li>\n\n\n\n<li><mark style=\"background-color:rgba(0, 0, 0, 0)\" class=\"has-inline-color has-vivid-red-color\"><a href=\"https:\/\/tangooled.com\/de\/product\/surface-mount-led-profile-with-frosted-diffuser-for-10mm-rope-lights\/\">Oberfl\u00e4chenmontierter LED-Profil mit mattiertem Diffusor f\u00fcr 10 mm LED-Lichterketten<\/a><\/mark> \u2014 Perfect surface-mounted channel for simple installs.<\/li>\n\n\n\n<li><mark style=\"background-color:rgba(0, 0, 0, 0)\" class=\"has-inline-color has-vivid-red-color\"><a href=\"https:\/\/tangooled.com\/de\/product\/led-profile-under-cabinet-corner-lighting-for-led-strip-12mm\/\">LED-Profil f\u00fcr untere Schrank-Ecken-Beleuchtung f\u00fcr LED-Streifen 12 mm<\/a><\/mark> \u2014 Ideal for slightly wider double LED strips.<\/li>\n\n\n\n<li><mark style=\"background-color:rgba(0, 0, 0, 0)\" class=\"has-inline-color has-vivid-red-color\"><a href=\"https:\/\/tangooled.com\/de\/product\/cabinet-led-aluminum-profile-up-down-edge-lighting-lb05\/\">Aluminiumprofil f\u00fcr LED unter Schrank-Kantenbeleuchtung<\/a> <\/mark>\u2014 Creates stylish up\/down lighting effects in cabinets.<\/li>\n<\/ul>\n<\/div>\n\n\n\n<div class=\"wp-block-group is-vertical is-layout-flex wp-container-core-group-is-layout-d255d7c4 wp-block-group-is-layout-flex\" style=\"padding-top:var(--wp--preset--spacing--80);padding-bottom:var(--wp--preset--spacing--80)\">\n<h2 class=\"wp-block-heading\" style=\"padding-top:var(--wp--preset--spacing--40);padding-bottom:var(--wp--preset--spacing--40);font-size:25px;font-style:normal;font-weight:600;text-transform:capitalize\">Warum unser LED-Streifenkanal f\u00fcr Schr\u00e4nke die beste Wahl ist<\/h2>\n\n\n\n<p>Wenn Sie helles, glattes und gleichm\u00e4\u00dfiges Licht in Ihrem Schrank w\u00fcnschen, ist dieser LED-Streifenkanal mit Diffusor genau das Richtige f\u00fcr Sie. Er passt f\u00fcr die meisten doppelten LED-Streifen mit Platz\u00fcberschuss. Das w\u00e4rmesichere Aluminium h\u00e4lt die Lichter k\u00fchl, und der Diffusor sorgt f\u00fcr sanftes und angenehmes Licht. Dies verbessert Ihre K\u00fcche und Ihren Schrank mit wundersch\u00f6nem Licht, das Sie lieben werden.<\/p>\n<\/div>\n\n\n\n<p><\/p>","protected":false},"featured_media":14168,"template":"","meta":{"_acf_changed":true,"_seopress_robots_primary_cat":"none","_seopress_titles_title":"Double LED Strip Channel for Cabinet Lighting LB01 | TANGOOLED","_seopress_titles_desc":"TANGOO's cabinet LED strip channel LB01 is designed for double LED strips, providing high-lumen cabinet and task lighting.","_seopress_robots_index":""},"pcb-width":[228],"product-cat":[193],"class_list":{"0":"post-45952","1":"product","2":"type-product","3":"status-publish","4":"has-post-thumbnail","6":"pcb-width-6-12mm","7":"product-cat-recessed-profile"},"acf":[],"_links":{"self":[{"href":"https:\/\/tangooled.com\/de\/wp-json\/wp\/v2\/product\/45952","targetHints":{"allow":["GET"]}}],"collection":[{"href":"https:\/\/tangooled.com\/de\/wp-json\/wp\/v2\/product"}],"about":[{"href":"https:\/\/tangooled.com\/de\/wp-json\/wp\/v2\/types\/product"}],"wp:featuredmedia":[{"embeddable":true,"href":"https:\/\/tangooled.com\/de\/wp-json\/wp\/v2\/media\/14168"}],"wp:attachment":[{"href":"https:\/\/tangooled.com\/de\/wp-json\/wp\/v2\/media?parent=45952"}],"wp:term":[{"taxonomy":"pcb-width","embeddable":true,"href":"https:\/\/tangooled.com\/de\/wp-json\/wp\/v2\/pcb-width?post=45952"},{"taxonomy":"product-cat","embeddable":true,"href":"https:\/\/tangooled.com\/de\/wp-json\/wp\/v2\/product-cat?post=45952"}],"curies":[{"name":"wp","href":"https:\/\/api.w.org\/{rel}","templated":true}]}}