{"id":45924,"date":"2026-01-07T18:11:18","date_gmt":"2026-01-08T02:11:18","guid":{"rendered":"https:\/\/tangooled.com\/?post_type=product&#038;p=45924"},"modified":"2026-02-02T01:55:52","modified_gmt":"2026-02-02T09:55:52","slug":"curved-diffuser-flexible-led-channel-for-8mm-led-strips-bp03","status":"publish","type":"product","link":"https:\/\/tangooled.com\/de\/product\/curved-diffuser-flexible-led-channel-for-8mm-led-strips-bp03\/","title":{"rendered":"Gebogener diffuser flexibler LED-Streifenlichtkanal f\u00fcr 8mm LED-Streifen"},"content":{"rendered":"<div class=\"wp-block-group is-vertical is-layout-flex wp-container-core-group-is-layout-d255d7c4 wp-block-group-is-layout-flex\" style=\"padding-top:var(--wp--preset--spacing--80);padding-bottom:var(--wp--preset--spacing--80)\">\n<p>Dieser BP03 gebogene Diffusor-LED-Kanal ist sehr flexibel und wurde entwickelt, um sanftes, helles Licht auf runden, gebogenen oder curved architektonischen Fl\u00e4chen bereitzustellen. Er passt perfekt zu 8mm breiten LED-Lichtstreifen, und seine Flexibilit\u00e4t macht es einfach, mit der Hand zu biegen und zu formen, um jeder einzigartigen Designkontur gerecht zu werden. Dies macht ihn ideal f\u00fcr individuelle Installationen.<\/p>\n\n\n\n<p>Der robuste Kanal sch\u00fctzt Ihren LED-Streifen, und die mitgelieferte opale Diffusorabdeckung l\u00e4sst die Lichter so sch\u00f6n aussehen. Sie beseitigt intensive hei\u00dfe Punkte und offensichtliche LED-Punkte und verwandelt das Licht in ein sanftes, sauberes Leuchten ohne Punkte. Das macht ihn zu einer hervorragenden Wahl, um hochwertiges Umgebungslicht hinzuzuf\u00fcgen und dekorative Aspekte zu verbessern, wo pr\u00e4zise Kurven erforderlich sind.<\/p>\n<\/div>\n\n\n\n<div class=\"wp-block-group has-background is-vertical is-layout-flex wp-container-core-group-is-layout-d255d7c4 wp-block-group-is-layout-flex\" style=\"background-color:#f1f1f1;padding-top:var(--wp--preset--spacing--80);padding-bottom:var(--wp--preset--spacing--80)\">\n<div class=\"wp-block-group is-vertical is-layout-flex wp-container-core-group-is-layout-8cf370e7 wp-block-group-is-layout-flex\">\n<h2 class=\"wp-block-heading\" style=\"padding-top:var(--wp--preset--spacing--40);padding-bottom:var(--wp--preset--spacing--40);font-size:25px;font-style:normal;font-weight:600;text-transform:capitalize\">Warum diesen BP03 gebogenen Diffusor-LED-Kanal verwenden?<\/h2>\n\n\n\n<ul class=\"wp-block-list\">\n<li>Einfach zu biegen: Sie k\u00f6nnen ihn in Formen wie B\u00f6gen, Kreise oder Wellen biegen.<\/li>\n\n\n\n<li>Licht sanft verblassen: Der Diffusor verbirgt die LED-Punkte, sodass das Licht sanft und gleichm\u00e4\u00dfig ist.<\/li>\n\n\n\n<li>Sch\u00fctzt LED-Streifen: Das Aluminium- oder Silikon-Geh\u00e4use h\u00e4lt die Streifen sicher und k\u00fchl.<\/li>\n\n\n\n<li>Passt zu 8mm LED-Streifen: Entwickelt, um perfekt zu 8mm breiten LEDs zu passen.<\/li>\n\n\n\n<li>Einfach zu installieren: Wird mit Clips und Endkappen f\u00fcr ein sauberes Aussehen geliefert.<\/li>\n\n\n\n<li>Langlebig: LEDs halten l\u00e4nger, da sie W\u00e4rme gut ableiten.<\/li>\n<\/ul>\n<\/div>\n<\/div>\n\n\n\n<div class=\"wp-block-group is-vertical is-layout-flex wp-container-core-group-is-layout-d255d7c4 wp-block-group-is-layout-flex\" style=\"padding-top:var(--wp--preset--spacing--80);padding-bottom:var(--wp--preset--spacing--80)\">\n<hr class=\"wp-block-separator has-alpha-channel-opacity\"\/>\n\n\n\n<div class=\"wp-block-media-text has-media-on-the-right is-stacked-on-mobile\" style=\"grid-template-columns:auto 40%\"><div class=\"wp-block-media-text__content\">\n<h2 class=\"wp-block-heading\" style=\"padding-top:var(--wp--preset--spacing--40);padding-bottom:var(--wp--preset--spacing--40);font-size:25px;font-style:normal;font-weight:600;text-transform:capitalize\">Wie man es benutzt<\/h2>\n\n\n\n<ul class=\"wp-block-list\">\n<li>Lassen Sie den Kanal in die gew\u00fcnschte Kurve passen.<\/li>\n\n\n\n<li>Befestigen Sie die Montageclips an Ihrer Oberfl\u00e4che.<\/li>\n\n\n\n<li>Setzen Sie den Kanal auf die Clips.<\/li>\n\n\n\n<li>Setzen Sie Ihren 8mm LED-Streifen hinein.<\/li>\n\n\n\n<li>Setzen Sie den Diffusor oben auf, um das Licht sanft zu streuen.<\/li>\n<\/ul>\n<\/div><figure class=\"wp-block-media-text__media\"><img loading=\"lazy\" decoding=\"async\" width=\"500\" height=\"500\" src=\"https:\/\/tangooled.com\/wp-content\/uploads\/2026\/01\/bp03-ins.webp\" alt=\"bp03 ins\" class=\"wp-image-46015 size-full\" srcset=\"https:\/\/tangooled.com\/wp-content\/uploads\/2026\/01\/bp03-ins.webp 500w, https:\/\/tangooled.com\/wp-content\/uploads\/2026\/01\/bp03-ins-300x300.webp 300w, https:\/\/tangooled.com\/wp-content\/uploads\/2026\/01\/bp03-ins-150x150.webp 150w\" sizes=\"auto, (max-width: 500px) 100vw, 500px\" \/><\/figure><\/div>\n<\/div>\n\n\n\n<div class=\"wp-block-group has-background is-vertical is-layout-flex wp-container-core-group-is-layout-b429018a wp-block-group-is-layout-flex\" style=\"background-color:#f1f1f1f2;padding-top:var(--wp--preset--spacing--70);padding-bottom:var(--wp--preset--spacing--70)\">\n<h2 class=\"wp-block-heading\" style=\"padding-top:var(--wp--preset--spacing--40);padding-bottom:var(--wp--preset--spacing--40);font-size:25px;font-style:normal;font-weight:600\">Wo kann man es verwenden?<\/h2>\n\n\n\n<ul class=\"wp-block-list\">\n<li>Gebogene W\u00e4nde oder B\u00f6gen, um Formen mit Licht hervorzuheben.<\/li>\n\n\n\n<li>Runde Spiegel oder die Ecken von M\u00f6beln f\u00fcr subtile Hintergrundbeleuchtung.<\/li>\n\n\n\n<li>Benutzerdefinierte gebogene Lichtstreifen f\u00fcr Bartresen oder Empfangstheken.<\/li>\n\n\n\n<li>Einzelhandelsdisplays, die sanftes Licht ben\u00f6tigen, das die Aufmerksamkeit auf sich zieht.<\/li>\n\n\n\n<li>Gebogene Konturen f\u00fcr K\u00fccheninseln oder Nischen.<\/li>\n<\/ul>\n<\/div>\n\n\n\n<div class=\"wp-block-group is-vertical is-layout-flex wp-container-core-group-is-layout-d255d7c4 wp-block-group-is-layout-flex\" style=\"padding-top:var(--wp--preset--spacing--80);padding-bottom:var(--wp--preset--spacing--80)\">\n<h2 class=\"wp-block-heading\" style=\"padding-top:var(--wp--preset--spacing--40);padding-bottom:var(--wp--preset--spacing--40);font-size:25px;font-style:normal;font-weight:600;text-transform:capitalize\">Verwandte Produkte, die Sie interessieren k\u00f6nnten<\/h2>\n\n\n\n<ul class=\"wp-block-list\">\n<li><a href=\"https:\/\/tangooled.com\/de\/product\/10mm-led-profile-aluminum-channel-for-8mm-led-tape-lights\/\"><mark style=\"background-color:rgba(0, 0, 0, 0)\" class=\"has-inline-color has-vivid-red-color\">10mm LED-Profil-Aluminiumkanal f\u00fcr 8mm LED-Klebeb\u00e4nder<\/mark><\/a> \u2014 A bigger channel for slightly wider strips.<\/li>\n\n\n\n<li><a href=\"https:\/\/tangooled.com\/de\/product\/led-strip-light-channel-aluminum-profile-with-diffused-cover-6mm-height\/\"><mark style=\"background-color:rgba(0, 0, 0, 0)\" class=\"has-inline-color has-vivid-red-color\">LED-Streifenlicht-Kanal-Aluminiumprofil mit diffuser Abdeckung 6mm H\u00f6he<\/mark><\/a> \u2014 Slim profile for tight spaces.<\/li>\n\n\n\n<li><a href=\"https:\/\/tangooled.com\/de\/product\/black-led-profile-with-black-diffuser-for-10mm-led-strip-light\/\"><mark style=\"background-color:rgba(0, 0, 0, 0)\" class=\"has-inline-color has-vivid-red-color\">Schwarzes LED-Profil mit schwarzem Diffusor f\u00fcr 10mm LED-Streifen<\/mark><\/a> \u2014 Sleek black finish option for modern look.<\/li>\n\n\n\n<li><a href=\"https:\/\/tangooled.com\/de\/product\/17mm-led-strip-light-aluminum-channel-for-surface-mounting\/\"><mark style=\"background-color:rgba(0, 0, 0, 0)\" class=\"has-inline-color has-vivid-red-color\">17mm LED-Streifenlicht-Aluminiumkanal f\u00fcr die Oberfl\u00e4chenmontage<\/mark><\/a> \u2014 Wider surface mount channel for bigger projects.<\/li>\n<\/ul>\n<\/div>\n\n\n\n<p>Dieser flexible LED-Streifenlichtkanal f\u00fcr 8mm LED-Streifen ist einfach zu verwenden und f\u00fcgt jeder gebogenen Oberfl\u00e4che angenehmes, sanftes Licht hinzu. Er passt gut zu Ihren LEDs und sieht in jedem Wohn- oder Gesch\u00e4ftspflichtanspruch fantastisch aus.<\/p>","protected":false},"featured_media":13116,"template":"","meta":{"_acf_changed":true,"_seopress_robots_primary_cat":"none","_seopress_titles_title":"Curved Diffuser Flexible LED Channel BP03 | TANGOOLED","_seopress_titles_desc":"TANGOO's BP03 is a flexible LED channel featuring a curved diffuser for shape lighting. Perfect for 8mm LED strips in curved furniture and architectural designs.","_seopress_robots_index":""},"pcb-width":[228],"product-cat":[203],"class_list":{"0":"post-45924","1":"product","2":"type-product","3":"status-publish","4":"has-post-thumbnail","6":"pcb-width-6-12mm","7":"product-cat-flexible-profile"},"acf":[],"_links":{"self":[{"href":"https:\/\/tangooled.com\/de\/wp-json\/wp\/v2\/product\/45924","targetHints":{"allow":["GET"]}}],"collection":[{"href":"https:\/\/tangooled.com\/de\/wp-json\/wp\/v2\/product"}],"about":[{"href":"https:\/\/tangooled.com\/de\/wp-json\/wp\/v2\/types\/product"}],"wp:featuredmedia":[{"embeddable":true,"href":"https:\/\/tangooled.com\/de\/wp-json\/wp\/v2\/media\/13116"}],"wp:attachment":[{"href":"https:\/\/tangooled.com\/de\/wp-json\/wp\/v2\/media?parent=45924"}],"wp:term":[{"taxonomy":"pcb-width","embeddable":true,"href":"https:\/\/tangooled.com\/de\/wp-json\/wp\/v2\/pcb-width?post=45924"},{"taxonomy":"product-cat","embeddable":true,"href":"https:\/\/tangooled.com\/de\/wp-json\/wp\/v2\/product-cat?post=45924"}],"curies":[{"name":"wp","href":"https:\/\/api.w.org\/{rel}","templated":true}]}}