{"id":45250,"date":"2026-01-07T02:16:46","date_gmt":"2026-01-07T10:16:46","guid":{"rendered":"https:\/\/tangooled.com\/?post_type=product&#038;p=45250"},"modified":"2026-02-02T01:55:19","modified_gmt":"2026-02-02T09:55:19","slug":"11mm-bendable-led-light-channel-for-6mm-led-strips","status":"publish","type":"product","link":"https:\/\/tangooled.com\/de\/product\/11mm-bendable-led-light-channel-for-6mm-led-strips\/","title":{"rendered":"11mm biegsames LED-Lichtkanal f\u00fcr 6mm LED-Streifen"},"content":{"rendered":"<div class=\"wp-block-group is-vertical is-layout-flex wp-container-core-group-is-layout-d255d7c4 wp-block-group-is-layout-flex\" style=\"padding-top:var(--wp--preset--spacing--80);padding-bottom:var(--wp--preset--spacing--80)\">\n<p>Our 11mm bendable LED light channel is made to let you create\u00a0light shaping\u00a0in any interior architectural setting. This flexible LED channel is great for standard 6mm LED strips. By utilizing this bendable channel, you can effortlessly create gentle, continuous curving light, avoiding the harsh appearance of sharp corners and rigid lines. The channel is very easy to put in because it is flexible and can fit into small spaces or around objects that are hard to reach and have a lot of curves.<br> Dar\u00fcber hinaus gew\u00e4hrleistet das Design eine hervorragende W\u00e4rmeableitung f\u00fcr eine l\u00e4ngere Lebensdauer. Der hochwertige mattierte Diffusor sorgt f\u00fcr eine gleichm\u00e4\u00dfige Lichtverteilung und erzeugt einen weichen und professionellen Ambienteffekt.<\/p>\n<\/div>\n\n\n\n<div class=\"wp-block-group has-background is-vertical is-layout-flex wp-container-core-group-is-layout-d255d7c4 wp-block-group-is-layout-flex\" style=\"background-color:#f1f1f1;padding-top:var(--wp--preset--spacing--80);padding-bottom:var(--wp--preset--spacing--80)\">\n<div class=\"wp-block-group is-vertical is-layout-flex wp-container-core-group-is-layout-8cf370e7 wp-block-group-is-layout-flex\">\n<h2 class=\"wp-block-heading\" style=\"padding-top:var(--wp--preset--spacing--40);padding-bottom:var(--wp--preset--spacing--40);font-size:25px;font-style:normal;font-weight:600;text-transform:capitalize\">Warum unseren 11mm biegsamen LED-Kanal verwenden?<\/h2>\n\n\n\n<ul class=\"wp-block-list\">\n<li>Sie k\u00f6nnen ihn von Hand biegen, ohne Werkzeuge zu ben\u00f6tigen.<\/li>\n\n\n\n<li>Funktioniert gut mit d\u00fcnnen 6mm LED-Streifenprofilen.<\/li>\n\n\n\n<li>Robustes Aluminium, das den LED-Streifen schnell abk\u00fchlt.<\/li>\n\n\n\n<li>The frosted cover blocks &#8220;dot&#8221; lights and lets in gentle, flowing light.<\/li>\n\n\n\n<li>Er wird mit Endkappen und Clips f\u00fcr eine einfache Installation geliefert.<\/li>\n\n\n\n<li>Funktioniert hervorragend an M\u00f6beln, W\u00e4nden und gekr\u00fcmmten Schildern.<\/li>\n<\/ul>\n<\/div>\n<\/div>\n\n\n\n<div class=\"wp-block-group is-vertical is-layout-flex wp-container-core-group-is-layout-d255d7c4 wp-block-group-is-layout-flex\" style=\"padding-top:var(--wp--preset--spacing--80);padding-bottom:var(--wp--preset--spacing--80)\">\n<hr class=\"wp-block-separator has-alpha-channel-opacity\"\/>\n\n\n\n<div class=\"wp-block-media-text has-media-on-the-right is-stacked-on-mobile\" style=\"grid-template-columns:auto 40%\"><div class=\"wp-block-media-text__content\">\n<h2 class=\"wp-block-heading\" style=\"padding-top:var(--wp--preset--spacing--40);padding-bottom:var(--wp--preset--spacing--40);font-size:25px;font-style:normal;font-weight:600;text-transform:capitalize\">So installieren Sie Ihren biegsamen Lichtkanal<\/h2>\n\n\n\n<ul class=\"wp-block-list\">\n<li>Schneiden Sie den Kanal auf die gew\u00fcnschte L\u00e4nge mit einer feinzahnigen S\u00e4ge. Halten Sie den Diffusor f\u00fcr einen sauberen Schnitt an Ort und Stelle.<\/li>\n\n\n\n<li>Biegen Sie den 11mm biegsamen LED-Kanal in die gew\u00fcnschte Form.<\/li>\n\n\n\n<li>Platzieren Sie die Clips zur Montage auf der Oberfl\u00e4che.<\/li>\n\n\n\n<li>Befestigen Sie den Kanal an den Clips und legen Sie Ihre 6mm LED-Streifenprofile hinein.<\/li>\n\n\n\n<li>Legen Sie den matten Diffusordeckel auf.<\/li>\n\n\n\n<li>Setzen Sie die Endkappen auf, um es ordnungsgem\u00e4\u00df aussehen zu lassen.<\/li>\n<\/ul>\n<\/div><figure class=\"wp-block-media-text__media\"><img loading=\"lazy\" decoding=\"async\" width=\"500\" height=\"500\" src=\"https:\/\/tangooled.com\/wp-content\/uploads\/2026\/01\/bp02-ins.webp\" alt=\"bp02 ins\" class=\"wp-image-46014 size-full\" srcset=\"https:\/\/tangooled.com\/wp-content\/uploads\/2026\/01\/bp02-ins.webp 500w, https:\/\/tangooled.com\/wp-content\/uploads\/2026\/01\/bp02-ins-300x300.webp 300w, https:\/\/tangooled.com\/wp-content\/uploads\/2026\/01\/bp02-ins-150x150.webp 150w\" sizes=\"auto, (max-width: 500px) 100vw, 500px\" \/><\/figure><\/div>\n<\/div>\n\n\n\n<div class=\"wp-block-group has-background is-vertical is-layout-flex wp-container-core-group-is-layout-b429018a wp-block-group-is-layout-flex\" style=\"background-color:#f1f1f1f2;padding-top:var(--wp--preset--spacing--70);padding-bottom:var(--wp--preset--spacing--70)\">\n<h2 class=\"wp-block-heading\" style=\"padding-top:var(--wp--preset--spacing--40);padding-bottom:var(--wp--preset--spacing--40);font-size:25px;font-style:normal;font-weight:600\">Ideal f\u00fcr viele Anwendungen<\/h2>\n\n\n\n<ul class=\"wp-block-list\">\n<li>Gebogene W\u00e4nde und B\u00f6gen: Die biegsame Eigenschaft passt sich glatt an gebogene Formen an.<\/li>\n\n\n\n<li>Benutzerdefinierte Beschilderung: Bekommen Sie runde oder geformte Schilder mit klaren Linien aus LED-Lichtern.<\/li>\n\n\n\n<li>Theken und K\u00fccheninseln: Passen Sie sich unter Kurven an, um die Arbeitsbeleuchtung entspannter zu gestalten.<\/li>\n\n\n\n<li>Regale und Vitrinen in Gesch\u00e4ften: Setzen Sie weiches Licht auf Ausstellungen und runde Regale.<\/li>\n\n\n\n<li>Beleuchtung f\u00fcr M\u00f6bel: Anbringen von Lichtern an Schreibtischen, Empfangstheken und gekr\u00fcmmten Schr\u00e4nken.<\/li>\n\n\n\n<li>Beleuchtung f\u00fcr Autos und Boote: Funktioniert gut f\u00fcr die Beleuchtung in engen oder gekr\u00fcmmten R\u00e4umen.<\/li>\n<\/ul>\n<\/div>\n\n\n\n<div class=\"wp-block-group is-vertical is-layout-flex wp-container-core-group-is-layout-d255d7c4 wp-block-group-is-layout-flex\" style=\"padding-top:var(--wp--preset--spacing--80);padding-bottom:var(--wp--preset--spacing--80)\">\n<h2 class=\"wp-block-heading\" style=\"padding-top:var(--wp--preset--spacing--40);padding-bottom:var(--wp--preset--spacing--40);font-size:25px;font-style:normal;font-weight:600;text-transform:capitalize\">Vergleich mit anderen Produkten sehen<\/h2>\n\n\n\n<ul class=\"wp-block-list\">\n<li><a href=\"https:\/\/tangooled.com\/de\/product\/25x6mm-low-profile-led-strip-channel-for-10mm-led-strip-light\/\"><mark style=\"background-color:rgba(0, 0, 0, 0)\" class=\"has-inline-color has-vivid-red-color\">25x6mm Low-Profile-LED-Streifenkanal f\u00fcr 10mm LED-Streifenlicht<\/mark><\/a>.<\/li>\n\n\n\n<li><a href=\"https:\/\/tangooled.com\/de\/product\/surface-mount-led-profile-with-frosted-diffuser-for-10mm-rope-lights\/\"><mark style=\"background-color:rgba(0, 0, 0, 0)\" class=\"has-inline-color has-vivid-red-color\">Oberfl\u00e4chenmontage-LED-Profil mit mattem Diffusor f\u00fcr 10mm Seillichter<\/mark><\/a>.<\/li>\n\n\n\n<li><a href=\"https:\/\/tangooled.com\/de\/product\/black-led-profile-with-black-diffuser-for-10mm-led-strip-light\/\"><mark style=\"background-color:rgba(0, 0, 0, 0)\" class=\"has-inline-color has-vivid-red-color\">Schwarzes LED-Profil mit schwarzem Diffusor f\u00fcr 10mm LED-Streifen<\/mark><\/a>.<\/li>\n<\/ul>\n<\/div>\n\n\n\n<div class=\"wp-block-group has-background is-vertical is-layout-flex wp-container-core-group-is-layout-b429018a wp-block-group-is-layout-flex\" style=\"background-color:#f1f1f1f2;padding-top:var(--wp--preset--spacing--70);padding-bottom:var(--wp--preset--spacing--70)\">\n<h2 class=\"wp-block-heading\" style=\"padding-top:var(--wp--preset--spacing--40);padding-bottom:var(--wp--preset--spacing--40);font-size:25px;font-style:normal;font-weight:600\">Zusammenfassung<\/h2>\n\n\n\n<p style=\"padding-right:var(--wp--preset--spacing--50);padding-left:var(--wp--preset--spacing--50)\">Unser 11mm flexibler LED-Kanal ist f\u00fcr 6mm LED-Streifen konzipiert. Es ist der beste Lichtkanal, da er sich biegen l\u00e4sst, um sich an gebogene Lichter anzupassen. Er h\u00e4lt Ihre LEDs k\u00fchl, h\u00e4lt sie fest und sorgt f\u00fcr sauberes, punktfreies Licht. Sie k\u00f6nnen ihn leicht schneiden, biegen und anbringen. Mit diesem Kanal k\u00f6nnen Sie viele Objekte, wie B\u00f6gen, runde Schilder, gebogenes Mobiliar, Verkaufsdisplays, Autos und mehr, gestalten.<\/p>\n<\/div>\n\n\n\n<p><\/p>","protected":false},"featured_media":13113,"template":"","meta":{"_acf_changed":false,"_seopress_robots_primary_cat":"none","_seopress_titles_title":"11mm Bendable LED Light Channel for 6mm Strips | TANGOOLED","_seopress_titles_desc":"Ultra-slim 11mm bendable LED light channel perfect for 6mm LED strips. Ideal for tight curves, cabinet lighting, and minimalist designs.","_seopress_robots_index":""},"pcb-width":[228],"product-cat":[203],"class_list":{"0":"post-45250","1":"product","2":"type-product","3":"status-publish","4":"has-post-thumbnail","6":"pcb-width-6-12mm","7":"product-cat-flexible-profile"},"acf":[],"_links":{"self":[{"href":"https:\/\/tangooled.com\/de\/wp-json\/wp\/v2\/product\/45250","targetHints":{"allow":["GET"]}}],"collection":[{"href":"https:\/\/tangooled.com\/de\/wp-json\/wp\/v2\/product"}],"about":[{"href":"https:\/\/tangooled.com\/de\/wp-json\/wp\/v2\/types\/product"}],"wp:featuredmedia":[{"embeddable":true,"href":"https:\/\/tangooled.com\/de\/wp-json\/wp\/v2\/media\/13113"}],"wp:attachment":[{"href":"https:\/\/tangooled.com\/de\/wp-json\/wp\/v2\/media?parent=45250"}],"wp:term":[{"taxonomy":"pcb-width","embeddable":true,"href":"https:\/\/tangooled.com\/de\/wp-json\/wp\/v2\/pcb-width?post=45250"},{"taxonomy":"product-cat","embeddable":true,"href":"https:\/\/tangooled.com\/de\/wp-json\/wp\/v2\/product-cat?post=45250"}],"curies":[{"name":"wp","href":"https:\/\/api.w.org\/{rel}","templated":true}]}}