{"id":44987,"date":"2026-01-04T20:08:39","date_gmt":"2026-01-05T04:08:39","guid":{"rendered":"https:\/\/tangooled.com\/?post_type=product&#038;p=44987"},"modified":"2026-01-29T18:40:05","modified_gmt":"2026-01-30T02:40:05","slug":"surface-mount-30mm-led-diffuser-channel-for-two-led-strips","status":"publish","type":"product","link":"https:\/\/tangooled.com\/de\/product\/surface-mount-30mm-led-diffuser-channel-for-two-led-strips\/","title":{"rendered":"Oberfl\u00e4chenmontage 30mm LED-Diffusorprofil f\u00fcr zwei LED-Streifen"},"content":{"rendered":"<div class=\"wp-block-group\" style=\"padding-top:var(--wp--preset--spacing--80);padding-bottom:var(--wp--preset--spacing--80)\"><div class=\"wp-block-group__inner-container is-layout-constrained wp-block-group-is-layout-constrained\">\n<p>Our 30mm surface LED channel for two strips has external dimensions of 34.6mm x 23.8mm and will double the effect of your lights. This high-quality aluminum profile has a 31.0mm internal width, which makes it perfect for holding two 10mm wide LED strips next to each other. It&#8217;s easy to install: just drill through the special internal groove and use screws to attach the channel directly to the surface. After it is fastened, snap on the light diffuser to make a glow that is wide, smooth, and free of dots.<br>Dieser 30mm Oberfl\u00e4chen-LED-Kanal f\u00fcr zwei Streifen ist ideal f\u00fcr K\u00fcchen, Arbeitspl\u00e4tze und Gesch\u00e4fte.<\/p>\n<\/div><\/div>\n\n\n\n<div class=\"wp-block-group has-background\" style=\"background-color:#f2f2f2f2;padding-top:var(--wp--preset--spacing--80);padding-bottom:var(--wp--preset--spacing--80)\"><div class=\"wp-block-group__inner-container is-layout-constrained wp-block-group-is-layout-constrained\">\n<div class=\"wp-block-group is-vertical is-layout-flex wp-container-core-group-is-layout-8cf370e7 wp-block-group-is-layout-flex\">\n<h2 class=\"wp-block-heading\" style=\"padding-top:var(--wp--preset--spacing--40);padding-bottom:var(--wp--preset--spacing--40);font-size:25px;font-style:normal;font-weight:600;text-transform:capitalize\">Warum unseren 30mm Oberfl\u00e4chen-LED-Kanal f\u00fcr zwei Streifen w\u00e4hlen?<\/h2>\n\n\n\n<ul class=\"wp-block-list\">\n<li>Kann zwei LED-Streifen halten, die bis zu 12mm breit sind.<\/li>\n\n\n\n<li>Hergestellt aus robustem eloxiertem Aluminium, das wie ein K\u00fchlk\u00f6rper funktioniert.<\/li>\n\n\n\n<li>Verf\u00fcgt \u00fcber einen satinierten Polycarbonat-Diffusor, der die LED-Leuchten wie eine sanfte Linie erscheinen l\u00e4sst.<\/li>\n\n\n\n<li>Kommt mit allen Werkzeugen, die Sie zur Installation ben\u00f6tigen, einschlie\u00dflich Montageschrauben und Endkappen.<\/li>\n\n\n\n<li>Ideal f\u00fcr die Montage an W\u00e4nden, Decken und Schr\u00e4nken.<\/li>\n\n\n\n<li>Sch\u00fctzt LED-Streifen vor Staub und Besch\u00e4digungen.<\/li>\n<\/ul>\n<\/div>\n<\/div><\/div>\n\n\n\n<div class=\"wp-block-group\" style=\"padding-top:var(--wp--preset--spacing--80);padding-bottom:var(--wp--preset--spacing--80)\"><div class=\"wp-block-group__inner-container is-layout-constrained wp-block-group-is-layout-constrained\">\n<div class=\"wp-block-media-text has-media-on-the-right is-stacked-on-mobile\" style=\"padding-top:0;padding-bottom:0;grid-template-columns:auto 40%\"><div class=\"wp-block-media-text__content\">\n<h2 class=\"wp-block-heading\" style=\"font-size:25px;font-style:normal;font-weight:600;text-transform:capitalize\">So installieren Sie den 30mm Oberfl\u00e4chen-LED-Kanal f\u00fcr zwei Streifen<\/h2>\n\n\n\n<ul class=\"wp-block-list\">\n<li>Verwenden Sie Schrauben, um den Kanal direkt an der Oberfl\u00e4che zu befestigen, wo Sie ihn m\u00f6chten.<\/li>\n\n\n\n<li>Legen Sie zwei LED-Streifen nebeneinander in den Kanal. \u00dcberpr\u00fcfen Sie, ob der Kleber auf dem LED-Band stark ist.<\/li>\n\n\n\n<li>Um das Licht gleichm\u00e4\u00dfig zu machen, klicken Sie die Diffusorabdeckung auf.<\/li>\n\n\n\n<li>Schlie\u00dfen Sie Ihre LED-Streifen an den LED-Treiber oder die Stromquelle an.<\/li>\n\n\n\n<li>Put on end caps to keep the ends safe and make it look like it&#8217;s done.<\/li>\n<\/ul>\n<\/div><figure class=\"wp-block-media-text__media\"><img loading=\"lazy\" decoding=\"async\" width=\"750\" height=\"750\" src=\"https:\/\/tangooled.com\/wp-content\/uploads\/2026\/01\/fp31-ins.webp\" alt=\"surface mount 30mm led diffuser channel for two led strips\" class=\"wp-image-45239 size-full\" srcset=\"https:\/\/tangooled.com\/wp-content\/uploads\/2026\/01\/fp31-ins.webp 750w, https:\/\/tangooled.com\/wp-content\/uploads\/2026\/01\/fp31-ins-300x300.webp 300w, https:\/\/tangooled.com\/wp-content\/uploads\/2026\/01\/fp31-ins-150x150.webp 150w\" sizes=\"auto, (max-width: 750px) 100vw, 750px\" \/><\/figure><\/div>\n<\/div><\/div>\n\n\n\n<div class=\"wp-block-group has-background\" style=\"background-color:#f2f2f2;padding-top:var(--wp--preset--spacing--80);padding-bottom:var(--wp--preset--spacing--80)\"><div class=\"wp-block-group__inner-container is-layout-constrained wp-block-group-is-layout-constrained\">\n<h2 class=\"wp-block-heading\" style=\"padding-top:var(--wp--preset--spacing--40);padding-bottom:var(--wp--preset--spacing--40);font-size:25px;font-style:normal;font-weight:600;text-transform:capitalize\">F\u00fcr viele Anwendungen geeignet<\/h2>\n\n\n\n<p>Eignet sich gut f\u00fcr viele Beleuchtungsbed\u00fcrfnisse:<\/p>\n\n\n\n<ul class=\"wp-block-list\">\n<li>Beleuchtung unter den K\u00fcchenschr\u00e4nken<\/li>\n\n\n\n<li>Kanten- und Architektbeleuchtung<\/li>\n\n\n\n<li>Beleuchtung f\u00fcr Auslagen und Gesch\u00e4fte<\/li>\n\n\n\n<li>Beleuchtung f\u00fcr Schr\u00e4nke und Garderoben<\/li>\n\n\n\n<li>Allgemeine Beleuchtung im Raum<\/li>\n<\/ul>\n<\/div><\/div>\n\n\n\n<div class=\"wp-block-group\" style=\"padding-top:var(--wp--preset--spacing--80);padding-bottom:var(--wp--preset--spacing--80)\"><div class=\"wp-block-group__inner-container is-layout-constrained wp-block-group-is-layout-constrained\">\n<h2 class=\"wp-block-heading\" style=\"padding-top:var(--wp--preset--spacing--40);padding-bottom:var(--wp--preset--spacing--40);font-size:25px;font-style:normal;font-weight:600;text-transform:capitalize\">Was ist im Paket enthalten?<\/h2>\n\n\n\n<ul class=\"wp-block-list\">\n<li>Aluminiumprofil (2,5m Abschnitte)<\/li>\n\n\n\n<li>Satiniertes Polycarbonat-Diffusorcover<\/li>\n\n\n\n<li>Endkappen (einfach + mit Drahtloch)<\/li>\n\n\n\n<li>Montageschrauben f\u00fcr die Installation<\/li>\n<\/ul>\n<\/div><\/div>\n\n\n\n<div class=\"wp-block-group has-background\" style=\"background-color:#f2f2f2f2;padding-top:var(--wp--preset--spacing--80);padding-bottom:var(--wp--preset--spacing--80)\"><div class=\"wp-block-group__inner-container is-layout-constrained wp-block-group-is-layout-constrained\">\n<h2 class=\"wp-block-heading\" style=\"font-size:25px;font-style:normal;font-weight:600\">Verwandte Produkte, die Ihnen gefallen k\u00f6nnten<\/h2>\n\n\n\n<ul class=\"wp-block-list\">\n<li><a href=\"https:\/\/tangooled.com\/de\/product\/black-led-diffuser-aluminum-channel-for-12mm-tape-lights\/\"><mark style=\"background-color:rgba(0, 0, 0, 0)\" class=\"has-inline-color has-vivid-red-color\">Schwarzes LED-Diffusor-Aluminiumprofil f\u00fcr 12 mm LED-Band<\/mark><\/a> \u2013 A sleek black profile matching 12mm strips.<\/li>\n\n\n\n<li><a href=\"https:\/\/tangooled.com\/de\/product\/surface-mount-led-profile-with-frosted-diffuser-for-10mm-rope-lights\/\"><mark style=\"background-color:rgba(0, 0, 0, 0)\" class=\"has-inline-color has-vivid-red-color\">Oberfl\u00e4chenmontierter LED-Profil mit mattiertem Diffusor f\u00fcr 10 mm LED-Lichterketten<\/mark><\/a> \u2013 Ideal for thinner rope-style LED lights.<\/li>\n\n\n\n<li><mark style=\"background-color:rgba(0, 0, 0, 0)\" class=\"has-inline-color has-vivid-red-color\"><a href=\"https:\/\/tangooled.com\/de\/product\/17mm-led-strip-light-aluminum-channel-for-surface-mounting\/\">17 mm LED-Streifen-Aluminiumprofil f\u00fcr die Oberfl\u00e4chenmontage<\/a> <\/mark>\u2013 A narrower surface profile for single strips.<\/li>\n<\/ul>\n\n\n\n<p>Entdecken Sie weitere Beleuchtungsl\u00f6sungen in unserer <a href=\"https:\/\/tangooled.com\/de\/led-profiles\/\"><mark style=\"background-color:rgba(0, 0, 0, 0)\" class=\"has-inline-color has-vivid-red-color\">LED-Aluminiumprofil-Kollektion<\/mark><\/a> f\u00fcr perfekte Helligkeit und saubere Installationen.<\/p>\n<\/div><\/div>\n\n\n\n<div class=\"wp-block-group\" style=\"padding-top:var(--wp--preset--spacing--80);padding-bottom:var(--wp--preset--spacing--80)\"><div class=\"wp-block-group__inner-container is-layout-constrained wp-block-group-is-layout-constrained\">\n<p>Unser 30mm Oberfl\u00e4chenmontage-LED-Diffusor-Kanal f\u00fcr zwei LED-Streifen bietet eine helle, gleichm\u00e4\u00dfige und professionelle Beleuchtungsl\u00f6sung, die einfach zu installieren ist und lange h\u00e4lt. Verwenden Sie ihn f\u00fcr architektonische Beleuchtung, Einzelhandelsdisplays oder Ambientebeleuchtung in Ihrem n\u00e4chsten Projekt!<\/p>\n<\/div><\/div>","protected":false},"featured_media":14014,"template":"","meta":{"_acf_changed":true,"_seopress_robots_primary_cat":"none","_seopress_titles_title":"Aluminum 30mm Surface LED Channel for Two Strips | TANGOOLED","_seopress_titles_desc":"Source the 30mm surface LED channel. This wide aluminum profile fits two LED strips for high-output lighting and superior thermal management.","_seopress_robots_index":""},"pcb-width":[229],"product-cat":[192],"class_list":{"0":"post-44987","1":"product","2":"type-product","3":"status-publish","4":"has-post-thumbnail","6":"pcb-width-15-20mm","7":"product-cat-surface-led-profile"},"acf":[],"_links":{"self":[{"href":"https:\/\/tangooled.com\/de\/wp-json\/wp\/v2\/product\/44987","targetHints":{"allow":["GET"]}}],"collection":[{"href":"https:\/\/tangooled.com\/de\/wp-json\/wp\/v2\/product"}],"about":[{"href":"https:\/\/tangooled.com\/de\/wp-json\/wp\/v2\/types\/product"}],"wp:featuredmedia":[{"embeddable":true,"href":"https:\/\/tangooled.com\/de\/wp-json\/wp\/v2\/media\/14014"}],"wp:attachment":[{"href":"https:\/\/tangooled.com\/de\/wp-json\/wp\/v2\/media?parent=44987"}],"wp:term":[{"taxonomy":"pcb-width","embeddable":true,"href":"https:\/\/tangooled.com\/de\/wp-json\/wp\/v2\/pcb-width?post=44987"},{"taxonomy":"product-cat","embeddable":true,"href":"https:\/\/tangooled.com\/de\/wp-json\/wp\/v2\/product-cat?post=44987"}],"curies":[{"name":"wp","href":"https:\/\/api.w.org\/{rel}","templated":true}]}}