{"id":44983,"date":"2026-01-04T20:01:16","date_gmt":"2026-01-05T04:01:16","guid":{"rendered":"https:\/\/tangooled.com\/?post_type=product&#038;p=44983"},"modified":"2026-01-21T18:58:02","modified_gmt":"2026-01-22T02:58:02","slug":"22mm-surface-led-aluminum-strip-channel-with-opal-diffuser","status":"publish","type":"product","link":"https:\/\/tangooled.com\/de\/product\/22mm-surface-led-aluminum-strip-channel-with-opal-diffuser\/","title":{"rendered":"22 mm Oberfl\u00e4chen-LED-Aluminiumstreifenprofil mit opalem Diffusor"},"content":{"rendered":"<div class=\"wp-block-group\" style=\"padding-top:var(--wp--preset--spacing--80);padding-bottom:var(--wp--preset--spacing--80)\"><div class=\"wp-block-group__inner-container is-layout-constrained wp-block-group-is-layout-constrained\">\n<p>The 22mm surface mount LED channel channel is a high-performance solution\u00a0that can improve your lighting projects. Featuring external dimensions of 22.2mm x 23.3mm, this robust aluminum profile offers a generous 19.6mm internal width, making it the ideal housing for LED strips ranging from 10mm to 15mm wide. It installs easily on any flat surface using secure clips and end caps, while its aluminum construction provides excellent heat dissipation to ensure longevity. When paired with a high-quality opal diffuser, it delivers smooth, dot-free illumination for a professional, modern finish.<\/p>\n<\/div><\/div>\n\n\n\n<div class=\"wp-block-group has-background\" style=\"background-color:#f2f2f2f2;padding-top:var(--wp--preset--spacing--80);padding-bottom:var(--wp--preset--spacing--80)\"><div class=\"wp-block-group__inner-container is-layout-constrained wp-block-group-is-layout-constrained\">\n<div class=\"wp-block-group is-vertical is-layout-flex wp-container-core-group-is-layout-8cf370e7 wp-block-group-is-layout-flex\">\n<h2 class=\"wp-block-heading\" style=\"padding-top:var(--wp--preset--spacing--40);padding-bottom:var(--wp--preset--spacing--40);font-size:25px;font-style:normal;font-weight:600;text-transform:capitalize\">Warum unser 22 mm Oberfl\u00e4chen-LED-Aluminiumstreifenprofil w\u00e4hlen?<\/h2>\n\n\n\n<ul class=\"wp-block-list\">\n<li>Strong aluminum housing made from6063-T5 anodized aluminum for better heat control and protection of\u00a0LED strips.<\/li>\n\n\n\n<li>Der opale Polycarbonat-Diffusor mildert das Licht und verteilt es gleichm\u00e4\u00dfig, wodurch das Licht weich und gleichm\u00e4\u00dfig wird.<\/li>\n\n\n\n<li>Einfach einzurichten mit Montagesclips, die es Ihnen erm\u00f6glichen, es auf Schr\u00e4nken, Regalen, W\u00e4nden und anderen flachen Oberfl\u00e4chen anzubringen.<\/li>\n\n\n\n<li>Ein breiter, architektonischer Stil, der mit vielen verschiedenen LED-Tape-Lights wie 2835, 5050, 5630 und COB-LED-B\u00e4ndern kompatibel ist.<\/li>\n<\/ul>\n<\/div>\n<\/div><\/div>\n\n\n\n<div class=\"wp-block-group\" style=\"padding-top:var(--wp--preset--spacing--80);padding-bottom:var(--wp--preset--spacing--80)\"><div class=\"wp-block-group__inner-container is-layout-constrained wp-block-group-is-layout-constrained\">\n<div class=\"wp-block-media-text has-media-on-the-right is-stacked-on-mobile\" style=\"padding-top:0;padding-bottom:0;grid-template-columns:auto 40%\"><div class=\"wp-block-media-text__content\">\n<h2 class=\"wp-block-heading\" style=\"font-size:25px;font-style:normal;font-weight:600;text-transform:capitalize\">Vier Schritte zur einfachen Installation<\/h2>\n\n\n\n<ul class=\"wp-block-list\">\n<li>Befestigen Sie die Montagesclips mit Schrauben an Ihrer Oberfl\u00e4che.<\/li>\n\n\n\n<li>Setzen Sie Ihr LED-Band in den 22 mm Oberfl\u00e4chen-aluminiumkanal ein.<\/li>\n\n\n\n<li>Setzen Sie den Aluminiumkanal in die Montagesclips und klicken Sie ihn ein.<\/li>\n\n\n\n<li>Setzen Sie den opalen Diffusor oben auf, um das LED-Band zu verbergen.<\/li>\n<\/ul>\n<\/div><figure class=\"wp-block-media-text__media\"><img loading=\"lazy\" decoding=\"async\" width=\"500\" height=\"500\" src=\"https:\/\/tangooled.com\/wp-content\/uploads\/2026\/01\/fp22-ins.webp\" alt=\"22 mm Oberfl\u00e4chen-LED-Aluminiumstreifenprofil mit opalem Diffusor\" class=\"wp-image-45234 size-full\" srcset=\"https:\/\/tangooled.com\/wp-content\/uploads\/2026\/01\/fp22-ins.webp 500w, https:\/\/tangooled.com\/wp-content\/uploads\/2026\/01\/fp22-ins-300x300.webp 300w, https:\/\/tangooled.com\/wp-content\/uploads\/2026\/01\/fp22-ins-150x150.webp 150w\" sizes=\"auto, (max-width: 500px) 100vw, 500px\" \/><\/figure><\/div>\n<\/div><\/div>\n\n\n\n<div class=\"wp-block-group has-background\" style=\"background-color:#f2f2f2;padding-top:var(--wp--preset--spacing--80);padding-bottom:var(--wp--preset--spacing--80)\"><div class=\"wp-block-group__inner-container is-layout-constrained wp-block-group-is-layout-constrained\">\n<h2 class=\"wp-block-heading\" style=\"padding-top:var(--wp--preset--spacing--40);padding-bottom:var(--wp--preset--spacing--40);font-size:25px;font-style:normal;font-weight:600;text-transform:capitalize\">Wo zu verwenden<\/h2>\n\n\n\n<p>Dieses LED-Profil zur Oberfl\u00e4chenmontage eignet sich perfekt f\u00fcr:<\/p>\n\n\n\n<ul class=\"wp-block-list\">\n<li>Unterbauleuchten in K\u00fcchen, um Arbeitsfl\u00e4chen hell und blendfrei zu gestalten.<\/li>\n\n\n\n<li>Akzentbeleuchtung verleiht Wohnzimmern oder B\u00fcros ein modernes Aussehen.<\/li>\n\n\n\n<li>Vitrinen und Regale in Gesch\u00e4ften, die exquisite Beleuchtung verwenden, um die Waren zu pr\u00e4sentieren.<\/li>\n\n\n\n<li>Lagerbeh\u00e4lter, Schr\u00e4nke und Kleiderschr\u00e4nke f\u00fcr weiches, sauberes Licht.<\/li>\n\n\n\n<li>Architektonische Wand- und Deckenakzentleuchten zur Schaffung einer Atmosph\u00e4re.<\/li>\n\n\n\n<li>Arbeitsbeleuchtung f\u00fcr Schreibtische und Werkst\u00e4tten in beruflichen Umgebungen.<\/li>\n<\/ul>\n<\/div><\/div>\n\n\n\n<div class=\"wp-block-group\" style=\"padding-top:var(--wp--preset--spacing--80);padding-bottom:var(--wp--preset--spacing--80)\"><div class=\"wp-block-group__inner-container is-layout-constrained wp-block-group-is-layout-constrained\">\n<h2 class=\"wp-block-heading\" style=\"padding-top:var(--wp--preset--spacing--40);padding-bottom:var(--wp--preset--spacing--40);font-size:25px;font-style:normal;font-weight:600;text-transform:capitalize\">Verwandte Produkte von Tangooled, die Ihnen gefallen k\u00f6nnten<\/h2>\n\n\n\n<ul class=\"wp-block-list\">\n<li><a href=\"https:\/\/tangooled.com\/de\/product\/black-led-diffuser-aluminum-channel-for-12mm-tape-lights\/\"><mark style=\"background-color:rgba(0, 0, 0, 0)\" class=\"has-inline-color has-vivid-red-color\">Schwarzes LED-Diffusor-Aluminiumprofil f\u00fcr 12 mm Tape-Lights<\/mark><\/a><\/li>\n\n\n\n<li><a href=\"https:\/\/tangooled.com\/de\/product\/surface-mount-led-profile-with-frosted-diffuser-for-10mm-rope-lights\/\"><mark style=\"background-color:rgba(0, 0, 0, 0)\" class=\"has-inline-color has-vivid-red-color\">Oberfl\u00e4chenmontage-LED-Profil mit mattem Diffusor f\u00fcr 10mm Seillichter<\/mark><\/a><\/li>\n\n\n\n<li><a href=\"https:\/\/tangooled.com\/de\/product\/25x14m-surface-mounted-led-light-aluminum-profile\/\"><mark style=\"background-color:rgba(0, 0, 0, 0)\" class=\"has-inline-color has-vivid-red-color\">25x14 m Oberfl\u00e4chenmontiertes LED-Licht-Aluminiumprofil<\/mark><\/a><\/li>\n\n\n\n<li><a href=\"https:\/\/tangooled.com\/de\/product\/18x9mm-led-tape-light-profile-for-surface-installation\/\"><mark style=\"background-color:rgba(0, 0, 0, 0)\" class=\"has-inline-color has-vivid-red-color\">18x9 mm LED-Tape-Light-Profil f\u00fcr die Oberfl\u00e4chenmontage<\/mark><\/a><\/li>\n\n\n\n<li><a href=\"https:\/\/tangooled.com\/de\/product\/22x15mm-led-light-channel-aluminum-extrusion-for-flexible-strips\/\"><mark style=\"background-color:rgba(0, 0, 0, 0)\" class=\"has-inline-color has-vivid-red-color\">22x15mm LED-Lichtprofil Aluminium-Extrusion f\u00fcr flexible Streifen<\/mark><\/a><\/li>\n<\/ul>\n<\/div><\/div>\n\n\n\n<p><\/p>","protected":false},"featured_media":14004,"template":"","meta":{"_acf_changed":true,"_seopress_robots_primary_cat":"none","_seopress_titles_title":"Aluminum 22mm Surface Mount LED Channel For Strips | TANGOOLED","_seopress_titles_desc":"Source the 22mm surface mount LED channel for strip light. Features an opal diffuser for soft, dot-free lighting. Durable aluminum extrusion for professional projects.","_seopress_robots_index":""},"pcb-width":[228],"product-cat":[192],"class_list":{"0":"post-44983","1":"product","2":"type-product","3":"status-publish","4":"has-post-thumbnail","6":"pcb-width-6-12mm","7":"product-cat-surface-led-profile"},"acf":[],"_links":{"self":[{"href":"https:\/\/tangooled.com\/de\/wp-json\/wp\/v2\/product\/44983","targetHints":{"allow":["GET"]}}],"collection":[{"href":"https:\/\/tangooled.com\/de\/wp-json\/wp\/v2\/product"}],"about":[{"href":"https:\/\/tangooled.com\/de\/wp-json\/wp\/v2\/types\/product"}],"wp:featuredmedia":[{"embeddable":true,"href":"https:\/\/tangooled.com\/de\/wp-json\/wp\/v2\/media\/14004"}],"wp:attachment":[{"href":"https:\/\/tangooled.com\/de\/wp-json\/wp\/v2\/media?parent=44983"}],"wp:term":[{"taxonomy":"pcb-width","embeddable":true,"href":"https:\/\/tangooled.com\/de\/wp-json\/wp\/v2\/pcb-width?post=44983"},{"taxonomy":"product-cat","embeddable":true,"href":"https:\/\/tangooled.com\/de\/wp-json\/wp\/v2\/product-cat?post=44983"}],"curies":[{"name":"wp","href":"https:\/\/api.w.org\/{rel}","templated":true}]}}