{"id":44981,"date":"2026-01-04T19:57:31","date_gmt":"2026-01-05T03:57:31","guid":{"rendered":"https:\/\/tangooled.com\/?post_type=product&#038;p=44981"},"modified":"2026-01-29T18:15:18","modified_gmt":"2026-01-30T02:15:18","slug":"22x15mm-led-light-channel-aluminum-extrusion-for-flexible-strips","status":"publish","type":"product","link":"https:\/\/tangooled.com\/de\/product\/22x15mm-led-light-channel-aluminum-extrusion-for-flexible-strips\/","title":{"rendered":"22x15mm LED-Lichtkanal Aluminium-Extrusion f\u00fcr flexible Streifen"},"content":{"rendered":"<div class=\"wp-block-group\" style=\"padding-top:var(--wp--preset--spacing--80);padding-bottom:var(--wp--preset--spacing--80)\"><div class=\"wp-block-group__inner-container is-layout-constrained wp-block-group-is-layout-constrained\">\n<p>With our 22x15mm LED channel for flexible strips, you can get a professional finish in your space. This aluminum extrusion is made to be installed on a surface and has a wide internal width of 19.6 mm. It&#8217;s an ideal aluminum housing&nbsp;for flexible LED strips that are 10mm, 12mm, or 15mm wide. This channel comes with&nbsp;mounting clips and end caps, so your lighting design will be easy to make, long-lasting, and stunning.<\/p>\n<\/div><\/div>\n\n\n\n<div class=\"wp-block-group has-background\" style=\"background-color:#f2f2f2f2;padding-top:var(--wp--preset--spacing--80);padding-bottom:var(--wp--preset--spacing--80)\"><div class=\"wp-block-group__inner-container is-layout-constrained wp-block-group-is-layout-constrained\">\n<div class=\"wp-block-group is-vertical is-layout-flex wp-container-core-group-is-layout-8cf370e7 wp-block-group-is-layout-flex\">\n<h2 class=\"wp-block-heading\" style=\"padding-top:var(--wp--preset--spacing--40);padding-bottom:var(--wp--preset--spacing--40);font-size:25px;font-style:normal;font-weight:600;text-transform:capitalize\">Warum sollten Sie diesen 22x15mm LED-Kanal f\u00fcr flexible Streifen w\u00e4hlen?<\/h2>\n\n\n\n<ul class=\"wp-block-list\">\n<li>Made from 6063-T5 anodized aluminum \u2014 this helps keep your LED strips cool and safe.<\/li>\n\n\n\n<li>Fits LED strips up to 20mm wide \u2014 great for many flexible LED strips.<\/li>\n\n\n\n<li>Enth\u00e4lt Diffusor-Abdeckungen, die das Licht gleichm\u00e4\u00dfig verteilen und helle LED-Flecken verhindern.<\/li>\n\n\n\n<li>Wird mit Montageclips und Endkappen geliefert, um Ihr Projekt ordentlich abzuschlie\u00dfen.<\/li>\n\n\n\n<li>Great for under cabinet, cove, task, and accent lighting \u2014 works inside homes, shops, and offices.<\/li>\n<\/ul>\n<\/div>\n<\/div><\/div>\n\n\n\n<div class=\"wp-block-group\" style=\"padding-top:var(--wp--preset--spacing--80);padding-bottom:var(--wp--preset--spacing--80)\"><div class=\"wp-block-group__inner-container is-layout-constrained wp-block-group-is-layout-constrained\">\n<div class=\"wp-block-media-text has-media-on-the-right is-stacked-on-mobile\" style=\"padding-top:0;padding-bottom:0;grid-template-columns:auto 40%\"><div class=\"wp-block-media-text__content\">\n<h2 class=\"wp-block-heading\" style=\"font-size:25px;font-style:normal;font-weight:600;text-transform:capitalize\">Wie man dieses Produkt verwendet<\/h2>\n\n\n\n<ul class=\"wp-block-list\">\n<li>W\u00e4hlen Sie die richtige Gr\u00f6\u00dfe des LED-Streifens.<\/li>\n\n\n\n<li>Schneiden Sie den 22x15mm LED-Kanal f\u00fcr flexible Streifen auf Ihre L\u00e4nge.<\/li>\n\n\n\n<li>Befestigen Sie die Montageclips dort, wo sie ben\u00f6tigt werden.<\/li>\n\n\n\n<li>Setzen Sie den Kanal an seinen Platz.<\/li>\n\n\n\n<li>Platzieren Sie Ihren LED-Streifen im Kanal.<\/li>\n\n\n\n<li>Klicken Sie die Diffusor-Abdeckung auf und befestigen Sie die Endkappen f\u00fcr ein fertiges Aussehen.<\/li>\n<\/ul>\n<\/div><figure class=\"wp-block-media-text__media\"><img loading=\"lazy\" decoding=\"async\" width=\"500\" height=\"500\" src=\"https:\/\/tangooled.com\/wp-content\/uploads\/2026\/01\/fp20b-ins.webp\" alt=\"22x15mm led light channel aluminum extrusion for flexible strips\" class=\"wp-image-45231 size-full\" srcset=\"https:\/\/tangooled.com\/wp-content\/uploads\/2026\/01\/fp20b-ins.webp 500w, https:\/\/tangooled.com\/wp-content\/uploads\/2026\/01\/fp20b-ins-300x300.webp 300w, https:\/\/tangooled.com\/wp-content\/uploads\/2026\/01\/fp20b-ins-150x150.webp 150w\" sizes=\"auto, (max-width: 500px) 100vw, 500px\" \/><\/figure><\/div>\n<\/div><\/div>\n\n\n\n<div class=\"wp-block-group has-background\" style=\"background-color:#f2f2f2;padding-top:var(--wp--preset--spacing--80);padding-bottom:var(--wp--preset--spacing--80)\"><div class=\"wp-block-group__inner-container is-layout-constrained wp-block-group-is-layout-constrained\">\n<h2 class=\"wp-block-heading\" style=\"padding-top:var(--wp--preset--spacing--40);padding-bottom:var(--wp--preset--spacing--40);font-size:25px;font-style:normal;font-weight:600;text-transform:capitalize\">H\u00e4ufige Einsatzorte f\u00fcr dieses LED-Aluminium-Profil<\/h2>\n\n\n\n<ul class=\"wp-block-list\">\n<li>Under-cabinet lighting \u2014 brighten kitchens and workspaces.<\/li>\n\n\n\n<li>Cove lighting \u2014 create soft ceiling glow in living rooms or offices.<\/li>\n\n\n\n<li>Shelf and retail display lights \u2014 highlight products clearly.<\/li>\n\n\n\n<li>Task lighting \u2014 for offices, garages, or any work zone.<\/li>\n\n\n\n<li>Architectural lighting \u2014 professional finish for ceilings and walls.<\/li>\n<\/ul>\n<\/div><\/div>\n\n\n\n<div class=\"wp-block-group\" style=\"padding-top:var(--wp--preset--spacing--80);padding-bottom:var(--wp--preset--spacing--80)\"><div class=\"wp-block-group__inner-container is-layout-constrained wp-block-group-is-layout-constrained\">\n<h2 class=\"wp-block-heading\" style=\"padding-top:var(--wp--preset--spacing--40);padding-bottom:var(--wp--preset--spacing--40);font-size:25px;font-style:normal;font-weight:600;text-transform:capitalize\">Kompatible und verwandte Produkte<\/h2>\n\n\n\n<ul class=\"wp-block-list\">\n<li><a href=\"https:\/\/tangooled.com\/de\/product\/black-aluminum-u-channel-profile-for-10mm-led-strips\/\"><mark style=\"background-color:rgba(0, 0, 0, 0)\" class=\"has-inline-color has-vivid-red-color\">Schwarzes Aluminium-U-Profil f\u00fcr 10mm LED-Streifen<\/mark><\/a><\/li>\n\n\n\n<li><a href=\"https:\/\/tangooled.com\/de\/product\/surface-mount-led-profile-with-frosted-diffuser-for-10mm-rope-lights\/\"><mark style=\"background-color:rgba(0, 0, 0, 0)\" class=\"has-inline-color has-vivid-red-color\">Oberfl\u00e4chenmontierter LED-Profil mit mattiertem Diffusor f\u00fcr 10 mm LED-Lichterketten<\/mark><\/a><\/li>\n\n\n\n<li><a href=\"https:\/\/tangooled.com\/de\/product\/led-light-diffuser-channel-aluminum-15x12mm-for-10mm-led-strips\/\"><mark style=\"background-color:rgba(0, 0, 0, 0)\" class=\"has-inline-color has-vivid-red-color\">LED-Lichtdiffusor-Kanal aus Aluminium 15x12mm f\u00fcr 10mm LED-Streifen<\/mark><\/a><\/li>\n\n\n\n<li><a href=\"https:\/\/tangooled.com\/de\/product\/22x10mm-led-profile-light-channel-for-15mm-flexible-led-strips\/\"><mark style=\"background-color:rgba(0, 0, 0, 0)\" class=\"has-inline-color has-vivid-red-color\">22x10mm LED-Profillichtkanal f\u00fcr 15mm flexible LED-Streifen<\/mark><\/a><\/li>\n\n\n\n<li><a href=\"https:\/\/tangooled.com\/de\/product\/25x14m-surface-mounted-led-light-aluminum-profile\/\"><mark style=\"background-color:rgba(0, 0, 0, 0)\" class=\"has-inline-color has-vivid-red-color\">25x14mm Oberfl\u00e4chen-mounted LED-Licht Aluminium-Profil<\/mark><\/a><\/li>\n<\/ul>\n<\/div><\/div>\n\n\n\n<div class=\"wp-block-group has-background\" style=\"background-color:#f2f2f2f2;padding-top:var(--wp--preset--spacing--80);padding-bottom:var(--wp--preset--spacing--80)\"><div class=\"wp-block-group__inner-container is-layout-constrained wp-block-group-is-layout-constrained\">\n<h2 class=\"wp-block-heading\" style=\"padding-top:var(--wp--preset--spacing--40);padding-bottom:var(--wp--preset--spacing--40);font-size:25px;font-style:normal;font-weight:600;text-transform:capitalize\">Zusammenfassung<\/h2>\n\n\n\n<p style=\"padding-right:var(--wp--preset--spacing--50);padding-left:var(--wp--preset--spacing--50)\">Unser 22x15mm LED-Kanal f\u00fcr flexible Streifen ist ein Muss f\u00fcr jeden, der LED-Streifenlichter erstellt. Der strapazierf\u00e4hige Aluminiumkanal sch\u00fctzt die Streifen, streut das Licht gleichm\u00e4\u00dfig, h\u00e4lt Staub fern und h\u00e4lt Ihre LEDs k\u00fchl. Er kann Ihnen Helligkeit unter Ihren Schr\u00e4nken, attraktive Deckenbeleuchtung oder transparente Verkaufsregalbeleuchtung bieten.<\/p>\n<\/div><\/div>\n\n\n\n<p><\/p>","protected":false},"featured_media":13998,"template":"","meta":{"_acf_changed":true,"_seopress_robots_primary_cat":"none","_seopress_titles_title":"Aluminum 22x15mm LED Channel for Flexible Strips | TANGOOLED","_seopress_titles_desc":"Source the 22x15mm LED channel. This aluminum extrusion is designed for flexible strips, providing ample depth for dot-free, uniform lighting in modern projects.","_seopress_robots_index":""},"pcb-width":[229],"product-cat":[192],"class_list":{"0":"post-44981","1":"product","2":"type-product","3":"status-publish","4":"has-post-thumbnail","6":"pcb-width-15-20mm","7":"product-cat-surface-led-profile"},"acf":[],"_links":{"self":[{"href":"https:\/\/tangooled.com\/de\/wp-json\/wp\/v2\/product\/44981","targetHints":{"allow":["GET"]}}],"collection":[{"href":"https:\/\/tangooled.com\/de\/wp-json\/wp\/v2\/product"}],"about":[{"href":"https:\/\/tangooled.com\/de\/wp-json\/wp\/v2\/types\/product"}],"wp:featuredmedia":[{"embeddable":true,"href":"https:\/\/tangooled.com\/de\/wp-json\/wp\/v2\/media\/13998"}],"wp:attachment":[{"href":"https:\/\/tangooled.com\/de\/wp-json\/wp\/v2\/media?parent=44981"}],"wp:term":[{"taxonomy":"pcb-width","embeddable":true,"href":"https:\/\/tangooled.com\/de\/wp-json\/wp\/v2\/pcb-width?post=44981"},{"taxonomy":"product-cat","embeddable":true,"href":"https:\/\/tangooled.com\/de\/wp-json\/wp\/v2\/product-cat?post=44981"}],"curies":[{"name":"wp","href":"https:\/\/api.w.org\/{rel}","templated":true}]}}